{"id":676,"date":"2024-10-08T16:40:14","date_gmt":"2024-10-08T14:40:14","guid":{"rendered":"https:\/\/us.edu.pl\/instytut\/ipo\/?page_id=676"},"modified":"2024-10-08T16:40:14","modified_gmt":"2024-10-08T14:40:14","slug":"tomasz-pawlus","status":"publish","type":"page","link":"https:\/\/us.edu.pl\/instytut\/ipo\/pracownicy\/tomasz-pawlus\/","title":{"rendered":"Tomasz Pawlus"},"content":{"rendered":"<p>[vc_row][vc_column]\r\n                <div class=\"text-modules\">\r\n                    <div class=\"container\">\r\n                        \r\n                        <div class=\"text-modules__content\"><\/p>\n<h3><span style=\"color: #002e5a;\"><strong>Tomasz Pawlus<\/strong><\/span><\/h3>\n<hr \/>\n<p>\n<\/div>\r\n                    <\/div>\r\n                <\/div>[\/vc_column][\/vc_row][vc_row el_class=&#8221;container&#8221;][vc_column width=&#8221;2\/3&#8243;][vc_tta_tabs active_section=&#8221;1&#8243;][vc_tta_section title=&#8221;POLISH&#8221; tab_id=&#8221;1696245225773-eae4e9a1-2c7a&#8221;]\r\n                <div class=\"text-modules\">\r\n                    <div class=\"container\">\r\n                        \r\n                        <div class=\"text-modules__content\"><p><strong>dr Tomasz Pawlus <\/strong>\u2013\u00a0adiunkt w Instytucie Polonistyki U\u015a. Dydaktyk, polonista i literaturoznawca. Od dwudziestu lat uczy j\u0119zyka polskiego, etyki i filozofii w liceum. Jego zainteresowania badawcze koncentruj\u0105 si\u0119 przede wszystkim na rozpoznawaniu i opisie niekonwencjonalnego oraz \u201etransinstytucjonalnego\u201d charakteru bada\u0144 dydaktyczno-naukowych. Zajmuje go trudny do zdefiniowania obszar mi\u0119dzy dzia\u0142alno\u015bci\u0105 artysty, cz\u0142owieka kultury, dydaktyka i archiwisty (zestawianie <em>modus operandi<\/em> artysty z dzia\u0142alno\u015bci\u0105 dydaktyczn\u0105, dzia\u0142anie na granicy praktyki artystycznej jako <em>research<\/em>, autoetnografii dydaktyka i archiwisty). Szuka mo\u017cliwo\u015bci zdefiniowania nowej wiedzy z r\u00f3\u017cnych obszar\u00f3w: archiwum, teorii kultury, praktyki artystycznej i dydaktycznej.<\/p>\n<p>Wchodzi w sk\u0142ad Rady Naukowej serii wydawniczej <em>Nowa Edukacja<\/em>.<\/p>\n<p>Aktualnie realizuje zadania badawcze jako kierownik i wykonawca grantu: <em>Cricoteca jako archiwum narracji dydaktyki polonistycznej<\/em> finansowanego w ramach konkursu Narodowego Centrum Nauki MINIATURA 8.<\/p>\n<p class=\"western\" align=\"justify\">Kontakt: <a href=\"mailto:tomasz.pawlus@us.edu.pl\">tomasz.pawlus@us.edu.pl<\/a><\/p>\n<p><strong>Artyku\u0142y (wyb\u00f3r):<\/strong><\/p>\n<ul>\n<li><em>Za\u015bni\u0119cie jako wyzwanie dla widzialno\u015bci<\/em>, \u201eTw\u00f3rczo\u015b\u0107\u201d 2023, nr 2.<\/li>\n<li><em>Spektralne i u\u017cyteczne. O nieoczywistych sytuacjach lekturowych<\/em>, \u201e\u015awiat i S\u0142owo\u201d 2022, nr 8.<\/li>\n<li><em>Kinematograf Montaigne\u2019a<\/em>, w: <em>Pedagogika kultury \u2012 wehiku\u0142 przebudze\u0144. O edukacji nie-oboj\u0119tnej<\/em>, red. K. Maliszewskiego, \u201e\u015al\u0105sk\u201d, Instytut My\u015bli Polskiej im. Wojciecha Korfantego, Katowice 2021 r.<\/li>\n<li><em>\u0106wiczenia z niepos\u0142usze\u0144stwa. Thoreau \u2012 Dickinson<\/em>, w: <em>Wypatrywanie. Filozoficzne aspekty j\u0119zyka, literatury i edukacji<\/em>, red. M. W\u00f3jcik-Dudek, E. Zygan, Wydawnictwo Uniwersytetu \u015al\u0105skiego, Katowice 2020 r.<\/li>\n<li><em>S\u0142uchaj\u0105c: Czapski nie-obecny na lekcjach polskiego<\/em>, w: <em>Granit i t\u0119cza: dzie\u0142a i osobowo\u015b\u0107 J\u00f3zefa Czapskiego<\/em>, red. A. W\u0142odarczyk, A. Pilch, Wydawnictwo Uniwersytetu Jagiello\u0144skiego, Krak\u00f3w 2019 r.<\/li>\n<li><em>Wyspa oporu. O przestrzeni i dydaktyce na przyk\u0142adzie O\u015brodka Dokumentacji Sztuki Tadeusza Kantora<\/em>, w: <em>Wsp\u00f3\u0142czesny museion \u2012 edukacja kulturowa z perspektywy uniwersytetu, muzeum, szko\u0142y<\/em>, red. A. Pilch, M. Rusek, Wydawnictwo Uniwersytetu Jagiello\u0144skiego, Krak\u00f3w 2019 r.<\/li>\n<li><em>Lekcja jako do\u015bwiadczenie transgresji. O przekraczaniu horyzontu oczekiwa\u0144, <\/em>w:<em> J\u0119zyk \u2012 lektura \u2012 interpretacja w dydaktyce szkolnej<\/em>, red. E. Jask\u00f3\u0142owa, M. W\u00f3jcik-Dudek , Wydawnictwo Uniwersytetu \u015al\u0105skiego, Katowice 2018 r.<\/li>\n<li><em>Bli\u017cej. Sontag \u2012 Nietzsche<\/em>, w: <em>Zamieranie fikcji<\/em>, red. M. \u0141ado\u0144, G. Olsza\u0144ski, SIW, Katowice 2014 r.<\/li>\n<li><em>Okna s\u0142\u00f3w Tadeusza S\u0142awka<\/em>, w: <em>\u015alady lektury<\/em>, red. J. Lyszczyna, M. Bar\u0142owska, Wydawnictwo Uniwersytetu \u015al\u0105skiego 2012 r.<\/li>\n<li><em>Norwid i logika przypisywania<\/em>, w: <em>Romantyczne przemowy i przedmowy<\/em>, red. J. Lyszczyna i M. B\u0105k, Wydawnictwo Uniwersytetu \u015al\u0105skiego, Katowice 2010 r.<\/li>\n<li><em>Pisanie o pisaniu. Rzecz o Teodorze Parnickim<\/em>, w: <em>Na boku. Pisarze teoretykami literatury&#8230;?<\/em>, red. J. Olejniczak, A. Szawerna-Dyrszka, Wydawnictwo Uniwersytetu \u015al\u0105skiego 2010r.<\/li>\n<li><em>O kobiecie &#8222;upad\u0142ej&#8221; w czytanie<\/em>, &#8222;Teksty Drugie&#8221; 2008, nr 1-2.<\/li>\n<li><em>Byt, fantazja i moment lektury<\/em>, &#8222;Teksty Drugie&#8221; 2007, nr 9.<\/li>\n<li><em>Na marginesach akademickiego dyskursu. Podgl\u0105danie czytania Micha\u0142a G\u0142owi\u0144skiego<\/em>, w: <em>Na marginesach dyskursu<\/em>, red. M. Jaworska, M. Str\u00f3\u017cek, G\u00f3rno\u015bl\u0105skie Wydawnictwo Literackie 2007.<\/li>\n<\/ul>\n<p>\n<\/div>\r\n                    <\/div>\r\n                <\/div>[\/vc_tta_section][\/vc_tta_tabs][\/vc_column][vc_column width=&#8221;1\/3&#8243;]\r\n                <div class=\"text-modules\">\r\n                    <div class=\"container\">\r\n                        \r\n                        <div class=\"text-modules__content\"><\/p>\n<p>&nbsp;<\/p>\n<p><img class=\"alignnone wp-image-677 size-full\" src=\"http:\/\/us.edu.pl\/instytut\/ipo\/wp-content\/uploads\/sites\/74\/Pracownicy\/Pawlus.jpg\" alt=\"Tomasz Pawlus\" width=\"100%\" height=\"auto\" srcset=\"https:\/\/us.edu.pl\/instytut\/ipo\/wp-content\/uploads\/sites\/74\/Pracownicy\/Pawlus.jpg 1000w, https:\/\/us.edu.pl\/instytut\/ipo\/wp-content\/uploads\/sites\/74\/Pracownicy\/Pawlus-200x300.jpg 200w, https:\/\/us.edu.pl\/instytut\/ipo\/wp-content\/uploads\/sites\/74\/Pracownicy\/Pawlus-683x1024.jpg 683w, https:\/\/us.edu.pl\/instytut\/ipo\/wp-content\/uploads\/sites\/74\/Pracownicy\/Pawlus-768x1152.jpg 768w, https:\/\/us.edu.pl\/instytut\/ipo\/wp-content\/uploads\/sites\/74\/Pracownicy\/Pawlus-383x575.jpg 383w\" sizes=\"(max-width: 1000px) 100vw, 1000px\" \/><\/p>\n<\/div>\r\n                    <\/div>\r\n                <\/div>[\/vc_column][\/vc_row]<\/p>","protected":false},"excerpt":{"rendered":"<p>[vc_row][vc_column][\/vc_column][\/vc_row][vc_row el_class=&#8221;container&#8221;][vc_column width=&#8221;2\/3&#8243;][vc_tta_tabs active_section=&#8221;1&#8243;][vc_tta_section title=&#8221;POLISH&#8221; tab_id=&#8221;1696245225773-eae4e9a1-2c7a&#8221;][\/vc_tta_section][\/vc_tta_tabs][\/vc_column][vc_column width=&#8221;1\/3&#8243;][\/vc_column][\/vc_row] [&#8230;]<\/p>\n<p><a class=\"btn btn-secondary understrap-read-more-link\" href=\"https:\/\/us.edu.pl\/instytut\/ipo\/pracownicy\/tomasz-pawlus\/\">Read More&#8230;<\/a><\/p>\n","protected":false},"author":7254,"featured_media":0,"parent":84,"menu_order":0,"comment_status":"closed","ping_status":"closed","template":"","meta":{"_expiration-date-status":"","_expiration-date":0,"_expiration-date-type":"","_expiration-date-categories":[],"_expiration-date-options":[]},"acf":[],"_links":{"self":[{"href":"https:\/\/us.edu.pl\/instytut\/ipo\/wp-json\/wp\/v2\/pages\/676"}],"collection":[{"href":"https:\/\/us.edu.pl\/instytut\/ipo\/wp-json\/wp\/v2\/pages"}],"about":[{"href":"https:\/\/us.edu.pl\/instytut\/ipo\/wp-json\/wp\/v2\/types\/page"}],"author":[{"embeddable":true,"href":"https:\/\/us.edu.pl\/instytut\/ipo\/wp-json\/wp\/v2\/users\/7254"}],"replies":[{"embeddable":true,"href":"https:\/\/us.edu.pl\/instytut\/ipo\/wp-json\/wp\/v2\/comments?post=676"}],"version-history":[{"count":2,"href":"https:\/\/us.edu.pl\/instytut\/ipo\/wp-json\/wp\/v2\/pages\/676\/revisions"}],"predecessor-version":[{"id":682,"href":"https:\/\/us.edu.pl\/instytut\/ipo\/wp-json\/wp\/v2\/pages\/676\/revisions\/682"}],"up":[{"embeddable":true,"href":"https:\/\/us.edu.pl\/instytut\/ipo\/wp-json\/wp\/v2\/pages\/84"}],"wp:attachment":[{"href":"https:\/\/us.edu.pl\/instytut\/ipo\/wp-json\/wp\/v2\/media?parent=676"}],"curies":[{"name":"wp","href":"https:\/\/api.w.org\/{rel}","templated":true}]}}