{"id":1205,"date":"2021-10-25T21:58:01","date_gmt":"2021-10-25T19:58:01","guid":{"rendered":"https:\/\/us.edu.pl\/instytut\/is\/?page_id=1205"},"modified":"2021-10-25T22:09:00","modified_gmt":"2021-10-25T20:09:00","slug":"rada-programowo-biznesowa","status":"publish","type":"page","link":"https:\/\/us.edu.pl\/instytut\/is\/wspolpraca\/biznes-i-administracja\/rada-programowo-biznesowa\/","title":{"rendered":"Rada Programowo-Biznesowa"},"content":{"rendered":"<p>[vc_row][vc_column]\r\n                <div class=\"text-modules\">\r\n                    <div class=\"container\">\r\n                        \r\n                        <div class=\"text-modules__content\"><p><span style=\"font-family: helvetica, arial, sans-serif; font-size: 18pt;\"><strong>Rada Programowo \u2013 Biznesowa (Kierunek: Socjologia)<\/strong><\/span><\/p>\n<p><span style=\"font-family: helvetica, arial, sans-serif; font-size: 14pt;\">Podstawowym celem Rady jest powi\u0105zanie dzia\u0142a\u0144 i pog\u0142\u0119bienie wsp\u00f3\u0142pracy pomi\u0119dzy uczelni\u0105 a \u015brodowiskiem gospodarczym \u2013 spo\u0142ecznym regionu. W sk\u0142ad Rady wchodzi ponad 20 podmiot\u00f3w obejmuj\u0105cych przedsi\u0119biorstwa, instytucje administracji regionalnej, o\u015brodki badania opinii, stowarzyszenia, fundacje i organizacje pozarz\u0105dowe. Prowadzona wsp\u00f3\u0142praca ma na celu doprecyzowanie i pog\u0142\u0119bienie istniej\u0105cych od wielu lat kontakt\u00f3w nieformalnych. Wielop\u0142aszczyznowa wsp\u00f3\u0142praca dotyczy przede wszystkim kszta\u0142towania programu studi\u00f3w socjologicznych, organizacji praktyk zawodowych, mo\u017cliwo\u015bci pisania prac dyplomowych, organizacji sta\u017cy studenckich i po\u015bredniczenia w zatrudnianiu najlepszych absolwent\u00f3w. Dokonuj\u0105ca si\u0119 wymiana do\u015bwiadcze\u0144 sprzyja dyskusji nad najwa\u017cniejszymi problemami spo\u0142ecznymi wsp\u00f3\u0142czesnego spo\u0142ecze\u0144stwa. Akcentowana jest tak\u017ce mo\u017cliwo\u015b\u0107 podejmowania wsp\u00f3lnych bada\u0144 spo\u0142ecznych i konsultacji eksperckich na potrzeby przedsi\u0119biorstw i organizacji r\u00f3\u017cnego typu. Przewodnicz\u0105c\u0105 Rady jest prof. U\u015a dr hab. Ma\u0142gorzata Suchacka (<a href=\"mailto:malgorzata.suchacka@us.edu.pl\">malgorzata.suchacka@us.edu.pl<\/a>).<\/span><\/p>\n<\/div>\r\n                    <\/div>\r\n                <\/div>[\/vc_column][\/vc_row]<\/p>","protected":false},"excerpt":{"rendered":"<p>[vc_row][vc_column][\/vc_column][\/vc_row] [&#8230;]<\/p>\n<p><a class=\"btn btn-secondary understrap-read-more-link\" href=\"https:\/\/us.edu.pl\/instytut\/is\/wspolpraca\/biznes-i-administracja\/rada-programowo-biznesowa\/\">Read More&#8230;<\/a><\/p>\n","protected":false},"author":191,"featured_media":0,"parent":1199,"menu_order":0,"comment_status":"closed","ping_status":"closed","template":"","meta":{"_expiration-date-status":"saved","_expiration-date":0,"_expiration-date-type":"","_expiration-date-categories":[],"_expiration-date-options":[]},"acf":[],"_links":{"self":[{"href":"https:\/\/us.edu.pl\/instytut\/is\/wp-json\/wp\/v2\/pages\/1205"}],"collection":[{"href":"https:\/\/us.edu.pl\/instytut\/is\/wp-json\/wp\/v2\/pages"}],"about":[{"href":"https:\/\/us.edu.pl\/instytut\/is\/wp-json\/wp\/v2\/types\/page"}],"author":[{"embeddable":true,"href":"https:\/\/us.edu.pl\/instytut\/is\/wp-json\/wp\/v2\/users\/191"}],"replies":[{"embeddable":true,"href":"https:\/\/us.edu.pl\/instytut\/is\/wp-json\/wp\/v2\/comments?post=1205"}],"version-history":[{"count":3,"href":"https:\/\/us.edu.pl\/instytut\/is\/wp-json\/wp\/v2\/pages\/1205\/revisions"}],"predecessor-version":[{"id":1213,"href":"https:\/\/us.edu.pl\/instytut\/is\/wp-json\/wp\/v2\/pages\/1205\/revisions\/1213"}],"up":[{"embeddable":true,"href":"https:\/\/us.edu.pl\/instytut\/is\/wp-json\/wp\/v2\/pages\/1199"}],"wp:attachment":[{"href":"https:\/\/us.edu.pl\/instytut\/is\/wp-json\/wp\/v2\/media?parent=1205"}],"curies":[{"name":"wp","href":"https:\/\/api.w.org\/{rel}","templated":true}]}}