{"id":1209,"date":"2021-10-25T22:04:31","date_gmt":"2021-10-25T20:04:31","guid":{"rendered":"https:\/\/us.edu.pl\/instytut\/is\/?page_id=1209"},"modified":"2021-11-03T11:02:19","modified_gmt":"2021-11-03T10:02:19","slug":"rada-programowa","status":"publish","type":"page","link":"https:\/\/us.edu.pl\/instytut\/is\/wspolpraca\/biznes-i-administracja\/rada-programowa\/","title":{"rendered":"Rada Programowa"},"content":{"rendered":"<p>[vc_row][vc_column]\r\n                <div class=\"text-modules\">\r\n                    <div class=\"container\">\r\n                        \r\n                        <div class=\"text-modules__content\"><p><span style=\"font-family: helvetica, arial, sans-serif; font-size: 14pt;\"><strong><span style=\"font-size: 18pt;\">Rada Programowa (Kierunek: Praca Socjalna)<\/span> <\/strong><\/span><\/p>\n<p><span style=\"font-family: helvetica, arial, sans-serif; font-size: 14pt;\">W sk\u0142ad Rady Programowej wchodzi blisko 30 podmiot\u00f3w obejmuj\u0105cych instytucje, o\u015brodki, stowarzyszenia, fundacje i organizacje pozarz\u0105dowe powi\u0105zane z sektorem pomocy spo\u0142ecznej w wojew\u00f3dztwie \u015bl\u0105skim. Celem Rady jest powi\u0105zanie dzia\u0142a\u0144 i pog\u0142\u0119bienie wsp\u00f3\u0142pracy pomi\u0119dzy uczelni\u0105 a \u015brodowiskiem praktyk\u00f3w w zakresie pracy socjalnej. Wieloaspektowa wsp\u00f3\u0142praca obejmuje w pierwszej kolejno\u015bci organizacj\u0119 praktyk zawodowych, praktyk dyplomowych, sta\u017cy studenckich i wolontariatu. W ramach podj\u0119tych dzia\u0142a\u0144 studenci kierunku <em>praca socjalna<\/em> maj\u0105 mo\u017cliwo\u015b\u0107 kszta\u0142cenia praktycznych umiej\u0119tno\u015bci i kompetencji zawodowych niezb\u0119dnych w profesjonalnym \u015bwiadczeniu pomocy i wsparcia. Dzia\u0142alno\u015b\u0107 Rady Programowej stwarza ponadto przestrze\u0144 dla wsp\u00f3\u0142pracy naukowo-badawczej, zar\u00f3wno w zakresie bada\u0144 prowadzonych w jednostce uczelnianej, jak i obszar\u00f3w badawczych wynikaj\u0105cych z potrzeb interesariuszy. Sprzyja wymianie do\u015bwiadcze\u0144 mi\u0119dzy wszystkimi cz\u0142onkami daj\u0105c mo\u017cliwo\u015b\u0107 przedyskutowania idei i wsp\u00f3lnego poszukiwania rozwi\u0105za\u0144. Zaakcentowania wymaga r\u00f3wnie\u017c udzia\u0142 partner\u00f3w w procesie rozwoju program\u00f3w kszta\u0142cenia, a tak\u017ce wsp\u00f3\u0142prac\u0119 w realizacji przygotowywanych przez student\u00f3w projekt\u00f3w socjalnych, co pozwala na kszta\u0142cenie zgodne z oczekiwaniami i potrzebami rynku pracy.<\/span><\/p>\n<p><span style=\"font-family: helvetica, arial, sans-serif; font-size: 14pt;\">Rada Programowa Kierunku Praca Socjalna zosta\u0142a powo\u0142ana w 2016 r. Jej sk\u0142ad tworz\u0105 przedstawiciele otoczenia instytucyjnego, spo\u0142ecznego, gospodarczego, kulturalnego i samorz\u0105du terytorialnego. Zadaniami Rady Programowej s\u0105 w szczeg\u00f3lno\u015bci: przedstawianie oczekiwa\u0144 wobec absolwent\u00f3w kierunku <em>praca socjalna<\/em>; analizowanie i opiniowanie program\u00f3w kszta\u0142cenia oraz program\u00f3w praktyk i sta\u017cy dla student\u00f3w i absolwent\u00f3w; rekomendowanie temat\u00f3w prac dyplomowych dla student\u00f3w; weryfikacja zak\u0142adanych efekt\u00f3w kszta\u0142cenia i efekt\u00f3w kszta\u0142cenia osi\u0105gni\u0119tych w ramach praktyk; udzia\u0142 w procesie kszta\u0142cenia, dodatkowych formach edukacyjnych; rekomendowanie problematyki bada\u0144 naukowych.<\/span><\/p>\n<p><span style=\"font-family: helvetica, arial, sans-serif; font-size: 14pt;\">Najmocniej zaakcentowan\u0105 i rozwini\u0119t\u0105 p\u0142aszczyzn\u0105 wsp\u00f3\u0142pracy jest rozbudowany program praktyk zawodowych, w trakcie kt\u00f3rych studenci nabywaj\u0105 i doskonal\u0105 umiej\u0119tno\u015bci niezb\u0119dne do wykonywania zawodu.<\/span><\/p>\n<p><span style=\"font-family: helvetica, arial, sans-serif; font-size: 14pt;\">W ramach dotychczasowych prac Rady Programowej zmodyfikowano zasady realizacji praktyk na kierunku oraz podpisano porozumienia o realizacj\u0119 praktyk superwizyjnych. Wa\u017cnym elementem wsp\u00f3\u0142pracy by\u0142a organizacja konferencji naukowej w ramach obchod\u00f3w jubileuszu 25 lat kszta\u0142cenia do zawodu pracownika socjalnego w Studium Pracy Socjalnej U\u015a (listopad 2018 r.), w kt\u00f3rej partnerzy Rady wzi\u0119li czynny udzia\u0142 prezentuj\u0105c swoje do\u015bwiadczenia z pola praktyki.<\/span><\/p>\n<p><span style=\"font-family: helvetica, arial, sans-serif; font-size: 14pt;\">W trakcie spotka\u0144 podejmowane s\u0105 dyskusje na temat perspektywy rozwoju profesji, w tym rosn\u0105cych potrzeb w zakresie zatrudniania absolwent\u00f3w kierunku <em>praca socjalna <\/em>oraz medialnego wizerunku pomocy spo\u0142ecznej. Sta\u0142ym punktem spotka\u0144 jest zg\u0142aszanie propozycji tematyki prac dyplomowych przez Partner\u00f3w Rady Programowej. Podejmowanie problem\u00f3w sugerowanych przez partner\u00f3w daje studentom korzy\u015bci w postaci potencjalnego wsparcia w ca\u0142ym procesie projektowania, pocz\u0105wszy od pog\u0142\u0119biania diagnozy (u\u0142atwienie dost\u0119pu do adresat\u00f3w dzia\u0142a\u0144), poprzez realizacj\u0119 projektu (dost\u0119p do zasob\u00f3w plac\u00f3wki\/organizacji), a\u017c do jego ewaluacji (udzielenie informacji zwrotnej o efektach). Realizacja projekt\u00f3w w podmiotach partnerskich stanowi dodatkowo wa\u017cny element pog\u0142\u0119bienia wsp\u00f3\u0142pracy uczelni z otoczeniem. Cz\u0119stym wynikiem wsp\u00f3\u0142pracy podj\u0119tej w ramach projektu jest propozycja zatrudnienia absolwenta w danej plac\u00f3wce lub organizacji.<\/span><\/p>\n<p><span style=\"font-family: helvetica, arial, sans-serif; font-size: 14pt;\">Przewodnicz\u0105c\u0105 Rady jest prof. U\u015a dr Ewa Le\u015bniak \u2013 Berek (<a href=\"mailto:ewa.lesniak-berek@us.edu.pl\">ewa.lesniak-berek@us.edu.pl<\/a>).<\/span><\/p>\n<\/div>\r\n                    <\/div>\r\n                <\/div>[\/vc_column][\/vc_row]<\/p>","protected":false},"excerpt":{"rendered":"<p>[vc_row][vc_column][\/vc_column][\/vc_row] [&#8230;]<\/p>\n<p><a class=\"btn btn-secondary understrap-read-more-link\" href=\"https:\/\/us.edu.pl\/instytut\/is\/wspolpraca\/biznes-i-administracja\/rada-programowa\/\">Read More&#8230;<\/a><\/p>\n","protected":false},"author":191,"featured_media":0,"parent":1199,"menu_order":0,"comment_status":"closed","ping_status":"closed","template":"","meta":{"_expiration-date-status":"saved","_expiration-date":0,"_expiration-date-type":"","_expiration-date-categories":[],"_expiration-date-options":[]},"acf":[],"_links":{"self":[{"href":"https:\/\/us.edu.pl\/instytut\/is\/wp-json\/wp\/v2\/pages\/1209"}],"collection":[{"href":"https:\/\/us.edu.pl\/instytut\/is\/wp-json\/wp\/v2\/pages"}],"about":[{"href":"https:\/\/us.edu.pl\/instytut\/is\/wp-json\/wp\/v2\/types\/page"}],"author":[{"embeddable":true,"href":"https:\/\/us.edu.pl\/instytut\/is\/wp-json\/wp\/v2\/users\/191"}],"replies":[{"embeddable":true,"href":"https:\/\/us.edu.pl\/instytut\/is\/wp-json\/wp\/v2\/comments?post=1209"}],"version-history":[{"count":5,"href":"https:\/\/us.edu.pl\/instytut\/is\/wp-json\/wp\/v2\/pages\/1209\/revisions"}],"predecessor-version":[{"id":1251,"href":"https:\/\/us.edu.pl\/instytut\/is\/wp-json\/wp\/v2\/pages\/1209\/revisions\/1251"}],"up":[{"embeddable":true,"href":"https:\/\/us.edu.pl\/instytut\/is\/wp-json\/wp\/v2\/pages\/1199"}],"wp:attachment":[{"href":"https:\/\/us.edu.pl\/instytut\/is\/wp-json\/wp\/v2\/media?parent=1209"}],"curies":[{"name":"wp","href":"https:\/\/api.w.org\/{rel}","templated":true}]}}