{"id":1529,"date":"2022-05-10T09:02:35","date_gmt":"2022-05-10T07:02:35","guid":{"rendered":"https:\/\/us.edu.pl\/instytut\/is\/?page_id=1529"},"modified":"2024-07-15T09:49:47","modified_gmt":"2024-07-15T07:49:47","slug":"magdalena-szpunar","status":"publish","type":"page","link":"https:\/\/us.edu.pl\/instytut\/is\/magdalena-szpunar\/","title":{"rendered":"Magdalena Szpunar"},"content":{"rendered":"<p>[vc_row][vc_column]\r\n                <div class=\"text-modules reverse\">\r\n                    <div class=\"container\">\r\n                        <h3 class=\"section-title section-title_border-bottom\">dr hab. Magdalena Szpunar, prof. U\u015a<\/h3> <h3 class=\"subtitle text-modules__subtitle\">magdalena.szpunar@us.edu.pl<\/h3>\r\n                        <div class=\"row m-0\">\r\n                            <div class=\"text-modules__content\">\r\n                                <strong>ZAINTERESOWANIA NAUKOWE<\/strong><\/p>\n<p>Socjologia kultury, socjologia i antropologia internetu, socjologia codzienno\u015bci<\/p>\n<p><strong>WYBRANE PUBLIKACJE<\/strong><\/p>\n<ul>\n<li>Szpunar &#8222;Kultura algorytm\u00f3w&#8221;, Krak\u00f3w, IDMIKS UJ, 2019.<\/li>\n<li>Szpunar &#8222;(Nie)potrzebna wra\u017cliwo\u015b\u0107&#8221;, Krak\u00f3w, IDMiKS UJ, 2018.<\/li>\n<li>Szpunar &#8222;Imperializm kulturowy internetu&#8221;, Krak\u00f3w, IDMiKS UJ, 2017.<\/li>\n<li>Szpunar &#8222;Kultura cyfrowego narcyzmu&#8221;, Krak\u00f3w, Wydawnictwa AGH, 2016.<\/li>\n<li>Szpunar, Godno\u015b\u0107 osoby choruj\u0105cej. Medycyna narracyjna w przywracaniu podmiotowo\u015bci pacjenta, \u201eEthos\u201d, 2024\/1, s. 92-109.<\/li>\n<li>Szpunar, Ku wolno\u015bci od &#8222;Ja&#8221;. Pomi\u0119dzy postawami wra\u017cliwo\u015bci spo\u0142ecznej a pragmatyzmem, \u201eEthos\u201d, 2023\/1, s. 57-77.<\/li>\n<li>Szpunar, Anarchizm metodologiczny i jego warto\u015b\u0107 poznawcza, \u201eTransformacje\u201d, 2022\/1, s. 1-13.<\/li>\n<li>Szpunar, Ludzie zb\u0119dni. Od ludzi lu\u017anych do prekariuszy, \u201eColloquium\u201d, 2022\/4, s. 145-163<\/li>\n<li>Szpunar, Pycha w nauce, \u201eZarz\u0105dzanie w Kulturze\u201d, 2020\/4, s. 305-324.<\/li>\n<\/ul>\n<p>&nbsp;<\/p>\n<p>Pe\u0142ny zestaw publikacji dost\u0119pny w tym miejscu: <a href=\"https:\/\/ab.us.edu.pl\/emp?id=PE225973&amp;view=P\">Publikacje<\/a><\/p>\n<p>&nbsp;<\/p>\n<p><strong>DODATKOWE INFORMACJE<\/strong><\/p>\n<ul>\n<li>Recenzentka w przewodzie o nadanie tytu\u0142u doktora honoris causa Akademii WSB Jackowi Cyganowi.<\/li>\n<li>Recenzentka w jedenastu post\u0119powaniach habilitacyjnych oraz czternastu przewodach doktorskich. Wypromowa\u0142a trzech doktor\u00f3w.<\/li>\n<li>Ekspertka S\u0142owackiej Agencji Bada\u0144 i Rozwoju (Agent\u00fara na podporu v\u00fdskumu a v\u00fdvoja) oraz Narodowej Agencji Wymiany Akademickiej w programie im. Bekkera.<\/li>\n<li>Autorka ekspertyz dotycz\u0105cych rynku medi\u00f3w w Europie dla Biura Analiz Sejmowych.<\/li>\n<li>Cz\u0142onkini komisji ewaluacyjnej Szko\u0142y Doktorskiej Uniwersytetu Warszawskiego w zakresie nauk socjologicznych.<\/li>\n<li>Prowadzi\u0142a szkolenia dla Ministerstwa Gospodarki, Polskiej Agencji Rozwoju Przedsi\u0119biorczo\u015bci, O\u015brodka Doskonalenia Nauczycieli Wsp\u00f3lnota Polska.<\/li>\n<li>Trzykrotna laureatka konkursu kwartalnika \u201eKultura Wsp\u00f3\u0142czesna\u201d (Narodowe Centrum Kultury) na najlepszy numer tematyczny czasopisma. Trzykrotna laureatka konkursu &#8222;Nauka przeciw fa\u0142szerstwom&#8221; Fundacji Ubi societas, ibi ius.<\/li>\n<li>Recenzowa\u0142a dla kilkudziesi\u0119ciu czasopism naukowych, a tak\u017ce w konkursie na najlepszy doktorat Polskiego Towarzystwa Komunikacji Spo\u0142ecznej (PTKS) oraz na najlepsz\u0105 prac\u0119 magistersk\u0105 &#8222;Diamenty AGH&#8221;.<\/li>\n<li>Autorka tomik\u00f3w poetyckich \u201eMieszkaj\u0105 we mnie s\u0142owa\u201d \u201eTyle jej wsz\u0119dzie i ci\u0105gle tak ma\u0142o\u201d, \u201e13 pi\u0119ter ludzkich istnie\u0144\u201d. Laureatka kilku konkurs\u00f3w poetyckich.<\/li>\n<\/ul>\n<p><strong>\u00a0<\/strong><\/p>\n<p><strong>ADRESY INTERNETOWE W SIECI<\/strong><\/p>\n<p>magdalenaszpunar.com<\/p>\n<p>&nbsp;<\/p>\n<p>&nbsp;<\/p>\n<p>&nbsp;<\/p>\n<div class=\"mt-3\"><\/div>\r\n                            <\/div>\r\n                            \r\n                            <div class=\"text-modules__img\"><img src=\"https:\/\/us.edu.pl\/instytut\/is\/wp-content\/uploads\/sites\/34\/Bez-kategorii\/M.-Szpunar-300x300.jpg\" alt=\"img\"><\/div>\r\n                        <\/div>\r\n                    <\/div>\r\n                <\/div>[\/vc_column][\/vc_row][vc_row][vc_column][vc_column_text][\/vc_column_text][\/vc_column][\/vc_row][vc_row][vc_column][vc_column_text]<\/p>","protected":false},"excerpt":{"rendered":"<p>[vc_row][vc_column][\/vc_column][\/vc_row][vc_row][vc_column][vc_column_text][\/vc_column_text][\/vc_column][\/vc_row][vc_row][vc_column][vc_column_text] [&#8230;]<\/p>\n<p><a class=\"btn btn-secondary understrap-read-more-link\" href=\"https:\/\/us.edu.pl\/instytut\/is\/magdalena-szpunar\/\">Read More&#8230;<\/a><\/p>\n","protected":false},"author":191,"featured_media":0,"parent":0,"menu_order":0,"comment_status":"closed","ping_status":"closed","template":"","meta":{"_expiration-date-status":"","_expiration-date":0,"_expiration-date-type":"","_expiration-date-categories":[],"_expiration-date-options":[]},"acf":[],"_links":{"self":[{"href":"https:\/\/us.edu.pl\/instytut\/is\/wp-json\/wp\/v2\/pages\/1529"}],"collection":[{"href":"https:\/\/us.edu.pl\/instytut\/is\/wp-json\/wp\/v2\/pages"}],"about":[{"href":"https:\/\/us.edu.pl\/instytut\/is\/wp-json\/wp\/v2\/types\/page"}],"author":[{"embeddable":true,"href":"https:\/\/us.edu.pl\/instytut\/is\/wp-json\/wp\/v2\/users\/191"}],"replies":[{"embeddable":true,"href":"https:\/\/us.edu.pl\/instytut\/is\/wp-json\/wp\/v2\/comments?post=1529"}],"version-history":[{"count":7,"href":"https:\/\/us.edu.pl\/instytut\/is\/wp-json\/wp\/v2\/pages\/1529\/revisions"}],"predecessor-version":[{"id":2647,"href":"https:\/\/us.edu.pl\/instytut\/is\/wp-json\/wp\/v2\/pages\/1529\/revisions\/2647"}],"wp:attachment":[{"href":"https:\/\/us.edu.pl\/instytut\/is\/wp-json\/wp\/v2\/media?parent=1529"}],"curies":[{"name":"wp","href":"https:\/\/api.w.org\/{rel}","templated":true}]}}