{"id":2288,"date":"2023-10-06T12:04:17","date_gmt":"2023-10-06T10:04:17","guid":{"rendered":"https:\/\/us.edu.pl\/instytut\/is\/?page_id=2288"},"modified":"2024-07-15T09:40:16","modified_gmt":"2024-07-15T07:40:16","slug":"dr-zuzanna-neuve-eglise","status":"publish","type":"page","link":"https:\/\/us.edu.pl\/instytut\/is\/dr-zuzanna-neuve-eglise\/","title":{"rendered":"dr Zuzanna Neuve-\u00c9glise"},"content":{"rendered":"<p>[vc_row][vc_column]\r\n                <div class=\"text-modules reverse\">\r\n                    <div class=\"container\">\r\n                        <h3 class=\"section-title section-title_border-bottom\">dr Zuzanna Neuve-\u00c9glise<\/h3> <h3 class=\"subtitle text-modules__subtitle\">zuzanna.neuve-eglise@us.edu.pl<\/h3>\r\n                        <div class=\"row m-0\">\r\n                            <div class=\"text-modules__content\">\r\n                                <strong>ZAINTERESOWANIA NAUKOWE<\/strong><\/p>\n<p>Socjologia miasta, obszary metropolitalne &#8211; <em>metropolitan governance, <\/em>problematyka to\u017csamo\u015bci i jej przemian (zw\u0142aszcza regionalnej i lokalnej), partycypacja spo\u0142eczna, Socjologia polityki, Socjologia komunikacji i medi\u00f3w, Socjologia zdrowia i choroby, Metodologia bada\u0144 jako\u015bciowych<\/p>\n<p><strong>WYBRANE PUBLIKACJE<\/strong><\/p>\n<ul>\n<li>Neuve-\u00c9glise Z., Od metropolii podzielonej do metropolii zjednoczonej \u2013 kszta\u0142towanie si\u0119 to\u017csamo\u015bci instytucji metropolitalnego zarz\u0105dzania w kontek\u015bcie relacji miast g\u00f3rno\u015bl\u0105skiego obszaru metropolitalnego, \u201eCz\u0142owiek i spo\u0142ecze\u0144stwo\u201d 2023, T. 55, s. 57-75, DOI: <a href=\"https:\/\/doi.org\/10.14746\/cis.2023.55.4\">14746\/cis.2023.55.4<\/a>.<\/li>\n<li>Neuve-\u00c9glise Z., W stron\u0119 przestrzeni prze\u017cywanej. Przyczynek do badania dyskursu o G\u00f3rno\u015bl\u0105sko-Zag\u0142\u0119biowskiej Metropolii, \u201eMedia i spo\u0142ecze\u0144stwo\u201d 2019, 11 (2), s. 73-88.<\/li>\n<li>Neuve-\u00c9glise Z., Dyskryminacja os\u00f3b z do\u015bwiadczeniem zaburzenia psychicznego a proces deinstytucjonalizacji \u2013 mo\u017cliwe kierunki zmian w Polsce, w: Nauka, Badania i Doniesienia Naukowe 2019. Cz\u0119\u015b\u0107 I, Nauki humanistyczne i spo\u0142eczne, Idea Knowledge Future, \u015awiebodzice 2019, s. 306-314.<\/li>\n<li>Neuve-\u00c9glise Z., Zdrowy\/a? Chory\/a? Kategoria zdrowia i choroby psychicznej w oczach os\u00f3b z do\u015bwiadczeniem kryzysu psychicznego oraz nowa rola eksperta przez do\u015bwiadczenie (EX-IN) w systemie opieki zdrowotnej i pomocy spo\u0142ecznej, \u201eZeszyty Pracy Socjalnej\u201d 2018, tom 23, nr 3, s. 227-240, DOI: <a href=\"https:\/\/doi.org\/10.4467\/24496138ZPS.18.015.10070\">4467\/24496138ZPS.18.015.10070<\/a><\/li>\n<\/ul>\n<p>&nbsp;<\/p>\n<p>Pe\u0142ny zestaw publikacji dost\u0119pny w tym miejscu: <a href=\"https:\/\/ab.us.edu.pl\/emp?id=54933&amp;view=P\">Publikacje<\/a><\/p>\n<p><strong>\u00a0<\/strong><\/p>\n<p><strong>DODATKOWE INFORMACJE<\/strong><\/p>\n<p><strong>Realizowane projekty (wybrane):<\/strong><\/p>\n<ul>\n<li>2024: Kierowniczka projektu pn. \u201eNa tropach success stories wsp\u00f3\u0142pracy metropolitalnej w Nantes Metropole \u2013 per\u0142y Loary i modelowego europejskiego zielonego miasta\u201d, Inicjatywa doskona\u0142o\u015bci badawczej U\u015a &#8211; Swoboda bada\u0144;<\/li>\n<li>2023-2026: Wykonawczyni w mi\u0119dzynarodowym projekcie <a href=\"https:\/\/www.interreg-central.eu\/projects\/mecog-ce\/\">MECOG-CE \u201eStrengthening metropolitan cooperation and governance in Central Europe\u201d<\/a>, Interreg Europa Centralna 2021-2027;<\/li>\n<li>2022-2025: Cz\u0142onkini zespo\u0142u terenowego w projekcie pn. \u201ePolscy \u2018Grey Voters\u2019. Wp\u0142yw zmian demograficznych na rynek wyborczy w Polsce. Studium cyklu wyborczego lat 2023-2025\u201d, NCN \u201eOPUS 21\u201d;<\/li>\n<li>2020-2022: Wykonawczyni, wsp\u00f3\u0142tw\u00f3rczyni wniosku konkursowego projektu pn. \u201eNauka bli\u017cej Ciebie upowszechnianie efekt\u00f3w dzia\u0142alno\u015bci naukowo-badawczej Uniwersytetu \u015al\u0105skiego\u201d, Spo\u0142eczna Odpowiedzialno\u015b\u0107 Nauki Ministerstwa Edukacji i Nauki (Zadanie 2);<\/li>\n<li>2019-2022: udzia\u0142 w projekcie mi\u0119dzynarodowym pn. \u201eInnovation and Transformation in Education\u201d (ITE), Erasmus+, Programme KA2: Cooperation for Innovation and Exchange of Good Practices;<\/li>\n<li>2019-2020: Kierowniczka projektu indywidualnego pn. \u201eBadania w zakresie konstruowania to\u017csamo\u015bci metropolitalnej w przestrzeni dyskursu\u201d, grant Wydzia\u0142u Nauk Spo\u0142ecznych U\u015a ;<\/li>\n<li>2016-2017: Wykonawczyni w projekcie pn. \u201eWsp\u00f3\u0142praca miast g\u00f3rno\u015bl\u0105skiego obszaru metropolitalnego w opiniach prezydent\u00f3w i radnych miast nale\u017c\u0105cych do G\u00f3rno\u015bl\u0105skiego Zwi\u0105zku Metropolitalnego\u201d, Instytut Socjologii WNS U\u015a;<\/li>\n<\/ul>\n<p><strong>Uzyskane stypendia:<\/strong><\/p>\n<ul>\n<li>Stypendium Erasmus+ Blended Intensive Programme (Bratys\u0142awa, S\u0142owacja, 2023) \u2013 dydaktyka<\/li>\n<li>Stypendium JM Rektora U\u015a dla Najlepszych Doktorant\u00f3w (2016\/2017)<\/li>\n<li>Stypendium Agence Universitaire de la Francophonie w Biurze Regionalnym Wojew\u00f3dztwa \u015al\u0105skiego w Brukseli, Belgia (2016)<\/li>\n<\/ul>\n<p><strong>Cz\u0142onkowstwa i funkcje:<\/strong><\/p>\n<ul>\n<li>Koordynatorka Biura i Cz\u0142onkini <a href=\"https:\/\/us.edu.pl\/centra-badawcze\/opmim\/\">Obserwatorium Proces\u00f3w Miejskich i Metropolitalnych<\/a><\/li>\n<li>Cz\u0142onkini European Consortium of Political Research (ECPR)<\/li>\n<\/ul>\n<p><strong>ADRESY INTERNETOWE W SIECI<\/strong><\/p>\n<p><a href=\"https:\/\/orcid.org\/0000-0002-4062-0947\">https:\/\/orcid.org\/0000-0002-4062-0947<\/a><\/p>\n<p><a href=\"https:\/\/www.researchgate.net\/profile\/Zuzanna-Neuve-Eglise\">https:\/\/www.researchgate.net\/profile\/Zuzanna-Neuve-Eglise<\/a><\/p>\n<p>&nbsp;<\/p>\n<p>&nbsp;<\/p>\n<div class=\"mt-3\"><\/div>\r\n                            <\/div>\r\n                            \r\n                            <div class=\"text-modules__img\"><img src=\"https:\/\/us.edu.pl\/instytut\/is\/wp-content\/uploads\/sites\/34\/Bez-kategorii\/Zuzanna-Neuve-Eglise_IS-200x300.jpg\" alt=\"img\"><\/div>\r\n                        <\/div>\r\n                    <\/div>\r\n                <\/div>[\/vc_column][\/vc_row][vc_row][vc_column][vc_column_text][\/vc_column_text][\/vc_column][\/vc_row][vc_row][vc_column][vc_column_text][\/vc_column_text][\/vc_column][\/vc_row][vc_row][vc_column][vc_column_text]<\/p>","protected":false},"excerpt":{"rendered":"<p>[vc_row][vc_column][\/vc_column][\/vc_row][vc_row][vc_column][vc_column_text][\/vc_column_text][\/vc_column][\/vc_row][vc_row][vc_column][vc_column_text][\/vc_column_text][\/vc_column][\/vc_row][vc_row][vc_column][vc_column_text] [&#8230;]<\/p>\n<p><a class=\"btn btn-secondary understrap-read-more-link\" href=\"https:\/\/us.edu.pl\/instytut\/is\/dr-zuzanna-neuve-eglise\/\">Read More&#8230;<\/a><\/p>\n","protected":false},"author":5105,"featured_media":0,"parent":0,"menu_order":0,"comment_status":"closed","ping_status":"closed","template":"","meta":{"_expiration-date-status":"","_expiration-date":0,"_expiration-date-type":"","_expiration-date-categories":[],"_expiration-date-options":[]},"acf":[],"_links":{"self":[{"href":"https:\/\/us.edu.pl\/instytut\/is\/wp-json\/wp\/v2\/pages\/2288"}],"collection":[{"href":"https:\/\/us.edu.pl\/instytut\/is\/wp-json\/wp\/v2\/pages"}],"about":[{"href":"https:\/\/us.edu.pl\/instytut\/is\/wp-json\/wp\/v2\/types\/page"}],"author":[{"embeddable":true,"href":"https:\/\/us.edu.pl\/instytut\/is\/wp-json\/wp\/v2\/users\/5105"}],"replies":[{"embeddable":true,"href":"https:\/\/us.edu.pl\/instytut\/is\/wp-json\/wp\/v2\/comments?post=2288"}],"version-history":[{"count":6,"href":"https:\/\/us.edu.pl\/instytut\/is\/wp-json\/wp\/v2\/pages\/2288\/revisions"}],"predecessor-version":[{"id":2637,"href":"https:\/\/us.edu.pl\/instytut\/is\/wp-json\/wp\/v2\/pages\/2288\/revisions\/2637"}],"wp:attachment":[{"href":"https:\/\/us.edu.pl\/instytut\/is\/wp-json\/wp\/v2\/media?parent=2288"}],"curies":[{"name":"wp","href":"https:\/\/api.w.org\/{rel}","templated":true}]}}