{"id":2597,"date":"2024-07-12T10:56:55","date_gmt":"2024-07-12T08:56:55","guid":{"rendered":"https:\/\/us.edu.pl\/instytut\/is\/?page_id=2597"},"modified":"2024-07-15T09:41:41","modified_gmt":"2024-07-15T07:41:41","slug":"dr-pabian-angelika","status":"publish","type":"page","link":"https:\/\/us.edu.pl\/instytut\/is\/dr-pabian-angelika\/","title":{"rendered":"dr Angelika Pabian"},"content":{"rendered":"<p>[vc_row][vc_column][vc_column_text][\/vc_column_text]\r\n                <div class=\"text-modules reverse\">\r\n                    <div class=\"container\">\r\n                        <h3 class=\"section-title section-title_border-bottom\">dr Angelika Pabian<\/h3> <h3 class=\"subtitle text-modules__subtitle\">angelika.pabian@us.edu.pl<\/h3>\r\n                        <div class=\"row m-0\">\r\n                            <div class=\"text-modules__content\">\r\n                                <strong>ZAINTERESOWANIA NAUKOWE<\/strong><\/p>\n<p>problemy zarz\u0105dzania marketingiem, w\u00a0szczeg\u00f3lno\u015bci ukierunkowania rynkowego organizacji non-profit oraz komunikacji marketingowej; wykorzystanie multisensorycznych bod\u017ac\u00f3w oddzia\u0142ywania na rynek docelowy oraz narz\u0119dzi digital marketingu<\/p>\n<p><strong>WYBRANE PUBLIKACJE<\/strong><\/p>\n<ul>\n<li>Pabian A.M., Redefinition of the educational product during the SARS-CoV-2 pandemic: The Polish perspective, &#8222;Marketing i\u00a0Rynek&#8221; 2022, nr4, s. 21-30.<\/li>\n<li>Pabian A.M., THE MARKET FUNCTIONING OF POLISH HIGHER EDUCATION INSTITUTIONS IN THE CONTEXT OF THE IMPLEMENTATION OF THE CONCEPT OF SOCIAL RESPONSIBILITY, \u201eMARKETING OF SCIENTIFIC AND RESEARCH ORGANIZATIONS\u201d 2021, Vol. 39, Issue 1, p. 1-24,<br \/>\nDOI: 10.2478\/minib-2021-0001.<\/li>\n<li>Czuba\u0142a A., Niestr\u00f3j R.E., Pabian A.M., Marketing w\u00a0przedsi\u0119biorstwie &#8211; uj\u0119cie operacyjne, PWE, Warszawa 2020.<\/li>\n<li>Pabian A.M., Marketing zmys\u0142\u00f3w jako koncepcja multisensorycznego oddzia\u0142ywania na konsument\u00f3w, \u201eMarketing i\u00a0Rynek\u201d 2019, nr7, s. 31-40, DOI 10.33226\/1231-7853.2019.7.3.<\/li>\n<li>Pabian A., Rynkowa orientacja szk\u00f3\u0142 wy\u017cszych w Polsce &#8211; uwarunkowania, wyznaczniki, prawid\u0142owo\u015bci, Wy\u017csza Szko\u0142a Biznesu w D\u0105browie G\u00f3rniczej, D\u0105browa G\u00f3rnicza 2016.<\/li>\n<li>Suchacka M., Pabian A.M., Ulewicz R., INDUSTRY 4.0 AND SOCIO-ECONOMIC EVOLUTION, Polish Journal of Management Studies 2023; N28(1),s.311-329, DOI: 10.17512\/pjms.2023.28.1.18,GICID: 01.3001.0054.1882, Published: 2023-12-22.<\/li>\n<\/ul>\n<p>&nbsp;<\/p>\n<p>Pe\u0142ny zestaw publikacji dost\u0119pny w tym miejscu: <a href=\"https:\/\/ab.us.edu.pl\/emp?id=59543&amp;view=P\">Publikacje<\/a><\/p>\n<p>&nbsp;<\/p>\n<p><strong>DODATKOWE INFORMACJE<\/strong><\/p>\n<p><strong>Praca ze studentami<\/strong><\/p>\n<ul>\n<li><strong>Pasjonatka swojej pracy, promotor studenckiej dzia\u0142alno\u015bci naukowej<br \/>\ni organizacyjnej, motywuj\u0105cy student\u00f3w do zg\u0142aszania swoich prac do konkurs\u00f3w (np. konkurs na prace dyplomowe Polskiego Naukowego Towarzystwa Marketingu, konkurs pn. \u201eStudencki Nobel\u201d).<\/strong> Nauczyciel akademicki wykorzystuj\u0105cy niestandardowe metody kszta\u0142cenia np. Learning By Developing, wsp\u00f3\u0142pracuj\u0105cy ze studentami r\u00f3wnie\u017c w ramach poza programowych zaj\u0119\u0107 dziel\u0105c si\u0119 swoj\u0105 marketingow\u0105 pasj\u0105. R\u00f3wnolegle do kszta\u0142cenia uniwersyteckiego, prowadzi warsztaty marketingowe, szkolenia i kursy przygotowuj\u0105ce do konkurs\u00f3w oraz certyfikacji.<\/li>\n<li>Projekty edukacyjne dr Angelika M. Pabian realizowa\u0142a do tej pory wraz z aktywn\u0105 m\u0142odzie\u017c\u0105 akademick\u0105 oraz nieakademick\u0105, chc\u0105c\u0105 wyj\u015b\u0107 poza schematy standardowych form kszta\u0142cenia. Wsp\u00f3\u0142pracowa\u0142a m.in. z licealistami, studentami oraz s\u0142uchaczami studi\u00f3w podyplomowych.<\/li>\n<li>Jako opiekun Sekcji Naukowej \u201eProgres\u201d jest zaanga\u017cowana m.in. we wsp\u00f3\u0142realizacj\u0119 seminari\u00f3w naukowych z cyklu \u201ePomost Akademia-Praktyka\u201d, prowadzenie warsztat\u00f3w redakcji tekst\u00f3w naukowych i realizacji przedsi\u0119wzi\u0119\u0107 badawczych. Sekcja prowadzi sta\u0142\u0105 wsp\u00f3\u0142prac\u0119 z NZB (Nowoczesne Zarz\u0105dzanie Biznesem) \u2013 organizuj\u0105c cykle prelekcji z zakresu zarz\u0105dzania finansami dla spo\u0142eczno\u015bci studenckiej oraz Politechnik\u0105 Lwowsk\u0105 realizuj\u0105c wyk\u0142ady oraz projekty naukowe, kt\u00f3re w latach 2022-2024 zako\u0144czy\u0142y si\u0119 uzyskaniem nagr\u00f3d I, II oraz III stopnia w konkursach o randze mi\u0119dzynarodowej. Jako sukces organizacji studenckiej mo\u017cna uzna\u0107 r\u00f3wnie\u017c publikacje 4 artyku\u0142\u00f3w naukowych w latach<br \/>\n2019-2024.<\/li>\n<li>Cennym do\u015bwiadczeniem by\u0142a r\u00f3wnie\u017c realizacja projekt\u00f3w kszta\u0142ceniowych<br \/>\nw ramach program\u00f3w Guest Lector Program i Visiting Professor Program at Lviv Polytechnic National University. Przeprowadzono cykl wyk\u0142ad\u00f3w po\u015bwi\u0119conych tematyce marketingowej dedykowanych zar\u00f3wno studentom, jak i pracownikom dydaktycznym Politechniki Lwowskiej. Zrealizowany wyk\u0142ady o nast\u0119puj\u0105cej tematyce:<\/li>\n<li>\u201cE-marketing\u201d; \u201cE-commerce\u201d; \u201cContemporary approaches to marketing\u201d, \u201cMarketing activities of firms in Poland\u201d, \u201cContemporary approaches to packaging goods for market promotion activation\u201d, \u201cThe advertisment\u2019s role in promoting goods on the market\u201d \u2013 rok akademicki 2020\/2021,<\/li>\n<li>\u201cNon-typical forms and tools of marketing communication\u201d \u2013 rok akademicki 2022\/2023,<\/li>\n<li>\u201cTime and marketing\u201d \u2013 rok akademicki 2023\/2024.<\/li>\n<\/ul>\n<p><strong>Prace naukowo-badawcze<\/strong><\/p>\n<p>Udzia\u0142 w 14 projektach naukowo-badawczych, w tym w 9 zespo\u0142owych i 5 prowadzonych indywidualnie. Ostatnie z przedsi\u0119wzi\u0119\u0107 badawczych zosta\u0142o zrealizowane w ramach bada\u0144 zleconych przez SPI-US Sp. z o. o \u2013 sp\u00f3\u0142k\u0119 celow\u0105 Uniwersytetu \u015al\u0105skiego w Katowicach.\u00a0 Doktor Angelika M. Pabian przeprowadzi\u0142a wraz ze swoim zespo\u0142em w sk\u0142adzie dr Micha\u0142 Ochwat oraz lic. Cyntia Kwiatkowska ankietyzacj\u0119 nt. rekrutacji i selekcji pracownik\u00f3w w dobie pandemii. Badania mia\u0142y charakter regionalny i zosta\u0142y przeprowadzone w 2021 r. Raport z bada\u0144 dost\u0119pny jest na stronie Uniwersytetu \u015al\u0105skiego w Katowicach: <a href=\"https:\/\/us.edu.pl\/rekrutacja-i-selekcja-pracownikow-w-dobie-pandemii-raport-naukowcow-z-us\/?fbclid=IwAR11C9PG_wH7zRD6tFiApIUeg3ctwDTC3IxAYmFQHQot8-HKNaMy2iT6rHg\">https:\/\/us.edu.pl\/rekrutacja-i-selekcja-pracownikow-w&#8230;\/<\/a>. Szczeg\u00f3\u0142y na temat realizowanego projektu zesp\u00f3\u0142 przedstawi\u0142 r\u00f3wnie\u017c podczas\u00a0 konferencji prasowej, nagranie dost\u0119pne jest pod linkiem: <a href=\"https:\/\/www.youtube.com\/watch?v=I0GymUK_xwo&amp;t=1299s&amp;fbclid=IwAR1OLzYD49Rhr0P73FH823monDJmzZwNbj0MT9CahMDGQFe_-ntzpZGVxzY\">https:\/\/www.youtube.com\/watch?v=I0GymUK_xwo&amp;t=1299s<\/a>.<\/p>\n<p>Doktor Angelika M. Pabian pe\u0142ni r\u00f3wnie\u017c funkcj\u0119 opiekuna praktyk na kierunku zarz\u0105dzanie zasobami ludzkimi oraz jest cz\u0142onkiem Rady Dydaktycznej Kierunk\u00f3w Studi\u00f3w PMiDP, PS, Socjologia, ZZL.<\/p>\n<p>&nbsp;<\/p>\n<p><strong>Uzyskane dyplomy i wyr\u00f3\u017cnienia:<\/strong><\/p>\n<ul>\n<li>Dyplomy dla promotora w mi\u0119dzynarodowych konkursach studenckich prac naukowych :<\/li>\n<\/ul>\n<p>&nbsp;<\/p>\n<ul>\n<li>Diploma of Gratitude for a high level pf professionalism, fruitful work and training of winner of the International student research paper competitions \u201cManagement, social and behavioral sciences in the implementation of the sustainable development principles\u201d in 2021\/2022 academic year \u2013 First Degree Diploma, Ivano-Frankivsk National Technical University of Oil and Gas, Ministry of Education and Science of Ukraine,<\/li>\n<li>Diploma of Gratitude for a high level pf professionalism, fruitful work and training of winner of the International student research paper competitions \u201cManagement, social and behavioral sciences in the implementation of the sustainable development principles\u201d in 2022\/2023 academic year \u2013 Second Degree Diploma, Ivano-Frankivsk National Technical University of Oil and Gas, Ministry of Education and Science of Ukraine,<\/li>\n<li>Diploma of Gratitude for a high level pf professionalism, fruitful work and training of winner of the International student research paper competitions \u201cManagement, social and behavioral sciences in the implementation of the sustainable development principles\u201d in 2023\/2024 academic year \u2013 Second Degree Diploma, Ivano-Frankivsk National Technical University of Oil and Gas, Ministry of Education and Science of Ukraine.<\/li>\n<li>Wyr\u00f3\u017cnienie JM Rektora Uniwersytetu \u015al\u0105skiego w Katowicach za doskona\u0142\u0105 dydaktyk\u0119 w roku akademickim 2022\/2023 w kategorii \u201ePraca ze studentami lub doktorantami\u201d.<\/li>\n<li>Nagroda indywidualna JM Rektora Uniwersytetu \u015al\u0105skiego w Katowicach II stopnia za wybitne osi\u0105gni\u0119cia w dzia\u0142alno\u015bci dydaktycznej uzyskane w roku akademickim 2021\/2022.<\/li>\n<li>List gratulacyjny JM Rektora Uniwersytetu \u015al\u0105skiego w Katowicach za doskona\u0142\u0105 dydaktyk\u0119 w roku akademickim 2021\/2022 w kategorii \u201ePraca ze studentami i doktorantami\u201d.<\/li>\n<li>\u201eNauczyciel na Medal 2018\u201d \u2013 VII miejsce w kategorii \u201eNauczyciel Akademicki w wojew\u00f3dztwie \u015bl\u0105skim\u201d uzyskane w plebiscycie organizowanym przez Dziennik Zachodni we wsp\u00f3\u0142pracy z Instytutem Studi\u00f3w Podyplomowych, <strong>Regionalnym O\u015brodkiem Doskonalenia Nauczycieli \u201e<\/strong>WOM<strong>\u201d w Katowicach<\/strong>, Instytutem Doskonalenia Nauczycieli \u201eWiedza\u201d w Katowicach, Szko\u0142\u0105 Baletow\u0105 Arabesque.<\/li>\n<\/ul>\n<p>&nbsp;<\/p>\n<p><strong>Inne<\/strong><\/p>\n<p>Jako ambasadorka kierunku zarz\u0105dzanie zasobami ludzkimi\u00a0 doktor<br \/>\nAngelika M. Pabian wzi\u0119\u0142a udzia\u0142 w kampanii promocyjnej pn. \u201eNasz Uniwersytet \u2013 University means US\u201d. Materia\u0142y z kampanii dost\u0119pne s\u0105 pod linkiem: <a href=\"https:\/\/us.edu.pl\/kandydat\/angelika-pabian-ambasadorka-kierunku\/\">https:\/\/us.edu.pl\/kandydat\/angelika-pabian-ambasadorka-kierunku\/<\/a><\/p>\n<p>&nbsp;<\/p>\n<p><strong>ADRESY INTERNETOWE W SIECI<\/strong><\/p>\n<p><a href=\"http:\/\/www.angelika-pabian.pl\">www.angelika-pabian.pl<\/a><br \/>\n<a href=\"https:\/\/orcid.org\/0000-0002-8958-4262\">https:\/\/orcid.org\/0000-0002-8958-4262<\/a><br \/>\n<a href=\"https:\/\/www.researchgate.net\/profile\/Angelika-Pabian\">https:\/\/www.researchgate.net\/profile\/Angelika-Pabian<\/a><br \/>\n<a href=\"https:\/\/silesian.academia.edu\/AngelikaMPabian\">https:\/\/silesian.academia.edu\/AngelikaMPabian<\/a><\/p>\n<p><a href=\"https:\/\/scholar.google.pl\/citations?user=PakzozEAAAAJ&amp;hl=pl&amp;fbclid=IwAR2EhecBH7Elv3Ok8nn1Oho66epCZ7P-8caEIr3xR1X1uwaWFoLxfhHNeXk\">https:\/\/scholar.google.pl\/citations?user=PakzozEAAAAJ&amp;hl=pl&amp;fbclid=IwAR2EhecBH7Elv3Ok8nn1Oho66epCZ7P-8caEIr3xR1X1uwaWFoLxfhHNeXk<\/a><\/p>\n<p>&nbsp;<\/p>\n<div class=\"mt-3\"><\/div>\r\n                            <\/div>\r\n                            \r\n                            <div class=\"text-modules__img\"><img src=\"https:\/\/us.edu.pl\/instytut\/is\/wp-content\/uploads\/sites\/34\/Bez-kategorii\/Angelika-M.-Pabian-200x300.jpg\" alt=\"img\"><\/div>\r\n                        <\/div>\r\n                    <\/div>\r\n                <\/div>[\/vc_column][\/vc_row][vc_row][vc_column][vc_column_text][\/vc_column_text][\/vc_column][\/vc_row][vc_row][vc_column][vc_column_text][\/vc_column_text][\/vc_column][\/vc_row][vc_row][vc_column][vc_column_text]<\/p>","protected":false},"excerpt":{"rendered":"<p>[vc_row][vc_column][vc_column_text][\/vc_column_text][\/vc_column][\/vc_row][vc_row][vc_column][vc_column_text][\/vc_column_text][\/vc_column][\/vc_row][vc_row][vc_column][vc_column_text][\/vc_column_text][\/vc_column][\/vc_row][vc_row][vc_column][vc_column_text] [&#8230;]<\/p>\n<p><a class=\"btn btn-secondary understrap-read-more-link\" href=\"https:\/\/us.edu.pl\/instytut\/is\/dr-pabian-angelika\/\">Read More&#8230;<\/a><\/p>\n","protected":false},"author":6407,"featured_media":0,"parent":0,"menu_order":0,"comment_status":"closed","ping_status":"closed","template":"","meta":{"_expiration-date-status":"","_expiration-date":0,"_expiration-date-type":"","_expiration-date-categories":[],"_expiration-date-options":[]},"acf":[],"_links":{"self":[{"href":"https:\/\/us.edu.pl\/instytut\/is\/wp-json\/wp\/v2\/pages\/2597"}],"collection":[{"href":"https:\/\/us.edu.pl\/instytut\/is\/wp-json\/wp\/v2\/pages"}],"about":[{"href":"https:\/\/us.edu.pl\/instytut\/is\/wp-json\/wp\/v2\/types\/page"}],"author":[{"embeddable":true,"href":"https:\/\/us.edu.pl\/instytut\/is\/wp-json\/wp\/v2\/users\/6407"}],"replies":[{"embeddable":true,"href":"https:\/\/us.edu.pl\/instytut\/is\/wp-json\/wp\/v2\/comments?post=2597"}],"version-history":[{"count":10,"href":"https:\/\/us.edu.pl\/instytut\/is\/wp-json\/wp\/v2\/pages\/2597\/revisions"}],"predecessor-version":[{"id":2640,"href":"https:\/\/us.edu.pl\/instytut\/is\/wp-json\/wp\/v2\/pages\/2597\/revisions\/2640"}],"wp:attachment":[{"href":"https:\/\/us.edu.pl\/instytut\/is\/wp-json\/wp\/v2\/media?parent=2597"}],"curies":[{"name":"wp","href":"https:\/\/api.w.org\/{rel}","templated":true}]}}