{"id":2608,"date":"2024-07-12T11:29:13","date_gmt":"2024-07-12T09:29:13","guid":{"rendered":"https:\/\/us.edu.pl\/instytut\/is\/?page_id=2608"},"modified":"2024-07-15T09:16:28","modified_gmt":"2024-07-15T07:16:28","slug":"dr-hab-andrzej-kasperek-prof-us","status":"publish","type":"page","link":"https:\/\/us.edu.pl\/instytut\/is\/dr-hab-andrzej-kasperek-prof-us\/","title":{"rendered":"dr hab. Andrzej Kasperek, prof. U\u015a"},"content":{"rendered":"<p>[vc_row][vc_column]\r\n                <div class=\"text-modules reverse\">\r\n                    <div class=\"container\">\r\n                        <h3 class=\"section-title section-title_border-bottom\">dr hab. Andrzej Kasperek, prof. U\u015a<\/h3> <h3 class=\"subtitle text-modules__subtitle\">andrzej.kasperek@us.edu.pl<\/h3>\r\n                        <div class=\"row m-0\">\r\n                            <div class=\"text-modules__content\">\r\n                                <strong>ZAINTERESOWANIA NAUKOWE<\/strong><\/p>\n<p>Socjologia religii i duchowo\u015bci (w tym badania zachodniej tradycji ezoterycznej), socjologia kultury, socjologia literatury, antropologia kultury<\/p>\n<p><strong>WYBRANE PUBLIKACJE<\/strong><\/p>\n<ul>\n<li>Wolno\u015b\u0107 spod znaku undergroundu: duchowo\u015b\u0107 (po)nowoczesna w perspektywie hermeneutyki kultury i socjologii religii, Krak\u00f3w: Zak\u0142ad Wydawniczy NOMOS, 2012<\/li>\n<li>The Willows by Algernon Blackwood, das Unheimliche and sociology. Horror literature in the dispute on what is recognized as real, \u201cStudia Religiologica\u201d, 2023, nr 1, s. 1-18<\/li>\n<li>Wielo\u015b\u0107 rzeczywisto\u015bci w wybranych utworach Emmanuela Carr\u00e8re\u2019a. Wok\u00f3\u0142 literackich inspiracji socjologii, \u201ePrzegl\u0105d Socjologii Jako\u015bciowej\u201d, 2023, nr 1(19), s. 22-39<\/li>\n<li>&#8222;The Miracle of Mindfulness&#8221; \u2013 between the discovery of the sacred in everyday life and the practice of meditation secularisation, w: Metamorphoses of Religion and Spirituality in Central and Eastern Europe, London and New York: Routledge 2022, s. 90-101<\/li>\n<li>(razem z Karolin\u0105 M. Hess) Struggle for recognition: theosophy in early 20th century Warsaw, \u201eReligion and Society in Central and Eastern Europe\u201d, 2021, Vol. 14, s. 3-14<\/li>\n<li>Downshifters\u2019 religion? The case of Leo Babauta\u2019s minimalism, \u201eImplicit Religion\u201d 2020, no. 3, s. 277-292<\/li>\n<li>(razem z \u0141ukaszem Wr\u00f3blewskim) Euroregion as an entity stimulating the sustainable development of the cross-border market for cultural services in a city divided by a border, \u201eSustainability\u201d 2019, vol. 11, iss. 8, art. no. 2232, s. 1-21<\/li>\n<li>Zachodnia tradycja ezoteryczna jako obiekt bada\u0144 socjologicznych: historia i perspektywy, \u201eStudia Religiologica\u201d 2019, nr 3, s. 265-276<\/li>\n<li>Environmentalism and Duane Elgin&#8217;s concept of voluntary simplicity as examples of implicit esotericism, \u201eImplicit Religion\u201d 2016, no. 4, s. 507-524<\/li>\n<li>Romantyzm i New Age: kontynuacje, podobie\u0144stwa, inspiracje, \u201eStudia Socjologiczne\u201d 2012, nr 4, s. 65-85<\/li>\n<\/ul>\n<p><strong>\u00a0<\/strong><\/p>\n<p>Pe\u0142ny zestaw publikacji dost\u0119pny w tym miejscu: <a title=\"Publikacje\" href=\"https:\/\/ab.us.edu.pl\/emp?id=10872&amp;view=P\">Publikacje<\/a><\/p>\n<p><strong>\u00a0<\/strong><\/p>\n<p><strong>DODATKOWE INFORMACJE<\/strong><\/p>\n<ul>\n<li>w latach 2022-2023 cz\u0142onek grupy projektowej w grancie w ramach programu Ministra Edukacji i Nauki pod nazw\u0105 \u201eNauka dla Spo\u0142ecze\u0144stwa\u201d: Programy alternatywnej duchowo\u015bci na \u015al\u0105sku Cieszy\u0144skim od ko\u0144ca XIX w. do lat 70. XX w. (nr projektu NdS\/529030\/2021\/2021) \u2013 kierownik dr hab. Izabela Trzci\u0144ska, prof. AGH<\/li>\n<li>zast\u0119pca przewodnicz\u0105cego Komisji ds. Stosunk\u00f3w Polsko-Czeskich i Polsko-S\u0142owackich Polskiej Akademii Nauk\/Oddzia\u0142 w Katowicach<\/li>\n<li>redaktor \u201eG\u00f3rno\u015bl\u0105skich Studi\u00f3w Socjologicznych\u201d<\/li>\n<li>sekretarz Rady serii \u201eTRANSCARPATHICA. Prace EuroInstytutu Polsko-Czesko-S\u0142owackiego<\/li>\n<li>cz\u0142onek Rady EuroInstytutu Polsko-Czesko-S\u0142owackiego<\/li>\n<li>cz\u0142onek Rady Naukowej czasopisma \u201eCultural Management: Science and Education\u201d (czasopismo indeksowane w SCOPUS)<\/li>\n<li>przewodnicz\u0105cy Komitetu Organizacyjnego Wolnej Szko\u0142y Nauk Filozoficznych i Spo\u0142ecznych im. prof. Jana Szczepa\u0144skiego<\/li>\n<\/ul>\n<p><strong>\u00a0<\/strong><\/p>\n<p><strong>ADRESY INTERNETOWE W SIECI<\/strong><\/p>\n<p><a href=\"https:\/\/orcid.org\/0000-0003-1466-5153\">https:\/\/orcid.org\/0000-0003-1466-5153<\/a><\/p>\n<p><a href=\"https:\/\/scholar.google.pl\/citations?user=QcBkS_8AAAAJ\">https:\/\/scholar.google.pl\/citations?user=QcBkS_8AAAAJ<\/a><\/p>\n<p><a href=\"https:\/\/www.researchgate.net\/profile\/Andrzej-Kasperek\/research\">https:\/\/www.researchgate.net\/profile\/Andrzej-Kasperek\/research<\/a><\/p>\n<p><u>\u00a0<\/u><\/p>\n<p>&nbsp;<\/p>\n<p>&nbsp;<\/p>\n<p>&nbsp;<\/p>\n<p>&nbsp;<\/p>\n<p>&nbsp;<\/p>\n<p>&nbsp;<\/p>\n<div class=\"mt-3\"><\/div>\r\n                            <\/div>\r\n                            \r\n                            <div class=\"text-modules__img\"><img src=\"https:\/\/us.edu.pl\/instytut\/is\/wp-content\/uploads\/sites\/34\/Bez-kategorii\/Zdj.1-139x300.jpg\" alt=\"img\"><\/div>\r\n                        <\/div>\r\n                    <\/div>\r\n                <\/div>[\/vc_column][\/vc_row]<\/p>","protected":false},"excerpt":{"rendered":"<p>[vc_row][vc_column][\/vc_column][\/vc_row] [&#8230;]<\/p>\n<p><a class=\"btn btn-secondary understrap-read-more-link\" href=\"https:\/\/us.edu.pl\/instytut\/is\/dr-hab-andrzej-kasperek-prof-us\/\">Read More&#8230;<\/a><\/p>\n","protected":false},"author":6407,"featured_media":0,"parent":0,"menu_order":0,"comment_status":"closed","ping_status":"closed","template":"","meta":{"_expiration-date-status":"","_expiration-date":0,"_expiration-date-type":"","_expiration-date-categories":[],"_expiration-date-options":[]},"acf":[],"_links":{"self":[{"href":"https:\/\/us.edu.pl\/instytut\/is\/wp-json\/wp\/v2\/pages\/2608"}],"collection":[{"href":"https:\/\/us.edu.pl\/instytut\/is\/wp-json\/wp\/v2\/pages"}],"about":[{"href":"https:\/\/us.edu.pl\/instytut\/is\/wp-json\/wp\/v2\/types\/page"}],"author":[{"embeddable":true,"href":"https:\/\/us.edu.pl\/instytut\/is\/wp-json\/wp\/v2\/users\/6407"}],"replies":[{"embeddable":true,"href":"https:\/\/us.edu.pl\/instytut\/is\/wp-json\/wp\/v2\/comments?post=2608"}],"version-history":[{"count":4,"href":"https:\/\/us.edu.pl\/instytut\/is\/wp-json\/wp\/v2\/pages\/2608\/revisions"}],"predecessor-version":[{"id":2624,"href":"https:\/\/us.edu.pl\/instytut\/is\/wp-json\/wp\/v2\/pages\/2608\/revisions\/2624"}],"wp:attachment":[{"href":"https:\/\/us.edu.pl\/instytut\/is\/wp-json\/wp\/v2\/media?parent=2608"}],"curies":[{"name":"wp","href":"https:\/\/api.w.org\/{rel}","templated":true}]}}