{"id":341,"date":"2020-01-30T13:58:30","date_gmt":"2020-01-30T12:58:30","guid":{"rendered":"http:\/\/us.edu.pl\/instytut\/is\/?page_id=341"},"modified":"2026-02-25T15:05:10","modified_gmt":"2026-02-25T14:05:10","slug":"pracownicy","status":"publish","type":"page","link":"https:\/\/us.edu.pl\/instytut\/is\/pracownicy\/","title":{"rendered":"Pracownicy"},"content":{"rendered":"<p>[vc_row][vc_column][vc_column_text][\/vc_column_text][\/vc_column][\/vc_row][vc_row][vc_column]\r\n            <div class=\"container\">  \r\n                <div class=\"lists-with-links\">\r\n                    <div class=\"section-title\">Pracownicy Instytutu Socjologii<\/div>\r\n                   <div class=\"lists-with-links__items lists-1\"><ul class=\"angle-list\"> <li> <a href=\"https:\/\/us.edu.pl\/instytut\/is\/bierwiaczonek-krzysztof\/\"> dr hab. Krzysztof Bierwiaczonek, prof. U\u015a <\/a> <\/li><li> <a href=\"https:\/\/us.edu.pl\/instytut\/is\/cekiera-rafal\/\"> dr Rafa\u0142 Cekiera, prof. U\u015a <\/a> <\/li><li> <a href=\"https:\/\/us.edu.pl\/instytut\/is\/cwikla-pawel\/\"> dr Pawe\u0142 \u0106wik\u0142a <\/a> <\/li><li> <a href=\"https:\/\/us.edu.pl\/instytut\/is\/drzazga-lech-maja\/\"> dr Maja Drzazga-Lech <\/a> <\/li><li> <a href=\"https:\/\/us.edu.pl\/instytut\/is\/dzienniak-pulina-daniela\/\"> dr Daniela Dzienniak-Pulina <\/a> <\/li><li> <a href=\"https:\/\/us.edu.pl\/instytut\/is\/gawron-grzegorz\/\"> dr hab. Grzegorz Gawron, prof. U\u015a <\/a> <\/li><li> <a href=\"https:\/\/us.edu.pl\/instytut\/is\/gnieciak-monika\/\"> dr Monika Gnieciak <\/a> <\/li><li> <a href=\"https:\/\/us.edu.pl\/instytut\/is\/gorny-andrzej\/\"> dr Andrzej G\u00f3rny <\/a> <\/li><li> <a href=\"https:\/\/us.edu.pl\/instytut\/is\/juszczyk-frelkiewicz-katarzyna\/\"> dr Katarzyna Juszczyk , prof. U\u015a <\/a> <\/li><li> <a href=\"https:\/\/us.edu.pl\/instytut\/is\/kaminska-berezowska-slawomira\/\"> dr hab. S\u0142awomira Kami\u0144ska-Berezowska <\/a> <\/li><li> <a href=\" https:\/\/us.edu.pl\/instytut\/is\/dr-hab-andrzej-kasperek-prof-us\/\"> dr hab. Andrzej Kasperek, prof. U\u015a <\/a> <\/li><li> <a href=\"https:\/\/us.edu.pl\/instytut\/is\/tomasz-kasprzak\/\"> dr Tomasz Kasprzak <\/a> <\/li><li> <a href=\"https:\/\/us.edu.pl\/instytut\/is\/kijonka-justyna\/\"> dr Justyna Kijonka <\/a> <\/li><li> <a href=\"https:\/\/us.edu.pl\/instytut\/is\/2059-2\/\"> dr Marta Klekotko <\/a> <\/li><li> <a href=\"https:\/\/us.edu.pl\/instytut\/is\/ewa-lesniak-berek\/\"> dr Ewa Le\u015bniak-Berek, prof. U\u015a <\/a> <\/li><li> <a href=\"http:\/\/us.edu.pl\/instytut\/is\/barbara-lewicka\/\"> dr Barbara Lewicka <\/a> <\/li><li> <a href=\"http:\/\/us.edu.pl\/instytut\/is\/witold-mandrysz\/ \"> dr Witold Mandrysz <\/a> <\/li><li> <a href=\"http:\/\/us.edu.pl\/instytut\/is\/rafal-muster\/ \"> dr hab. Rafa\u0142 Muster, prof. U\u015a <\/a> <\/li><li> <a href=\"https:\/\/us.edu.pl\/instytut\/is\/nawrocki-tomasz\/\"> dr hab. Tomasz Nawrocki, prof. U\u015a <\/a> <\/li><li> <a href=\"https:\/\/us.edu.pl\/instytut\/is\/dr-zuzanna-neuve-eglise\/\"> dr Zuzanna Neuve-\u00c9glise <\/a> <\/li><li> <a href=\"http:\/\/us.edu.pl\/instytut\/is\/andrzej-niesporek\/\"> prof. dr hab. Andrzej Niesporek <\/a> <\/li><li> <a href=\" https:\/\/us.edu.pl\/instytut\/is\/dorota-nowalska-kapuscik\/\"> dr Dorota Nowalska-Kapu\u015bcik <\/a> <\/li><li> <a href=\" https:\/\/us.edu.pl\/instytut\/is\/dr-pabian-angelika\/\"> dr Angelika Pabian <\/a> <\/li><li> <a href=\"http:\/\/us.edu.pl\/instytut\/is\/bozena-pactwa\/\"> dr Bo\u017cena Pactwa <\/a> <\/li><li> <a href=\" https:\/\/us.edu.pl\/instytut\/is\/dr-hab-sabina-pawlas-prof-us\/ \"> dr hab. Sabina Pawlas, prof. U\u015a <\/a> <\/li><li> <a href=\"http:\/\/us.edu.pl\/instytut\/is\/katarzyna-ponikowska\/\"> dr Katarzyna Ponikowska <\/a> <\/li><li> <a href=\"http:\/\/us.edu.pl\/instytut\/is\/robert-pyka\/\"> dr hab. Robert Pyka, prof. U\u015a <\/a> <\/li><li> <a href=\"http:\/\/us.edu.pl\/instytut\/is\/halina-rusek\/\"> prof. zw. dr hab. Halina Rusek <\/a> <\/li><li> <a href=\" https:\/\/us.edu.pl\/instytut\/is\/agnieszka-rychlowska-niesporek\/ \"> dr Agnieszka Rych\u0142owska-Niesporek <\/a> <\/li><li> <a href=\"http:\/\/us.edu.pl\/instytut\/is\/malgorzata-suchacka\/\"> dr hab. Ma\u0142gorzata Suchacka, prof U\u015a <\/a> <\/li><li> <a href=\"http:\/\/us.edu.pl\/instytut\/is\/urszula-swadzba\/ \"> prof. zw. dr hab. Urszula Swad\u017aba <\/a> <\/li><li> <a href=\"http:\/\/us.edu.pl\/instytut\/is\/monika-szpoczek\/\"> mgr Monika Szpoczek <\/a> <\/li><li> <a href=\" https:\/\/us.edu.pl\/instytut\/is\/magdalena-szpunar\/ \"> dr hab. Magdalena Szpunar, prof. U\u015a <\/a> <\/li><li> <a href=\"http:\/\/us.edu.pl\/instytut\/is\/wojciech-swiatkiewicz\/\"> prof. zw. dr hab. Wojciech \u015awi\u0105tkiewicz <\/a> <\/li><li> <a href=\"http:\/\/us.edu.pl\/instytut\/is\/lukasz-trembaczowski\/\"> dr \u0141ukasz Trembaczowski <\/a> <\/li><li> <a href=\"http:\/\/us.edu.pl\/instytut\/is\/malgorzata-tyrybon\/\"> dr Ma\u0142gorzata Tyrybon <\/a> <\/li><li> <a href=\"http:\/\/us.edu.pl\/instytut\/is\/zbigniew-zagala\/ \"> dr hab. Zbigniew Zaga\u0142a, prof. U\u015a <\/a> <\/li><li> <a href=\"http:\/\/us.edu.pl\/instytut\/is\/agata-zygmunt\/\"> dr Agata Zygmunt- Ziemianek <\/a> <\/li><li> <a href=\"http:\/\/us.edu.pl\/instytut\/is\/monika-zak\/\"> dr Monika \u017bak <\/a> <\/li><\/ul><\/div>\r\n                <\/div>\r\n            <\/div>[\/vc_column][\/vc_row][vc_row][vc_column][vc_column_text][\/vc_column_text][\/vc_column][\/vc_row]<\/p>","protected":false},"excerpt":{"rendered":"<p>[vc_row][vc_column][vc_column_text][\/vc_column_text][\/vc_column][\/vc_row][vc_row][vc_column][\/vc_column][\/vc_row][vc_row][vc_column][vc_column_text][\/vc_column_text][\/vc_column][\/vc_row] [&#8230;]<\/p>\n<p><a class=\"btn btn-secondary understrap-read-more-link\" href=\"https:\/\/us.edu.pl\/instytut\/is\/pracownicy\/\">Read More&#8230;<\/a><\/p>\n","protected":false},"author":191,"featured_media":0,"parent":0,"menu_order":0,"comment_status":"closed","ping_status":"closed","template":"","meta":{"_expiration-date-status":"","_expiration-date":0,"_expiration-date-type":"","_expiration-date-categories":[],"_expiration-date-options":[]},"acf":[],"_links":{"self":[{"href":"https:\/\/us.edu.pl\/instytut\/is\/wp-json\/wp\/v2\/pages\/341"}],"collection":[{"href":"https:\/\/us.edu.pl\/instytut\/is\/wp-json\/wp\/v2\/pages"}],"about":[{"href":"https:\/\/us.edu.pl\/instytut\/is\/wp-json\/wp\/v2\/types\/page"}],"author":[{"embeddable":true,"href":"https:\/\/us.edu.pl\/instytut\/is\/wp-json\/wp\/v2\/users\/191"}],"replies":[{"embeddable":true,"href":"https:\/\/us.edu.pl\/instytut\/is\/wp-json\/wp\/v2\/comments?post=341"}],"version-history":[{"count":12,"href":"https:\/\/us.edu.pl\/instytut\/is\/wp-json\/wp\/v2\/pages\/341\/revisions"}],"predecessor-version":[{"id":3173,"href":"https:\/\/us.edu.pl\/instytut\/is\/wp-json\/wp\/v2\/pages\/341\/revisions\/3173"}],"wp:attachment":[{"href":"https:\/\/us.edu.pl\/instytut\/is\/wp-json\/wp\/v2\/media?parent=341"}],"curies":[{"name":"wp","href":"https:\/\/api.w.org\/{rel}","templated":true}]}}