{"id":344,"date":"2020-01-30T14:21:20","date_gmt":"2020-01-30T13:21:20","guid":{"rendered":"http:\/\/us.edu.pl\/instytut\/is\/?page_id=344"},"modified":"2024-07-15T09:39:14","modified_gmt":"2024-07-15T07:39:14","slug":"nawrocki-tomasz","status":"publish","type":"page","link":"https:\/\/us.edu.pl\/instytut\/is\/nawrocki-tomasz\/","title":{"rendered":"Nawrocki Tomasz"},"content":{"rendered":"<p>[vc_row][vc_column]\r\n                <div class=\"text-modules reverse\">\r\n                    <div class=\"container\">\r\n                        <h3 class=\"section-title section-title_border-bottom\">dr hab. Tomasz Nawrocki, prof. U\u015a<\/h3> <h3 class=\"subtitle text-modules__subtitle\">tomasz.nawrocki@us.edu.pl<\/h3>\r\n                        <div class=\"row m-0\">\r\n                            <div class=\"text-modules__content\">\r\n                                <strong>ZAINTERESOWANIA NAUKOWE<\/strong><\/p>\n<p>Socjologia miasta i przestrzeni, problematyka traumy kulturowej, trudne dziedzictwo<\/p>\n<p><strong>WYBRANE PUBLIKACJE<\/strong><\/p>\n<ul>\n<li>Nawrocki, T. \u201eIt Was Normal\u201d: Environmental contamination in the collective memory of the inhabitants of Szopienice. <em>Polish Sociological Review<\/em> <em>225<\/em>, 49\u201368.<\/li>\n<li>Nawrocki, T. Chaos polskiej przestrzeni i Sir Roger Scruton. <em>Roczniki Nauk Spo\u0142ecznych<\/em> <em>15<\/em>, 123\u2013136.<\/li>\n<li>Turo\u0144-Kowalska, A.J., Nawrocki, T., i Pyszkowska, A.M. Cultural trauma of World War II: the case of the Upper Silesian village of Bojszowy. <em>Nationalities papers<\/em>, 1\u201316.<\/li>\n<li>Nawrocki, T. Rola nieludzkich aktor\u00f3w w budowie kapita\u0142u sieciowego. W: A. Michalska-\u017by\u0142a i K. Zajda, red., <em>W metropolii i poza metropoli\u0105. Spo\u0142eczny potencja\u0142 odrodzenia i rozwoju spo\u0142eczno\u015bci lokalnych. Ksi\u0119ga Jubileuszowa Profesora Paw\u0142a Starosty<\/em>. 123\u2013133.<\/li>\n<li>Bierwiaczonek, K. i Nawrocki, T. <em>Pomi\u0119dzy traum\u0105 wojny a codzienno\u015bci\u0105 : pami\u0119\u0107 zbiorowa mieszka\u0144c\u00f3w g\u00f3rno\u015bl\u0105skiej wsi Bojszowy<\/em>. Wydawnictwo Naukowe Scholar, Warszawa.<\/li>\n<li>Nawrocki, T. i Bierwiaczonek, K. Praca w pami\u0119ci zbiorowej mieszka\u0144c\u00f3w g\u00f3rno\u015bl\u0105skiej wsi na tle proces\u00f3w przemian obszar\u00f3w wiejskich. <em>Kultura i Spo\u0142ecze\u0144stwo<\/em>, 197\u2013221.<\/li>\n<li>Nawrocki, T. i Bierwiaczonek, K. Przetrwanie i trauma : pami\u0119\u0107 zbiorowa o latach wojny w \u015bl\u0105skiej wsi. <em>Studia Socjologiczne<\/em>, 75.<\/li>\n<li>Bierwiaczonek, K., Dymnicka, M., Kajdanek, K., i Nawrocki, T. <em>Miasto, przestrze\u0144, to\u017csamo\u015b\u0107 : studium trzech miast : Gda\u0144sk, Gliwice, Wroc\u0142aw<\/em>. Wydawnictwo Naukowe SCHOLAR, Warszawa.<\/li>\n<li>Bierwiaczonek, K., Lewicka, B.M., i Nawrocki, T. <em>Rynki, malle i cmentarze : przestrze\u0144 publiczna miast \u015bl\u0105skich w uj\u0119ciu socjologicznym<\/em>. Nomos, Krak\u00f3w.<\/li>\n<li>Nawrocki, T. <em>Trwanie i zmiana lokalnej spo\u0142eczno\u015bci g\u00f3rniczej na G\u00f3rnym \u015al\u0105sku : na przyk\u0142adzie Murcek<\/em>. Wydawnictwo Uniwersytetu \u015al\u0105skiego, Katowice.<\/li>\n<\/ul>\n<p>&nbsp;<\/p>\n<p>Pe\u0142ny zestaw publikacji dost\u0119pny w tym miejscu: <a href=\"https:\/\/ab.us.edu.pl\/emp?id=18842&amp;view=P\">Publikacje<\/a><\/p>\n<p><strong>\u00a0<\/strong><\/p>\n<p><strong>DODATKOWE INFORMACJE<\/strong><\/p>\n<p><strong>Pe\u0142nione funkcje (wybrane):<\/strong><\/p>\n<ul>\n<li>Cz\u0142onek Komitetu Socjologii PAN<\/li>\n<li>Cz\u0142onek Wojew\u00f3dzkiej Komisji Urbanistyczno-Architektonicznej Wojew\u00f3dztwa \u015al\u0105skiego<\/li>\n<li>Kierownik zespo\u0142u realizuj\u0105cego Opus 5: To\u017csamo\u015b\u0107 miasta i jego mieszka\u0144c\u00f3w a przestrze\u0144 publiczna. Studium trzech miast.<\/li>\n<\/ul>\n<p><strong>ADRESY INTERNETOWE W SIECI<\/strong><\/p>\n<p><a href=\"https:\/\/orcid.org\/0000-0001-5988-8006https:\/\/www.researchgate.net\/profile\/Tomasz-Nawrockihttps:\/\/wart.academia.edu\/TomaszNawrocki\">https:\/\/orcid.org\/0000-0001-5988-8006<\/a><\/p>\n<p><a href=\"https:\/\/orcid.org\/0000-0001-5988-8006https:\/\/www.researchgate.net\/profile\/Tomasz-Nawrockihttps:\/\/wart.academia.edu\/TomaszNawrocki\">https:\/\/www.researchgate.net\/profile\/Tomasz-Nawrocki<\/a><br \/>\n<a href=\"https:\/\/orcid.org\/0000-0001-5988-8006https:\/\/www.researchgate.net\/profile\/Tomasz-Nawrockihttps:\/\/wart.academia.edu\/TomaszNawrocki\">https:\/\/wart.academia.edu\/TomaszNawrocki<\/a><\/p>\n<p>&nbsp;<\/p>\n<p>&nbsp;<\/p>\n<p><strong>\u00a0<\/strong><\/p>\n<p>&nbsp;<\/p>\n<p>&nbsp;<\/p>\n<p>&nbsp;<\/p>\n<div class=\"mt-3\"><\/div>\r\n                            <\/div>\r\n                            \r\n                            <div class=\"text-modules__img\"><img src=\"https:\/\/us.edu.pl\/instytut\/is\/wp-content\/uploads\/sites\/34\/Nieprzypisane\/Tomasz-Nawrocki_DSC_4529-4-240x300.jpg\" alt=\"img\"><\/div>\r\n                        <\/div>\r\n                    <\/div>\r\n                <\/div>[\/vc_column][\/vc_row][vc_row][vc_column][vc_column_text][\/vc_column_text][\/vc_column][\/vc_row][vc_row][vc_column][vc_column_text][\/vc_column_text][\/vc_column][\/vc_row]<\/p>","protected":false},"excerpt":{"rendered":"<p>[vc_row][vc_column][\/vc_column][\/vc_row][vc_row][vc_column][vc_column_text][\/vc_column_text][\/vc_column][\/vc_row][vc_row][vc_column][vc_column_text][\/vc_column_text][\/vc_column][\/vc_row] [&#8230;]<\/p>\n<p><a class=\"btn btn-secondary understrap-read-more-link\" href=\"https:\/\/us.edu.pl\/instytut\/is\/nawrocki-tomasz\/\">Read More&#8230;<\/a><\/p>\n","protected":false},"author":191,"featured_media":0,"parent":0,"menu_order":0,"comment_status":"closed","ping_status":"closed","template":"","meta":{"_expiration-date-status":"","_expiration-date":0,"_expiration-date-type":"","_expiration-date-categories":[],"_expiration-date-options":[]},"acf":[],"_links":{"self":[{"href":"https:\/\/us.edu.pl\/instytut\/is\/wp-json\/wp\/v2\/pages\/344"}],"collection":[{"href":"https:\/\/us.edu.pl\/instytut\/is\/wp-json\/wp\/v2\/pages"}],"about":[{"href":"https:\/\/us.edu.pl\/instytut\/is\/wp-json\/wp\/v2\/types\/page"}],"author":[{"embeddable":true,"href":"https:\/\/us.edu.pl\/instytut\/is\/wp-json\/wp\/v2\/users\/191"}],"replies":[{"embeddable":true,"href":"https:\/\/us.edu.pl\/instytut\/is\/wp-json\/wp\/v2\/comments?post=344"}],"version-history":[{"count":6,"href":"https:\/\/us.edu.pl\/instytut\/is\/wp-json\/wp\/v2\/pages\/344\/revisions"}],"predecessor-version":[{"id":2636,"href":"https:\/\/us.edu.pl\/instytut\/is\/wp-json\/wp\/v2\/pages\/344\/revisions\/2636"}],"wp:attachment":[{"href":"https:\/\/us.edu.pl\/instytut\/is\/wp-json\/wp\/v2\/media?parent=344"}],"curies":[{"name":"wp","href":"https:\/\/api.w.org\/{rel}","templated":true}]}}