{"id":357,"date":"2020-01-30T14:41:33","date_gmt":"2020-01-30T13:41:33","guid":{"rendered":"http:\/\/us.edu.pl\/instytut\/is\/?page_id=357"},"modified":"2024-07-12T11:46:39","modified_gmt":"2024-07-12T09:46:39","slug":"bierwiaczonek-krzysztof","status":"publish","type":"page","link":"https:\/\/us.edu.pl\/instytut\/is\/bierwiaczonek-krzysztof\/","title":{"rendered":"Bierwiaczonek Krzysztof"},"content":{"rendered":"<p>[vc_row][vc_column]\r\n                <div class=\"text-modules reverse\">\r\n                    <div class=\"container\">\r\n                        <h3 class=\"section-title section-title_border-bottom\">dr hab. Krzysztof Bierwiaczonek, prof. U\u015a<\/h3> <h3 class=\"subtitle text-modules__subtitle\">krzysztof.bierwiaczonek@us.edu.pl<\/h3>\r\n                        <div class=\"row m-0\">\r\n                            <div class=\"text-modules__content\">\r\n                                <span style=\"font-size: 12pt;\"><strong>ZAINTERESOWANIA NAUKOWE<\/strong><\/span><\/p>\n<p><span style=\"font-size: 12pt;\">Socjologia miasta (a zw\u0142aszcza problematyka odnosz\u0105ca si\u0119 do przestrzeni publicznej, miejsc i metropolii), socjologia spo\u0142eczno\u015bci lokalnych, rozw\u00f3j spo\u0142eczny (ze szczeg\u00f3lnym uwzgl\u0119dnieniem tematyki innowacji spo\u0142ecznych), socjologia codzienno\u015bci, antropologia kultury<\/span><\/p>\n<p><span style=\"font-size: 12pt;\"><strong>WYBRANE PUBLIKACJE<\/strong><\/span><\/p>\n<ul>\n<li><span style=\"font-size: 12pt;\">Bierwiaczonek, K., &amp; Pyka, R. (2023). An innovation place model for the analysis of creativity and social innovativeness in selected French and Polish metropolises.\u00a0<em>Creativity Studies<\/em>,\u00a0<em>16<\/em>, 682\u2013707. <a href=\"http:\/\/dx.doi.org\/10.3846\/cs.2023.17043\">DOI:10.3846\/cs.2023.17043<\/a><\/span><\/li>\n<li><span style=\"font-size: 12pt;\">Bierwiaczonek, K., &amp; Pyka, R. (2023). Znaczenie miejsc innowacyjnych w procesie rewitalizacji na podstawie bada\u0144 w Lyonie, Saint-Etienne i G\u00f3rno\u015bl\u0105sko-Zag\u0142\u0119biowskiej Metropolii.\u00a0<em>Rozw\u00f3j Regionalny i Polityka Regionalna<\/em>, 57\u201378. <a href=\"http:\/\/dx.doi.org\/10.14746\/rrpr.2023.64.05\">DOI:10.14746\/rrpr.2023.64.05<\/a><\/span><\/li>\n<li><span style=\"font-size: 12pt;\">Bierwiaczonek, K. (2023). Puzzle g\u00f3rno\u015bl\u0105sko-zag\u0142\u0119biowskie. Spo\u0142eczne uwarunkowania funkcjonowania G\u00f3rno\u015bl\u0105sko-Zag\u0142\u0119biowskiej Metropolii.\u00a0<em>Cz\u0142owiek i Spo\u0142ecze\u0144stwo<\/em>,\u00a0<em>55<\/em>, 37\u201356. <a href=\"http:\/\/dx.doi.org\/10.14746\/cis.2023.55.3\">DOI:10.14746\/cis.2023.55.3<\/a><\/span><\/li>\n<li><span style=\"font-size: 12pt;\">Smagacz-Poziemska M., &amp; Bierwiaczonek K. (2022). Playing locally but commuting to a better school : urban planning and education policies in parental involvement practices and local community formation. <em>East European Politics and Societes<\/em>, 36, 2, 692-721, <a href=\"http:\/\/dx.doi.org\/10.1177\/08883254211007195\">DOI:10.1177\/08883254211007195<\/a><\/span><\/li>\n<li><span style=\"font-size: 12pt;\">Bierwiaczonek K. (2021). Cz\u0142owiek w przestrzeni publicznej miasta : spo\u0142eczne znaczenia i zjawiska zagra\u017caj\u0105ce przestrzeni publicznej, <em>Rozw\u00f3j Regionalny i Polityka Regionalna<\/em>, 56, 45-60, <a href=\"http:\/\/dx.doi.org\/10.14746\/rrpr.2021.56s.05\">DOI:10.14746\/rrpr.2021.56s.05<\/a><\/span><\/li>\n<li><span style=\"font-size: 12pt;\">Bierwiaczonek K., Pyka R., Gawron G., &amp; Suchacka M. (2020). Innovation places: theoretical and methodological remarks for analysing metropolitan creativity and innovations, Creativity Studies, 13:2, s. 532-552, <a href=\"http:\/\/dx.doi.org\/10.3846\/cs.2020.11992\">DOI:10.3846\/cs.2020.11992<\/a><\/span><\/li>\n<li><span style=\"font-size: 12pt;\">Bierwiaczonek K., &amp; Nawrocki T. (2020). Pomi\u0119dzy traum\u0105 wojny a codzienno\u015bci\u0105: pami\u0119\u0107 zbiorowa mieszka\u0144c\u00f3w g\u00f3rno\u015bl\u0105skiej wsi Bojszowy, Wydawnictwo Naukowe Scholar, Warszawa.<\/span><\/li>\n<li><span style=\"font-size: 12pt;\">Nawrocki T., &amp; Bierwiaczonek K. (2019). Przetrwanie i trauma : pami\u0119\u0107 zbiorowa o latach wojny w \u015bl\u0105skiej wsi, <em>Studia Socjologiczne<\/em>, 4, 75-101. <a href=\"http:\/\/dx.doi.org\/10.24425\/sts.2019.126159\">DOI:10.24425\/sts.2019.126159<\/a><\/span><\/li>\n<li><span style=\"font-size: 12pt;\">Bierwiaczonek, K., Dymnicka, M., Kajdanek, K., &amp; Nawrocki, T. (2017).\u00a0<em>Miasto, przestrze\u0144, to\u017csamo\u015b\u0107: studium trzech miast: Gda\u0144sk, Gliwice, Wroc\u0142aw<\/em>. Wydawnictwo Naukowe Scholar.<\/span><\/li>\n<li><span style=\"font-size: 12pt;\">Bierwiaczonek, K. (2016).\u00a0<em>Spo\u0142eczne znaczenie miejskich przestrzeni publicznych<\/em>. Wydawnictwo Uniwersytetu \u015al\u0105skiego, Katowice.<\/span><\/li>\n<\/ul>\n<p>&nbsp;<\/p>\n<p><span style=\"font-size: 12pt;\">Pe\u0142ny zestaw publikacji dost\u0119pny w tym miejscu:\u00a0 <a href=\"https:\/\/ab.us.edu.pl\/emp?id=1462&amp;view=P\">Publikacje<\/a><\/span><\/p>\n<p>&nbsp;<\/p>\n<p><span style=\"font-size: 12pt;\"><strong>DODATKOWE INFORMACJE<\/strong><\/span><\/p>\n<p><span style=\"font-size: 12pt;\">Najwa\u017cniejsze realizowany projekty badawcze<\/span><\/p>\n<ul>\n<li><span style=\"font-size: 12pt;\">2023-2026 &#8211; <em>Strengthening metropolitan cooperation and governance in Central Europe<\/em> (projekt realizowany w ramach Interreg-Central Europe) \u2013 wykonawca, zast\u0119pca kierownika zespo\u0142u polskiego (kierownik dr hab. Robert Pyka, prof. U\u015a)<\/span><\/li>\n<li><span style=\"font-size: 12pt;\">2022-2023 &#8211;<em>Zastosowanie nauk spo\u0142ecznych w ocenie potencja\u0142u przyrodniczego okolic Rawy w aspekcie planowanych zmian, zapewniaj\u0105cych podniesienie jako\u015bci \u017cycia w Katowicach oraz zidentyfikowanie znaczenia przestrzeni wok\u00f3\u0142 Rawy jako miejsca \u0142\u0105cz\u0105cego spo\u0142eczno\u015b\u0107 miasta i \u015brodowisko akademickie<\/em>, projekt realizowany na zlecenie Urz\u0119du Miasta w Katowicach \u2013 kierownik projektu<\/span><\/li>\n<li><span style=\"font-size: 12pt;\">2019 &#8211;<em>Diagnoza uwarunkowa\u0144 wsp\u00f3\u0142pracy organizacji pozarz\u0105dowych z miastem Katowice<\/em>, projekt realizowany na zlecenie Urz\u0119du Miasta w Katowicach \u2013 kierownik projektu<\/span><\/li>\n<li><span style=\"font-size: 12pt;\">2018- <em>Pami\u0119\u0107 zbiorowa mieszka\u0144c\u00f3w g\u00f3rno\u015bl\u0105skiej wsi Bojszowy<\/em>. Badanie realizowane na zlecenie Urz\u0119du Gminy w Bojszowach jako jeden z element\u00f3w projektu \u201eBojszowy \u2013 650 lat wsp\u00f3lnoty nad brzegami Wis\u0142y \u2013 Gostyni \u2013 Pszczynki i Korzy\u0144ca (1368\u20132018)\u201d finansowanego z Europejskiego Funduszu Rolnego na rzecz Rozwoju Obszar\u00f3w Wiejskich: Europa inwestuj\u0105ca w obszary wiejskie \u2013 wsp\u00f3\u0142autor (wraz z dr hab. Tomaszem Nawrockim, prof. U\u015a) i wsp\u00f3\u0142wykonawca bada\u0144.<\/span><\/li>\n<li><span style=\"font-size: 12pt;\">2017-2019- <em>R\u00f3\u017cnice i granice w procesie tworzenia wielkomiejskich spo\u0142eczno\u015bci s\u0105siedzkich. Studium spo\u0142eczno-przestrzenne<\/em>; wykonawca (kierownik dr hab. Marta Smagacz-Poziemska), projekt finansowany przez Narodowe Centrum Nauki, (nr.2014\/15\/B\/HS6\/01949),<\/span><\/li>\n<li><span style=\"font-size: 12pt;\">2014-2017- <em>To\u017csamo\u015b\u0107 miasta i jego mieszka\u0144c\u00f3w a przestrze\u0144 publiczna. Studium trzech miast;<\/em> wykonawca (kierownik dr hab. Tomasz Nawrocki, prof. U\u015a)., projekt finansowany przez Narodowe Centrum Nauki (DEC-2013\/09\/B\/HS6\/00418)<\/span><\/li>\n<\/ul>\n<p><span style=\"font-size: 12pt;\"><strong>ADRESY INTERNETOWE W SIECI<\/strong><\/span><\/p>\n<p><span style=\"font-size: 12pt;\"><a href=\"https:\/\/orcid.org\/0000-0002-8375-2800\">https:\/\/orcid.org\/0000-0002-8375-2800<\/a><\/span><\/p>\n<p><span style=\"font-size: 12pt;\"><a href=\"https:\/\/www.researchgate.net\/profile\/Krzysztof-Bierwiaczonek\">https:\/\/www.researchgate.net\/profile\/Krzysztof-Bierwiaczonek<\/a><\/span><\/p>\n<p><a href=\"https:\/\/silesian.academia.edu\/KrzysztofBierwiaczonek\"><span style=\"font-size: 12pt;\">https:\/\/silesian.academia.edu\/KrzysztofBierwiaczonek<\/span><\/a><\/p>\n<div class=\"mt-3\"><\/div>\r\n                            <\/div>\r\n                            \r\n                            <div class=\"text-modules__img\"><img src=\"https:\/\/us.edu.pl\/instytut\/is\/wp-content\/uploads\/sites\/34\/Bez-kategorii\/Bierwiaczonek-1-201x300.jpg\" alt=\"img\"><\/div>\r\n                        <\/div>\r\n                    <\/div>\r\n                <\/div>[\/vc_column][\/vc_row][vc_row][vc_column][vc_column_text][\/vc_column_text][\/vc_column][\/vc_row][vc_row][vc_column][vc_column_text][\/vc_column_text][\/vc_column][\/vc_row]<\/p>","protected":false},"excerpt":{"rendered":"<p>[vc_row][vc_column][\/vc_column][\/vc_row][vc_row][vc_column][vc_column_text][\/vc_column_text][\/vc_column][\/vc_row][vc_row][vc_column][vc_column_text][\/vc_column_text][\/vc_column][\/vc_row] [&#8230;]<\/p>\n<p><a class=\"btn btn-secondary understrap-read-more-link\" href=\"https:\/\/us.edu.pl\/instytut\/is\/bierwiaczonek-krzysztof\/\">Read More&#8230;<\/a><\/p>\n","protected":false},"author":191,"featured_media":0,"parent":0,"menu_order":0,"comment_status":"closed","ping_status":"closed","template":"","meta":{"_expiration-date-status":"","_expiration-date":0,"_expiration-date-type":"","_expiration-date-categories":[],"_expiration-date-options":[]},"acf":[],"_links":{"self":[{"href":"https:\/\/us.edu.pl\/instytut\/is\/wp-json\/wp\/v2\/pages\/357"}],"collection":[{"href":"https:\/\/us.edu.pl\/instytut\/is\/wp-json\/wp\/v2\/pages"}],"about":[{"href":"https:\/\/us.edu.pl\/instytut\/is\/wp-json\/wp\/v2\/types\/page"}],"author":[{"embeddable":true,"href":"https:\/\/us.edu.pl\/instytut\/is\/wp-json\/wp\/v2\/users\/191"}],"replies":[{"embeddable":true,"href":"https:\/\/us.edu.pl\/instytut\/is\/wp-json\/wp\/v2\/comments?post=357"}],"version-history":[{"count":10,"href":"https:\/\/us.edu.pl\/instytut\/is\/wp-json\/wp\/v2\/pages\/357\/revisions"}],"predecessor-version":[{"id":2621,"href":"https:\/\/us.edu.pl\/instytut\/is\/wp-json\/wp\/v2\/pages\/357\/revisions\/2621"}],"wp:attachment":[{"href":"https:\/\/us.edu.pl\/instytut\/is\/wp-json\/wp\/v2\/media?parent=357"}],"curies":[{"name":"wp","href":"https:\/\/api.w.org\/{rel}","templated":true}]}}