{"id":387,"date":"2020-02-03T09:09:11","date_gmt":"2020-02-03T08:09:11","guid":{"rendered":"http:\/\/us.edu.pl\/instytut\/is\/?page_id=387"},"modified":"2025-12-08T12:05:42","modified_gmt":"2025-12-08T11:05:42","slug":"rada-naukowa","status":"publish","type":"page","link":"https:\/\/us.edu.pl\/instytut\/is\/rada-naukowa\/","title":{"rendered":"Rada Naukowa Instytutu"},"content":{"rendered":"<p><span style=\"font-family: verdana, geneva, sans-serif; font-size: 18pt;\"><strong>\u00a0<span style=\"font-size: 24pt;\"> Sk\u0142ad Rady Naukowej Instytutu Socjologii<\/span><\/strong><\/span><\/p>\n<p>&nbsp;<\/p>\n<p><span style=\"font-family: verdana, geneva, sans-serif; font-size: 14pt;\">\u00a0 \u00a0 dr hab. Rafa\u0142 Muster, prof. U\u015a \u2013 przewodnicz\u0105cy<\/span><\/p>\n<p><span style=\"font-family: verdana, geneva, sans-serif; font-size: 14pt;\">\u00a0 \u00a0 dr Rafa\u0142 Cekiera, prof. U\u015a<br \/>\n<\/span><\/p>\n<p><span style=\"font-family: verdana, geneva, sans-serif; font-size: 14pt;\">\u00a0 \u00a0 dr hab. Ma\u0142gorzata Suchacka, prof. U\u015a<\/span><\/p>\n<p><span style=\"font-family: verdana, geneva, sans-serif; font-size: 14pt;\">\u00a0 \u00a0 dr hab. Krzysztof Bierwiaczonek, prof. U\u015a<br \/>\n<\/span><\/p>\n<p><span style=\"font-family: verdana, geneva, sans-serif; font-size: 14pt;\">\u00a0 \u00a0 dr hab. Andrzej Kasperek, prof. U\u015a<br \/>\n<\/span><\/p>\n<p><span style=\"font-family: verdana, geneva, sans-serif; font-size: 14pt;\">\u00a0 \u00a0 dr hab. Robert Pyka, prof. U\u015a<\/span><\/p>\n<p><span style=\"font-family: verdana, geneva, sans-serif; font-size: 14pt;\">\u00a0 \u00a0 dr Katarzyna Juszczyk, prof. U\u015a<\/span><\/p>\n<p><span style=\"font-family: verdana, geneva, sans-serif; font-size: 14pt;\">\u00a0 \u00a0 dr hab. Grzegorz Gawron, prof. U\u015a<br \/>\n<\/span><\/p>\n<p><span style=\"font-family: verdana, geneva, sans-serif; font-size: 14pt;\">\u00a0 \u00a0 dr Barbara Lewicka<br \/>\n<\/span><\/p>\n<p><span style=\"font-family: verdana, geneva, sans-serif; font-size: 14pt;\">\u00a0 \u00a0 dr Pawe\u0142 \u0106wik\u0142a<br \/>\n<\/span><\/p>\n<p><span style=\"font-family: verdana, geneva, sans-serif; font-size: 14pt;\">\u00a0 \u00a0 dr Maja Drzazga-Lech<\/span><\/p>","protected":false},"excerpt":{"rendered":"<p>\u00a0 Sk\u0142ad Rady Naukowej Instytutu Socjologii &nbsp; \u00a0 \u00a0 dr hab. Rafa\u0142 Muster, prof. U\u015a \u2013 przewodnicz\u0105cy \u00a0 \u00a0 dr Rafa\u0142 Cekiera, prof. U\u015a \u00a0 \u00a0 dr hab. Ma\u0142gorzata Suchacka, prof. U\u015a \u00a0 \u00a0 dr hab. Krzysztof Bierwiaczonek, prof. U\u015a \u00a0 \u00a0 dr hab. Andrzej Kasperek, prof. U\u015a \u00a0 \u00a0 dr hab. Robert Pyka, prof. [&#8230;]<\/p>\n<p><a class=\"btn btn-secondary understrap-read-more-link\" href=\"https:\/\/us.edu.pl\/instytut\/is\/rada-naukowa\/\">Read More&#8230;<\/a><\/p>\n","protected":false},"author":191,"featured_media":0,"parent":0,"menu_order":0,"comment_status":"closed","ping_status":"closed","template":"","meta":{"_expiration-date-status":"","_expiration-date":0,"_expiration-date-type":"","_expiration-date-categories":[],"_expiration-date-options":[]},"acf":[],"_links":{"self":[{"href":"https:\/\/us.edu.pl\/instytut\/is\/wp-json\/wp\/v2\/pages\/387"}],"collection":[{"href":"https:\/\/us.edu.pl\/instytut\/is\/wp-json\/wp\/v2\/pages"}],"about":[{"href":"https:\/\/us.edu.pl\/instytut\/is\/wp-json\/wp\/v2\/types\/page"}],"author":[{"embeddable":true,"href":"https:\/\/us.edu.pl\/instytut\/is\/wp-json\/wp\/v2\/users\/191"}],"replies":[{"embeddable":true,"href":"https:\/\/us.edu.pl\/instytut\/is\/wp-json\/wp\/v2\/comments?post=387"}],"version-history":[{"count":10,"href":"https:\/\/us.edu.pl\/instytut\/is\/wp-json\/wp\/v2\/pages\/387\/revisions"}],"predecessor-version":[{"id":3151,"href":"https:\/\/us.edu.pl\/instytut\/is\/wp-json\/wp\/v2\/pages\/387\/revisions\/3151"}],"wp:attachment":[{"href":"https:\/\/us.edu.pl\/instytut\/is\/wp-json\/wp\/v2\/media?parent=387"}],"curies":[{"name":"wp","href":"https:\/\/api.w.org\/{rel}","templated":true}]}}