{"id":400,"date":"2020-02-03T11:52:30","date_gmt":"2020-02-03T10:52:30","guid":{"rendered":"http:\/\/us.edu.pl\/instytut\/is\/?page_id=400"},"modified":"2024-10-03T08:14:11","modified_gmt":"2024-10-03T06:14:11","slug":"cekiera-rafal","status":"publish","type":"page","link":"https:\/\/us.edu.pl\/instytut\/is\/cekiera-rafal\/","title":{"rendered":"Cekiera Rafa\u0142"},"content":{"rendered":"<p>[vc_row][vc_column][vc_column_text][\/vc_column_text][\/vc_column][\/vc_row][vc_row][vc_column]\r\n                <div class=\"text-modules reverse\">\r\n                    <div class=\"container\">\r\n                        <h3 class=\"section-title section-title_border-bottom\">dr Rafa\u0142 Cekiera, prof. U\u015a<\/h3> <h3 class=\"subtitle text-modules__subtitle\">rafal.cekiera@us.edu.pl<\/h3>\r\n                        <div class=\"row m-0\">\r\n                            <div class=\"text-modules__content\">\r\n                                <strong>ZAINTERESOWANIA NAUKOWE<\/strong><\/p>\n<p>socjologia migracji, socjologia religii, socjologia kultury, komunikacja mi\u0119dzykulturowa<\/p>\n<p><strong>WYBRANE PUBLIKACJE<\/strong><\/p>\n<p><strong>Wybrane ksi\u0105\u017cki:<\/strong><\/p>\n<ul>\n<li>\u201eUchod\u017acy, migranci i Ko\u015bci\u00f3\u0142 katolicki. Polska debata migracyjna po 2015 roku w kontek\u015bcie nauczania Ko\u015bcio\u0142a katolickiego\u201d, Towarzystwo Wi\u0119\u017a, 2022.<\/li>\n<li>\u201eEmigracja jako do\u015bwiadczenie. Studium na przyk\u0142adzie migrant\u00f3w powrotnych do wojew\u00f3dztwa \u015bl\u0105skiego\u201d (wraz z J. Kijonka, M. \u017bak), Wydawnictwo U\u015a, 2022.<\/li>\n<li>\u201eZgryzoty i nadzieje. Socjologiczna analiza wpis\u00f3w do ksi\u0105g wotywnych w kaplicy \u015bw. Wendelina w Rudzicy\u201d, Towarzystwo Mi\u0142o\u015bnik\u00f3w Rudzicy, Rudzica 2016.<\/li>\n<li>\u201eO pu\u0142apkach emigracyjnej lekko\u015bci. Do\u015bwiadczenie tymczasowo\u015bci w narracjach m\u0142odych polskich emigrant\u00f3w poakcesyjnych\u201d, Wydawnictwo NOMOS, Krak\u00f3w 2014.<\/li>\n<\/ul>\n<p><strong>Wybrane artyku\u0142y:<\/strong><\/p>\n<ul>\n<li>Zogata-Kusz A., \u00d6brink Hobzov\u00e1 M., Cekiera R.: Deserving of Assistance: The Social Construction of Ukrainian Refugees, <em>Ethnopolitics<\/em>, 2022, <a href=\"https:\/\/www.tandfonline.com\/doi\/full\/10.1080\/17449057.2023.2286779\">DOI: 10.1080\/17449057.2023.2286779<\/a><\/li>\n<li>Cekiera R.: Everyday life from a sacral perspective. Individual entries in prayer books of intentions as material for social research, <em>Religions<\/em>, 11\/12\/2021, <a href=\"http:\/\/dx.doi.org\/10.3390\/rel12110968\">http:\/\/dx.doi.org\/10.3390\/rel12110968<\/a><\/li>\n<li>Cekiera R.: &#8222;Ocal ludzko\u015b\u0107 przed koronawirusem!&#8221; Analiza internetowych intencji modlitewnych w czasie pandemii, <em>Lud<\/em>, 104\/2020, <a href=\"http:\/\/dx.doi.org\/10.12775\/lud104.2020.09\">http:\/\/dx.doi.org\/10.12775\/lud104.2020.09<\/a><\/li>\n<li>Cekiera R.: Anti-refugee attitudes of polish Catholics and the teaching of the Catholic Church: the surprising paradox and its reasons, International Journal of Religion and Spirituality in Society, 4\/10\/2020, <a href=\"http:\/\/dx.doi.org\/10.18848\/2154-8633\/CGP\/v10i04\/11-24\">http:\/\/dx.doi.org\/10.18848\/2154-8633\/CGP\/v10i04\/11-24<\/a><\/li>\n<li>Cekiera R.: Refugees in the internet debate. A sociological analysis of the Polish internet memes, \u201cSociol\u00f3gia a spolo\u010dnos\u0165\u201d, 2\/2019.<\/li>\n<li>Cekiera R.: Mobilno\u015b\u0107, [w:] Wsp\u00f3\u0142czesne teorie spo\u0142eczne. W kr\u0119gu uj\u0119\u0107 paradygmatycznych, red. Szczepa\u0144ski M. S., \u015aliz A., Wydawnictwo Uniwersytetu Opolskiego, 2019.<\/li>\n<\/ul>\n<p>&nbsp;<\/p>\n<p>Pe\u0142ny zestaw publikacji dost\u0119pny w tym miejscu: <a href=\"https:\/\/ab.us.edu.pl\/emp?id=47422&amp;view=P\">Publikacje<\/a><\/p>\n<p><strong>\u00a0<\/strong><\/p>\n<p><strong>DODATKOWE INFORMACJE<\/strong><\/p>\n<p><strong>Funkcje:<\/strong><\/p>\n<ul>\n<li>Zast\u0119pca Dyrektora Instytutu Socjologii<\/li>\n<li>Cz\u0142onek Rady Naukowej Instytutu<\/li>\n<li>Cz\u0142onek Rady Dydaktycznej Kierunku Studi\u00f3w PMiDP, PS., Socjologia, ZZL<\/li>\n<li>Cz\u0142onek Komisji Stosunk\u00f3w Polsko-Czeskich Oddzia\u0142u PAN w Katowicach<\/li>\n<li>Cz\u0142onek Komisji Studi\u00f3w nad Przysz\u0142o\u015bci\u0105 G\u00f3rnego \u015al\u0105ska PAN<\/li>\n<li>Cz\u0142onek Zarz\u0105du oddzia\u0142u katowickiego Polskiego Towarzystwa Socjologicznego<\/li>\n<\/ul>\n<p><strong>Sta\u017ce naukowe:<\/strong><\/p>\n<ul>\n<li>VISEGRAD SCHOLARSHIP PROGRAM, Palack\u00fd University Olomouc, Department of Sociology, Andragogy and Cultural Anthropology (1.02.2018 \u2013 30.06.2018)<\/li>\n<li>VISEGRAD SCHOLARSHIP PROGRAM, Szent Istv\u00e1n Egyetem, Faculty of Economic and Social Sciences, G\u00f6d\u00f6ll\u0151 (W\u0119gry), 2020 \u2013 02.2021<\/li>\n<\/ul>\n<p><strong>Przyk\u0142adowe projekty grantowe:<\/strong><\/p>\n<ul>\n<li>\u201eAnaliza ksi\u0105g wotywnych jako materia\u0142u \u017ar\u00f3d\u0142owego do bada\u0144 spo\u0142ecznych\u201d, NCN MINIATURA 4, 12.12.2020-13.03.2022<\/li>\n<li>\u201eKonstruowanie wizerunku uchod\u017ac\u00f3w w polskim dyskursie publicznym\u201d, NCN SONATA 12, 5.07.2017-4.01.2022<\/li>\n<li>\u201eSytuacja obcokrajowc\u00f3w w woj. \u015bl\u0105skim w czasie pandemii Covid-19\u201d, Stowarzyszenie Biznes &#8211; Nauka Samorz\u0105d \u201ePro Silesia\u201d, 01.01.2021-31.08.2021<\/li>\n<li>\u201eThe world of students&#8217; values and their attitude towards the labour market \u2013 comparative analysis of Hungarian and Polish students\u201d, Visegrad Fund Grants (Intra-Visegrad Scholarship), 10.2020 \u2013 02.2021<\/li>\n<li>\u201eThe social context of Czech Republic and Republic of Poland migration policy \u2013 a comparative analysis\u201d, Visegrad Fund Grants (Intra-Visegrad Scholarship), 02.2018 \u2013 06.2018<\/li>\n<\/ul>\n<p><strong>Inne:<\/strong><\/p>\n<ul>\n<li>Srebrna Odznaka \u201eZa zas\u0142ugi dla Uniwersytetu \u015al\u0105skiego\u201d przyznana przez Rektora Uniwersytetu \u015al\u0105skiego (2023)<\/li>\n<li>Pierwsza Nagroda w konkursie czasopisma \u201ePrzegl\u0105d Socjologii Jako\u015bciowej\u201d na najlepszy foto-esej socjologiczny (2019) <a href=\"http:\/\/www.qualitativesociologyreview.org\/PL\/konkurs_foto_zwyciezca_2018.php\">http:www.qualitativesociologyreview.org\/PL\/konkurs_foto_zwyciezca_2018.php<\/a><\/li>\n<li>Nagroda Marsza\u0142ka Senatu RP w konkursie na najlepszy materia\u0142 prasowy po\u015bwi\u0119cony emigrantom (2013)<\/li>\n<li>Wsp\u00f3\u0142organizator corocznego seminarium naukowego \u201eWendelinaria\u201d w Rudzicy k\/Bielska-Bia\u0142ej (od 2016 roku)<\/li>\n<\/ul>\n<p><strong>ADRESY INTERNETOWE W SIECI<\/strong><\/p>\n<p><a href=\"https:\/\/orcid.org\/0000-0003-3649-6645\">https:\/\/orcid.org\/0000-0003-3649-6645<\/a><\/p>\n<p><a href=\"https:\/\/www.researchgate.net\/profile\/Rafal-Cekiera\">https:\/\/www.researchgate.net\/profile\/Rafal-Cekiera<\/a><\/p>\n<p><a href=\"https:\/\/silesian.academia.edu\/Rafa%C5%82Cekiera\">https:\/\/silesian.academia.edu\/Rafa%C5%82Cekiera<\/a><\/p>\n<p>&nbsp;<\/p>\n<p>&nbsp;<\/p>\n<p>&nbsp;<\/p>\n<div class=\"mt-3\"><\/div>\r\n                            <\/div>\r\n                            \r\n                            <div class=\"text-modules__img\"><img src=\"https:\/\/us.edu.pl\/instytut\/is\/wp-content\/uploads\/sites\/34\/Bez-kategorii\/Cekiera_fot-1-scaled.jpg\" alt=\"img\"><\/div>\r\n                        <\/div>\r\n                    <\/div>\r\n                <\/div>[\/vc_column][\/vc_row][vc_row][vc_column][vc_column_text][\/vc_column_text][\/vc_column][\/vc_row][vc_row][vc_column][vc_column_text][\/vc_column_text][\/vc_column][\/vc_row][vc_row][\/vc_row][vc_column][\/vc_column][vc_column_text]<\/p>\n<p>I am text block. Click edit button to change this text. Lorem ipsum dolor sit amet, consectetur adipiscing elit. Ut elit tellus, luctus nec ullamcorper mattis, pulvinar dapibus leo.<\/p>\n<p>[\/vc_column_text][vc_row][vc_column][vc_column_text][\/vc_column_text][\/vc_column][\/vc_row][vc_row][vc_column][vc_column_text][\/vc_column_text][\/vc_column][\/vc_row][vc_row][vc_column][vc_column_text][\/vc_column_text][\/vc_column][\/vc_row][vc_row][vc_column][vc_column_text][\/vc_column_text][\/vc_column][\/vc_row][vc_row][vc_column][vc_column_text][\/vc_column_text][\/vc_column][\/vc_row][vc_row][vc_column][vc_column_text][\/vc_column_text][\/vc_column][\/vc_row][vc_row][vc_column][vc_column_text][\/vc_column_text][\/vc_column][\/vc_row][vc_row][vc_column][vc_column_text][\/vc_column_text][\/vc_column][\/vc_row][vc_row][vc_column][vc_column_text][\/vc_column_text][\/vc_column][\/vc_row][vc_row][vc_column][vc_column_text][\/vc_column_text][\/vc_column][\/vc_row][vc_row][vc_column][vc_column_text][\/vc_column_text][\/vc_column][\/vc_row][vc_row][vc_column][vc_column_text][\/vc_column_text][\/vc_column][\/vc_row][vc_row][vc_column][vc_column_text][\/vc_column_text][\/vc_column][\/vc_row][vc_row][vc_column][vc_column_text][\/vc_column_text][\/vc_column][\/vc_row][vc_row][vc_column][vc_column_text][\/vc_column_text][\/vc_column][\/vc_row][vc_row][vc_column][vc_column_text][\/vc_column_text][\/vc_column][\/vc_row][vc_row][vc_column][vc_column_text][\/vc_column_text][\/vc_column][\/vc_row][vc_row][vc_column][vc_column_text][\/vc_column_text][\/vc_column][\/vc_row][vc_row][vc_column][vc_column_text][\/vc_column_text][\/vc_column][\/vc_row][vc_row][vc_column][vc_column_text]<\/p>","protected":false},"excerpt":{"rendered":"<p>[vc_row][vc_column][vc_column_text][\/vc_column_text][\/vc_column][\/vc_row][vc_row][vc_column][\/vc_column][\/vc_row][vc_row][vc_column][vc_column_text][\/vc_column_text][\/vc_column][\/vc_row][vc_row][vc_column][vc_column_text][\/vc_column_text][\/vc_column][\/vc_row][vc_row][\/vc_row][vc_column][\/vc_column][vc_column_text] I am text block. Click edit button to change this text. Lorem ipsum dolor sit amet, consectetur adipiscing elit. Ut elit tellus, luctus nec ullamcorper mattis, pulvinar dapibus leo. [\/vc_column_text][vc_row][vc_column][vc_column_text][\/vc_column_text][\/vc_column][\/vc_row][vc_row][vc_column][vc_column_text][\/vc_column_text][\/vc_column][\/vc_row][vc_row][vc_column][vc_column_text][\/vc_column_text][\/vc_column][\/vc_row][vc_row][vc_column][vc_column_text][\/vc_column_text][\/vc_column][\/vc_row][vc_row][vc_column][vc_column_text][\/vc_column_text][\/vc_column][\/vc_row][vc_row][vc_column][vc_column_text][\/vc_column_text][\/vc_column][\/vc_row][vc_row][vc_column][vc_column_text][\/vc_column_text][\/vc_column][\/vc_row][vc_row][vc_column][vc_column_text][\/vc_column_text][\/vc_column][\/vc_row][vc_row][vc_column][vc_column_text][\/vc_column_text][\/vc_column][\/vc_row][vc_row][vc_column][vc_column_text][\/vc_column_text][\/vc_column][\/vc_row][vc_row][vc_column][vc_column_text][\/vc_column_text][\/vc_column][\/vc_row][vc_row][vc_column][vc_column_text][\/vc_column_text][\/vc_column][\/vc_row][vc_row][vc_column][vc_column_text][\/vc_column_text][\/vc_column][\/vc_row][vc_row][vc_column][vc_column_text][\/vc_column_text][\/vc_column][\/vc_row][vc_row][vc_column][vc_column_text][\/vc_column_text][\/vc_column][\/vc_row][vc_row][vc_column][vc_column_text][\/vc_column_text][\/vc_column][\/vc_row][vc_row][vc_column][vc_column_text][\/vc_column_text][\/vc_column][\/vc_row][vc_row][vc_column][vc_column_text][\/vc_column_text][\/vc_column][\/vc_row][vc_row][vc_column][vc_column_text][\/vc_column_text][\/vc_column][\/vc_row][vc_row][vc_column][vc_column_text] [&#8230;]<\/p>\n<p><a class=\"btn btn-secondary understrap-read-more-link\" href=\"https:\/\/us.edu.pl\/instytut\/is\/cekiera-rafal\/\">Read More&#8230;<\/a><\/p>\n","protected":false},"author":191,"featured_media":0,"parent":0,"menu_order":0,"comment_status":"closed","ping_status":"closed","template":"","meta":{"_expiration-date-status":"","_expiration-date":0,"_expiration-date-type":"","_expiration-date-categories":[],"_expiration-date-options":[]},"acf":[],"_links":{"self":[{"href":"https:\/\/us.edu.pl\/instytut\/is\/wp-json\/wp\/v2\/pages\/400"}],"collection":[{"href":"https:\/\/us.edu.pl\/instytut\/is\/wp-json\/wp\/v2\/pages"}],"about":[{"href":"https:\/\/us.edu.pl\/instytut\/is\/wp-json\/wp\/v2\/types\/page"}],"author":[{"embeddable":true,"href":"https:\/\/us.edu.pl\/instytut\/is\/wp-json\/wp\/v2\/users\/191"}],"replies":[{"embeddable":true,"href":"https:\/\/us.edu.pl\/instytut\/is\/wp-json\/wp\/v2\/comments?post=400"}],"version-history":[{"count":10,"href":"https:\/\/us.edu.pl\/instytut\/is\/wp-json\/wp\/v2\/pages\/400\/revisions"}],"predecessor-version":[{"id":2766,"href":"https:\/\/us.edu.pl\/instytut\/is\/wp-json\/wp\/v2\/pages\/400\/revisions\/2766"}],"wp:attachment":[{"href":"https:\/\/us.edu.pl\/instytut\/is\/wp-json\/wp\/v2\/media?parent=400"}],"curies":[{"name":"wp","href":"https:\/\/api.w.org\/{rel}","templated":true}]}}