{"id":430,"date":"2020-02-03T13:19:13","date_gmt":"2020-02-03T12:19:13","guid":{"rendered":"http:\/\/us.edu.pl\/instytut\/is\/?page_id=430"},"modified":"2024-07-12T11:46:28","modified_gmt":"2024-07-12T09:46:28","slug":"juszczyk-frelkiewicz-katarzyna","status":"publish","type":"page","link":"https:\/\/us.edu.pl\/instytut\/is\/juszczyk-frelkiewicz-katarzyna\/","title":{"rendered":"Juszczyk Katarzyna"},"content":{"rendered":"<p>[vc_row][vc_column]\r\n                <div class=\"text-modules reverse\">\r\n                    <div class=\"container\">\r\n                        <h3 class=\"section-title section-title_border-bottom\">dr Katarzyna Juszczyk, prof.U\u015a<\/h3> <h3 class=\"subtitle text-modules__subtitle\">katarzyna.juszczyk@us.edu.pl<\/h3>\r\n                        <div class=\"row m-0\">\r\n                            <div class=\"text-modules__content\">\r\n                                <strong>ZAINTERESOWANIA NAUKOWE<\/strong><\/p>\n<p>Socjologia ma\u0142\u017ce\u0144stwa i rodziny (Polska, Korea Po\u0142udniowa, Hiszpania), alternatywne formy \u017cycia ma\u0142\u017ce\u0144sko-rodzinnego, marketing spo\u0142eczny i polityczny, marketing, polityka rodzinna, psychologia spo\u0142eczna, autopromocja i wizerunek w biznesie, wyst\u0105pienia publiczne, lider w organizacji<\/p>\n<p><strong>WYBRANE PUBLIKACJE<\/strong><\/p>\n<ul>\n<li>Hyoung-Jin Moon, Jong-Ho Nam, Katarzyna Anna Juszczyk-Frelkiewicz, Awareness of K-culture among Polish university students and preferred teaching methods, New Educational Review 2023, s. 95-108. <a href=\"http:\/\/dx.doi.org\/10.15804\/tner.2023.73.3.07\">DOI:10.15804\/tner.2023.73.3.07<\/a><\/li>\n<li>Katarzyna Anna Juszczyk-Frelkiewicz, Do Korean Women Should Work to Make the Marital Relationship Equal? Logistic Regression of Models on Data from the Korean Longitudinal Survey on Women and Families, New Educational Review 2022 Tom 40 nr 4, s. 173-183. <a href=\"http:\/\/dx.doi.org\/10.15804\/tner.2022.70.4.14\">DOI:10.15804\/tner.2022.70.4.14<\/a><\/li>\n<li>Katarzyna Anna Juszczyk-Frelkiewicz, Montserrat Sim\u00f3 Solsona, Cristina L\u00f3pez Villanueva, Do we want children? Attitudes towards having or not having children: a comparative perspective on Spain and Poland, Dyskursy M\u0142odych Andragog\u00f3w 2022 nr 3, 333-346. <a href=\"http:\/\/dx.doi.org\/10.34768\/dma.vi23.634\">DOI:10.34768\/dma.vi23.634<\/a><\/li>\n<li>Katarzyna Anna Juszczyk-Frelkiewicz, Johann Bacher, Martina Beham-Rabanser, Petra Aigner, Emilia Paprzycka, Edyta Mianowska, Gender revolution in Austria and Poland?: changes in egalitarian attitudes and behaviour in the perspective of the theoretical insights by Goldscheider, Bernhardt and Lappeg\u00e5rd, Edukacja Mi\u0119dzykulturowa 2022 nr 4, s. 230-243. <a href=\"http:\/\/dx.doi.org\/10.15804\/em.2022.04.16\">DOI:10.15804\/em.2022.04.16<\/a><\/li>\n<li>Katarzyna Anna Juszczyk-Frelkiewicz, Contemporary family policy in South Korea: towards the increase of fertility, Athenaeum. Polskie Studia Politologiczne 2021 tom 71, 89-110. <a href=\"http:\/\/dx.doi.org\/10.15804\/athena.2021.71.06\">DOI:10.15804\/athena.2021.71.06<\/a><\/li>\n<li>Katarzyna Anna Juszczyk-Frelkiewicz, Montserrat Sim\u00f3-Solsona, The end of \u201cTill death do us part\u201d? : determinants for living in a cohabitation union in Spain and Poland, New Educational Review 2021 tom 65, s. 239-250. <a href=\"http:\/\/dx.doi.org\/10.15804\/tner.2021.65.3.19\">DOI:10.15804\/tner.2021.65.3.19<\/a><\/li>\n<li>Katarzyna Anna Juszczyk-Frelkiewicz, Grzegorz Andrzej Libor (red.), Contemporary family &#8211; comparative perspective, Katowice 2017.<\/li>\n<li>Wojciech \u015awi\u0105tkiewicz, Andrzej G\u00f3rny, Katarzyna Anna Juszczyk-Frelkiewicz, Religiousness and lifestyles : a sociological study of slovak families, Katowice 2017.<\/li>\n<li>Andrzej G\u00f3rny, Katarzyna Anna Juszczyk-Frelkiewicz, Grzegorz Andrzej Libor, Agata Ewa Zygmunt, Rodzina niejedno ma oblicze &#8211; refleksja o wsp\u00f3\u0142czesnej rodzinie, Katowice 2017.<\/li>\n<li>Katarzyna Anna Juszczyk-Frelkiewicz, Kohabitacja w Polsce i na S\u0142owacji : studium socjologiczne w \u015brodowiskach studenckich, Katowice 2014.<\/li>\n<\/ul>\n<p>&nbsp;<\/p>\n<p>Pe\u0142ny zestaw publikacji dost\u0119pny w tym miejscu: <a href=\"https:\/\/ab.us.edu.pl\/emp?id=10092&amp;view=P\">Publikacje<\/a><\/p>\n<p><strong>\u00a0<\/strong><\/p>\n<p><strong>DODATKOWE INFORMACJE<\/strong><\/p>\n<ul>\n<li>Profesor Uniwersytetu \u015al\u0105skiego w Instytucie Socjologii Wydzia\u0142u Nauk Spo\u0142ecznych.<\/li>\n<li>Absolwentka Gda\u0144skiej Fundacji Kszta\u0142cenia Mened\u017cer\u00f3w (2019).<\/li>\n<li>Od 2018 roku kierownik studi\u00f3w podyplomowych LIDER \u2013 kreowanie przyw\u00f3dztwa i rozwoju zawodowego.<\/li>\n<li>Od 2023 roku kierownik studi\u00f3w podyplomowych Zarz\u0105dzanie Mark\u0105 \u2013 Zarz\u0105dzanie Mark\u0105 Pracodawcy \u2013 Zarz\u0105dzanie Mark\u0105 Osobist\u0105.<\/li>\n<li>Od 2023 roku kierownik studi\u00f3w podyplomowych Odnawialne \u017ar\u00f3d\u0142a Energii prowadzonych w Uniwersytecie \u015al\u0105skim w Katowicach.<\/li>\n<li>W 2023 roku odby\u0142a sta\u017c naukowy w Uniwersytecie w Barcelonie.<\/li>\n<li>W 2022 roku zrealizowa\u0142a wyjazd konsultacyjno-badawczy do Korei Po\u0142udniowej w ramach konkursu \u201eSwoboda bada\u0144\u201d.<\/li>\n<li>W 2022 roku odby\u0142a sta\u017c dydaktyczny w Uniwersytecie w Barcelonie.<\/li>\n<li>W 2018 roku odby\u0142a pobyt naukowy w HANKUK University of Foreign Studies, podczas kt\u00f3rego przeprowadzi\u0142a badania empiryczne w\u015br\u00f3d student\u00f3w dotycz\u0105ce ma\u0142\u017ce\u0144stwa i rodziny, a tak\u017ce uczestniczy\u0142a w spotkaniach naukowo-badawczych. W tym samym roku uczestniczy\u0142a r\u00f3wnie\u017c w spotkaniu naukowym w Dongduk Women\u2019s University w Seulu.<\/li>\n<\/ul>\n<p><strong>ADRESY INTERNETOWE W SIECI<\/strong><\/p>\n<p><a href=\"https:\/\/orcid.org\/0000-0003-4908-2556\">https:\/\/orcid.org\/0000-0003-4908-2556<\/a><\/p>\n<p><a href=\"https:\/\/www.researchgate.net\/profile\/Katarzyna_Juszczyk-Frelkiewicz\">https:\/\/www.researchgate.net\/profile\/Katarzyna_Juszczyk-Frelkiewicz<\/a><\/p>\n<p><a href=\"https:\/\/scholar.google.com\/citations?hl=en&amp;user=WiGaHbAAAAAJ\">https:\/\/scholar.google.com\/citations?hl=en&amp;user=WiGaHbAAAAAJ<\/a><\/p>\n<p>&nbsp;<\/p>\n<p>&nbsp;<\/p>\n<p>&nbsp;<\/p>\n<div class=\"mt-3\"><\/div>\r\n                            <\/div>\r\n                            \r\n                            <div class=\"text-modules__img\"><img src=\"https:\/\/us.edu.pl\/instytut\/is\/wp-content\/uploads\/sites\/34\/Bez-kategorii\/DSC02101-Edit-200x300.jpg\" alt=\"img\"><\/div>\r\n                        <\/div>\r\n                    <\/div>\r\n                <\/div>[\/vc_column][\/vc_row][vc_row][vc_column][vc_column_text][\/vc_column_text][\/vc_column][\/vc_row][vc_row][vc_column][vc_column_text][\/vc_column_text][\/vc_column][\/vc_row]<\/p>","protected":false},"excerpt":{"rendered":"<p>[vc_row][vc_column][\/vc_column][\/vc_row][vc_row][vc_column][vc_column_text][\/vc_column_text][\/vc_column][\/vc_row][vc_row][vc_column][vc_column_text][\/vc_column_text][\/vc_column][\/vc_row] [&#8230;]<\/p>\n<p><a class=\"btn btn-secondary understrap-read-more-link\" href=\"https:\/\/us.edu.pl\/instytut\/is\/juszczyk-frelkiewicz-katarzyna\/\">Read More&#8230;<\/a><\/p>\n","protected":false},"author":191,"featured_media":0,"parent":0,"menu_order":0,"comment_status":"closed","ping_status":"closed","template":"","meta":{"_expiration-date-status":"","_expiration-date":0,"_expiration-date-type":"","_expiration-date-categories":[],"_expiration-date-options":[]},"acf":[],"_links":{"self":[{"href":"https:\/\/us.edu.pl\/instytut\/is\/wp-json\/wp\/v2\/pages\/430"}],"collection":[{"href":"https:\/\/us.edu.pl\/instytut\/is\/wp-json\/wp\/v2\/pages"}],"about":[{"href":"https:\/\/us.edu.pl\/instytut\/is\/wp-json\/wp\/v2\/types\/page"}],"author":[{"embeddable":true,"href":"https:\/\/us.edu.pl\/instytut\/is\/wp-json\/wp\/v2\/users\/191"}],"replies":[{"embeddable":true,"href":"https:\/\/us.edu.pl\/instytut\/is\/wp-json\/wp\/v2\/comments?post=430"}],"version-history":[{"count":8,"href":"https:\/\/us.edu.pl\/instytut\/is\/wp-json\/wp\/v2\/pages\/430\/revisions"}],"predecessor-version":[{"id":2620,"href":"https:\/\/us.edu.pl\/instytut\/is\/wp-json\/wp\/v2\/pages\/430\/revisions\/2620"}],"wp:attachment":[{"href":"https:\/\/us.edu.pl\/instytut\/is\/wp-json\/wp\/v2\/media?parent=430"}],"curies":[{"name":"wp","href":"https:\/\/api.w.org\/{rel}","templated":true}]}}