{"id":433,"date":"2020-02-03T13:22:50","date_gmt":"2020-02-03T12:22:50","guid":{"rendered":"http:\/\/us.edu.pl\/instytut\/is\/?page_id=433"},"modified":"2024-07-15T09:22:25","modified_gmt":"2024-07-15T07:22:25","slug":"kaminska-berezowska-slawomira","status":"publish","type":"page","link":"https:\/\/us.edu.pl\/instytut\/is\/kaminska-berezowska-slawomira\/","title":{"rendered":"Kami\u0144ska-Berezowska S\u0142awomira"},"content":{"rendered":"<p>[vc_row][vc_column]\r\n                <div class=\"text-modules reverse\">\r\n                    <div class=\"container\">\r\n                        <h3 class=\"section-title section-title_border-bottom\">dr hab. S\u0142awomira Kami\u0144ska-Berezowska<\/h3> <h3 class=\"subtitle text-modules__subtitle\">slawomira.kaminska-berezowska@us.edu.pl<\/h3>\r\n                        <div class=\"row m-0\">\r\n                            <div class=\"text-modules__content\">\r\n                                <strong>ZAINTERESOWANIA NAUKOWE<\/strong><\/p>\n<p>socjologia organizacji i zarz\u0105dzania, socjologia pracy i stosunki pracy, Gender studies, socjologia edukacji, zarz\u0105dzanie zasobami ludzkimi<\/p>\n<p><strong>WYBRANE PUBLIKACJE<\/strong><\/p>\n<p><strong>Ksi\u0105\u017cki: <\/strong><\/p>\n<ul>\n<li>Kami\u0144ska-Berezowska, S. (2013).\u00a0<em>Kobiety w wybranych segmentach polskiego ruchu zwi\u0105zkowego a r\u00f3wno\u015b\u0107 p\u0142ci: studium z zastosowaniem teorii Pierre\u2019a Bourdieu<\/em>. Katowice: Wydawnictwo Uniwersytetu \u015al\u0105skiego.<\/li>\n<li>Kami\u0144ska-Berezowska, S. red.. (2020)\u00a0<em>Kobiety &#8211; praca &#8211; podmiotowo\u015b\u0107: refleksje socjologiczne<\/em>, 2020. Katowice: Wydawnictwo Uniwersytetu \u015al\u0105skiego.<\/li>\n<li>Czeranowska, O., Kami\u0144ska-Berezowska, S., &amp; Mika, B. (2022).\u00a0<em>Nestorki i nestorzy polskiej socjologii pracy: wybrane problemy<\/em>. Katowice: Wydawnictwo Uniwersytetu \u015al\u0105skiego. <a href=\"https:\/\/doi.org\/10.31261\/PN.4114\">https:\/\/doi.org\/10.31261\/PN.4114<\/a> .<\/li>\n<\/ul>\n<p><strong>Artyku\u0142y:<\/strong><\/p>\n<ul>\n<li>Kami\u0144ska-Berezowska, S. (2021). \u201eBezpiecze\u0144stwo pracy zdalnej w o\u015bwiacie w dobie pierwszej fali COVID-19 a konflikt r\u00f3l zawodowych i rodzinnych &#8211; refleksje z bada\u0144\u201d [w:]\u00a0<em>Wychowanie w rodzinie<\/em>,\u00a0<em>1<\/em>, 91\u2013106. <a href=\"https:\/\/doi.org\/10.34616\/wwr.2021.1.091.106\">https:\/\/doi.org\/10.34616\/wwr.2021.1.091.106<\/a> .<\/li>\n<li>Kami\u0144ska-Berezowska, S., &amp; Cekiera, R. (2023). \u201eSytuacja pracownicza migrant\u00f3w zarobkowych z Ukrainy w opinii przedstawicieli Mi\u0119dzyzak\u0142adowego Zwi\u0105zku Zawodowego Pracownik\u00f3w Ukrai\u0144skich w Polsce\u201d [w:]\u00a0<em>Kultura i Spo\u0142ecze\u0144stwo<\/em>, 163\u2013178. <a href=\"https:\/\/doi.org\/10.35757\/KiS.2023.67.3.7\">https:\/\/doi.org\/10.35757\/KiS.2023.67.3.7<\/a> .<\/li>\n<li>Kami\u0144ska-Berezowska, S., &amp; Suchacka, M. K. (2022). \u201dSafety and Work Organization Management in the Early Days of the COVID-19 Pandemic in the Lignite Mining and Energy Sector in Poland\u201d [w:]\u00a0\u00a0<em>Energies<\/em>,\u00a0<em>15<\/em>, 1\u201314. <a href=\"https:\/\/doi.org\/10.3390\/en15124239\">https:\/\/doi.org\/10.3390\/en15124239<\/a> .<\/li>\n<li>Kami\u0144ska-Berezowska, S. (2019). \u201dWork, age and gender in the era of liquid modernity\u201d [w:]\u00a0<em>Open eyes book. <\/em>[No.] 4\u00a0(s. 85\u2013103). Fundacja Gospodarki i Administracji Publicznej.<\/li>\n<li>Kami\u0144ska-Berezowska, S. (2020). \u201eKapita\u0142 kulturowy lider\u00f3w zwi\u0105zkowych w Polsce a ich \u015bwiadomo\u015b\u0107 ekonomiczna w zakresie praw i problem\u00f3w pracowniczych kobiet\u201d [w:]\u00a0\u00a0<em>Humanizacja Pracy<\/em>, 67\u201382.<\/li>\n<li>Kami\u0144ska-Berezowska, S. (2020). \u201eWiek dojrza\u0142y i staro\u015b\u0107 a problemy organizacji pracy w dobie postfordyzmu\u201d [w:]\u00a0 Trembaczowski (red.),\u00a0<em>Jako\u015b\u0107 pracy a stan wi\u0119zi spo\u0142ecznych: monografia po\u015bwi\u0119cona pami\u0119ci prof. W\u0142adys\u0142awa Jachera w dziesi\u0105t\u0105 rocznic\u0119 \u015bmierci<\/em>(s. 165\u2013180).<\/li>\n<li>Kami\u0144ska-Berezowska, S. (2020). \u201eWybrane problemy bada\u0144 jako\u015bciowych karier zawodowych kobiet w III RP\u201d [w:]\u00a0<em>G\u00f3rno\u015bl\u0105skie Studia Socjologiczne. Seria Nowa.<\/em>,\u00a0<em>11<\/em>, 162\u2013179. <a href=\"https:\/\/doi.org\/10.31261\/GSS_SN.2020.11.11\">https:\/\/doi.org\/10.31261\/GSS_SN.2020.11.11<\/a><\/li>\n<\/ul>\n<p>&nbsp;<\/p>\n<p>Pe\u0142ny zestaw publikacji dost\u0119pny w tym miejscu: <a href=\"https:\/\/ab.us.edu.pl\/emp?id=10472&amp;view=P\">Publikacje<\/a><\/p>\n<p><strong>\u00a0<\/strong><\/p>\n<p><strong>DODATKOWE INFORMACJE<\/strong><\/p>\n<ul>\n<li>Koordynacja naukowa projektu \u201ePracownicy z Ukrainy sytuacja prawna, potrzeby edukacyjne oraz r\u00f3\u017cnice kulturowe w kontek\u015bcie ich pracy w Polsce\u201d zrealizowanego w latach 2020-22 przez Rad\u0119 Og\u00f3lnopolskiego Porozumienia Zwi\u0105zk\u00f3w Zawodowych Wojew\u00f3dztwa \u0141\u00f3dzkiego w ramach projektu \u201eDialog oparty o wiedz\u0119\u201d, wsp\u00f3\u0142finansowanego ze \u015brodk\u00f3w Unii Europejskiej, w ramach Europejskiego Funduszu Spo\u0142ecznego, Priorytet II: Efektywne polityki publiczne dla rynku pracy, gospodarki i edukacji, Dzia\u0142anie 2.20: Wysokiej jako\u015bci dialog spo\u0142eczny w zakresie dostosowania system\u00f3w edukacji i szkolenia do potrzeb rynku pracy, nr POWR.02.20.00-00-0021\/19.<\/li>\n<li>Kierownik naukowy Interdyscyplinarnego Zespo\u0142u Badawczego prowadzonego przez IS U\u015a na WNS U\u015a w zakresie tematu: \u201eObrazy polskiej transformacji spo\u0142eczno-gospodarczej w oczach zagranicznych badaczy w kontek\u015bcie ich r\u00f3l spo\u0142ecznych i komunikacji mi\u0119dzykulturowej\u201d w okresie 2023-2024 (cz\u0142onkowie zespo\u0142u badawczego: dr Tomasz S\u0142upik, dr hab. Marek Rembierz prof. U\u015a).<\/li>\n<li>Sta\u017c dydaktyczny &#8211; Department of Sociology University of Ostrava w Ostrawie (Republika Czeska) w zakresie problem\u00f3w komunikacji mi\u0119dzykulturowej i organizacyjnej (w okresie 04. 2023 &#8211; 23. 04. 2023) w ramach projektu <em>\u201eOne University \u2013 Many Possibilities. Integrated Program\u201d<\/em> (Program Operacyjny Wiedza Edukacja Rozw\u00f3j, O\u015b priorytetowa: III. Szkolnictwo wy\u017csze dla gospodarki i rozwoju. Dzia\u0142anie: 3.5 Kompleksowe programy szk\u00f3\u0142 wy\u017cszych).<\/li>\n<li>Cz\u0142onkini Zarz\u0105du Sekcji Pracy PTS (od 2016 roku do nadal).<\/li>\n<li>Cz\u0142onkini Komisji Studi\u00f3w nad Przysz\u0142o\u015bci\u0105 G\u00f3rnego \u015al\u0105ska oddzia\u0142u PAN w Katowicach (od 2005 roku do nadal).<\/li>\n<\/ul>\n<p><strong>ADRESY INTERNETOWE W SIECI<\/strong><\/p>\n<p><a href=\"https:\/\/orcid.org\/0000-0002-0707-6185\">https:\/\/orcid.org\/0000-0002-0707-6185<\/a><\/p>\n<p><a href=\"https:\/\/pbn.nauka.gov.pl\/core\/#\/search\/S%C5%82awomira%20Kami%C5%84ska-Berezowska\/0\/10\">https:\/\/pbn.nauka.gov.pl\/core\/#\/search\/S%C5%82awomira%20Kami%C5%84ska-Berezowska\/0\/10<\/a><\/p>\n<p><a href=\"https:\/\/www.researchgate.net\/profile\/Slawomira-Kaminska-Berezowska\">https:\/\/www.researchgate.net\/profile\/Slawomira-Kaminska-Berezowska<\/a><\/p>\n<p>researchgate.com<\/p>\n<p>&nbsp;<\/p>\n<p>&nbsp;<\/p>\n<p>&nbsp;<\/p>\n<p>&nbsp;<\/p>\n<p>&nbsp;<\/p>\n<p>&nbsp;<\/p>\n<div class=\"mt-3\"><\/div>\r\n                            <\/div>\r\n                            \r\n                            <div class=\"text-modules__img\"><img src=\"https:\/\/us.edu.pl\/instytut\/is\/wp-content\/uploads\/sites\/34\/2021\/11\/Za\u0142\u0105cznik-bez-tytu\u0142u-00085-300x201.jpg\" alt=\"img\"><\/div>\r\n                        <\/div>\r\n                    <\/div>\r\n                <\/div>[\/vc_column][\/vc_row][vc_row][vc_column][vc_column_text][\/vc_column_text][\/vc_column][\/vc_row][vc_row][vc_column][vc_column_text][\/vc_column_text][\/vc_column][\/vc_row]<\/p>","protected":false},"excerpt":{"rendered":"<p>[vc_row][vc_column][\/vc_column][\/vc_row][vc_row][vc_column][vc_column_text][\/vc_column_text][\/vc_column][\/vc_row][vc_row][vc_column][vc_column_text][\/vc_column_text][\/vc_column][\/vc_row] [&#8230;]<\/p>\n<p><a class=\"btn btn-secondary understrap-read-more-link\" href=\"https:\/\/us.edu.pl\/instytut\/is\/kaminska-berezowska-slawomira\/\">Read More&#8230;<\/a><\/p>\n","protected":false},"author":191,"featured_media":0,"parent":0,"menu_order":0,"comment_status":"closed","ping_status":"closed","template":"","meta":{"_expiration-date-status":"","_expiration-date":0,"_expiration-date-type":"","_expiration-date-categories":[],"_expiration-date-options":[]},"acf":[],"_links":{"self":[{"href":"https:\/\/us.edu.pl\/instytut\/is\/wp-json\/wp\/v2\/pages\/433"}],"collection":[{"href":"https:\/\/us.edu.pl\/instytut\/is\/wp-json\/wp\/v2\/pages"}],"about":[{"href":"https:\/\/us.edu.pl\/instytut\/is\/wp-json\/wp\/v2\/types\/page"}],"author":[{"embeddable":true,"href":"https:\/\/us.edu.pl\/instytut\/is\/wp-json\/wp\/v2\/users\/191"}],"replies":[{"embeddable":true,"href":"https:\/\/us.edu.pl\/instytut\/is\/wp-json\/wp\/v2\/comments?post=433"}],"version-history":[{"count":8,"href":"https:\/\/us.edu.pl\/instytut\/is\/wp-json\/wp\/v2\/pages\/433\/revisions"}],"predecessor-version":[{"id":2628,"href":"https:\/\/us.edu.pl\/instytut\/is\/wp-json\/wp\/v2\/pages\/433\/revisions\/2628"}],"wp:attachment":[{"href":"https:\/\/us.edu.pl\/instytut\/is\/wp-json\/wp\/v2\/media?parent=433"}],"curies":[{"name":"wp","href":"https:\/\/api.w.org\/{rel}","templated":true}]}}