{"id":511,"date":"2020-02-17T20:06:04","date_gmt":"2020-02-17T19:06:04","guid":{"rendered":"http:\/\/us.edu.pl\/instytut\/is\/?page_id=511"},"modified":"2020-02-26T11:51:56","modified_gmt":"2020-02-26T10:51:56","slug":"socjokato","status":"publish","type":"page","link":"https:\/\/us.edu.pl\/instytut\/is\/wydarzenia\/socjokato\/","title":{"rendered":"Seminarium Socjo-Kato 25.02.2020"},"content":{"rendered":"<p>Szanowni Pa\u0144stwo,<br \/>\nw imieniu przewodnicz\u0105cego katowickiego oddzia\u0142u Polskiego Towarzystwa Socjologicznego prof. Adama Bartoszka, zapraszamy do wzi\u0119cia udzia\u0142u w spotkaniu socjolog\u00f3w, aktywist\u00f3w miejskich oraz pasjonat\u00f3w pracy socjalnej organizowanym w ramach cyklu seminari\u00f3w &#8222;Socjo-Kato&#8221;.<\/p>\n<p>We wtorek 25 lutego prelekcj\u0119 dotycz\u0105c\u0105 dzia\u0142alno\u015bci Punktu Aktywno\u015bci Lokalnej w Lipinach wyg\u0142osi Pani mgr Monika Szpoczek (wraz ze wsp\u00f3\u0142pracownikami z PAL).<br \/>\nSpotkanie odb\u0119dzie si\u0119 o godzinie 17.00 w dawnym Katowickim Centrum Kultury na Placu Sejmu \u015al\u0105skiego 2; II pi\u0119tro; sala 211.<\/p>\n<p>Serdecznie zapraszamy do wzi\u0119cia udzia\u0142u!<\/p>\n<p><img class=\"alignnone size-medium wp-image-514\" src=\"http:\/\/us.edu.pl\/instytut\/is\/wp-content\/uploads\/sites\/34\/Nieprzypisane\/SOCJOKATO_XXX_25-luty_2020-1-300x201.png\" alt=\"\" width=\"300\" height=\"201\" srcset=\"https:\/\/us.edu.pl\/instytut\/is\/wp-content\/uploads\/sites\/34\/Nieprzypisane\/SOCJOKATO_XXX_25-luty_2020-1-300x201.png 300w, https:\/\/us.edu.pl\/instytut\/is\/wp-content\/uploads\/sites\/34\/Nieprzypisane\/SOCJOKATO_XXX_25-luty_2020-1-768x516.png 768w, https:\/\/us.edu.pl\/instytut\/is\/wp-content\/uploads\/sites\/34\/Nieprzypisane\/SOCJOKATO_XXX_25-luty_2020-1-1024x688.png 1024w, https:\/\/us.edu.pl\/instytut\/is\/wp-content\/uploads\/sites\/34\/Nieprzypisane\/SOCJOKATO_XXX_25-luty_2020-1-575x386.png 575w, https:\/\/us.edu.pl\/instytut\/is\/wp-content\/uploads\/sites\/34\/Nieprzypisane\/SOCJOKATO_XXX_25-luty_2020-1.png 1160w\" sizes=\"(max-width: 300px) 100vw, 300px\" \/><\/p>","protected":false},"excerpt":{"rendered":"<p>Szanowni Pa\u0144stwo, w imieniu przewodnicz\u0105cego katowickiego oddzia\u0142u Polskiego Towarzystwa Socjologicznego prof. Adama Bartoszka, zapraszamy do wzi\u0119cia udzia\u0142u w spotkaniu socjolog\u00f3w, aktywist\u00f3w miejskich oraz pasjonat\u00f3w pracy socjalnej organizowanym w ramach cyklu seminari\u00f3w &#8222;Socjo-Kato&#8221;. We wtorek 25 lutego prelekcj\u0119 dotycz\u0105c\u0105 dzia\u0142alno\u015bci Punktu Aktywno\u015bci Lokalnej w Lipinach wyg\u0142osi Pani mgr Monika Szpoczek (wraz ze wsp\u00f3\u0142pracownikami z PAL). Spotkanie [&#8230;]<\/p>\n<p><a class=\"btn btn-secondary understrap-read-more-link\" href=\"https:\/\/us.edu.pl\/instytut\/is\/wydarzenia\/socjokato\/\">Read More&#8230;<\/a><\/p>\n","protected":false},"author":1302,"featured_media":0,"parent":152,"menu_order":0,"comment_status":"closed","ping_status":"closed","template":"page-templates\/inner-page.php","meta":{"_expiration-date-status":"saved","_expiration-date":0,"_expiration-date-type":"","_expiration-date-categories":[],"_expiration-date-options":[]},"acf":[],"_links":{"self":[{"href":"https:\/\/us.edu.pl\/instytut\/is\/wp-json\/wp\/v2\/pages\/511"}],"collection":[{"href":"https:\/\/us.edu.pl\/instytut\/is\/wp-json\/wp\/v2\/pages"}],"about":[{"href":"https:\/\/us.edu.pl\/instytut\/is\/wp-json\/wp\/v2\/types\/page"}],"author":[{"embeddable":true,"href":"https:\/\/us.edu.pl\/instytut\/is\/wp-json\/wp\/v2\/users\/1302"}],"replies":[{"embeddable":true,"href":"https:\/\/us.edu.pl\/instytut\/is\/wp-json\/wp\/v2\/comments?post=511"}],"version-history":[{"count":8,"href":"https:\/\/us.edu.pl\/instytut\/is\/wp-json\/wp\/v2\/pages\/511\/revisions"}],"predecessor-version":[{"id":527,"href":"https:\/\/us.edu.pl\/instytut\/is\/wp-json\/wp\/v2\/pages\/511\/revisions\/527"}],"up":[{"embeddable":true,"href":"https:\/\/us.edu.pl\/instytut\/is\/wp-json\/wp\/v2\/pages\/152"}],"wp:attachment":[{"href":"https:\/\/us.edu.pl\/instytut\/is\/wp-json\/wp\/v2\/media?parent=511"}],"curies":[{"name":"wp","href":"https:\/\/api.w.org\/{rel}","templated":true}]}}