{"id":602,"date":"2020-03-17T19:35:18","date_gmt":"2020-03-17T18:35:18","guid":{"rendered":"http:\/\/us.edu.pl\/instytut\/is\/?page_id=602"},"modified":"2024-07-15T09:26:34","modified_gmt":"2024-07-15T07:26:34","slug":"ewa-lesniak-berek","status":"publish","type":"page","link":"https:\/\/us.edu.pl\/instytut\/is\/ewa-lesniak-berek\/","title":{"rendered":"Ewa Le\u015bniak-Berek"},"content":{"rendered":"<p>[vc_row][vc_column]\r\n                <div class=\"text-modules reverse\">\r\n                    <div class=\"container\">\r\n                        <h3 class=\"section-title section-title_border-bottom\">dr Ewa Le\u015bniak-Berek, prof. U\u015a<\/h3> <h3 class=\"subtitle text-modules__subtitle\">ewa.lesniak-berek@us.edu.pl<\/h3>\r\n                        <div class=\"row m-0\">\r\n                            <div class=\"text-modules__content\">\r\n                                <strong>ZAINTERESOWANIA NAUKOWE<\/strong><\/p>\n<p>praca socjalna w cyklu \u017cycia, superwizja pracy socjalnej, metodyka pracy socjalnej z jednostk\u0105 i rodzin\u0105, podej\u015bcie skoncentrowane na rozwi\u0105zaniach w pracy socjalnej, projektowanie w pracy socjalnej, senioralna praca socjalna, edukacja senioralna, socjologia starzenia si\u0119 i staro\u015bci<\/p>\n<p><strong>WYBRANE PUBLIKACJE<\/strong><\/p>\n<p><strong>Wybrane artyku\u0142y:<\/strong><\/p>\n<ul>\n<li>Le\u015bniak-Berek, E. (2024). Efektywno\u015b\u0107 superwizji w aktywno\u015bci zawodowej pracownik\u00f3w jednostek organizacyjnych pomocy spo\u0142ecznej. W: M. \u0160ip (red.) <em>Profesionaliz\u00e1cia superv\u00edzie v pom\u00e1haj\u00facich profesi\u00e1ch 183-200). <\/em>Pre\u0161ov: Vydavatelstvo Pre\u0161ovskej univerzity v Pre\u0161ovie.<\/li>\n<li>Le\u015bniak-Berek, E., (2023). Podej\u015bcie skoncentrowane na rozwi\u0105zaniach w doskonaleniu warsztatu zawodowego pracownik\u00f3w socjalnych na poziomie akademickim. W: J. Mazur, K. Wojtanowicz, B. Sordyl-Janicka (red.) Praca socjalna w perspektywie polityki spo\u0142ecznej (s. 109-142). Krak\u00f3w: Uniwersytet Papieski Jana Paw\u0142a II w Krakowie.<\/li>\n<li>Le\u015bniak-Berek, E., Pawlas-Czy\u017c, S. (2021). Projekty socjalne w kszta\u0142towaniu profesjonalnych kompetencji &#8211; obszary innowacji w dzia\u0142aniach student\u00f3w kierunku praca socjalna prowadzonego na Wydziale Nauk Spo\u0142ecznych Uniwersytetu \u015al\u0105skiego w Katowicach. W: E. Kantowicz, M. Zmys\u0142owska (red.), Projektowanie w pracy socjalnej &#8211; badanie, kszta\u0142cenie, dzia\u0142anie (s. 117-130). Olsztyn: Uniwersytet Warmi\u0144sko-Mazurski.<\/li>\n<li>Le\u015bniak-Berek, E. (2020). Pomagaj\u0105c w zmianie \u2013 dialog motywuj\u0105cy w pracy socjalnej<em>. <\/em>W: K. Faliszek, S. Pawlas-Czy\u017c (red.), Socjologia bez granic: o naukowej to\u017csamo\u015bci dzia\u0142a\u0144 na rzecz cz\u0142owieka i jego \u015brodowiska (s. 333-355). Katowice: Wydawnictwo Uniwersytetu \u015al\u0105skiego.<\/li>\n<li>Le\u015bniak-Berek, E. (2019). Seniorzy jako adresaci dzia\u0142a\u0144 aktywizuj\u0105cych, podejmowanych przez m\u0142odzie\u017c &#8211; na przyk\u0142adzie projekt\u00f3w socjalnych realizowanych przez student\u00f3w Studium Pracy Socjalnej Uniwersytetu \u015al\u0105skiego<em>. <\/em>W: M.H. Herudzi\u0144ska (red.), Znane i nieznane oblicza staro\u015bci jako obszar wyzwa\u0144 dla spo\u0142ecze\u0144stw XXI wieku (II edycja) (s. 276-288), Warszawa: SGGW.<\/li>\n<li>Le\u015bniak-Berek, E. (2018). Projektowanie w pracy socjalnej na przyk\u0142adzie projekt\u00f3w socjalnych realizowanych w Studium Pracy Socjalnej Instytutu Socjologii Uniwersytetu \u015al\u0105skiego<em>. <\/em>Praca socjalna 2018, nr 33(6), s. 225-247. DOI 10.5604\/01.3001.0013.1722.<\/li>\n<li>Le\u015bniak-Berek, E. (2017). Mi\u0119dzy przywilejem a obowi\u0105zkiem \u2013 o roli superwizji w zawodzie pracownika socjalnego<em>. <\/em>W: B. Kromolicka, A. Jarz\u0119bi\u0144ska (red.), O (wyzwaniach) wsp\u00f3\u0142czesnej pracy socjalnej. Nowe problemy \u2013 zmiana \u2013 transgresja (s. 563-579). Szczecin: Wolumina.pl.<\/li>\n<li>Le\u015bniak-Berek, E. (2017). Aktywizacja i wspieranie pomy\u015blnego starzenia si\u0119 poprzez nowe sposoby dzia\u0142a\u0144 w ramach senioralnej pracy socjalnej. W: H. Herudzi\u0144ska (red.), Znane i nieznane oblicza staro\u015bci jako obszar wyzwa\u0144 dla spo\u0142ecze\u0144stw XXI wieku (s. 189-201), Warszawa: SGGW.<\/li>\n<li>Le\u015bniak-Berek, E. (2016). Edukacja do superwizji w procesie profesjonalizacji zawodu pracownika socjalnego. W: M. Kawi\u0144ska, E. Bojanowska, Praca socjalna wobec wyzwa\u0144 wsp\u00f3\u0142czesno\u015bci. T. 2 (s. 73-85). Warszawa: Kontrast<\/li>\n<li>Le\u015bniak-Berek, E. (2016). Superwizja z perspektywy jej uczestnik\u00f3w &#8211; o czynnikach warunkuj\u0105cych skuteczno\u015b\u0107 procesu superwizyjnego. W: Kawi\u0144ska, J. Kurtyka-Cha\u0142as, Praca socjalna jako dyscyplina naukowa? wsp\u00f3\u0142czesne wyzwania wobec kszta\u0142cenia i profesji. (s. 183-200), Warszawa: Wydawnictwo Naukowe Uniwersytetu Kardyna\u0142a Stefana Wyszy\u0144skiego<\/li>\n<\/ul>\n<p>&nbsp;<\/p>\n<p>Pe\u0142ny zestaw publikacji dost\u0119pny w tym miejscu: <a href=\"https:\/\/ab.us.edu.pl\/emp?id=15272&amp;view=P\">Publikacje<\/a><\/p>\n<p><strong>\u00a0<\/strong><\/p>\n<p><strong>DODATKOWE INFORMACJE<\/strong><\/p>\n<p><strong>Funkcje kierownicze<\/strong><\/p>\n<ul>\n<li>2022-2024 \u2013 Zast\u0119pczyni Dyrektora Kierunk\u00f3w polityki miejskie i doradztwo publiczne, praca socjalna, socjologia, zarz\u0105dzanie zasobami ludzkimi, zarz\u0105dzanie zasobami ludzkimi w organizacji<\/li>\n<li>2019-2022 \u2013 Zast\u0119pczyni Dyrektora Kierunk\u00f3w polityki miejskie i doradztwo publiczne, praca socjalna, socjologia<\/li>\n<li>2012-2016 \u2013 Zast\u0119pczyni Dyrektora ds. Dydaktycznych Instytutu Socjologii<\/li>\n<li>2006-2012 \u2013 Zast\u0119pczyni Dyrektora Instytutu Socjologii<\/li>\n<\/ul>\n<p><strong>Funkcje i aktywno\u015bci powierzone przez W\u0142adze Uczelni<\/strong><\/p>\n<ul>\n<li>2023 \u2013 Przewodnicz\u0105ca Komisji ds. Oceny Okresowej w grupie pracownik\u00f3w dydaktycznych<\/li>\n<li>2024-2027 \u2013 Cz\u0142onkini Komisji ds. Oceny Okresowej w grupie pracownik\u00f3w dydaktycznych<\/li>\n<\/ul>\n<p><strong>Funkcje i aktywno\u015bci powierzone przez W\u0142adze Jednostki<\/strong><\/p>\n<ul>\n<li>2023-2024 \u2013 Przewodnicz\u0105ca Komisji Nostryfikacyjnej dla kierunku praca socjalna<\/li>\n<li>2020-2024 \u2013 Cz\u0142onkini Rady Dydaktycznej Kierunk\u00f3w<\/li>\n<li>2020-2024 \u2013 Cz\u0142onkini Wydzia\u0142owej Komisji ds. kszta\u0142cenia i student\u00f3w<\/li>\n<li>Od 2016 do nadal \u2013 Przewodnicz\u0105ca Rady Programowej Kierunku Praca Socjalna<\/li>\n<\/ul>\n<p><strong>Realizowane projekty <\/strong><\/p>\n<ul>\n<li>2020-2023 \u2013 PROSPER: PROmoting Social entrePreneurship in higher Education for a prospeRous society<\/li>\n<li>2019-2023: W poszukiwaniu innowacji w rozwi\u0105zywaniu problem\u00f3w spo\u0142ecznych<\/li>\n<\/ul>\n<p><strong>Cz\u0142onkostwo w organizacjach<\/strong><\/p>\n<ul>\n<li>Cz\u0142onkini Polskiego Stowarzyszenia Szk\u00f3\u0142 Pracy socjalnej<\/li>\n<li>Cz\u0142onkini Polskiego Towarzystwa Superwizji Pracy Socjalnej<\/li>\n<\/ul>\n<p><strong>ADRESY INTERNETOWE W SIECI<\/strong><\/p>\n<p><a href=\"https:\/\/orcid.org\/0000-0001-5951-9286\">https:\/\/orcid.org\/0000-0001-5951-9286<\/a><\/p>\n<p><a href=\"https:\/\/www.researchgate.net\/profile\/Ewa-Lesniak-Berek\">https:\/\/www.researchgate.net\/profile\/Ewa-Lesniak-Berek<\/a><\/p>\n<p><a href=\"https:\/\/silesian.academia.edu\/EwaLe%C5%9BniakBerek\">https:\/\/silesian.academia.edu\/EwaLe%C5%9BniakBerek<\/a><\/p>\n<p>&nbsp;<\/p>\n<p>&nbsp;<\/p>\n<p>&nbsp;<\/p>\n<p>&nbsp;<\/p>\n<div class=\"mt-3\"><\/div>\r\n                            <\/div>\r\n                            \r\n                            <div class=\"text-modules__img\"><img src=\"https:\/\/us.edu.pl\/instytut\/is\/wp-content\/uploads\/sites\/34\/Nieprzypisane\/Ewa-Le\u015bniak-Berek_DSC_4102-240x300.jpg\" alt=\"img\"><\/div>\r\n                        <\/div>\r\n                    <\/div>\r\n                <\/div>[\/vc_column][\/vc_row][vc_row][vc_column][vc_column_text][\/vc_column_text][\/vc_column][\/vc_row][vc_row][vc_column][vc_column_text][\/vc_column_text][\/vc_column][\/vc_row]<\/p>","protected":false},"excerpt":{"rendered":"<p>[vc_row][vc_column][\/vc_column][\/vc_row][vc_row][vc_column][vc_column_text][\/vc_column_text][\/vc_column][\/vc_row][vc_row][vc_column][vc_column_text][\/vc_column_text][\/vc_column][\/vc_row] [&#8230;]<\/p>\n<p><a class=\"btn btn-secondary understrap-read-more-link\" href=\"https:\/\/us.edu.pl\/instytut\/is\/ewa-lesniak-berek\/\">Read More&#8230;<\/a><\/p>\n","protected":false},"author":191,"featured_media":0,"parent":0,"menu_order":0,"comment_status":"closed","ping_status":"closed","template":"","meta":{"_expiration-date-status":"","_expiration-date":0,"_expiration-date-type":"","_expiration-date-categories":[],"_expiration-date-options":[]},"acf":[],"_links":{"self":[{"href":"https:\/\/us.edu.pl\/instytut\/is\/wp-json\/wp\/v2\/pages\/602"}],"collection":[{"href":"https:\/\/us.edu.pl\/instytut\/is\/wp-json\/wp\/v2\/pages"}],"about":[{"href":"https:\/\/us.edu.pl\/instytut\/is\/wp-json\/wp\/v2\/types\/page"}],"author":[{"embeddable":true,"href":"https:\/\/us.edu.pl\/instytut\/is\/wp-json\/wp\/v2\/users\/191"}],"replies":[{"embeddable":true,"href":"https:\/\/us.edu.pl\/instytut\/is\/wp-json\/wp\/v2\/comments?post=602"}],"version-history":[{"count":5,"href":"https:\/\/us.edu.pl\/instytut\/is\/wp-json\/wp\/v2\/pages\/602\/revisions"}],"predecessor-version":[{"id":2631,"href":"https:\/\/us.edu.pl\/instytut\/is\/wp-json\/wp\/v2\/pages\/602\/revisions\/2631"}],"wp:attachment":[{"href":"https:\/\/us.edu.pl\/instytut\/is\/wp-json\/wp\/v2\/media?parent=602"}],"curies":[{"name":"wp","href":"https:\/\/api.w.org\/{rel}","templated":true}]}}