{"id":604,"date":"2020-03-17T19:38:18","date_gmt":"2020-03-17T18:38:18","guid":{"rendered":"http:\/\/us.edu.pl\/instytut\/is\/?page_id=604"},"modified":"2024-07-15T09:27:20","modified_gmt":"2024-07-15T07:27:20","slug":"barbara-lewicka","status":"publish","type":"page","link":"https:\/\/us.edu.pl\/instytut\/is\/barbara-lewicka\/","title":{"rendered":"Barbara Lewicka"},"content":{"rendered":"<p>[vc_row][vc_column]\r\n                <div class=\"text-modules reverse\">\r\n                    <div class=\"container\">\r\n                        <h3 class=\"section-title section-title_border-bottom\">dr Barbara Lewicka<\/h3> <h3 class=\"subtitle text-modules__subtitle\">barbara.lewicka@us.edu.pl<\/h3>\r\n                        <div class=\"row m-0\">\r\n                            <div class=\"text-modules__content\">\r\n                                <strong>ZAINTERESOWANIA NAUKOWE<\/strong><\/p>\n<p>socjologia sztuki, socjologia kultury artystycznej, socjologia miasta<\/p>\n<p><strong>WYBRANE PUBLIKACJE<\/strong><\/p>\n<p><strong>Wybrane artyku\u0142y:<\/strong><\/p>\n<ul>\n<li>Barbara Lewicka, <em>\u201cThe Indiana Murals. A study of the work in sociological terms\u201d,<\/em> Kwartalnik Instytutu Historii Sztuki Uniwersytetu Wroc\u0142awskiego, 2022.<\/li>\n<li>Barbara Lewicka, <em>\u201eZr\u00f3\u017cnicowanie kulturowe a \u015bwiat artystyczny. Przypadek Nowego Jorku prze\u0142omu XIX i XX wieku\u201d, <\/em>Studia Socjologiczne, 2021.<\/li>\n<li>Barbara Lewicka, <em>\u201eMi\u0119dzy Akademi\u0105 a awangard\u0105. Studium ameryka\u0144skiego pola sztuki prze\u0142omu XIX i XX w<\/em>ieku\u201d, Przegl\u0105d Socjologiczny, 2021.<\/li>\n<li>Barbara Lewicka, Marek. S. Szczepa\u0144ski. <em>Obraz i spo\u0142ecze\u0144stwo. Spo\u0142eczne ramy kultury artystycznej, <\/em>Wydawnictwo Naukowe PWN SA, 2020.<\/li>\n<li>Barbara Lewicka, \u201e<em>&#8222;Nocni w\u0142\u00f3cz\u0119dzy&#8221;, czyli &#8222;Miejsko\u015b\u0107 jako styl \u017cycia&#8221;. Malarstwo Edwarda Hoppera a koncepcja Louisa Wirtha,<\/em> Kultura i Spo\u0142ecze\u0144stwo, 2018.<\/li>\n<li>Barbara Lewicka, <em>\u201cMona Lisa &#8211; ikona sztuki &#8211; ikona (pop)kultury. Problem dzie\u0142a sztuki wobec &#8222;zjawiska pe\u0142no\u015bci\u201d Jos\u00e9 Ortegi y Gasseta\u201d, <\/em>Pogranicze Studia Spo\u0142eczne, 2018.<\/li>\n<li>Barbara Lewicka. <em> Socjologiczne studium cmentarzy Katowic. <\/em>Wydawnictwo Uniwersytetu \u015al\u0105skiego, 2017<\/li>\n<\/ul>\n<p>&nbsp;<\/p>\n<p>Pe\u0142ny zestaw publikacji dost\u0119pny w tym miejscu: <a href=\"https:\/\/ab.us.edu.pl\/emp?id=39602&amp;view=P\">Publikacje<\/a><\/p>\n<p><strong>\u00a0<\/strong><\/p>\n<p><strong>DODATKOWE INFORMACJE<\/strong><\/p>\n<p><strong>Projekty badawcze:<\/strong><\/p>\n<ul>\n<li>2023 \u2013 realizacja projektu badawczego <em>Social Change \u2013 Painting Change at the Turn of 19<sup>th<\/sup> and 20<sup>th<\/sup> Century in the United States<\/em> w Department of Art History and Archeology, Columbia University in the City of New York, dzi\u0119ki stypendium The Kosciuszko Foundation (The Ko\u015bciuszko Foundation Fellow)<\/li>\n<li>2021 \u2013 kwerenda biblioteczna realizowana w ramach grantu Inicjatywa Doskona\u0142o\u015bci Naukowej (U\u015a) w Terra Foundation for American Art in Paris<\/li>\n<li>2019-2020 \u2013 realizacja projektu badawczego <em>American Symbolic Revolution. Painting and Society <\/em>w Department of Art History and Archeology, Columbia University in the City of New York, dzi\u0119ki stypendium Polsko-Ameryka\u0144skiej Komisji Fulbrighta (Senior Award Scholarship)<\/li>\n<\/ul>\n<p><strong>Udzia\u0142 w studiach podyplomowych i uzupe\u0142niaj\u0105cych<\/strong>:<\/p>\n<ul>\n<li>2023-2024: kurs historii sztuki The Barnes\u2013de Mazia Certificate Program w The Barnes Foundation, Philadelphia (w toku)<\/li>\n<li>2021-2022: Studia podyplomowe: Historia sztuki i kultura wizualna w Instytucie Sztuki Polskiej Akademii Nauk, Warszawa<\/li>\n<\/ul>\n<p><strong>ADRESY INTERNETOWE W SIECI<\/strong><\/p>\n<p><a href=\"https:\/\/orcid.org\/0000-0001-7692-5008\">https:\/\/orcid.org\/0000-0001-7692-5008<\/a><\/p>\n<p>&nbsp;<\/p>\n<p>&nbsp;<\/p>\n<p><strong>\u00a0<\/strong><\/p>\n<p>&nbsp;<\/p>\n<p>&nbsp;<\/p>\n<div class=\"mt-3\"><\/div>\r\n                            <\/div>\r\n                            \r\n                            <div class=\"text-modules__img\"><img src=\"https:\/\/us.edu.pl\/instytut\/is\/wp-content\/uploads\/sites\/34\/2021\/11\/B.-Lewicka-240x300.jpg\" alt=\"img\"><\/div>\r\n                        <\/div>\r\n                    <\/div>\r\n                <\/div>[\/vc_column][\/vc_row][vc_row][vc_column][vc_column_text][\/vc_column_text][\/vc_column][\/vc_row][vc_row][vc_column][vc_column_text][\/vc_column_text][\/vc_column][\/vc_row][vc_row][vc_column][vc_column_text]<\/p>","protected":false},"excerpt":{"rendered":"<p>[vc_row][vc_column][\/vc_column][\/vc_row][vc_row][vc_column][vc_column_text][\/vc_column_text][\/vc_column][\/vc_row][vc_row][vc_column][vc_column_text][\/vc_column_text][\/vc_column][\/vc_row][vc_row][vc_column][vc_column_text] [&#8230;]<\/p>\n<p><a class=\"btn btn-secondary understrap-read-more-link\" href=\"https:\/\/us.edu.pl\/instytut\/is\/barbara-lewicka\/\">Read More&#8230;<\/a><\/p>\n","protected":false},"author":191,"featured_media":0,"parent":0,"menu_order":0,"comment_status":"closed","ping_status":"closed","template":"","meta":{"_expiration-date-status":"","_expiration-date":0,"_expiration-date-type":"","_expiration-date-categories":[],"_expiration-date-options":[]},"acf":[],"_links":{"self":[{"href":"https:\/\/us.edu.pl\/instytut\/is\/wp-json\/wp\/v2\/pages\/604"}],"collection":[{"href":"https:\/\/us.edu.pl\/instytut\/is\/wp-json\/wp\/v2\/pages"}],"about":[{"href":"https:\/\/us.edu.pl\/instytut\/is\/wp-json\/wp\/v2\/types\/page"}],"author":[{"embeddable":true,"href":"https:\/\/us.edu.pl\/instytut\/is\/wp-json\/wp\/v2\/users\/191"}],"replies":[{"embeddable":true,"href":"https:\/\/us.edu.pl\/instytut\/is\/wp-json\/wp\/v2\/comments?post=604"}],"version-history":[{"count":6,"href":"https:\/\/us.edu.pl\/instytut\/is\/wp-json\/wp\/v2\/pages\/604\/revisions"}],"predecessor-version":[{"id":2632,"href":"https:\/\/us.edu.pl\/instytut\/is\/wp-json\/wp\/v2\/pages\/604\/revisions\/2632"}],"wp:attachment":[{"href":"https:\/\/us.edu.pl\/instytut\/is\/wp-json\/wp\/v2\/media?parent=604"}],"curies":[{"name":"wp","href":"https:\/\/api.w.org\/{rel}","templated":true}]}}