{"id":608,"date":"2020-03-17T19:43:35","date_gmt":"2020-03-17T18:43:35","guid":{"rendered":"http:\/\/us.edu.pl\/instytut\/is\/?page_id=608"},"modified":"2024-07-15T09:36:40","modified_gmt":"2024-07-15T07:36:40","slug":"krzysztof-lecki","status":"publish","type":"page","link":"https:\/\/us.edu.pl\/instytut\/is\/krzysztof-lecki\/","title":{"rendered":"Krzysztof \u0141\u0119cki"},"content":{"rendered":"<p>[vc_row][vc_column]\r\n                <div class=\"text-modules reverse\">\r\n                    <div class=\"container\">\r\n                        <h3 class=\"section-title section-title_border-bottom\">dr hab. Krzysztof \u0141\u0119cki, prof. U\u015a<\/h3> <h3 class=\"subtitle text-modules__subtitle\">krzysztof.lecki@us.edu.pl<\/h3>\r\n                        <div class=\"row m-0\">\r\n                            <div class=\"text-modules__content\">\r\n                                <strong>ZAINTERESOWANIA NAUKOWE<\/strong><\/p>\n<p>socjologia literatury, socjologia kultury, socjologia komunikacji spo\u0142ecznej<\/p>\n<p><strong>WYBRANE PUBLIKACJE<\/strong><\/p>\n<p><strong>Wybrane artyku\u0142y:<\/strong><\/p>\n<ul>\n<li>Aleksander Lipski, Krzysztof \u0141\u0119cki, Perspektywy socjologii kultury artystycznej,\u00a0 PWN Warszawa 1992<\/li>\n<li>Krzysztof \u0141\u0119cki, \u015aw. Gombrowicz. Zinstytucjonalizowane formy komunikowania o literaturze: socjologiczna analiza zjawiska, \u015al\u0105sk, Katowice 1997<\/li>\n<li>Krystyna Faliszek, Krzysztof \u0141\u0119cki, Kazimiera W\u00f3dz, G\u00f3rnicy. Zbiorowo\u015bci g\u00f3rnicze u progu zmian, \u015al\u0105sk Katowice 2001<\/li>\n<li>Krzysztof \u0141\u0119cki, <a href=\"https:\/\/opus.us.edu.pl\/info\/article\/USL759e9b7f00444295b1ed4e19f3c0b51b\/\">\u015al\u0105ski &#8222;Ruch&#8221; &#8211; ponowoczesne meandry regionalnej to\u017csamo\u015bci (na przyk\u0142adzie klubu pi\u0142karskiego i jego spo\u0142ecznego otoczenia)<\/a>, \u201eStudia Socjologiczne\u201d 4\/2009<\/li>\n<li>Krzysztof \u0141\u0119cki, <a href=\"https:\/\/opus.us.edu.pl\/info\/book\/USL84374d2b2ad54deeab9cbf7e7b15080f\/\">Inny zapis: &#8222;sekretny dziennik&#8221; pisarza jako przedmiot bada\u0144 socjologicznych (na przyk\u0142adzie &#8222;Dziennik\u00f3w&#8221; Stefana Kisielewskiego<\/a> Wydawnictwo Uniwersytetu \u015al\u0105skiego, Katowice 2012<\/li>\n<li>Krzysztof \u0141\u0119cki, Wed\u0142ug Tukidydesa. Rozwa\u017cania socjologa literatury nad \u201eWojn\u0105 peloponesk\u0105\u201d Wydawnictwo Uniwersytetu \u015al\u0105skiego, Katowice 2019<\/li>\n<li>Krzysztof \u0141\u0119cki, <a href=\"https:\/\/opus.us.edu.pl\/info\/article\/USLc0c151aa146845f9a712ce3b08ad4537\/\">Eksperyment Conrada (rozwa\u017cania socjologa wok\u00f3\u0142 powie\u015bci Josepha Conrada W oczach Zachodu)<\/a> [w:] Piotr Kulas, Krzysztof \u015awirek (red.) Kulas <a href=\"https:\/\/opus.us.edu.pl\/info\/book\/USL8e007e8134374cfe94c63217ef52e5c0?ps=20&amp;title=Publikacja%2B%25E2%2580%2593%2BMiejsca%2Bsporu%2Bksi%25C4%2599ga%2Bdedykowana%2Bprofesorowi%2BPaw%25C5%2582owi%2B%25C5%259Apiewakowi%2B%25E2%2580%2593%2BUniwersytet%2B%25C5%259Al%25C4%2585ski+title&amp;lang=pl&amp;pn=1\">Miejsca sporu ksi\u0119ga dedykowana profesorowi Paw\u0142owi \u015apiewakowi, Wydawnictwo Uniwersytetu Warszawskiego, Warszawa 2020<\/a><\/li>\n<li>Kazimiera W\u00f3dz, Monika Gnieciak, Krzysztof \u0141\u0119cki, EVERYDAY HARDSHIP. Patterns of resilience in the households living in poverty, \u015al\u0105sk, Katowice 2020<\/li>\n<li>Krzysztof \u0141\u0119cki, Stadiony \u015bwiata (pomi\u0119dzy Gemeinschaft i Gesellschaft) Wydawnictwo Uniwersytetu \u015al\u0105skiego, Katowice 2021<\/li>\n<li>Krzysztof \u0141\u0119cki, <a href=\"https:\/\/opus.us.edu.pl\/info\/article\/USLdeb03e441a9d4ca891c9d35512482172\/\">Scruton and Revolutions &#8211; between History and Farce. From Edmund Burke to Malcolm Bradbury<\/a> [w:] Piotr <a href=\"https:\/\/opus.us.edu.pl\/info\/book\/USL1856ed53b3a343728d3490b5189da4e7?ps=20&amp;title=Publikacja%2B%25E2%2580%2593%2BTradition%2Band%2BChange.%2BScruton%2527s%2BPhilosophy%2Band%2Bits%2BMeaning%2Bfor%2BContemporary%2BEurope%2B%25E2%2580%2593%2BUniwersytet%2B%25C5%259Al%25C4%2585ski+title&amp;lang=pl&amp;pn=1\">Wr\u00f3blewski, Tradition and Change. Scruton&#8217;s Philosophy and its Meaning for Contemporary Europe Warszawa, Wydawnictwo Naukowe Semper, <\/a>Warszawa 2022<\/li>\n<\/ul>\n<p>&nbsp;<\/p>\n<p>Pe\u0142ny zestaw publikacji dost\u0119pny w tym miejscu: <a href=\"https:\/\/ab.us.edu.pl\/emp?id=42711&amp;view=P\">Publikacje<\/a><\/p>\n<p><strong>\u00a0<\/strong><\/p>\n<p><strong>DODATKOWE INFORMACJE<\/strong><\/p>\n<ul>\n<li>Cz\u0142onek Rady Programowej Polskiego Radia Katowice 2008-2012 i 2016-2021<\/li>\n<li>Cz\u0142onek Rady Programowej Telewizji Katowice 2012-2016<\/li>\n<\/ul>\n<p><strong>ADRESY INTERNETOWE W SIECI<\/strong><\/p>\n<p><a href=\"https:\/\/orcid.org\/0000-0003-4676-0120%20\">https:\/\/orcid.org\/0000-0003-4676-0120 <\/a><\/p>\n<p>&nbsp;<\/p>\n<p>&nbsp;<\/p>\n<p>&nbsp;<\/p>\n<div class=\"mt-3\"><\/div>\r\n                            <\/div>\r\n                            \r\n                            <div class=\"text-modules__img\"><img src=\"https:\/\/us.edu.pl\/instytut\/is\/wp-content\/uploads\/sites\/34\/Bez-kategorii\/K.-Lecki-300x255.jpg\" alt=\"img\"><\/div>\r\n                        <\/div>\r\n                    <\/div>\r\n                <\/div>[\/vc_column][\/vc_row][vc_row][vc_column][vc_column_text][\/vc_column_text][\/vc_column][\/vc_row][vc_row][vc_column][vc_column_text][\/vc_column_text][\/vc_column][\/vc_row]<\/p>","protected":false},"excerpt":{"rendered":"<p>[vc_row][vc_column][\/vc_column][\/vc_row][vc_row][vc_column][vc_column_text][\/vc_column_text][\/vc_column][\/vc_row][vc_row][vc_column][vc_column_text][\/vc_column_text][\/vc_column][\/vc_row] [&#8230;]<\/p>\n<p><a class=\"btn btn-secondary understrap-read-more-link\" href=\"https:\/\/us.edu.pl\/instytut\/is\/krzysztof-lecki\/\">Read More&#8230;<\/a><\/p>\n","protected":false},"author":191,"featured_media":0,"parent":0,"menu_order":0,"comment_status":"closed","ping_status":"closed","template":"","meta":{"_expiration-date-status":"","_expiration-date":0,"_expiration-date-type":"","_expiration-date-categories":[],"_expiration-date-options":[]},"acf":[],"_links":{"self":[{"href":"https:\/\/us.edu.pl\/instytut\/is\/wp-json\/wp\/v2\/pages\/608"}],"collection":[{"href":"https:\/\/us.edu.pl\/instytut\/is\/wp-json\/wp\/v2\/pages"}],"about":[{"href":"https:\/\/us.edu.pl\/instytut\/is\/wp-json\/wp\/v2\/types\/page"}],"author":[{"embeddable":true,"href":"https:\/\/us.edu.pl\/instytut\/is\/wp-json\/wp\/v2\/users\/191"}],"replies":[{"embeddable":true,"href":"https:\/\/us.edu.pl\/instytut\/is\/wp-json\/wp\/v2\/comments?post=608"}],"version-history":[{"count":8,"href":"https:\/\/us.edu.pl\/instytut\/is\/wp-json\/wp\/v2\/pages\/608\/revisions"}],"predecessor-version":[{"id":2633,"href":"https:\/\/us.edu.pl\/instytut\/is\/wp-json\/wp\/v2\/pages\/608\/revisions\/2633"}],"wp:attachment":[{"href":"https:\/\/us.edu.pl\/instytut\/is\/wp-json\/wp\/v2\/media?parent=608"}],"curies":[{"name":"wp","href":"https:\/\/api.w.org\/{rel}","templated":true}]}}