{"id":610,"date":"2020-03-17T19:48:21","date_gmt":"2020-03-17T18:48:21","guid":{"rendered":"http:\/\/us.edu.pl\/instytut\/is\/?page_id=610"},"modified":"2024-07-15T09:37:09","modified_gmt":"2024-07-15T07:37:09","slug":"witold-mandrysz","status":"publish","type":"page","link":"https:\/\/us.edu.pl\/instytut\/is\/witold-mandrysz\/","title":{"rendered":"Witold Mandrysz"},"content":{"rendered":"<p>[vc_row][vc_column]\r\n                <div class=\"text-modules reverse\">\r\n                    <div class=\"container\">\r\n                        <h3 class=\"section-title section-title_border-bottom\">dr Witold Mandrysz<\/h3> <h3 class=\"subtitle text-modules__subtitle\">witold.mandrysz@us.edu.pl<\/h3>\r\n                        <div class=\"row m-0\">\r\n                            <div class=\"text-modules__content\">\r\n                                <strong>ZAINTERESOWANIA NAUKOWE<\/strong><\/p>\n<p>praca socjalna, ekonomia spo\u0142eczna, dialog obywatelski, partycypacja, kapita\u0142 spo\u0142eczny, organizowanie spo\u0142eczno\u015bci lokalnej, mniejszo\u015bci etniczne i kulturowe<\/p>\n<p><strong>WYBRANE PUBLIKACJE<\/strong><\/p>\n<p><strong>Wybrane artyku\u0142y:<\/strong><\/p>\n<ul>\n<li>Mandrysz, (2016) Mobilization of youth to cooperate in solving common problems and satisfying shared needs in practice of Local Community Organizing, participatory budgets and other community actions. w Sp\u00e9cificit\u00e9s 2016\/1 (n\u00b0 9), 51-61, (France)<\/li>\n<li>Mandrysz (2016) Social Economy in Poland \u2013Overview of the Development and Current Situation of Social Economy Entities [in] Fabian G.,Toldi A. The Changing Faces of Social Economy across Europe: A perspective from 7 countries. Debrecen University Press, ISBN 978-963-318-569-8<\/li>\n<li>Mandrysz, L. Evertssonem, M. Perlinskim (2017) \u201cChallenges of municipal community work\u201d [in] B. Blom, L. Evertsson M. Perlinski ( eds) Social and Caring\u00a0 Professions in European Welfare States. Policies, services and professional practices. Policy Press,\u00a0 University of Bristol, Bristol, ISBN 978-1-4473-2719-6<\/li>\n<li>Mandrysz W., W\u00f3dz K. (2019) Social economy entities and their eco-system in different European countries. Special Issue: Social and Solidarity Economy and Local Sustainable Development. REASER &#8211; Review of Applied Socio-Economic Research (Volume 18, Issue 2 \/ 2019), ISSN: 2247-6172; ISSN-L: 2247-6172<\/li>\n<li>Mandrysz W.,(2020) Community-Based Social Economy \u2013 Social Capital and Civic Participation in Social Entrepreneurship and Community Development, MDKE Management Dynamics in the Knowledge Economy, Volume 8: Issue 1, Online ISSN: 2392-8042<\/li>\n<li>Mandrysz, K. W\u00f3dz (2020) Social economy and household resilience [in] M. Boost, J. Dagg, J. Gray, M. Promberger Poverty, crisis and resilience. Edward Elgar Publishing Cheltenham UK, Northampton USA, ISBN 978 1 78897319 9 ss. \u2013 198-219;<\/li>\n<li>W\u00f3dz, W. Mandrysz, M. Klimek (2020) Spo\u0142eczno\u015b\u0107 lokalna jako \u017ar\u00f3d\u0142o rezyliencji. Z bada\u0144 w wojew\u00f3dztwie \u015bl\u0105skim. Wydawnictwo Naukowe \u015al\u0105sk, Katowice, ISBN 978-83-8183-063-8, ilo\u015b\u0107 stron -301;<\/li>\n<li>Botek, W. Mandrysz, L. Patyan, S. Pawlas-Czy\u017c (2023) Challenges of community-based care for chronically ill people and their families in Central and Eastern European countries The case of Slovakia, Hungary and Poland, Pedagogika Spo\u0142eczna, nr 2, s. 53-85, DOI: 10.35464\/1642-672X.PS.2023.2.04<\/li>\n<li>Mandrysz, L. Patyan. (2023) \u201eFoster Care in Hungary and Poland &#8211; Comparative Analysis\u201d. <em>Problemy Polityki Spo\u0142ecznej. Studia I Dyskusje<\/em>, t. 60, 1, 2023, pp. 5\u201329, <a href=\"https:\/\/doi.org\/10.31971\/pps\/166340\">https:\/\/doi.org\/10.31971\/pps\/166340<\/a>.<\/li>\n<li>Hermwille, M. Schulze-Steinen, V. Brandemann, M. Roelfes, Z. Vrontisi, E. Kesk\u00fcla, A. Anger-Kraavi,\u0141. Trembaczowski, W. Mandrysz, R. Muster, A. Zygmunt- Ziemianek (2023) Of hopeful narratives and historical injustices \u2013 An analysis of just transition narratives in European coal regions, Energy Research and Social Science, Elsevier Limited, vol. 104, , Number of article: 103263, pp. 1-20, DOI:10.1016\/j.erss.2023.103263<\/li>\n<\/ul>\n<p>&nbsp;<\/p>\n<p>Pe\u0142ny zestaw publikacji dost\u0119pny w tym miejscu: <a href=\"https:\/\/ab.us.edu.pl\/emp?id=16432&amp;view=P\">Publikacje<\/a><\/p>\n<p><strong>\u00a0<\/strong><\/p>\n<p><strong>DODATKOWE INFORMACJE<\/strong><\/p>\n<ul>\n<li>By\u0142 zaanga\u017cowany w szereg krajowych i mi\u0119dzynarodowych projekt\u00f3w badawczych w ramach zespo\u0142\u00f3w badawczych kierowanych przez prof. zw. dr hab. Kazimier\u0119 W\u00f3dz, w tym:<\/li>\n<li>2003 \u2013 2005 (CivGov) Organised Civil and European Governance, V Program Ramowy (UE);<\/li>\n<li>2004 \u2013 2005 \u201eCitizenship, Identity and Diversit in the EU\u201d, finansowanego przez James Madison Trust, UK;<\/li>\n<li>2008 \u2013 2011 Space, Place and Historical and contemporary articulations of regional, national and European identities through work and community in areas undergoing economic restructuring SPHERE, VII Program Ramowy (UE),<\/li>\n<li>2010-2017 (N- CORP) Network for Comparative Research on Professions &#8211; finansowanie w ramach grantu Banku Szwecji;<\/li>\n<li>2016 \u201cComparing the Experiences of People in their 50s and 60s of the Changes after the Fall of Communism.\u201d Finansowany w ramach Funduszu Wyszechradzkiego;<\/li>\n<li>2014-2017 \u201eRESCuE \u2013 Patterns of Resilience during Socioeconomic Crises among Households in Europe\u201d, VII Program Ramowy UE.<\/li>\n<li>Od 2005 do nadal reprezentuje Instytut Socjologii w mi\u0119dzynarodowym projekcie edukacyjnym <em>SOWOSEC &#8211; Master in Social Work and Social Economy &#8211; joint degree study programme<\/em>, w ramach kt\u00f3rego przygotowano i prowadzony jest wsp\u00f3lny program nauczania w zakresie studi\u00f3w II-go Stopnia Pracy Socjalnej i Ekonomii Spo\u0142ecznej.<\/li>\n<li>W latach 2022-2023 by\u0142 cz\u0142onek zespo\u0142u badawczego wykonuj\u0105cego na zlecenie WISE Europe badania terenowe w ramach mi\u0119dzynarodowego projektu badawczego <em>CINTRAN Carbon Intensive Regions in Transition &#8211; Unravelling the Challenges of Structural Change<\/em>.<\/li>\n<li>Od 2023 reprezentuje Uniwersytet \u015al\u0105ski w pi\u0119cioletnim projekcie <em>LINLOSS &#8211; Towards a Sociology of Loss: Disposals and dead-ends in Lineages of Social Innovation and Change<\/em> przyznanym przez European Reseach Council (w ramach ERC \u2013 advanced grants) profesor Jane Gray z Mynooth Uniwersity w Irlandii.<\/li>\n<li>Prowadzi sta\u0142\u0105 wsp\u00f3\u0142prac\u0119 dydaktyczn\u0105 \u2013 realizuj\u0105c regularnie zaj\u0119cia dydaktyczne z zakresu pracy socjalnej, ekonomii spo\u0142ecznej i organizowania spo\u0142eczno\u015bci lokalnej \u2013 z kilkoma uniwersytetami partnerskimi: FH-Campus Wien (Austria); University of Debrecen w Debreczynie (W\u0119gry); Ostravska Universita w Ostrawie (Czechy).<\/li>\n<\/ul>\n<p><strong>ADRESY INTERNETOWE W SIECI<\/strong><\/p>\n<p><a href=\"https:\/\/orcid.org\/my-orcid?orcid=0000-0003-0888-3808\">https:\/\/orcid.org\/my-orcid?orcid=0000-0003-0888-3808<\/a><\/p>\n<p>&nbsp;<\/p>\n<p>&nbsp;<\/p>\n<p>&nbsp;<\/p>\n<p>&nbsp;<\/p>\n<div class=\"mt-3\"><\/div>\r\n                            <\/div>\r\n                            \r\n                            <div class=\"text-modules__img\"><img src=\"https:\/\/us.edu.pl\/instytut\/is\/wp-content\/uploads\/sites\/34\/Bez-kategorii\/Bez-tytulu-2-200x300.jpg\" alt=\"img\"><\/div>\r\n                        <\/div>\r\n                    <\/div>\r\n                <\/div>[\/vc_column][\/vc_row][vc_row][vc_column][vc_column_text][\/vc_column_text][\/vc_column][\/vc_row][vc_row][vc_column][vc_column_text]<\/p>","protected":false},"excerpt":{"rendered":"<p>[vc_row][vc_column][\/vc_column][\/vc_row][vc_row][vc_column][vc_column_text][\/vc_column_text][\/vc_column][\/vc_row][vc_row][vc_column][vc_column_text] [&#8230;]<\/p>\n<p><a class=\"btn btn-secondary understrap-read-more-link\" href=\"https:\/\/us.edu.pl\/instytut\/is\/witold-mandrysz\/\">Read More&#8230;<\/a><\/p>\n","protected":false},"author":191,"featured_media":0,"parent":0,"menu_order":0,"comment_status":"closed","ping_status":"closed","template":"","meta":{"_expiration-date-status":"","_expiration-date":0,"_expiration-date-type":"","_expiration-date-categories":[],"_expiration-date-options":[]},"acf":[],"_links":{"self":[{"href":"https:\/\/us.edu.pl\/instytut\/is\/wp-json\/wp\/v2\/pages\/610"}],"collection":[{"href":"https:\/\/us.edu.pl\/instytut\/is\/wp-json\/wp\/v2\/pages"}],"about":[{"href":"https:\/\/us.edu.pl\/instytut\/is\/wp-json\/wp\/v2\/types\/page"}],"author":[{"embeddable":true,"href":"https:\/\/us.edu.pl\/instytut\/is\/wp-json\/wp\/v2\/users\/191"}],"replies":[{"embeddable":true,"href":"https:\/\/us.edu.pl\/instytut\/is\/wp-json\/wp\/v2\/comments?post=610"}],"version-history":[{"count":8,"href":"https:\/\/us.edu.pl\/instytut\/is\/wp-json\/wp\/v2\/pages\/610\/revisions"}],"predecessor-version":[{"id":2634,"href":"https:\/\/us.edu.pl\/instytut\/is\/wp-json\/wp\/v2\/pages\/610\/revisions\/2634"}],"wp:attachment":[{"href":"https:\/\/us.edu.pl\/instytut\/is\/wp-json\/wp\/v2\/media?parent=610"}],"curies":[{"name":"wp","href":"https:\/\/api.w.org\/{rel}","templated":true}]}}