{"id":612,"date":"2020-03-17T19:50:43","date_gmt":"2020-03-17T18:50:43","guid":{"rendered":"http:\/\/us.edu.pl\/instytut\/is\/?page_id=612"},"modified":"2025-11-04T11:52:22","modified_gmt":"2025-11-04T10:52:22","slug":"rafal-muster","status":"publish","type":"page","link":"https:\/\/us.edu.pl\/instytut\/is\/rafal-muster\/","title":{"rendered":"Rafa\u0142 Muster"},"content":{"rendered":"<p>[vc_row][vc_column]\r\n                <div class=\"text-modules reverse\">\r\n                    <div class=\"container\">\r\n                        <h3 class=\"section-title section-title_border-bottom\">dr hab. Rafa\u0142 Muster, prof. U\u015a<\/h3> <h3 class=\"subtitle text-modules__subtitle\">rafal.muster@us.edu.pl<\/h3>\r\n                        <div class=\"row m-0\">\r\n                            <div class=\"text-modules__content\">\r\n                                <strong>ZAINTERESOWANIA NAUKOWE<\/strong><\/p>\n<p>rynek pracy, bezrobocie, socjologia pracy, socjologia organizacji i zarz\u0105dzania, zarz\u0105dzanie zasobami ludzkimi<\/p>\n<p><strong>WYBRANE PUBLIKACJE<\/strong><\/p>\n<ul>\n<li>Czuba, M., &amp; Muster, R. (2024). Is the Young Precariat a Problem of Modern Democracy? A Case Study of Poland.\u00a0<em>Politics and Governance<\/em>,\u00a0<em>12<\/em>, 1\u201316. <a href=\"https:\/\/doi.org\/10.17645\/pag.7697\">https:\/\/doi.org\/10.17645\/pag.7697<\/a><\/li>\n<li>Leksy, K., Muster, R., &amp; W\u00f3jciak, M. (2023). Self-endangering Work Behaviour of Polish School Principals During the Coronavirus Pandemic. <em>Studia Socjologiczne<\/em>, 111\u2013130. <a href=\"https:\/\/doi.org\/10.24425\/sts.2023.146171\">https:\/\/doi.org\/10.24425\/sts.2023.146171<\/a><\/li>\n<li>Muster, R. (2022). <em>Bezrobotni z pokolenia Baby Boomers i pokolenia Z. R\u00f3\u017cnice generacyjne a gotowo\u015b\u0107 do funkcjonowania w realiach zmieniaj\u0105cego si\u0119 rynku pracy &#8211; na przyk\u0142adzie Rudy \u015al\u0105skiej<\/em>. Uniwersytet \u015al\u0105ski w Katowicach. <a href=\"https:\/\/doi.org\/10.31261\/PN.4055\">https:\/\/doi.org\/10.31261\/PN.4055<\/a><\/li>\n<li>Muster, R. (2022). Pandemia COVID-19 a zmiana modelu pracy. Polska na tle kraj\u00f3w Unii Europejskiej. <em>Acta Univesitatis Lodziensis Folia Sociologica<\/em>, 29\u201344. <a href=\"https:\/\/doi.org\/10.18778\/0208-600X.81.02\">https:\/\/doi.org\/10.18778\/0208-600X.81.02<\/a><\/li>\n<li>Muster, R. (2021). Employees\u2019 poverty : Poland in comparison to other EU countries. Problemy Polityki Spo\u0142ecznej. Studia I Dyskusje, 26\u201353. <a href=\"https:\/\/doi.org\/10.31971\/pps\/142005\">https:\/\/doi.org\/10.31971\/pps\/142005<\/a><\/li>\n<li>Suchacka, M. K., Muster, R., &amp; Wojewoda, M. (2021). Human and machine creativity : social and ethical aspects of the development of artificial intelligence. <em>Creativity Studies<\/em>, 14, 430\u2013443. <a href=\"https:\/\/doi.org\/10.3846\/cs.2021.14316\">https:\/\/doi.org\/10.3846\/cs.2021.14316<\/a><\/li>\n<li>Muster, R. (2020). Generationally Diversified Labor Groups in Contemporary Labor Market : A Chance or a Threat for Organizations? <em>Polish Political Science Yearbook<\/em>, 49, 170\u2013188. <a href=\"https:\/\/doi.org\/10.15804\/ppsy2020210\">https:\/\/doi.org\/10.15804\/ppsy2020210<\/a><\/li>\n<li>Muster, R. (2020). Zjawisko NEET na europejskim rynku pracy &#8211; zarys problemu. <em>G\u00f3rno\u015bl\u0105skie Studia Socjologiczne. Seria Nowa<\/em>., 11, 134\u2013148. https:\/\/doi.org\/10.31261\/GSS_SN.2020.11.09<\/li>\n<li>Muster, R. (2019). Projekt \u201ework for job &#8211; przez praktyk\u0119 do pracy\u201d jako pr\u00f3ba tworzenia modelu wspomagania tranzycji student\u00f3w socjologii na rynek pracy. <em>Polityka Spo\u0142eczna<\/em>, 30\u201336<\/li>\n<li>Muster, R. (2018). Dojazdy do pracy mieszka\u0144c\u00f3w G\u00f3rno\u015bl\u0105sko\u2011Zag\u0142\u0119biowskiej Metropolii : pr\u00f3ba analizy zjawiska. <em>G<\/em><em>\u00f3rno<\/em><em>\u015bl<\/em><em>\u0105skie Studia Socjologiczne. Seria Nowa<\/em>., 2, 81\u201399<\/li>\n<\/ul>\n<p>&nbsp;<\/p>\n<p>Pe\u0142ny zestaw publikacji dost\u0119pny w tym miejscu: <a href=\"https:\/\/ab.us.edu.pl\/emp?id=18512&amp;view=P\">Publikacje<\/a><\/p>\n<p><strong>\u00a0<\/strong><\/p>\n<p><strong>DODATKOWE INFORMACJE<\/strong><\/p>\n<p><strong>Pe\u0142nione funkcje (wybrane):<\/strong><\/p>\n<ul>\n<li>dyrektor Instytutu Socjologii, przewodnicz\u0105cy Rady Naukowej Instytutu Socjologii,<\/li>\n<li>cz\u0142onek Polskiego Towarzystwa Socjologicznego,<\/li>\n<li>w latach 2010-2018 sekretarz Komisji Studi\u00f3w nad Przysz\u0142o\u015bci\u0105 G\u00f3rnego \u015al\u0105ska PAN\/o Katowice,<\/li>\n<li>od 2008 roku cz\u0142onek Uczelnianej Komisji ds. Dyscyplinarnych ws Student\u00f3w (w latach 2016-2020; 2020-2024 wiceprzewodnicz\u0105cy Komisji),<\/li>\n<li>przewodnicz\u0105cy Komisji oceniaj\u0105cej do przeprowadzenia oceny okresowej pracownik\u00f3w akademickich (badawczo-dydaktycznych i badawczych) z obszaru nauk socjologicznych w latach 2024-2027,<\/li>\n<li>ekspert w Ministerstwie Klimatu (2020) \u2013 cz\u0142onek zespo\u0142u ds. sprawiedliwej transformacji, Grupa Ekspercka <em>Sprawiedliwa Transformacja<\/em> dzia\u0142aj\u0105ca w ramach Zespo\u0142u do spraw Rozwoju Przemys\u0142u Odnawialnych \u0179r\u00f3de\u0142 Energii i Korzy\u015bci dla Polskiej Gospodarki przy Ministrze Klimatu,<\/li>\n<li>ekspert w Ministerstwie Nauki i Szkolnictwa Wy\u017cszego (od 2022r.)<\/li>\n<li>cz\u0142onek grupy zewn\u0119trznych ekspert\u00f3w do spraw oceny wniosk\u00f3w o przyznanie stypendi\u00f3w ministra w\u0142a\u015bciwego do spraw szkolnictwa wy\u017cszego i nauki dla student\u00f3w i wybitnych m\u0142odych naukowc\u00f3w (II instancja, odwo\u0142awcza).<\/li>\n<\/ul>\n<p><strong>Wybrane projekty:<\/strong><\/p>\n<ul>\n<li>2018 koordynator merytoryczny projektu grantowego realizowanego<br \/>\nw Instytucie Socjologii Uniwersytetu \u015al\u0105skiego pt.: \u201eCzas na sta\u017c\u201d (projekt grantowy napisany w partnerstwie z PUP Tychy). Projekt grantowy otrzyma\u0142 jedn\u0105 z g\u0142\u00f3wnych nagr\u00f3d w ramach konkursu \u201eLider Aktywizacji Os\u00f3b M\u0142odych\u201d. Projekt by\u0142 wsp\u00f3\u0142finansowany ze \u015brodk\u00f3w Europejskiego Funduszu Spo\u0142ecznego &#8211; Program Operacyjny Wiedza Edukacja Rozw\u00f3j 2014-2020. Projekt uzyska\u0142 rekomendacj\u0119 do wdro\u017cenia i upowszechnienia w szko\u0142ach wy\u017cszych (Top Innowacja).<\/li>\n<li>2021-2023: udzia\u0142 w mi\u0119dzynarodowym projekcie dydaktycznym PROSPER (U\u015a jako lider konsorcjum), opracowanie modu\u0142u dydaktycznego dot. kszta\u0142cenia student\u00f3w z zakresu przedsi\u0119biorczo\u015bci spo\u0142ecznej (gamifikacja procesu kszta\u0142cenia).<\/li>\n<\/ul>\n<p><strong>ADRESY INTERNETOWE W SIECI<\/strong><\/p>\n<p><a href=\"https:\/\/orcid.org\/0000-0001-8255-7803\">https:\/\/orcid.org\/0000-0001-8255-7803<\/a><\/p>\n<p><a href=\"https:\/\/www.researchgate.net\/profile\/Rafal-Muster\">https:\/\/www.researchgate.net\/profile\/Rafal-Muster<\/a><\/p>\n<p><a href=\"https:\/\/scholar.google.com\/citations?user=N7fg8Y8AAAAJ&amp;hl=pl&amp;oi=ao\">https:\/\/scholar.google.com\/citations?user=N7fg8Y8AAAAJ&amp;hl=pl&amp;oi=ao<\/a><\/p>\n<p>&nbsp;<\/p>\n<div class=\"mt-3\"><\/div>\r\n                            <\/div>\r\n                            \r\n                            <div class=\"text-modules__img\"><img src=\"https:\/\/us.edu.pl\/instytut\/is\/wp-content\/uploads\/sites\/34\/Bez-kategorii\/R_Muster_zdjecie_2025-200x300.jpg\" alt=\"img\"><\/div>\r\n                        <\/div>\r\n                    <\/div>\r\n                <\/div>[\/vc_column][\/vc_row][vc_row][vc_column][vc_column_text][\/vc_column_text][\/vc_column][\/vc_row][vc_row][\/vc_row][vc_column][\/vc_column][vc_column_text]<\/p>\n<p>I am text block. Click edit button to change this text. Lorem ipsum dolor sit amet, consectetur adipiscing elit. Ut elit tellus, luctus nec ullamcorper mattis, pulvinar dapibus leo.<\/p>\n<p>[\/vc_column_text]<\/p>","protected":false},"excerpt":{"rendered":"<p>[vc_row][vc_column][\/vc_column][\/vc_row][vc_row][vc_column][vc_column_text][\/vc_column_text][\/vc_column][\/vc_row][vc_row][\/vc_row][vc_column][\/vc_column][vc_column_text] I am text block. Click edit button to change this text. Lorem ipsum dolor sit amet, consectetur adipiscing elit. Ut elit tellus, luctus nec ullamcorper mattis, pulvinar dapibus leo. [\/vc_column_text] [&#8230;]<\/p>\n<p><a class=\"btn btn-secondary understrap-read-more-link\" href=\"https:\/\/us.edu.pl\/instytut\/is\/rafal-muster\/\">Read More&#8230;<\/a><\/p>\n","protected":false},"author":191,"featured_media":0,"parent":0,"menu_order":0,"comment_status":"closed","ping_status":"closed","template":"","meta":{"_expiration-date-status":"","_expiration-date":0,"_expiration-date-type":"","_expiration-date-categories":[],"_expiration-date-options":[]},"acf":[],"_links":{"self":[{"href":"https:\/\/us.edu.pl\/instytut\/is\/wp-json\/wp\/v2\/pages\/612"}],"collection":[{"href":"https:\/\/us.edu.pl\/instytut\/is\/wp-json\/wp\/v2\/pages"}],"about":[{"href":"https:\/\/us.edu.pl\/instytut\/is\/wp-json\/wp\/v2\/types\/page"}],"author":[{"embeddable":true,"href":"https:\/\/us.edu.pl\/instytut\/is\/wp-json\/wp\/v2\/users\/191"}],"replies":[{"embeddable":true,"href":"https:\/\/us.edu.pl\/instytut\/is\/wp-json\/wp\/v2\/comments?post=612"}],"version-history":[{"count":10,"href":"https:\/\/us.edu.pl\/instytut\/is\/wp-json\/wp\/v2\/pages\/612\/revisions"}],"predecessor-version":[{"id":3134,"href":"https:\/\/us.edu.pl\/instytut\/is\/wp-json\/wp\/v2\/pages\/612\/revisions\/3134"}],"wp:attachment":[{"href":"https:\/\/us.edu.pl\/instytut\/is\/wp-json\/wp\/v2\/media?parent=612"}],"curies":[{"name":"wp","href":"https:\/\/api.w.org\/{rel}","templated":true}]}}