{"id":621,"date":"2020-03-17T20:06:05","date_gmt":"2020-03-17T19:06:05","guid":{"rendered":"http:\/\/us.edu.pl\/instytut\/is\/?page_id=621"},"modified":"2024-07-08T09:03:26","modified_gmt":"2024-07-08T07:03:26","slug":"sabina-pawlas","status":"publish","type":"page","link":"https:\/\/us.edu.pl\/instytut\/is\/sabina-pawlas\/","title":{"rendered":"Sabina Pawlas"},"content":{"rendered":"<p>[vc_row][vc_column][vc_column_text][\/vc_column_text][\/vc_column][\/vc_row][vc_row][vc_column][vc_column_text][\/vc_column_text][\/vc_column][\/vc_row][vc_row][vc_column][vc_column_text][\/vc_column_text][\/vc_column][\/vc_row][vc_row][vc_column][vc_column_text][\/vc_column_text][\/vc_column][\/vc_row][vc_row][vc_column][vc_column_text][\/vc_column_text][\/vc_column][\/vc_row][vc_row][vc_column][vc_column_text][\/vc_column_text][\/vc_column][\/vc_row][vc_row][vc_column]\r\n                <div class=\"text-modules reverse\">\r\n                    <div class=\"container\">\r\n                        <h3 class=\"section-title section-title_border-bottom\">dr hab. Sabina Pawlas, prof. U\u015a<\/h3> <h3 class=\"subtitle text-modules__subtitle\">sabina.pawlas@us.edu.pl<\/h3>\r\n                        <div class=\"row m-0\">\r\n                            <div class=\"text-modules__content\">\r\n                                <strong>ZAINTERESOWANIA NAUKOWE<\/strong><\/p>\n<p>Socjologia zdrowia i choroby<strong>, <\/strong>socjologia do\u015bwiadczania choroby przewlek\u0142ej<strong>, t<\/strong>eoria i metodologia pracy socjalnej<strong>, <\/strong>socjologia ma\u0142\u017ce\u0144stwa i rodziny<strong>, p<\/strong>sychologia ma\u0142\u017ce\u0144stwa i rodziny<\/p>\n<p><strong>WYBRANE PUBLIKACJE<\/strong><\/p>\n<ul>\n<li>Pawlas S., (2023). Mobilizacja potencja\u0142u zdrowia rodziny w obliczu choroby onkologicznej. Praca socjalna w praktyce bezpo\u015bredniej, Pedagogika spo\u0142eczna 2, 21-35, DOI: https:<a href=\"http:\/\/doi.org\/10.35464\/1642-672X.PS.2023.2.02\">org\/10.35464\/1642-672X.PS.2023.2.02<\/a><\/li>\n<li>Botek O., Mandrysz W., Patyan L., Pawlas S. (2023). Challenges of community-based care for chronically ill people and their families in Central and Eastern European countries. The case of Slovakia, Hungary and Poland. Pedagogika spo\u0142eczna 2, 53-85 . DOI: https:<a href=\"http:\/\/doi.org\/10.35464\/1642-672X.PS.2023.2.04\">org\/10.35464\/1642-672X.PS.2023.2.04<\/a><\/li>\n<li>Pawlas S., (2023). Praktyka wsparcia psychospo\u0142ecznego w sytuacji choroby onkologicznej\u2013 terapeutyczny potencja\u0142 pracy socjalnej. Praca Socjalna 4, 65-81.<\/li>\n<li>Pawlas S., Le\u015bniak-Berek E., 2021 Projekty socjalne w kszta\u0142towaniu profesjonalnych kompetencji-obszary innowacji w dzia\u0142aniach student\u00f3w kierunku praca socjalna prowadzonego na Wydziale nauk Spo\u0142ecznych Uniwersytetu \u015al\u0105skiego w Katowicach [w:] Projektowanie w pracy socjalnej- badanie, kszta\u0142cenie, dzia\u0142anie, Uniwersytet Warmi\u0144sko-Mazurski w Olsztynie<\/li>\n<li>Pawlas-Czy\u017c S., 2019, Praca socjalna na rzecz os\u00f3b starszych. Metoda case work we wsparciu senior\u00f3w choruj\u0105cych onkologicznie, Praca Socjalna 5, PL ISSN 0960-3480, s. 61-84<\/li>\n<li>Pawlas-Czy\u017c S. 2019, Opiekun nieformalny w procesie udzielania wsparcia w obliczu choroby onkologicznej w rodzinie [w:] B.Szluz (red.) Do\u015bwiadczanie choroby w rodzinie, Rzesz\u00f3w: Wydawnictwo Uniwersytetu Rzeszowskiego, ISBN 978-83-7996-651-6, s.105-118<\/li>\n<li>Pawlas-Czy\u017c S. 2019: Dzia\u0142ania interpersonalne w praktyce bezpo\u015bredniej na przyk\u0142adzie onkologicznej pracy socjalnej [w:] K.Frysztacki (red.) Praca socjalna. Trzydzie\u015bci wyk\u0142ad\u00f3w, Warszawa: PWN, 978-83-0120-849-3, s. 363-383<\/li>\n<li>Pawlas-Czy\u017c S., Evertsson L., Perlinski M. 2017, The professional development of social work in Poland after 1989, [w:] Blom B., Evertsson L., Perlinski M. (ed.), Social and caring professions in European Welfare States. Policies, services and professional practices, Bristol: Policy Press, ISBN 978-4473-2719-6, s. 147-160<\/li>\n<li>Pawlas-Czy\u017c Sabina 2008: Aktorzy \u017cycia politycznego w \u015bwietle opinii dziennikarzy. Jacy s\u0105, a jacy powinni by\u0107. Dziennikarze o politykach, Oficyna Wydawnicza Impuls, Krak\u00f3w<\/li>\n<li>Sabina Pawlas-Czy\u017c 2018: Spo\u0142eczna rzeczywisto\u015b\u0107 choroby nowotworowej w rodzinie. Profesjonalna praca socjalna w obszarze wsparcia opiekun\u00f3w nieformalnych os\u00f3b chorych onkologicznie. Przyczynek do refleksji nad onkologiczn\u0105 prac\u0105 socjaln\u0105, Wydawnictwo Edukacyjne Akapit, Toru\u0144<\/li>\n<\/ul>\n<p>&nbsp;<\/p>\n<p>Pe\u0142ny zestaw publikacji dost\u0119pny w tym miejscu: <a href=\"https:\/\/ab.us.edu.pl\/emp?id=20592&amp;view=P\">Publikacje<\/a><\/p>\n<p>&nbsp;<\/p>\n<p><strong>DODATKOWE INFORMACJE<\/strong><\/p>\n<ul>\n<li>Redaktorka serii wydawniczej Praca Socjalna Wydawnictwa Uniwersytetu \u015al\u0105skiego w Katowicach<\/li>\n<li>2019-2022 Cz\u0142onek Rady Nauki Instytutu Socjologii U\u015a<\/li>\n<li>2013-2018 Cz\u0142onek Kierunkowego Zespo\u0142u ds. zapewniania jako\u015bci kszta\u0142cenia<\/li>\n<li>2003-2010 Kierownik merytoryczny Specjalizacji II Stopnia w Zawodzie Pracownik Socjalny.Zgoda ministerialna obejmowa\u0142a realizacj\u0119 pi\u0119ciu modu\u0142\u00f3w specjalizacyjnych:<\/li>\n<li>2010-2017 \u2013 Wsp\u00f3\u0142praca naukowo-badawcza realizowana w ramach mi\u0119dzynarodowego projektu badawczego N-CORP \u2013 Network for Comparative Research on Professions, zrzeszaj\u0105cego jednostki naukowo-badawcze z siedmiu kraj\u00f3w europejskich: Szwecja, Dania, Norwegia, Islandia, Finlandia, Polska, Wielka Brytania. Badania por\u00f3wnawcze nad profesjami medycznymi i profesjami z zakresu s\u0142u\u017cb spo\u0142ecznych.<\/li>\n<li>2013: Badania problem\u00f3w spo\u0142ecznych na terenie \u015awi\u0119toch\u0142owic \u2013Lipiny. Raport: \u201eDiagnoza problem\u00f3w i potrzeb dzielnicy \u015awi\u0119toch\u0142owic-Lipiny\u201d. Opracowany na zlecenie O\u015brodka Pomocy Spo\u0142ecznej w \u015awi\u0119toch\u0142owicach \u2013 cz\u0142onek zespo\u0142u<\/li>\n<li>2016: Badania realizowane w ramach Projektu rewitalizacji spo\u0142ecznej gminy Wojkowice \u2013 cz\u0142onek zespo\u0142u<\/li>\n<li>2014 \u2013 2017: Mi\u0119dzynarodowy projekt badawczy RESCuE \u2013 \u201eWzorce odporno\u015bci i zaradno\u015bci gospodarstw domowych podczas kryzys\u00f3w spo\u0142eczno-ekonomicznych w Europie\u201d\u201eRESCuE \u2013 Patterns of Resilience during Socioeconomic Crises among Households in Europe\u201d, finansowanego w ramach VII Programu Ramowego UE. Kraje partnerskie: Finlandia, Grecja, Hiszpania, Irlandia, Niemcy (koordynator), Polska, Portugalia, Turcja, Wielka Brytania \u2013 cz\u0142onek zespo\u0142u<\/li>\n<li>2020-2023 \u2013 Badania w\u0142asne w ramach zespo\u0142u badania profesjonalnych form wsparcia rodzin z problemem choroby onkologicznej. Temat badawczy: Wsparcie rodziny w trajektorii choroby onkologicznej z perspektywy praktyk\u00f3w profesji pozamedycznych<\/li>\n<li>2024-2027 \u2013 badania w\u0142asne na temat: Spo\u0142ecze\u0144stwo remisji. Aktywno\u015b\u0107 narracyjna w do\u015bwiadczaniu choroby przewlek\u0142ej \u2013 autor i odbiorcy narracji. Kontekst socjokultrowy.<\/li>\n<\/ul>\n<p><strong>ADRESY INTERNETOWE W SIECI<\/strong><\/p>\n<p><a href=\"https:\/\/orcid.org\/0000-0002-0047-5378\">https:\/\/orcid.org\/0000-0002-0047-5378<\/a><\/p>\n<p><a href=\"https:\/\/www.researchgate.net\/profile\/Sabina-Pawlas\">https:\/\/www.researchgate.net\/profile\/Sabina-Pawlas<\/a><\/p>\n<p>&nbsp;<\/p>\n<p>&nbsp;<\/p>\n<p>&nbsp;<\/p>\n<p>&nbsp;<\/p>\n<div class=\"mt-3\"><\/div>\r\n                            <\/div>\r\n                            \r\n                            <div class=\"text-modules__img\"><img src=\"https:\/\/us.edu.pl\/instytut\/is\/wp-content\/uploads\/sites\/34\/Bez-kategorii\/wizytowka-Sabina-113x300.jpg\" alt=\"img\"><\/div>\r\n                        <\/div>\r\n                    <\/div>\r\n                <\/div>[\/vc_column][\/vc_row][vc_row][vc_column][vc_column_text][\/vc_column_text][\/vc_column][\/vc_row][vc_row][vc_column][vc_column_text][\/vc_column_text][\/vc_column][\/vc_row][vc_row][vc_column][vc_column_text]<\/p>","protected":false},"excerpt":{"rendered":"<p>[vc_row][vc_column][vc_column_text][\/vc_column_text][\/vc_column][\/vc_row][vc_row][vc_column][vc_column_text][\/vc_column_text][\/vc_column][\/vc_row][vc_row][vc_column][vc_column_text][\/vc_column_text][\/vc_column][\/vc_row][vc_row][vc_column][vc_column_text][\/vc_column_text][\/vc_column][\/vc_row][vc_row][vc_column][vc_column_text][\/vc_column_text][\/vc_column][\/vc_row][vc_row][vc_column][vc_column_text][\/vc_column_text][\/vc_column][\/vc_row][vc_row][vc_column][\/vc_column][\/vc_row][vc_row][vc_column][vc_column_text][\/vc_column_text][\/vc_column][\/vc_row][vc_row][vc_column][vc_column_text][\/vc_column_text][\/vc_column][\/vc_row][vc_row][vc_column][vc_column_text] [&#8230;]<\/p>\n<p><a class=\"btn btn-secondary understrap-read-more-link\" href=\"https:\/\/us.edu.pl\/instytut\/is\/sabina-pawlas\/\">Read More&#8230;<\/a><\/p>\n","protected":false},"author":191,"featured_media":0,"parent":0,"menu_order":0,"comment_status":"closed","ping_status":"closed","template":"","meta":{"_expiration-date-status":"","_expiration-date":0,"_expiration-date-type":"","_expiration-date-categories":[],"_expiration-date-options":[]},"acf":[],"_links":{"self":[{"href":"https:\/\/us.edu.pl\/instytut\/is\/wp-json\/wp\/v2\/pages\/621"}],"collection":[{"href":"https:\/\/us.edu.pl\/instytut\/is\/wp-json\/wp\/v2\/pages"}],"about":[{"href":"https:\/\/us.edu.pl\/instytut\/is\/wp-json\/wp\/v2\/types\/page"}],"author":[{"embeddable":true,"href":"https:\/\/us.edu.pl\/instytut\/is\/wp-json\/wp\/v2\/users\/191"}],"replies":[{"embeddable":true,"href":"https:\/\/us.edu.pl\/instytut\/is\/wp-json\/wp\/v2\/comments?post=621"}],"version-history":[{"count":10,"href":"https:\/\/us.edu.pl\/instytut\/is\/wp-json\/wp\/v2\/pages\/621\/revisions"}],"predecessor-version":[{"id":2570,"href":"https:\/\/us.edu.pl\/instytut\/is\/wp-json\/wp\/v2\/pages\/621\/revisions\/2570"}],"wp:attachment":[{"href":"https:\/\/us.edu.pl\/instytut\/is\/wp-json\/wp\/v2\/media?parent=621"}],"curies":[{"name":"wp","href":"https:\/\/api.w.org\/{rel}","templated":true}]}}