{"id":628,"date":"2020-03-17T20:14:22","date_gmt":"2020-03-17T19:14:22","guid":{"rendered":"http:\/\/us.edu.pl\/instytut\/is\/?page_id=628"},"modified":"2024-07-15T09:45:05","modified_gmt":"2024-07-15T07:45:05","slug":"halina-rusek","status":"publish","type":"page","link":"https:\/\/us.edu.pl\/instytut\/is\/halina-rusek\/","title":{"rendered":"Halina Rusek"},"content":{"rendered":"<p>[vc_row][vc_column]\r\n                <div class=\"text-modules reverse\">\r\n                    <div class=\"container\">\r\n                        <h3 class=\"section-title section-title_border-bottom\">prof. zw. dr hab. Halina Rusek<\/h3> <h3 class=\"subtitle text-modules__subtitle\">halina.rusek@us.edu.pl<\/h3>\r\n                        <div class=\"row m-0\">\r\n                            <div class=\"text-modules__content\">\r\n                                <strong>ZAINTERESOWANIA NAUKOWE<\/strong><\/p>\n<p>Socjolo\u017cka i antropolo\u017cka kultury, od pocz\u0105tku swojej kariery zawodowej pracuj\u0105ca w Uniwersytetem \u015al\u0105skim. Przez wiele lat, zwi\u0105zana z kierunkiem etnologia\/antropologia kulturowa, pracowa\u0142a w wydzia\u0142ach cieszy\u0144skich U\u015a, obecnie jest pracownikiem Instytutu Socjologii U\u015a. Jej poszukiwania badawcze maj\u0105 kilka kierunk\u00f3w, a g\u0142\u00f3wnym z nich s\u0105 zjawiska i procesy zachodz\u0105ce na pograniczach etniczno-kulturowych, a tak\u017ce w r\u00f3\u017cnego typu spo\u0142eczno\u015bciach lokalnych. Wa\u017cnym dla niej kierunkiem bada\u0144 jest\u00a0 rola kobiet w \u017cyciu spo\u0142ecznym, kszta\u0142towanie si\u0119 ich to\u017csamo\u015bci w r\u00f3\u017cnych spo\u0142eczno-kulturowych kontekstach.<\/p>\n<p><strong>WYBRANE PUBLIKACJE<\/strong><\/p>\n<ul>\n<li>Identification of young female inhabitants of Zag\u0142\u0119bie with region, W: Women in different\u00a0 global contexts. Culture \u2013 Gender \u2013 Violens, red. Ma\u0107kowicz, E. Paj\u0105k-Wa\u017cna, Krak\u00f3w 2014, Wyd. Impuls,<\/li>\n<li>Przemys\u0142 i religia \u2013 wielokulturowe skutki zwi\u0105zku. Przyk\u0142ad Zag\u0142\u0119bia D\u0105browskiego \u201eEtnologia Europae Centralis\u201d, nr 12\/ 2015;<\/li>\n<li>Religiousness of villages in family transmission \u2013 continuity and change, \u201ePrzegl\u0105d Religioznawczy \u2013The Religions Studies Review\u201d, 2016, no 4 (262);<\/li>\n<li>Stulecie pogranicza polsko-czeskiego na \u015al\u0105sku Cieszy\u0144skim \u2013 od konfliktu zbrojnego do wsp\u00f3\u0142pracy transgranicznej. W: \u201eEthnologia Europae Centralis.\u00a0Journal of Central European Ethnology. \u010casopis pre n\u00e1rodopis strednej Eur\u00f3py&#8221;, nr 15\/2018;<\/li>\n<li>Kole\u017canki z Birkenau. Esej o pami\u0119taniu, monografia, Uniwersytetu \u015al\u0105skiego, Katowice 2019;<\/li>\n<li>Edukacja mi\u0119dzykulturowa i antropologia pogranicza: wsp\u00f3lnota \u017ar\u00f3de\u0142 i dr\u00f3g rozwoju, \u201eEdukacja Mi\u0119dzykulturowa\u201d 2020, nr 2\/11;<\/li>\n<li>Dziedzictwo i pami\u0119\u0107 \u2013 Szkic o nieobecnej kulturze polskich \u017byd\u00f3w, \u201eEdukacja Mi\u0119dzykulturowa\u201d nr 1\/2022<\/li>\n<\/ul>\n<p>&nbsp;<\/p>\n<p>Pe\u0142ny zestaw publikacji dost\u0119pny w tym miejscu: <a href=\"https:\/\/ab.us.edu.pl\/emp?id=23692&amp;view=P\">Publikacje<\/a><\/p>\n<p>&nbsp;<\/p>\n<p><strong>DODATKOWE INFORMACJE<\/strong><\/p>\n<p><strong>Wybrane pe\u0142nione funkcje:<\/strong><\/p>\n<ul>\n<li>Dyrektor Instytutu Nauk Spo\u0142ecznych i Nauk o Kulturze (Wydzia\u0142 Etnologii i Nauk o Edukacji) \u2013 1999 \u2013 2002;<\/li>\n<li>Prorektor Uniwersytetu \u015al\u0105skiego ds. Filii w Cieszynie (2002-2005)<\/li>\n<li>Dziekan Wydzia\u0142u Etnologii i Nauk o Edukacji U\u015a ( 2005 &#8211; 2012)<\/li>\n<li>Kierownik Zak\u0142adu Antropologii Spo\u0142eczno\u015bci Lokalnych i Pogranicza (WEiNoE) 2005 \u2013 2012<\/li>\n<li>Dyrektor Instytutu Etnologii i Antropologii Kulturowej (WEiNoE) 2012 -2016<\/li>\n<\/ul>\n<p>&nbsp;<\/p>\n<p><strong>ADRESY INTERNETOWE W SIECI<\/strong><\/p>\n<p><a href=\"https:\/\/orcid.org\/0000-0003-1073-3892\">https:\/\/orcid.org\/0000-0003-1073-3892<\/a><\/p>\n<p>&nbsp;<\/p>\n<p>&nbsp;<\/p>\n<h2><\/h2>\n<p>&nbsp;<\/p>\n<p>&nbsp;<\/p>\n<p>&nbsp;<\/p>\n<p>&nbsp;<\/p>\n<div class=\"mt-3\"><\/div>\r\n                            <\/div>\r\n                            \r\n                            <div class=\"text-modules__img\"><img src=\"https:\/\/us.edu.pl\/instytut\/is\/wp-content\/uploads\/sites\/34\/Bez-kategorii\/IMG-20200124-WA0004-274x300.jpg\" alt=\"img\"><\/div>\r\n                        <\/div>\r\n                    <\/div>\r\n                <\/div>[\/vc_column][\/vc_row][vc_row][vc_column][vc_column_text][\/vc_column_text][\/vc_column][\/vc_row][vc_row][vc_column][vc_column_text][\/vc_column_text][\/vc_column][\/vc_row][vc_row][vc_column][vc_column_text]<\/p>","protected":false},"excerpt":{"rendered":"<p>[vc_row][vc_column][\/vc_column][\/vc_row][vc_row][vc_column][vc_column_text][\/vc_column_text][\/vc_column][\/vc_row][vc_row][vc_column][vc_column_text][\/vc_column_text][\/vc_column][\/vc_row][vc_row][vc_column][vc_column_text] [&#8230;]<\/p>\n<p><a class=\"btn btn-secondary understrap-read-more-link\" href=\"https:\/\/us.edu.pl\/instytut\/is\/halina-rusek\/\">Read More&#8230;<\/a><\/p>\n","protected":false},"author":191,"featured_media":0,"parent":0,"menu_order":0,"comment_status":"closed","ping_status":"closed","template":"","meta":{"_expiration-date-status":"","_expiration-date":0,"_expiration-date-type":"","_expiration-date-categories":[],"_expiration-date-options":[]},"acf":[],"_links":{"self":[{"href":"https:\/\/us.edu.pl\/instytut\/is\/wp-json\/wp\/v2\/pages\/628"}],"collection":[{"href":"https:\/\/us.edu.pl\/instytut\/is\/wp-json\/wp\/v2\/pages"}],"about":[{"href":"https:\/\/us.edu.pl\/instytut\/is\/wp-json\/wp\/v2\/types\/page"}],"author":[{"embeddable":true,"href":"https:\/\/us.edu.pl\/instytut\/is\/wp-json\/wp\/v2\/users\/191"}],"replies":[{"embeddable":true,"href":"https:\/\/us.edu.pl\/instytut\/is\/wp-json\/wp\/v2\/comments?post=628"}],"version-history":[{"count":6,"href":"https:\/\/us.edu.pl\/instytut\/is\/wp-json\/wp\/v2\/pages\/628\/revisions"}],"predecessor-version":[{"id":2642,"href":"https:\/\/us.edu.pl\/instytut\/is\/wp-json\/wp\/v2\/pages\/628\/revisions\/2642"}],"wp:attachment":[{"href":"https:\/\/us.edu.pl\/instytut\/is\/wp-json\/wp\/v2\/media?parent=628"}],"curies":[{"name":"wp","href":"https:\/\/api.w.org\/{rel}","templated":true}]}}