{"id":634,"date":"2020-03-17T20:26:14","date_gmt":"2020-03-17T19:26:14","guid":{"rendered":"http:\/\/us.edu.pl\/instytut\/is\/?page_id=634"},"modified":"2024-07-15T09:47:59","modified_gmt":"2024-07-15T07:47:59","slug":"urszula-swadzba","status":"publish","type":"page","link":"https:\/\/us.edu.pl\/instytut\/is\/urszula-swadzba\/","title":{"rendered":"Urszula Swad\u017aba"},"content":{"rendered":"<p>[vc_row][vc_column]\r\n                <div class=\"text-modules reverse\">\r\n                    <div class=\"container\">\r\n                        <h3 class=\"section-title section-title_border-bottom\">prof. dr hab. Urszula Swad\u017aba<\/h3> <h3 class=\"subtitle text-modules__subtitle\">urszula.swadzba@us.edu.pl<\/h3>\r\n                        <div class=\"row m-0\">\r\n                            <div class=\"text-modules__content\">\r\n                                <strong>ZAINTERESOWANIA NAUKOWE<\/strong><\/p>\n<p>socjologia warto\u015bci (szczeg\u00f3lnie warto\u015bci pracy), problematyka \u015bl\u0105ska, \u015bwiadomo\u015b\u0107 ekonomiczna, problematyka senioralna<\/p>\n<p><strong>WYBRANE PUBLIKACJE<\/strong><\/p>\n<ul>\n<li>\u015al\u0105ski etos pracy. Studium socjologiczne. Wydawnictwo Uniwersytetu \u015al\u0105skiego. Katowice 2001, ss. 244. (ISBN 83-226-1101-3)<\/li>\n<li>Warto\u015bci pracy, rodziny, religii \u2013 ci\u0105g\u0142o\u015b\u0107 i zmiana. Socjologiczne studium spo\u0142eczno\u015bci \u015bl\u0105skich. Wydawnictwo Uniwersytetu \u015al\u0105skiego. Katowice 2012, ss. 452. (ISNB 978-83-226-2110-3)<\/li>\n<li>Od \u017cony g\u00f3rnika do naukowca. Zmiana systemu warto\u015bci i r\u00f3l spo\u0142ecznych kobiet na terenach poprzemys\u0142owych G\u00f3rnego \u015al\u0105ska. Wydawnictwo Uniwersytetu \u015al\u0105skiego, Katowice 2016, ss. 179. Wsp\u00f3\u0142autorka: Monika \u017bak. (ISNB 978-83-8012-818-7)<\/li>\n<li>Praca i konsumpcja w perspektywie tworzenia \u0142adu aksjonormatywnego. Wydawnictwo \u201e\u015al\u0105sk\u201d, Katowice 2017, ss. 275. Wsp\u00f3\u0142autorzy: Felicjan Bylok, Danuta Walczak-Duraj. (ISBN 978-83-7164-970-7)<\/li>\n<li>Value of work in the experience and awareness of the young generation of Visegrad countries. \u201dEconomics &amp; Sociology\u201d, 2019, 12 (1), ss. 177-192. Wsp\u00f3\u0142autorka: Nicole Horakova. (ISSN 2071-789X)<\/li>\n<li>Wiedza ekonomiczna, praca, przedsi\u0119biorczo\u015b\u0107, konsumpcja. \u015awiadomo\u015b\u0107 ekonomiczna polskich student\u00f3w. Wydawnictwo Uniwersytetu \u015al\u0105skiego, Katowice 2019, ss. 220. Wsp\u00f3\u0142autorzy: Rafa\u0142 Cekiera, Monika \u017bak. (ISBN 978\u201183\u2011226\u20113643\u20115)<\/li>\n<li>Place of professional work in the life of Silesian women. W: Gender and energy transition \u2013 Case study from the Upper Silesia Coal-mining Region. Katarzyna Iwi\u0144ska, Xymena Bukowska. Wydawca Springer Nature Swisserland AG, 2022. (eBook ISBN 978-3-030-78416-4, Print ISBN 978-3-030-78415-7).<\/li>\n<li>Kraje grupy Wyszehradzkiej i ich gospodarka a praca, aktywno\u015b\u0107 zawodowa i przedsi\u0119biorczo\u015b\u0107 m\u0142odego pokolenia. Analiza por\u00f3wnawcza. Wydawnictwo Uniwersytetu Ekonomicznego w Katowicach, Katowice 2021. Wsp\u00f3\u0142autor: Stanis\u0142aw Swad\u017aba. (ISBN 978-83-7875-704-7)<\/li>\n<li>Social attitudes towards professional work of the 55+ generation. Comparative analysis of Poland, the Czech Republic, and Hungary, \u201cEconomics &amp; Sociology\u201d, 2022, vo. 15, no. 1, p. 23- 39. (ISSN 2071-789X)<\/li>\n<li>Aktywno\u015b\u0107 zawodowa pokolenia 55+. Polska na tle Czech i W\u0119gier. Analiza por\u00f3wnawcza. Wydawnictwo Uniwersytetu \u015al\u0105skiego, Katowice 2023, s. 220. Wsp\u00f3\u0142autor: Stanis\u0142aw Swad\u017aba. (ISBN 978-83-226-4402-7)<\/li>\n<\/ul>\n<p>&nbsp;<\/p>\n<p>Pe\u0142ny zestaw publikacji dost\u0119pny w tym miejscu: <a href=\"https:\/\/ab.us.edu.pl\/emp?id=26572&amp;view=P\">Publikacje<\/a><\/p>\n<p>&nbsp;<\/p>\n<p><strong>DODATKOWE INFORMACJE<\/strong><\/p>\n<ul>\n<li>2018-2020. Grant: \u201eSocial and Cultural Mechanisms of In- and Exclusion: a Comparative Perspective\u201d organizowanym i finansowanym przez Uniwersytet Ostrawski (Departament Socjologii Wydzia\u0142u Filozoficznego), Institutional Development Project (IRP), No. 201819, we wsp\u00f3\u0142pracy z Instytutem Socjologii Wydzia\u0142u Nauk Spo\u0142ecznych, Uniwersytetu \u015al\u0105skiego w Katowicach oraz Departamentem\u00a0 Socjologii i Polityki Spo\u0142ecznej Wydzia\u0142u Humanistycznego Uniwersytetu w Debreczynie (czas trwania grantu: 2018-2020). Cz\u0142onek zespo\u0142u.<\/li>\n<li>2015-2016.Visegrad Standard Grant \u201eThe economic awareness of the young generation of Visegrad countries\u201d nr nr. 21420008. Partnerami grantu byli Uniwersytet Palackeho w O\u0142omu\u0144cu (Republika Czeska), Uniwersytet Konstantyna Filozofa w Nitrze (S\u0142owacja) i Szent Istvan University w G\u00f3d\u00f3ll\u00f3 (W\u0119gry). Czas trwania grantu 2015 \u2013 2016. Kierownik grantu.<\/li>\n<li>2009 \u2013 2012. Grant MNiSW nr. N N116 230036: \u201eWarto\u015bci \u2013 ci\u0105g\u0142o\u015b\u0107 i zmiana. Socjologiczne studium spo\u0142eczno\u015bci \u015bl\u0105skich\u201d. Czas trwania: 04.06. 2009 \u2013 04. 06. 2012. Kierownik grantu.<\/li>\n<li>2008 \u2013 2011.Grant MNiSW nr. N N116 2014 33: \u201eAktywizacja i degradacja kapita\u0142u ludzkiego w \u015brodowisku lokalnym. Studium nast\u0119pstw ruchliwo\u015bci edukacyjnej i zawodowej dla jako\u015bci \u017cycia w miastach peryferyjnych.\u201d Czas trwania: IX 2008 \u2013 IX 2011. Kierownik: dr hab. A. Bartoszek. Cz\u0142onek zespo\u0142u.<\/li>\n<li>Kierownik Zak\u0142adu Socjologii Og\u00f3lnej (2009\u20132019) w Instytucie Socjologii Uniwersytetu \u015al\u0105skiego w Katowicach.<\/li>\n<li>Od 2008 roku wsp\u00f3\u0142pracuje z uczelniami Republiki Czeskiej, S\u0142owacji i W\u0119gier.<\/li>\n<\/ul>\n<p><strong>ADRESY INTERNETOWE W SIECI<\/strong><\/p>\n<p>https:\/\/orcid.org\/0000-0002-4387-761<\/p>\n<p>&nbsp;<\/p>\n<p>&nbsp;<\/p>\n<p>&nbsp;<\/p>\n<p>&nbsp;<\/p>\n<p>&nbsp;<\/p>\n<p>&nbsp;<\/p>\n<p>&nbsp;<\/p>\n<p>&nbsp;<\/p>\n<div class=\"mt-3\"><\/div>\r\n                            <\/div>\r\n                            \r\n                            <div class=\"text-modules__img\"><img src=\"https:\/\/us.edu.pl\/instytut\/is\/wp-content\/uploads\/sites\/34\/2023\/11\/Urszula_Swadzba-zdjecie-300x204.jpg\" alt=\"img\"><\/div>\r\n                        <\/div>\r\n                    <\/div>\r\n                <\/div>[\/vc_column][\/vc_row][vc_row][vc_column][vc_column_text][\/vc_column_text][\/vc_column][\/vc_row][vc_row][vc_column][vc_column_text][\/vc_column_text][\/vc_column][\/vc_row]<\/p>","protected":false},"excerpt":{"rendered":"<p>[vc_row][vc_column][\/vc_column][\/vc_row][vc_row][vc_column][vc_column_text][\/vc_column_text][\/vc_column][\/vc_row][vc_row][vc_column][vc_column_text][\/vc_column_text][\/vc_column][\/vc_row] [&#8230;]<\/p>\n<p><a class=\"btn btn-secondary understrap-read-more-link\" href=\"https:\/\/us.edu.pl\/instytut\/is\/urszula-swadzba\/\">Read More&#8230;<\/a><\/p>\n","protected":false},"author":191,"featured_media":0,"parent":0,"menu_order":0,"comment_status":"closed","ping_status":"closed","template":"","meta":{"_expiration-date-status":"","_expiration-date":0,"_expiration-date-type":"","_expiration-date-categories":[],"_expiration-date-options":[]},"acf":[],"_links":{"self":[{"href":"https:\/\/us.edu.pl\/instytut\/is\/wp-json\/wp\/v2\/pages\/634"}],"collection":[{"href":"https:\/\/us.edu.pl\/instytut\/is\/wp-json\/wp\/v2\/pages"}],"about":[{"href":"https:\/\/us.edu.pl\/instytut\/is\/wp-json\/wp\/v2\/types\/page"}],"author":[{"embeddable":true,"href":"https:\/\/us.edu.pl\/instytut\/is\/wp-json\/wp\/v2\/users\/191"}],"replies":[{"embeddable":true,"href":"https:\/\/us.edu.pl\/instytut\/is\/wp-json\/wp\/v2\/comments?post=634"}],"version-history":[{"count":7,"href":"https:\/\/us.edu.pl\/instytut\/is\/wp-json\/wp\/v2\/pages\/634\/revisions"}],"predecessor-version":[{"id":2645,"href":"https:\/\/us.edu.pl\/instytut\/is\/wp-json\/wp\/v2\/pages\/634\/revisions\/2645"}],"wp:attachment":[{"href":"https:\/\/us.edu.pl\/instytut\/is\/wp-json\/wp\/v2\/media?parent=634"}],"curies":[{"name":"wp","href":"https:\/\/api.w.org\/{rel}","templated":true}]}}