{"id":637,"date":"2020-03-17T20:30:32","date_gmt":"2020-03-17T19:30:32","guid":{"rendered":"http:\/\/us.edu.pl\/instytut\/is\/?page_id=637"},"modified":"2024-07-15T09:47:09","modified_gmt":"2024-07-15T07:47:09","slug":"malgorzata-suchacka","status":"publish","type":"page","link":"https:\/\/us.edu.pl\/instytut\/is\/malgorzata-suchacka\/","title":{"rendered":"Ma\u0142gorzata Suchacka"},"content":{"rendered":"<p>[vc_row][vc_column]\r\n                <div class=\"text-modules reverse\">\r\n                    <div class=\"container\">\r\n                        <h3 class=\"section-title section-title_border-bottom\">dr hab. Ma\u0142gorzata Suchacka, prof. U\u015a<\/h3> <h3 class=\"subtitle text-modules__subtitle\">malgorzata.suchacka@us.edu.pl<\/h3>\r\n                        <div class=\"row m-0\">\r\n                            <div class=\"text-modules__content\">\r\n                                <strong>ZAINTERESOWANIA NAUKOWE<\/strong><\/p>\n<p>nowe technologie w tym sztuczna inteligencja, wymiary innowacji i ich wp\u0142yw spo\u0142eczny, regiony i organizacje ucz\u0105ce si\u0119, klasa kreatywna, miasta kreatywne, regiony kreatywne, zarz\u0105dzanie wiedz\u0105, wizerunkiem organizacji, spo\u0142eczna odpowiedzialno\u015b\u0107 przedsi\u0119biorstw<\/p>\n<p><strong>WYBRANE PUBLIKACJE<\/strong><\/p>\n<ul>\n<li>Suchacka, A.M. Pabian, R. Ulewicz \u201eIndustry 4.0 and socio-economic evolution\u201d, Polish Journal of Management Studies, 2023\/28\/1, ISSN 2081-7452<\/li>\n<li>Suchacka, M.S. Szczepa\u0144ski, I. Handzlik \u201cConfucian virtues and managerial virtues at the dawn of the twenty-first century: a sociological study\u201d, Banaszak S\u0142awomir,\u00a0Oyama Kazunobu\u00a0(red.): Japanese and Polish managers : economy, management and education, 2023, G\u00f6ttingen, Vandenhoeck &amp; Ruprecht Verlag, 135 s., ISBN 978-3-7370-1540 0. DOI:10.14220\/9783737015400<\/li>\n<li>Suchacka, S. Kaminska-Berezowska \u201cSafety and work organization management in the early days of the Covid-19 pandemic in the lignite mining and energy sector in Poland.\u201d Energies 2021, 15, 4239. https:\/\/doi.org\/ 10.3390\/en15124239<\/li>\n<li>Suchacka, P. Zawojski \u201cThe role of new media in shaping a creative environment for regional development\u201d, Creativity studies 2022 Volume 15 Issue 2: 511\u2013525 https:\/\/doi.org\/10.3846\/cs.2022.14783<\/li>\n<li>Suchacka, R. Muster, M. Wojewoda, \u201cHuman and machine creativity: social and ethical aspects of the development of artificial intelligence\u201d,2021\/14\/2,\u00a0 <a href=\"https:\/\/opus.us.edu.pl\/info\/journalseries\/WUT748d0e9e679d480789260157c737f629?ps=20&amp;title=Szczeg%25C3%25B3%25C5%2582y%2Brekordu%2B%25E2%2580%2593%2BCzasopisma%2Bi%2Bserie%2B%25E2%2580%2593%2BUniwersytet%2B%25C5%259Al%25C4%2585ski+title&amp;lang=pl&amp;pn=1\">Creativity Studies, ISSN 2345-0479, e-ISSN 2345-0487<\/a>, <a href=\"https:\/\/doi.org\/10.3846\/cs.2021.14316\">https:\/\/doi.org\/10.3846\/cs.2021.14316<\/a><\/li>\n<li>Suchacka, \u201cCorporate digital responsibility &#8211; a new dimension of the human &#8211; technology relations\u201d, Ulewicz R.,\u00a0Nikoli\u0107 R. R.\u00a0(red.): System Safety: Human &#8211; Technical Facility &#8211; Environment Monograph, 2020, Warsaw, De Gruyter, 356 s., ISBN 978-83-957204-2-0<\/li>\n<li>Bierwiaczonek, R. Pyka, G. Gawron, M. Suchacka, \u201eInnovation places: theoretical and methodological remarks for analysing metropolitan creativity and innovations\u201d, Creativity Studies, ISSN 2345-0479, e-ISSN 2345-0487, 220\/133\/2,<\/li>\n<li>Suchacka, N. Hor\u00e1kov\u00e1, \u201cDilemmas of artificial intelligence development &#8211; sociological considerations around industry 4.0 and sustainability\u201d, Quality production improvement QPI 2020, 2020, Cz\u0119stochowa, De Gruyter, ISBN 978-83-958150-1-0<\/li>\n<li>Suchacka, J. Jasik-\u015al\u0119zak, \u201eObci\u0105\u017cenie cz\u0142owieka prac\u0105 fizyczn\u0105 i umys\u0142ow\u0105: wybrane aspekty\u201d, Oficyna Wydawnicza Stowarzyszenia In\u017cynier\u00f3w Produkcji i Jako\u015bci, 2020<\/li>\n<li>Suchacka, \u201cCorporate digital responsibility : new challenges to the social sciences\u201d, International Journal of Research in E-learning, ISSN 2451-2583, e-ISSN 2543-6155, 2019\/5\/1.<\/li>\n<\/ul>\n<p>&nbsp;<\/p>\n<p>Pe\u0142ny zestaw publikacji dost\u0119pny w tym miejscu: <a href=\"https:\/\/ab.us.edu.pl\/emp?id=26372&amp;view=P\">Publikacje<\/a><\/p>\n<p>&nbsp;<\/p>\n<p><strong>DODATKOWE INFORMACJE<\/strong><\/p>\n<ul>\n<li>2022-2025 &#8211; cz\u0142onkini mi\u0119dzynarodowego zespo\u0142u grantowego \u201eStrengthening metropolitan cooperation and governance in Central Europe\u201d, realizowanego w ramach programu Interreg Europa \u015arodkowa 2021-2027.<\/li>\n<li>Liderka interdyscyplinarnego zespo\u0142u I tematu badawczego \u201eSpo\u0142eczne i kulturowe uwarunkowania rozwoju sztucznej inteligencji w kontek\u015bcie relacji cz\u0142owiek &#8211; nowe technologie\u201d na lata 2019 \u2013 2022. W ramach zespo\u0142u zaprojektowano og\u00f3lnopolskie badania dotycz\u0105ce relacji cz\u0142owiek \u2013 nowe technologie<\/li>\n<li>2019-2021 \u2013 przygotowanie wniosku badawczego w mi\u0119dzynarodowym konsorcjum w ramach Horizon 2020 &#8211; Research and Innovation Framework Programme \u201cTeRRItories on a Mission &#8211; Stimulating MARKET-Driven Innovation in Metropolitan Areas\u201d oraz Horizon Europa<\/li>\n<li>Autorka lub wsp\u00f3\u0142autorka ponad 100 artyku\u0142\u00f3w naukowych w czasopismach krajowych i zagranicznych.<\/li>\n<li>Cz\u0142onek zespo\u0142u badawczego w latach 2013-2016, w ramach grantu \u201eNetworking a produktywno\u015b\u0107 badawcza pracownika naukowego w naukach o zarz\u0105dzaniu\u201d, Program Badawczy Narodowego Centrum Nauki, \u201eSonata bis\u201d, kierownik dr hab. prof. Uniwersytetu Ekonomicznego w Katowicach Maciej Mitr\u0119ga, nr projektu: 2012\/05\/E\/HS4\/02216,<\/li>\n<li>Kierownik grantu ministerialnego na lata 2010-2012 \u201eRegion przemys\u0142owy jako &#8222;region ucz\u0105cy si\u0119&#8221; &#8211; socjologiczne uwarunkowania przekszta\u0142ce\u0144 na przyk\u0142adzie wojew\u00f3dztwa \u015bl\u0105skiego\u201d nr 3355\/B\/H03\/2010\/38<\/li>\n<li>Ekspertka licznych projekt\u00f3w badawczych zwi\u0105zanych z analizami szeroko rozumianych proces\u00f3w rozwoju regionalnego oraz wp\u0142ywu technologii na \u017cycie spo\u0142eczne.<\/li>\n<li>Cz\u0142onkini mi\u0119dzynarodowych zespo\u0142\u00f3w badawczych wsp\u00f3\u0142pracuj\u0105ca z University of Aberdeen, Berliner Institut Fuer Sozialwissenschaftliche Studien<\/li>\n<li>Wielokrotne sta\u017ce stypendialne w ramach programu LLP\/ERASMUS i Erasmus+ w O\u0142omu\u0144cu, Pradze,\u00a0 w Bratys\u0142awie, Nitrze i Plymonth.<\/li>\n<\/ul>\n<p><strong>ADRESY INTERNETOWE W SIECI<\/strong><\/p>\n<p><a href=\"https:\/\/orcid.org\/0000-0002-3769-5892\">https:\/\/orcid.org\/0000-0002-3769-5892<\/a><\/p>\n<p><a href=\"https:\/\/www.researchgate.net\/profile\/Malgorzata_Suchacka\">https:\/\/www.researchgate.net\/profile\/Malgorzata_Suchacka<\/a><\/p>\n<p><a href=\"https:\/\/scholar.google.pl\/citations?user=v3hz6doAAAAJ&amp;hl=pl\">https:\/\/scholar.google.pl\/citations?user=v3hz6doAAAAJ&amp;hl=pl<\/a><\/p>\n<p><a href=\"https:\/\/www.academia.edu\/upgrade?feature=searchm&amp;from_navbar=true&amp;trigger=nav\">https:\/\/www.academia.edu\/upgrade?feature=searchm&amp;from_navbar=true&amp;trigger=nav<\/a><\/p>\n<p>&nbsp;<\/p>\n<p>&nbsp;<\/p>\n<p>&nbsp;<\/p>\n<p>&nbsp;<\/p>\n<p>&nbsp;<\/p>\n<p>&nbsp;<\/p>\n<div class=\"mt-3\"><\/div>\r\n                            <\/div>\r\n                            \r\n                            <div class=\"text-modules__img\"><img src=\"https:\/\/us.edu.pl\/instytut\/is\/wp-content\/uploads\/sites\/34\/2021\/11\/kr\u00f3tkie-300x251.png\" alt=\"img\"><\/div>\r\n                        <\/div>\r\n                    <\/div>\r\n                <\/div>[\/vc_column][\/vc_row][vc_row][vc_column][vc_column_text][\/vc_column_text][\/vc_column][\/vc_row][vc_row][vc_column][vc_column_text][\/vc_column_text][\/vc_column][\/vc_row]<\/p>","protected":false},"excerpt":{"rendered":"<p>[vc_row][vc_column][\/vc_column][\/vc_row][vc_row][vc_column][vc_column_text][\/vc_column_text][\/vc_column][\/vc_row][vc_row][vc_column][vc_column_text][\/vc_column_text][\/vc_column][\/vc_row] [&#8230;]<\/p>\n<p><a class=\"btn btn-secondary understrap-read-more-link\" href=\"https:\/\/us.edu.pl\/instytut\/is\/malgorzata-suchacka\/\">Read More&#8230;<\/a><\/p>\n","protected":false},"author":191,"featured_media":0,"parent":0,"menu_order":0,"comment_status":"closed","ping_status":"closed","template":"","meta":{"_expiration-date-status":"","_expiration-date":0,"_expiration-date-type":"","_expiration-date-categories":[],"_expiration-date-options":[]},"acf":[],"_links":{"self":[{"href":"https:\/\/us.edu.pl\/instytut\/is\/wp-json\/wp\/v2\/pages\/637"}],"collection":[{"href":"https:\/\/us.edu.pl\/instytut\/is\/wp-json\/wp\/v2\/pages"}],"about":[{"href":"https:\/\/us.edu.pl\/instytut\/is\/wp-json\/wp\/v2\/types\/page"}],"author":[{"embeddable":true,"href":"https:\/\/us.edu.pl\/instytut\/is\/wp-json\/wp\/v2\/users\/191"}],"replies":[{"embeddable":true,"href":"https:\/\/us.edu.pl\/instytut\/is\/wp-json\/wp\/v2\/comments?post=637"}],"version-history":[{"count":8,"href":"https:\/\/us.edu.pl\/instytut\/is\/wp-json\/wp\/v2\/pages\/637\/revisions"}],"predecessor-version":[{"id":2644,"href":"https:\/\/us.edu.pl\/instytut\/is\/wp-json\/wp\/v2\/pages\/637\/revisions\/2644"}],"wp:attachment":[{"href":"https:\/\/us.edu.pl\/instytut\/is\/wp-json\/wp\/v2\/media?parent=637"}],"curies":[{"name":"wp","href":"https:\/\/api.w.org\/{rel}","templated":true}]}}