{"id":644,"date":"2020-03-17T20:46:04","date_gmt":"2020-03-17T19:46:04","guid":{"rendered":"http:\/\/us.edu.pl\/instytut\/is\/?page_id=644"},"modified":"2024-07-15T09:50:09","modified_gmt":"2024-07-15T07:50:09","slug":"wojciech-swiatkiewicz","status":"publish","type":"page","link":"https:\/\/us.edu.pl\/instytut\/is\/wojciech-swiatkiewicz\/","title":{"rendered":"Wojciech \u015awi\u0105tkiewicz"},"content":{"rendered":"<p>[vc_row][vc_column]\r\n                <div class=\"text-modules reverse\">\r\n                    <div class=\"container\">\r\n                        <h3 class=\"section-title section-title_border-bottom\">prof. zw. dr hab. Wojciech \u015awi\u0105tkiewicz<\/h3> <h3 class=\"subtitle text-modules__subtitle\">wojciech.swiatkiewicz@us.edu.pl<\/h3>\r\n                        <div class=\"row m-0\">\r\n                            <div class=\"text-modules__content\">\r\n                                <strong>ZAINTERESOWANIA NAUKOWE<\/strong><\/p>\n<p>w zainteresowaniach naukowych i prowadzonych pracach badawczych mieszcz\u0105cych si\u0119 w ramach szeroko ujmowanej socjologii kultury mo\u017cna wyodr\u0119bni\u0107 kilka grup problemowych: zagadnienia integracji kulturowej i roli kultury jako czynnika integracji spo\u0142ecznej, symbole to\u017csamo\u015bci kultury europejskiej: zagadnienia spo\u0142ecznych uwarunkowa\u0144 tre\u015bci i form uczestnictwa w kulturze oraz styl\u00f3w \u017cycia, kapita\u0142 kulturowy oraz rola rodziny w przekazywaniu kultury i wp\u0142yw warto\u015bci kulturowych oraz \u017ar\u00f3de\u0142 i tre\u015bci ich legitymizacji na integracj\u0119 rodziny: problematyka oddzia\u0142ywania warto\u015bci kulturowych na inne aspekty \u017cycia spo\u0142ecznego w tym zw\u0142aszcza na prac\u0119 ludzk\u0105 i zjawiska dezorganizacji spo\u0142ecznej: zagadnienia proces\u00f3w spo\u0142eczno-kulturowych zachodz\u0105cych w spo\u0142eczno\u015bciach lokalnych i regionalnych na przyk\u0142adzie G\u00f3rnego \u015al\u0105ska w tym problematyka wielokulturowo\u015bci G\u00f3rnego \u015al\u0105ska oraz zagadnienia spo\u0142eczno-kulturowych uwarunkowa\u0144 wzor\u00f3w religijno\u015bci obejmuj\u0105ce mi\u0119dzy innymi takie problemy jak: religia a to\u017csamo\u015b\u0107 kulturowa, rola religii w procesach legitymizacji kultury, przekaz warto\u015bci religijnych w rodzinie, funkcje parafii w spo\u0142eczno\u015bci regionalnej, wzory kulturowe praktyk religijnych, religia a polityka, sekularyzacja i deprywatyzacja w spo\u0142ecze\u0144stwie polskim ujmowane w kontek\u015bcie europejskim, tradycyjna religijno\u015b\u0107 a kierunki przemian religijno\u015bci wsp\u00f3\u0142czesnej;<\/p>\n<p><strong>WYBRANE PUBLIKACJE<\/strong><\/p>\n<ul>\n<li>\u015awi\u0105tkiewicz, W. (2023).Memoria gratum facit. Labirynty pami\u0119ci i zau\u0142ki wdzi\u0119czno\u015bci. Szkice socjologiczne. Roczniki Nauk Spo\u0142ecznych, t.15, s. 55-67<\/li>\n<li>\u015awi\u0105tkiewicz, W. (2023). The Identity of Fate and the Identity of Choice: Between the Routine of Continuation and the Ordinariness of Rejection. The Person and the Challenges, t. 13, nr 2, s. 185-198.<\/li>\n<li>\u015awi\u0105tkiewicz, W. (2021). \u015awiaty warto\u015bci u progu pandemii: socjologiczne studium spo\u0142eczno\u015bci miejskiej. Katowice: Wydawnictwo Uniwersytetu \u015al\u0105skiego.<\/li>\n<li>\u015awi\u0105tkiewicz, W. (2020). \u201eOdwr\u00f3cony Dekalog\u201d, pop\u0119kana kultura: socjologiczne refleksje wok\u00f3\u0142 kultury i religijno\u015bci. Roczniki Nauk Spo\u0142ecznych, 2020, vol.1, s.53-78.<\/li>\n<li>\u015awi\u0105tkiewicz, W. (2020). Characteristics of family life in Central Europe. W: B. Kraus, L. Sta\u0161ova, I.Junova (red.),Contemporary family lifestyles in Central and Western Europe selected cases, Springer, s. 21-47.<\/li>\n<li>\u015awi\u0105tkiewicz, W. (2020). Moral profile and religious affiliation of academic youth. W: H. Zar\u0119ba, M. Zarzecki Marcin (red.) Between construction and deconstruction of the universes of meaning: research into the religiosity of academic youth in the years 1988 &#8211; 1998 &#8211; 2005 &#8211; 2017\/. Berlin: Peter Lang Publishing Group, s.161-172.<\/li>\n<li>\u015awi\u0105tkiewicz, W., G\u00f3rny A., Juszczyk-Frelkiewicz K.A. (2017). Religiousness and lifestyles:a sociological study od Slovak families. Katowice: Wydawnictwo Uniwersytetu \u015al\u0105skiego.<\/li>\n<li>\u015awi\u0105tkiewicz, W. (2016). Dziedzictwo to\u017csamo\u015bci religijnej w kulturze G\u00f3rnego \u015al\u0105ska. W: G\u00f3rny. I. Borowik, W. \u015awi\u0105tkiewicz (red.).Globalny i lokalny wymiar religii: Polska w kontek\u015bcie europejskim. Krak\u00f3w: NOMOS, s.75-88.<\/li>\n<li>\u015awi\u0105tkiewicz, W. (2016). Warto\u015bci rodzinne i religijne we wsp\u00f3\u0142czesnej kulturze polskie W: M. S. Szczepa\u0144ski. G. Sk\u0105pska (red.), Co po kryzysie?. Warszawa: Polskie Towarzystwo Socjologiczne, s. 95-119.<\/li>\n<li>\u015awi\u0105tkiewicz, W. (red.). (2012). Wi\u0119zi mi\u0119dzypokoleniowe w rodzinie i w kulturze. Katowice: Uniwersytetu \u015al\u0105skiego.<\/li>\n<li>\u015awi\u0105tkiewicz, W. (2014). Viatores non eunt, ut eant &#8211; Das Pilgern im modernen Polen als Ausdruck von Spirituali\u00e4t und als Lebensstil. W: M. Hainz. G. Pickel. D. Pollack. M. Libiszowska-\u017b\u00f3\u0142tkowska. Firlit (red.), Zwischen S\u00e4kularisierung und religi\u00f6ser Vitalisierung Religiosit\u00e4t in Deutschland und Polen im Vergleich. Springer VS: Wiesbaden, s.301-312.<\/li>\n<li>\u015awi\u0105tkiewicz, W. (2010). Mi\u0119dzy sekularyzacj\u0105 i deprywatyzacj\u0105. Socjologiczne refleksje wok\u00f3\u0142 religijno\u015bci polskiej w kontek\u015bcie europejskim. Katowice: Wydawnictwo Uniwersytetu \u015al\u0105skiego.<\/li>\n<\/ul>\n<p><strong>\u00a0<\/strong><\/p>\n<p>Pe\u0142ny zestaw publikacji dost\u0119pny w tym miejscu: <a href=\"https:\/\/ab.us.edu.pl\/emp?id=33722&amp;view=P\">Publikacje<\/a><\/p>\n<p><strong>\u00a0<\/strong><\/p>\n<p><strong>DODATKOWE INFORMACJE<\/strong><\/p>\n<ul>\n<li>Festiwale muzyczne i ich rola w inicjowaniu polityk oraz praktyk kulturalnych w spo\u0142eczno\u015bciach lokalnych. Na przyk\u0142adzie Festiwalu Bachowskiego w \u015awidnicy (2000 -2025). \/IS U\u015a\/<\/li>\n<li>O sensie \u017cycia i wsp\u00f3\u0142czesnej religijno\u015bci. (2023-2025) \/KUL, CBOS\/<\/li>\n<\/ul>\n<p><strong>\u00a0<\/strong><\/p>\n<p><strong>ADRESY INTERNETOWE W SIECI<\/strong><\/p>\n<p><a href=\"https:\/\/orcid.org\/0000-0002-8459-5114\"><u>https:\/\/orcid.org\/0000-0002-8459-5114<\/u><\/a><\/p>\n<p>Scopus Author ID: \u201e55924721300&#8243;<\/p>\n<p>ResearchGate: <a href=\"https:\/\/www.researchgate.net\/profile\/Wojciech-Swiatkiewicz\"><u>https:\/\/www.researchgate.net\/profile\/Wojciech-Swiatkiewicz<\/u><\/a><\/p>\n<p>Academia.edu. <a href=\"https:\/\/independent.academia.edu\/Wojciech%C5%9Awi%C4%85tkiewicz\"><u>https:\/\/independent.academia.edu\/Wojciech%C5%9Awi%C4%85tkiewicz<\/u><\/a><\/p>\n<p><a href=\"https:\/\/opus.us.edu.pl\/info\/author\/USLaedfda57761a46b4885e3443835d965f\/Profil+osoby+%25E2%2580%2593+Wojciech+%25C5%259Awi%25C4%2585tkiewicz+%25E2%2580%2593+Uniwersytet+%25C5%259Al%25C4%2585ski?r=publication&amp;tab=publications&amp;conversationPropagation=begin&amp;sort=&amp;lang=pl&amp;pn=1\"><u>https:\/\/opus.us.edu.pl\/info\/author\/USLaedfda57761a46b4885e3443835d965f\/Profil+osoby+%E2%80%93+Wojciech+%C5%9Awi%C4%85tkiewicz+%E2%80%93+Uniwersytet+%C5%9Al%C4%85ski?r=publication&amp;tab=publications&amp;conversationPropagation=begin&amp;sort=&amp;lang=pl&amp;pn=1<\/u><\/a><\/p>\n<p>&nbsp;<\/p>\n<p>&nbsp;<\/p>\n<p>&nbsp;<\/p>\n<div class=\"mt-3\"><\/div>\r\n                            <\/div>\r\n                            \r\n                            <div class=\"text-modules__img\"><img src=\"https:\/\/us.edu.pl\/instytut\/is\/wp-content\/uploads\/sites\/34\/Bez-kategorii\/Bez-tytulu-5-215x300.jpg\" alt=\"img\"><\/div>\r\n                        <\/div>\r\n                    <\/div>\r\n                <\/div>[\/vc_column][\/vc_row][vc_row][vc_column][vc_column_text][\/vc_column_text][\/vc_column][\/vc_row][vc_row][vc_column][vc_column_text][\/vc_column_text][\/vc_column][\/vc_row]<\/p>","protected":false},"excerpt":{"rendered":"<p>[vc_row][vc_column][\/vc_column][\/vc_row][vc_row][vc_column][vc_column_text][\/vc_column_text][\/vc_column][\/vc_row][vc_row][vc_column][vc_column_text][\/vc_column_text][\/vc_column][\/vc_row] [&#8230;]<\/p>\n<p><a class=\"btn btn-secondary understrap-read-more-link\" href=\"https:\/\/us.edu.pl\/instytut\/is\/wojciech-swiatkiewicz\/\">Read More&#8230;<\/a><\/p>\n","protected":false},"author":191,"featured_media":0,"parent":0,"menu_order":0,"comment_status":"closed","ping_status":"closed","template":"","meta":{"_expiration-date-status":"","_expiration-date":0,"_expiration-date-type":"","_expiration-date-categories":[],"_expiration-date-options":[]},"acf":[],"_links":{"self":[{"href":"https:\/\/us.edu.pl\/instytut\/is\/wp-json\/wp\/v2\/pages\/644"}],"collection":[{"href":"https:\/\/us.edu.pl\/instytut\/is\/wp-json\/wp\/v2\/pages"}],"about":[{"href":"https:\/\/us.edu.pl\/instytut\/is\/wp-json\/wp\/v2\/types\/page"}],"author":[{"embeddable":true,"href":"https:\/\/us.edu.pl\/instytut\/is\/wp-json\/wp\/v2\/users\/191"}],"replies":[{"embeddable":true,"href":"https:\/\/us.edu.pl\/instytut\/is\/wp-json\/wp\/v2\/comments?post=644"}],"version-history":[{"count":6,"href":"https:\/\/us.edu.pl\/instytut\/is\/wp-json\/wp\/v2\/pages\/644\/revisions"}],"predecessor-version":[{"id":2648,"href":"https:\/\/us.edu.pl\/instytut\/is\/wp-json\/wp\/v2\/pages\/644\/revisions\/2648"}],"wp:attachment":[{"href":"https:\/\/us.edu.pl\/instytut\/is\/wp-json\/wp\/v2\/media?parent=644"}],"curies":[{"name":"wp","href":"https:\/\/api.w.org\/{rel}","templated":true}]}}