{"id":661,"date":"2020-03-17T21:16:37","date_gmt":"2020-03-17T20:16:37","guid":{"rendered":"http:\/\/us.edu.pl\/instytut\/is\/?page_id=661"},"modified":"2024-07-15T09:51:56","modified_gmt":"2024-07-15T07:51:56","slug":"monika-zak","status":"publish","type":"page","link":"https:\/\/us.edu.pl\/instytut\/is\/monika-zak\/","title":{"rendered":"Monika \u017bak"},"content":{"rendered":"<p>[vc_row][vc_column]\r\n                <div class=\"text-modules reverse\">\r\n                    <div class=\"container\">\r\n                        <h3 class=\"section-title section-title_border-bottom\">dr Monika \u017bak<\/h3> <h3 class=\"subtitle text-modules__subtitle\">monika.zak@us.edu.pl<\/h3>\r\n                        <div class=\"row m-0\">\r\n                            <div class=\"text-modules__content\">\r\n                                <strong>ZAINTERESOWANIA NAUKOWE<\/strong><\/p>\n<p>Socjologia pracy, socjologia rodziny, socjologia migracji, socjologia konsumpcji<\/p>\n<p><strong>WYBRANE PUBLIKACJE<\/strong><\/p>\n<ul>\n<li>\u017bak., M. (2015). \u017bycie rodzinne w sferze zawod\u00f3w wysokiego ryzyka: na przyk\u0142adzie zawodu policjanta. Katowice: Wydawnictwo Uniwersytetu \u015al\u0105skiego.<\/li>\n<li>Cekiera, R., Kijonka, J., \u017bak, M. (2022). Emigracja jako do\u015bwiadczenie. Studium na przyk\u0142adzie migrant\u00f3w powrotnych do wojew\u00f3dztwa \u015bl\u0105skiego. Katowice: Wydawnictwo Uniwersytetu \u015al\u0105skiego.<\/li>\n<li>Swad\u017aba, U., Cekiera, R., \u017bak, M. (2019). Wiedza ekonomiczna, praca, przedsi\u0119biorczo\u015b\u0107, konsumpcja : \u015bwiadomo\u015b\u0107 ekonomiczna polskich student\u00f3w. Katowice: Wydawnictwo Uniwersytetu \u015al\u0105skiego.<\/li>\n<li>Swad\u017aba, U., \u017bak, M. (2016). Od \u017cony g\u00f3rnika do naukowca: zmiana systemu warto\u015bci i r\u00f3l spo\u0142ecznych kobiet na terenach poprzemys\u0142owych G\u00f3rnego \u015al\u0105ska. Katowice: Wydawnictwo Uniwersytetu \u015al\u0105skiego.<\/li>\n<li>\u017bak, M. (2022). <a href=\"https:\/\/wladzasadzenia.pl\/2022\/23\/remote-work-and-family-duties-sociological-analysis-of-selected-problems-in-the-functioning-of-families-with-minor-children-during-covid-19.pdf\" class=\"mtli_attachment mtli_pdf\">Remote work and family duties. Sociological analysis of selected problems in\u00a0the functioning of families with minor children during COVID-19<\/a>. W\u0142adza S\u0105dzenia, 23\/2022, s. 19-30.<\/li>\n<li>Kijonka, J., \u017bak, M. (2020). <a href=\"https:\/\/opus.us.edu.pl\/info\/article\/USL6eb788f5021e47aaa3111b817b14d8b9\/\">Polish return migrants. Analysis of selected decision-making processes<\/a>. Studia Migracyjne \u2013 Przegl\u0105d Polonijny, 4, s. 115-136.<\/li>\n<li>\u017bak, M. (2020). Praca w \u017cyciu &#8211; \u017cycie w pracy : opinie funkcjonariuszy i ich rodzin o blaskach i cieniach s\u0142u\u017cby w Policji. W: Trembaczowski, \u0141. (red.), Jako\u015b\u0107 pracy a stan wi\u0119zi spo\u0142ecznych: monografia po\u015bwi\u0119cona pami\u0119ci prof. W\u0142adys\u0142awa Jachera w dziesi\u0105t\u0105 rocznic\u0119 \u015bmierci (s. 197-206). Katowice: Wydawnictwo Uniwersytetu \u015al\u0105skiego.<\/li>\n<li>\u017bak, M. (2018). Instability or Balance? Work &#8211; Life Dynamics in Lives of Policemen and Their Families. Studia Humanistyczne AGH, 4, s. 19-29.<\/li>\n<li>\u017bak, M. (2018). Medialny obraz \u015bwiata. Rola medi\u00f3w w kszta\u0142towaniu wizerunku Policji. Media i Spo\u0142ecze\u0144stwo. Medioznawstwo, komunikologia, semiologia, socjologia medi\u00f3w, 8, s. 115-125.<\/li>\n<\/ul>\n<p><strong>\u00a0<\/strong><\/p>\n<p>Pe\u0142ny zestaw publikacji dost\u0119pny w tym miejscu: <a href=\"https:\/\/ab.us.edu.pl\/emp?id=37141&amp;view=P\">Publikacje<\/a><\/p>\n<p><strong>\u00a0<\/strong><\/p>\n<p><strong>DODATKOWE INFORMACJE<\/strong><\/p>\n<ul>\n<li>2023-2024 \u2013 cz\u0142onkini projektu badawczego: Sytuacja j\u0119zykowa mniejszo\u015bci niemieckiej w Polsce \u2013 realizowany na zlecenie Centrum Bada\u0144 Mniejszo\u015bci Niemieckiej.<\/li>\n<li>2018-2020 \u2013 cz\u0142onkini zespo\u0142u mi\u0119dzynarodowego grantu: \u201eSocial and Cultural Mechanisms of In- and Exclusion: a Comparative Perspective\u201d organizowanym i finansowanym przez Uniwersytet Ostrawski (Departament Socjologii Wydzia\u0142u Filozoficznego), Institutional Development Project (IRP), No. 201819,\u00a0 we wsp\u00f3\u0142pracy z Instytutem Socjologii Wydzia\u0142u Nauk Spo\u0142ecznych, Uniwersytetu \u015al\u0105skiego w Katowicach oraz Departamentem\u00a0 Socjologii i Polityki Spo\u0142ecznej Wydzia\u0142u Humanistycznego Uniwersytetu w Debreczynie.<\/li>\n<li>Cz\u0142onkini Komisji Studi\u00f3w nad Przysz\u0142o\u015bci\u0105 G\u00f3rnego \u015al\u0105ska Polskiej Akademii Nauk w Katowicach.<\/li>\n<li>Sekretarz katowickiego oddzia\u0142u Polskiego Towarzystwa Socjologicznego.<\/li>\n<li>Sekretarz \u201eG\u00f3rno\u015bl\u0105skich Studi\u00f3w Socjologicznych. Seria Nowa\u201d.<\/li>\n<\/ul>\n<p><strong>ADRESY INTERNETOWE W SIECI<\/strong><\/p>\n<p><a href=\"https:\/\/orcid.org\/0000-0002-3472-1864\">https:\/\/orcid.org\/0000-0002-3472-1864<\/a><\/p>\n<p><a href=\"https:\/\/www.researchgate.net\/profile\/Monika-Zak\">https:\/\/www.researchgate.net\/profile\/Monika-Zak<\/a><\/p>\n<p><a href=\"https:\/\/independent.academia.edu\/%C5%BBakMonika\">https:\/\/independent.academia.edu\/%C5%BBakMonika<\/a><\/p>\n<p>&nbsp;<\/p>\n<p>&nbsp;<\/p>\n<p>&nbsp;<\/p>\n<p>&nbsp;<\/p>\n<p>&nbsp;<\/p>\n<p>&nbsp;<\/p>\n<p>&nbsp;<\/p>\n<div class=\"mt-3\"><\/div>\r\n                            <\/div>\r\n                            \r\n                            <div class=\"text-modules__img\"><img src=\"https:\/\/us.edu.pl\/instytut\/is\/wp-content\/uploads\/sites\/34\/Bez-kategorii\/Monika_Zak_zdjecie-225x300.jpg\" alt=\"img\"><\/div>\r\n                        <\/div>\r\n                    <\/div>\r\n                <\/div>[\/vc_column][\/vc_row][vc_row][vc_column][vc_column_text][\/vc_column_text][\/vc_column][\/vc_row][vc_row][vc_column][vc_column_text][\/vc_column_text][\/vc_column][\/vc_row][vc_row][vc_column][vc_column_text]<\/p>","protected":false},"excerpt":{"rendered":"<p>[vc_row][vc_column][\/vc_column][\/vc_row][vc_row][vc_column][vc_column_text][\/vc_column_text][\/vc_column][\/vc_row][vc_row][vc_column][vc_column_text][\/vc_column_text][\/vc_column][\/vc_row][vc_row][vc_column][vc_column_text] [&#8230;]<\/p>\n<p><a class=\"btn btn-secondary understrap-read-more-link\" href=\"https:\/\/us.edu.pl\/instytut\/is\/monika-zak\/\">Read More&#8230;<\/a><\/p>\n","protected":false},"author":191,"featured_media":0,"parent":0,"menu_order":0,"comment_status":"closed","ping_status":"closed","template":"","meta":{"_expiration-date-status":"","_expiration-date":0,"_expiration-date-type":"","_expiration-date-categories":[],"_expiration-date-options":[]},"acf":[],"_links":{"self":[{"href":"https:\/\/us.edu.pl\/instytut\/is\/wp-json\/wp\/v2\/pages\/661"}],"collection":[{"href":"https:\/\/us.edu.pl\/instytut\/is\/wp-json\/wp\/v2\/pages"}],"about":[{"href":"https:\/\/us.edu.pl\/instytut\/is\/wp-json\/wp\/v2\/types\/page"}],"author":[{"embeddable":true,"href":"https:\/\/us.edu.pl\/instytut\/is\/wp-json\/wp\/v2\/users\/191"}],"replies":[{"embeddable":true,"href":"https:\/\/us.edu.pl\/instytut\/is\/wp-json\/wp\/v2\/comments?post=661"}],"version-history":[{"count":6,"href":"https:\/\/us.edu.pl\/instytut\/is\/wp-json\/wp\/v2\/pages\/661\/revisions"}],"predecessor-version":[{"id":2651,"href":"https:\/\/us.edu.pl\/instytut\/is\/wp-json\/wp\/v2\/pages\/661\/revisions\/2651"}],"wp:attachment":[{"href":"https:\/\/us.edu.pl\/instytut\/is\/wp-json\/wp\/v2\/media?parent=661"}],"curies":[{"name":"wp","href":"https:\/\/api.w.org\/{rel}","templated":true}]}}