{"id":675,"date":"2020-04-07T14:57:31","date_gmt":"2020-04-07T12:57:31","guid":{"rendered":"http:\/\/us.edu.pl\/instytut\/is\/?page_id=675"},"modified":"2020-04-07T14:57:31","modified_gmt":"2020-04-07T12:57:31","slug":"erasmus","status":"publish","type":"page","link":"https:\/\/us.edu.pl\/instytut\/is\/erasmus\/","title":{"rendered":"erasmus"},"content":{"rendered":"<p>[vc_row][vc_column]\r\n                <div class=\"text-modules\">\r\n                    <div class=\"container\">\r\n                        <h3 class=\"page-title text__title\">Erasmus<\/h3>\r\n                        <div class=\"text-modules__content\"><p>Wydzia\u0142 Nauk Spo\u0142ecznych Uniwersytetu \u015al\u0105skiego<br \/>\nw Katowicach og\u0142asza rekrutacj\u0119 na wyjazdy student\u00f3w w ramach programu<strong> ERASMUS+<\/strong> na studia i praktyki w roku akademickim 2020\/2021<\/p>\n<p><strong>UWAGA!!! Rekrutacja student\u00f3w <u>na studia<\/u> odbywa si\u0119 <u>wy\u0142\u0105cznie poprzez system USOS<\/u><\/strong><\/p>\n<p><strong>Drodzy Studenci,<\/strong><\/p>\n<p>Wymiana mi\u0119dzynarodowa w ramach europejskiego programu Erasmus+ jest oferowana przez Komisj\u0119 Europejsk\u0105 od 1987 roku. W ci\u0105gu 33 lat z programu skorzysta\u0142o ponad 9 milion\u00f3w os\u00f3b.<\/p>\n<p>Na czym zatem polega fenomen Erasmusa, \u017ce jest najch\u0119tniej wybieranym programem mi\u0119dzynarodowej mobilno\u015bci student\u00f3w?<\/p>\n<ul>\n<li>Program stwarza niezwyk\u0142\u0105 szans\u0119 udoskonalenia kompetencji j\u0119zykowych, a tak\u017ce stania si\u0119 cz\u0119\u015bci\u0105 mi\u0119dzynarodowej spo\u0142eczno\u015bci studenckiej. Przebywaj\u0105c na wymianie przez kilka miesi\u0119cy mo\u017cna pozna\u0107 realia \u017cycia w innym pa\u0144stwie, pozna\u0107 odmienn\u0105 kultur\u0119, a tak\u017ce nawi\u0105za\u0107 nowe znajomo\u015bci.<\/li>\n<li>Wyjazdy daj\u0105 mo\u017cliwo\u015b\u0107 poznania innych system\u00f3w nauczania, ucz\u0119szczania na zaj\u0119cia do wybitnych specjalist\u00f3w, pracuj\u0105cych w europejskich o\u015brodkach akademickich, a tak\u017ce zrozumienia innych sposob\u00f3w postrzegania najwa\u017cniejszych problem\u00f3w wsp\u00f3\u0142czesnego \u015bwiata.<\/li>\n<li>Pomimo r\u00f3\u017cnic, kt\u00f3re widzimy zwykle tu\u017c po pojawieniu si\u0119 w miejscu docelowym naszej mobilno\u015bci, po kr\u00f3tkim czasie zaczynamy rozumie\u0107, \u017ce nas, Europejczyk\u00f3w, zdecydowanie wi\u0119cej \u0142\u0105czy, ni\u017c dzieli.<\/li>\n<li>Program Erasmus+ to doskona\u0142a okazja do zwiedzania nowych miejsc i odbycia fascynuj\u0105cych podr\u00f3\u017cy.<\/li>\n<li>Mo\u017cliwo\u015b\u0107 udokumentowania faktu sp\u0119dzenia kilku miesi\u0119cy na studiach zagranicznych to wa\u017cny element CV m\u0142odego cz\u0142owieka. Pracodawcy na europejskim rynku pracy bardzo ceni\u0105 uzyskane w ten spos\u00f3b do\u015bwiadczenie.<\/li>\n<\/ul>\n<p><strong>Dlatego serdecznie zapraszamy wszystkich Pa\u0144stwa do udzia\u0142u w rekrutacji na studia oraz praktyki w ramach programu ERASMUS+!<\/strong><\/p>\n<p>W sytuacji pandemii, w kt\u00f3rej wszyscy obecnie pr\u00f3bujemy si\u0119 odnale\u017a\u0107, wi\u0119kszo\u015b\u0107 z Pa\u0144stwa zapewne zada sobie pytanie, czy przyst\u0105pienie do takiej rekrutacji ma sens. Ot\u00f3\u017c z pe\u0142nym przekonaniem zapewniamy, \u017ce tak!<\/p>\n<p><strong>Po pierwsze<\/strong> przypominamy, \u017ce rekrutacja odnosi si\u0119 do wyjazd\u00f3w realizowanych w roku akademickim 2020\/2021, czyli od wrze\u015bnia\/pa\u017adziernika 2020.<\/p>\n<p><strong>Po drugie<\/strong> pozytywny efekt rekrutacji i kwalifikacja na wyjazd nie jest r\u00f3wnoznaczna \u00a0\u00a0\u00a0\u00a0\u00a0\u00a0\u00a0\u00a0\u00a0\u00a0\u00a0\u00a0\u00a0\u00a0\u00a0\u00a0\u00a0\u00a0\u00a0\u00a0\u00a0\u00a0\u00a0\u00a0\u00a0\u00a0z konieczno\u015bci\u0105 wyjazdu. W sytuacji nieprzewidzianych zdarze\u0144 student ma prawo wycofa\u0107 si\u0119 \u00a0\u00a0\u00a0\u00a0\u00a0\u00a0\u00a0\u00a0\u00a0\u00a0\u00a0\u00a0z wcze\u015bniejszej deklaracji wyjazdu.<\/p>\n<p><strong>Po trzecie<\/strong> nale\u017cy pami\u0119ta\u0107, \u017ce rekrutacja na wyjazdy w ramach programu Erasmus+ odbywa si\u0119 tylko raz w roku. Niezale\u017cnie od tego, czy my\u015blicie Pa\u0144stwo o wyje\u017adzie na semestr zimowy, czy letni kolejnego roku akademickiego, w rekrutacji mo\u017cna wzi\u0105\u0107 udzia\u0142 tylko teraz.<\/p>\n<p>Wierz\u0105c, \u017ce aktualna sytuacja nie zmieni Pa\u0144stwa plan\u00f3w wyjazdowych w ramach wsp\u00f3\u0142pracy mi\u0119dzynarodowej, poni\u017cej zamieszczamy wszystkie potrzebne informacje:<\/p>\n<p>&nbsp;<\/p>\n<p><strong><u>TERMIN APLIKOWANIA POPRZEZ SYSTEM USOS:<\/u><\/strong><strong> od 23 marca do 12 kwietnia\u00a0\u00a0\u00a0\u00a0\u00a0\u00a0\u00a0\u00a0\u00a0\u00a0\u00a0<\/strong><\/p>\n<p><strong>\u00a0\u00a0\u00a0\u00a0\u00a0\u00a0\u00a0\u00a0\u00a0\u00a0\u00a0 <\/strong><\/p>\n<p><strong>OG\u00d3LNE WARUNKI REKRUTACJI NA STUDIA:<\/strong><\/p>\n<ul>\n<li>rekrutacja odbywa si\u0119 poprzez system USOS i obejmuje: student\u00f3w wszystkich tryb\u00f3w studi\u00f3w (I stopnia, II stopnia oraz studi\u00f3w doktoranckich) na wszystkich kierunkach prowadzonych na Wydziale Nauk Spo\u0142ecznych (<a href=\"http:\/\/www.erasmus.us.edu.pl\/sites\/erasmus.us.edu.pl\/files\/usosweb_instrukcja_studenci.pdf\" class=\"mtli_attachment mtli_pdf\" data-mtli=\"mtli_filesize162b\" class=\"mtli_attachment mtli_pdf\" data-mtli=\"mtli_filesize162b\">instrukcja<\/a>);<\/li>\n<li>pobyt studenta w uczelni partnerskiej musi by\u0107 rozpocz\u0119ty i zako\u0144czony w okresie pomi\u0119dzy 1 czerwca 2020 a 30 wrze\u015bnia 2021;<\/li>\n<li>w momencie wyjazdu kandydat powinien by\u0107 studentem Uniwersytetu \u015al\u0105skiego<br \/>\ni mie\u0107 zaliczony ca\u0142y poprzedni rok lub semestr;<\/li>\n<li>dopuszczalne s\u0105 wyjazdy student\u00f3w studi\u00f3w I stopnia na 3, 4 i 5 semestr (wyjazd na 6 semestr jako ostatni tu\u017c przed obron\u0105 pracy dyplomowej b\u0119dzie mo\u017cliwy tylko \u00a0\u00a0\u00a0\u00a0\u00a0\u00a0\u00a0\u00a0\u00a0\u00a0\u00a0\u00a0\u00a0\u00a0\u00a0\u00a0\u00a0\u00a0\u00a0\u00a0\u00a0\u00a0\u00a0\u00a0\u00a0w wyj\u0105tkowych sytuacjach), na studiach II stopnia z kolei dopuszcza si\u0119 wyjazdy na semestr letni pierwszego roku oraz semestr zimowy drugiego (na ostatni semestr \u00a0\u00a0\u00a0\u00a0\u00a0\u00a0\u00a0\u00a0\u00a0\u00a0\u00a0\u00a0\u00a0\u00a0\u00a0\u00a0\u00a0\u00a0\u00a0\u00a0w zwi\u0105zku z obron\u0105 pracy dyplomowej wyjazdy b\u0119d\u0105 mo\u017cliwe jedynie w wyj\u0105tkowych sytuacjach);<\/li>\n<\/ul>\n<p><strong>OG\u00d3LNE WARUNKI REKRUTACJI NA PRAKTYKI:<\/strong><\/p>\n<ul>\n<li>rekrutacja ci\u0105g\u0142a do wyczerpania \u015brodk\u00f3w;<\/li>\n<li>kandydaci zg\u0142aszaj\u0105 si\u0119 z wymaganymi dokumentami do koordynatora, a nast\u0119pnie udaj\u0105 si\u0119 do Biura Programu Erasmus+ w Rektoracie (Bankowa 12).<\/li>\n<li>wjazd na praktyk\u0119 powinien trwa\u0107 min. 2 miesi\u0105ce, maksymalnie 5 miesi\u0119cy i jest mo\u017cliwy r\u00f3wnie\u017c w przypadku absolwent\u00f3w U\u015a (do 12 miesi\u0119cy po obronie pracy dyplomowej).<\/li>\n<\/ul>\n<p><strong>WARUNKI PRZYST\u0104PIENIA DO REKRUTACJI NA STUDIA: <\/strong><\/p>\n<p>Kandydaci aplikuj\u0105 poprzez system USOS, w kt\u00f3rym wybieraj\u0105 spo\u015br\u00f3d dost\u0119pnej oferty preferowane uczelnie. W ramach aplikacji studenci proszeni s\u0105 o uzyskanie 2 niezale\u017cnych opinii dotycz\u0105cych kompetencji j\u0119zykowych, aktywno\u015bci studenckiej, dzia\u0142alno\u015bci dodatkowej \u00a0\u00a0\u00a0\u00a0\u00a0\u00a0\u00a0\u00a0\u00a0\u00a0\u00a0\u00a0\u00a0\u00a0\u00a0\u00a0\u00a0\u00a0\u00a0\u00a0\u00a0\u00a0\u00a0i rekomendacji do wyjazdu, kt\u00f3re zamie\u015bci\u0107 nale\u017cy on-line.<\/p>\n<p>Oczekujemy, \u017ce studenci planuj\u0105cy pobyt w uczelni partnerskiej na ostatnim roku studi\u00f3w I i II stopnia, do jednej z opinii wska\u017c\u0105 promotora pracy dyplomowej (licencjackiej lub magisterskiej).<\/p>\n<p><strong>KRYTERIA OCENY KANDYDAT\u00d3W:<\/strong><\/p>\n<ul>\n<li>\u015brednia ocen ze studi\u00f3w obliczona przez Dziekanat;<\/li>\n<li>dwie niezale\u017cne oceniaj\u0105ce znajomo\u015b\u0107 j\u0119zyka obcego oraz pozosta\u0142e kryteria (m.in. motywacja, dzia\u0142alno\u015b\u0107 studencka, wolontariat, inne kompetencje)<\/li>\n<\/ul>\n<p>&nbsp;<\/p>\n<p><strong>INFORMACJE:<\/strong><\/p>\n<p><strong>Informacje na temat miejsc na uczelniach partnerskich znajdziecie Pa\u0144stwo na stronie USOSweb w zak\u0142adce Wymiana Studencka.<\/strong><\/p>\n<p><strong>Wszelkich informacji dotycz\u0105cych wyjazd\u00f3w na studia i praktyki udzielaj\u0105 pe\u0142nomocnicy ds. mi\u0119dzynarodowej wymiany akademickiej:<\/strong><\/p>\n<p><strong>Bankowa 11 (wszystkie kierunki i specjalno\u015bci mieszcz\u0105ce si\u0119 w tym budynku):<\/strong><\/p>\n<p><strong>dr Katarzyna Ponikowska <\/strong><\/p>\n<p><strong><a href=\"mailto:katarzyna.ponikowska@us.edu.pl\">katarzyna.ponikowska@us.edu.pl<\/a><\/strong><\/p>\n<p>&nbsp;<\/p>\n<p><strong>Gra\u017cy\u0144skiego 53 (Psychologia, Pedagogika):<\/strong><\/p>\n<p><strong>dr Maria Che\u0142kowska-Zacharewicz<\/strong><\/p>\n<p><strong>maria.chelkowska-zacharewicz@us.edu.pl<\/strong><\/p>\n<p>Informacje na temat szczeg\u00f3\u0142owych zasad rekrutacji mo\u017cna uzyska\u0107 na stronie internetowej \u00a0\u00a0\u00a0\u00a0\u00a0\u00a0\u00a0\u00a0\u00a0\u00a0\u00a0 <strong>http:\/\/<a href=\"http:\/\/www.erasmus.us.edu.pl\/\">www.erasmus.us.edu.pl<\/a><\/strong> oraz na stronach uczelni partnerskich.<\/p>\n<style type=\"text\/css\">a[data-mtli~=\"mtli_filesize162b\"]:after {content:\" (162 b)\"}<\/style><\/div>\r\n                    <\/div>\r\n                <\/div>[\/vc_column][\/vc_row][vc_row][vc_column]\r\n                <div class=\"text-modules\">\r\n                    <div class=\"container\">\r\n                        <h3 class=\"page-title text__title\">Erasmus<\/h3>\r\n                        <div class=\"text-modules__content\"><\/div>\r\n                    <\/div>\r\n                <\/div>[\/vc_column][\/vc_row]<\/p>\n<style type=\"text\/css\">a[data-mtli~=\"mtli_filesize162b\"]:after {content:\" (162 b)\"}<\/style>","protected":false},"excerpt":{"rendered":"<p>[vc_row][vc_column][\/vc_column][\/vc_row][vc_row][vc_column][\/vc_column][\/vc_row] [&#8230;]<\/p>\n<p><a class=\"btn btn-secondary understrap-read-more-link\" href=\"https:\/\/us.edu.pl\/instytut\/is\/erasmus\/\">Read More&#8230;<\/a><\/p>\n","protected":false},"author":191,"featured_media":0,"parent":0,"menu_order":0,"comment_status":"closed","ping_status":"closed","template":"","meta":{"_expiration-date-status":"saved","_expiration-date":0,"_expiration-date-type":"","_expiration-date-categories":[],"_expiration-date-options":[]},"acf":[],"_links":{"self":[{"href":"https:\/\/us.edu.pl\/instytut\/is\/wp-json\/wp\/v2\/pages\/675"}],"collection":[{"href":"https:\/\/us.edu.pl\/instytut\/is\/wp-json\/wp\/v2\/pages"}],"about":[{"href":"https:\/\/us.edu.pl\/instytut\/is\/wp-json\/wp\/v2\/types\/page"}],"author":[{"embeddable":true,"href":"https:\/\/us.edu.pl\/instytut\/is\/wp-json\/wp\/v2\/users\/191"}],"replies":[{"embeddable":true,"href":"https:\/\/us.edu.pl\/instytut\/is\/wp-json\/wp\/v2\/comments?post=675"}],"version-history":[{"count":4,"href":"https:\/\/us.edu.pl\/instytut\/is\/wp-json\/wp\/v2\/pages\/675\/revisions"}],"predecessor-version":[{"id":682,"href":"https:\/\/us.edu.pl\/instytut\/is\/wp-json\/wp\/v2\/pages\/675\/revisions\/682"}],"wp:attachment":[{"href":"https:\/\/us.edu.pl\/instytut\/is\/wp-json\/wp\/v2\/media?parent=675"}],"curies":[{"name":"wp","href":"https:\/\/api.w.org\/{rel}","templated":true}]}}