{"id":118,"date":"2020-11-17T09:53:42","date_gmt":"2020-11-17T08:53:42","guid":{"rendered":"https:\/\/us.edu.pl\/instytut\/isft\/?page_id=118"},"modified":"2021-07-26T14:32:09","modified_gmt":"2021-07-26T12:32:09","slug":"partnerzy","status":"publish","type":"page","link":"https:\/\/us.edu.pl\/instytut\/isft\/partnerzy\/","title":{"rendered":"Partnerzy"},"content":{"rendered":"<p>[vc_row][vc_column][vc_images_carousel images=&#8221;239,238,234,235,237,236,472,473,474,475&#8243; img_size=&#8221;2000&#215;2000&#8243; onclick=&#8221;custom_link&#8221; custom_links_target=&#8221;_blank&#8221; speed=&#8221;2000&#8243; slides_per_view=&#8221;6&#8243; autoplay=&#8221;yes&#8221; hide_pagination_control=&#8221;yes&#8221; partial_view=&#8221;yes&#8221; wrap=&#8221;yes&#8221; el_class=&#8221;container&#8221; custom_links=&#8221;#E-8_aHR0cCUzQSUyRiUyRmZlc3Rpd2FsLWludGVycHJldGFjamUucGwlMkYlMkNodHRwcyUzQSUyRiUyRnd3dy50cmFuc2F0bGFudHlrLm9yZyUyRiUyQ2h0dHBzJTNBJTJGJTJGd3d3LmludGVyZmlsbS5kZSUyRiUyQ2h0dHBzJTNBJTJGJTJGaW5zdHl0dXRwb2xza2kucGwlMkZiZXJsaW4lMkYyMDIwJTJGMDglMkYyMyUyRjE1LWZpbG1wb2xza2EtcG9sbmlzY2hlcy1maWxtZmVzdGl2YWwlMkYlMkNodHRwcyUzQSUyRiUyRndhdGNoZG9jcy5wbCUyRndhdGNoLWRvY3MlMkYyMDIwJTJGZmVzdGl3YWwlMkNodHRwJTNBJTJGJTJGbWlhc3RvLW9ncm9kb3cuZXUlMkYlMkNodHRwcyUzQSUyRiUyRmlhbS5wbCUyRnBsJTJDaHR0cHMlM0ElMkYlMkZ3d3cuYXNwLmtyYWtvdy5wbCUyRiUyQ2h0dHBzJTNBJTJGJTJGd3d3LmNraW9wb2Rrb3dhLnBsJTJGJTJDaHR0cHMlM0ElMkYlMkZzdG93YXJ6eXN6ZW5pZWtpbi5wbCUyRg==&#8221;][\/vc_column][\/vc_row][vc_row][vc_column]\r\n                <div class=\"text-modules\">\r\n                    <div class=\"container\">\r\n                        \r\n                        <div class=\"text-modules__content\"><p>Instytucje, z kt\u00f3rymi wsp\u00f3\u0142pracujemy oraz wsp\u00f3\u0142organizowane przez nas wydarzenia:<\/p>\n<ul>\n<li><a href=\"http:\/\/festiwal-interpretacje.pl\/\" target=\"_blank\" rel=\"noopener noreferrer\">Festiwal Sztuki Re\u017cyserskiej INTERPRETACJE<\/a><\/li>\n<li><a href=\"https:\/\/www.transatlantyk.org\/\" target=\"_blank\" rel=\"noopener noreferrer\">Mi\u0119dzynarodowy Festiwal Filmowy TRANSATLANTYK<\/a><\/li>\n<li><a href=\"https:\/\/www.interfilm.de\/\" target=\"_blank\" rel=\"noopener noreferrer\">Mi\u0119dzynarodowy Festiwal Filmowy INTERFILM Berlin<\/a><\/li>\n<li><a href=\"https:\/\/instytutpolski.pl\/berlin\/2020\/08\/23\/15-filmpolska-polnisches-filmfestival\/\" target=\"_blank\" rel=\"noopener noreferrer\">Instytut Polski w Berlinie Polnisches Institut Berlin<\/a><\/li>\n<li><a href=\"https:\/\/watchdocs.pl\/watch-docs\/2020\" target=\"_blank\" rel=\"noopener noreferrer\">Festiwal Filmowy WATCH DOCS<\/a><\/li>\n<li><a href=\"http:\/\/miasto-ogrodow.eu\/\" target=\"_blank\" rel=\"noopener noreferrer\">Katowice Miasto Ogrod\u00f3w<\/a><\/li>\n<li><a href=\"https:\/\/iam.pl\/pl\" target=\"_blank\" rel=\"noopener noreferrer\">Instytut Adama Mickiewicza<\/a><\/li>\n<li><a href=\"https:\/\/www.asp.krakow.pl\/\" target=\"_blank\" rel=\"noopener noreferrer\">Akademia Sztuk Pi\u0119knych w Krakowie<\/a><\/li>\n<li><a href=\"https:\/\/www.ckiopodkowa.pl\/\" target=\"_blank\" rel=\"noopener noreferrer\">Centrum Kultury i Inicjatyw Obywatelskich<\/a><\/li>\n<li><a href=\"https:\/\/stowarzyszeniekin.pl\/\" target=\"_blank\" rel=\"noopener noreferrer\">Stowarzyszenie Kin Studyjnych<\/a><\/li>\n<\/ul>\n<p>Od pa\u017adziernika 2019 roku Szko\u0142a Filmowa im. K. Kie\u015blowskiego anga\u017cuje si\u0119 w wydarzenia artystyczne, naukowe oraz dydaktyczne za po\u015brednictwem Instytutu Sztuk Filmowych i Teatralnych.<\/p>\n<p><strong>Je\u017celi byliby Pa\u0144stwo zainteresowani podj\u0119ciem wsp\u00f3\u0142pracy z Instytutem, serdecznie zapraszamy do kontaktu.<\/strong><\/p>\n<p>e-mail:\u00a0<em><span id=\"cloak621b7c1a9951b123b897bc03107331ab\">isft.sf@us.edu.pl<\/span><\/em><\/p>\n<\/div>\r\n                    <\/div>\r\n                <\/div>[\/vc_column][\/vc_row]<\/p>","protected":false},"excerpt":{"rendered":"<p>[vc_row][vc_column][vc_images_carousel images=&#8221;239,238,234,235,237,236,472,473,474,475&#8243; img_size=&#8221;2000&#215;2000&#8243; onclick=&#8221;custom_link&#8221; custom_links_target=&#8221;_blank&#8221; speed=&#8221;2000&#8243; slides_per_view=&#8221;6&#8243; autoplay=&#8221;yes&#8221; hide_pagination_control=&#8221;yes&#8221; partial_view=&#8221;yes&#8221; wrap=&#8221;yes&#8221; el_class=&#8221;container&#8221; custom_links=&#8221;#E-8_aHR0cCUzQSUyRiUyRmZlc3Rpd2FsLWludGVycHJldGFjamUucGwlMkYlMkNodHRwcyUzQSUyRiUyRnd3dy50cmFuc2F0bGFudHlrLm9yZyUyRiUyQ2h0dHBzJTNBJTJGJTJGd3d3LmludGVyZmlsbS5kZSUyRiUyQ2h0dHBzJTNBJTJGJTJGaW5zdHl0dXRwb2xza2kucGwlMkZiZXJsaW4lMkYyMDIwJTJGMDglMkYyMyUyRjE1LWZpbG1wb2xza2EtcG9sbmlzY2hlcy1maWxtZmVzdGl2YWwlMkYlMkNodHRwcyUzQSUyRiUyRndhdGNoZG9jcy5wbCUyRndhdGNoLWRvY3MlMkYyMDIwJTJGZmVzdGl3YWwlMkNodHRwJTNBJTJGJTJGbWlhc3RvLW9ncm9kb3cuZXUlMkYlMkNodHRwcyUzQSUyRiUyRmlhbS5wbCUyRnBsJTJDaHR0cHMlM0ElMkYlMkZ3d3cuYXNwLmtyYWtvdy5wbCUyRiUyQ2h0dHBzJTNBJTJGJTJGd3d3LmNraW9wb2Rrb3dhLnBsJTJGJTJDaHR0cHMlM0ElMkYlMkZzdG93YXJ6eXN6ZW5pZWtpbi5wbCUyRg==&#8221;][\/vc_column][\/vc_row][vc_row][vc_column][\/vc_column][\/vc_row] [&#8230;]<\/p>\n<p><a class=\"btn btn-secondary understrap-read-more-link\" href=\"https:\/\/us.edu.pl\/instytut\/isft\/partnerzy\/\">Read More&#8230;<\/a><\/p>\n","protected":false},"author":29,"featured_media":0,"parent":0,"menu_order":0,"comment_status":"closed","ping_status":"closed","template":"","meta":{"_expiration-date-status":"saved","_expiration-date":0,"_expiration-date-type":"","_expiration-date-categories":[],"_expiration-date-options":[]},"acf":[],"_links":{"self":[{"href":"https:\/\/us.edu.pl\/instytut\/isft\/wp-json\/wp\/v2\/pages\/118"}],"collection":[{"href":"https:\/\/us.edu.pl\/instytut\/isft\/wp-json\/wp\/v2\/pages"}],"about":[{"href":"https:\/\/us.edu.pl\/instytut\/isft\/wp-json\/wp\/v2\/types\/page"}],"author":[{"embeddable":true,"href":"https:\/\/us.edu.pl\/instytut\/isft\/wp-json\/wp\/v2\/users\/29"}],"replies":[{"embeddable":true,"href":"https:\/\/us.edu.pl\/instytut\/isft\/wp-json\/wp\/v2\/comments?post=118"}],"version-history":[{"count":18,"href":"https:\/\/us.edu.pl\/instytut\/isft\/wp-json\/wp\/v2\/pages\/118\/revisions"}],"predecessor-version":[{"id":513,"href":"https:\/\/us.edu.pl\/instytut\/isft\/wp-json\/wp\/v2\/pages\/118\/revisions\/513"}],"wp:attachment":[{"href":"https:\/\/us.edu.pl\/instytut\/isft\/wp-json\/wp\/v2\/media?parent=118"}],"curies":[{"name":"wp","href":"https:\/\/api.w.org\/{rel}","templated":true}]}}