{"id":124,"date":"2020-11-17T09:56:46","date_gmt":"2020-11-17T08:56:46","guid":{"rendered":"https:\/\/us.edu.pl\/instytut\/isft\/?page_id=124"},"modified":"2021-07-28T13:32:03","modified_gmt":"2021-07-28T11:32:03","slug":"o-instytucie","status":"publish","type":"page","link":"https:\/\/us.edu.pl\/instytut\/isft\/o-instytucie\/","title":{"rendered":"O Instytucie"},"content":{"rendered":"<p>[vc_row disable_element=&#8221;yes&#8221;][vc_column][vc_media_grid element_width=&#8221;2&#8243; gap=&#8221;2&#8243; grid_id=&#8221;vc_gid:1627471049220-686b1363-4829-4&#8243; include=&#8221;287,288,289,290,295,296&#8243; el_class=&#8221;container&#8221;][\/vc_column][\/vc_row][vc_row][vc_column]            \r\n                    <div class=\"container\">\r\n                        <div class=\"gallery gallery_4\" data-images-in-row=\"4\">\r\n                            \r\n                            <div class=\"row m-0\">\r\n                                <a data-fancybox-group=\"button\" title=\"\" data-fancybox=\"863\" href=\"https:\/\/us.edu.pl\/instytut\/isft\/wp-content\/uploads\/sites\/49\/Nieprzypisane\/gal5-2.jpg\" class=\"gallery__item thumbnail\"\r\n                                    style=\"background-image: url(https:\/\/us.edu.pl\/instytut\/isft\/wp-content\/uploads\/sites\/49\/Nieprzypisane\/gal5-2-1024x512.jpg)\"> <span class=\"d-none\">https:\/\/us.edu.pl\/instytut\/isft\/wp-content\/uploads\/sites\/49\/Nieprzypisane\/gal5-2.jpg<\/span> <\/a><a data-fancybox-group=\"button\" title=\"\" data-fancybox=\"863\" href=\"https:\/\/us.edu.pl\/instytut\/isft\/wp-content\/uploads\/sites\/49\/Nieprzypisane\/gal4-1.jpg\" class=\"gallery__item thumbnail\"\r\n                                    style=\"background-image: url(https:\/\/us.edu.pl\/instytut\/isft\/wp-content\/uploads\/sites\/49\/Nieprzypisane\/gal4-1-1024x512.jpg)\"> <span class=\"d-none\">https:\/\/us.edu.pl\/instytut\/isft\/wp-content\/uploads\/sites\/49\/Nieprzypisane\/gal4-1.jpg<\/span> <\/a><a data-fancybox-group=\"button\" title=\"\" data-fancybox=\"863\" href=\"https:\/\/us.edu.pl\/instytut\/isft\/wp-content\/uploads\/sites\/49\/Nieprzypisane\/gal2-1.jpg\" class=\"gallery__item thumbnail\"\r\n                                    style=\"background-image: url(https:\/\/us.edu.pl\/instytut\/isft\/wp-content\/uploads\/sites\/49\/Nieprzypisane\/gal2-1-1024x512.jpg)\"> <span class=\"d-none\">https:\/\/us.edu.pl\/instytut\/isft\/wp-content\/uploads\/sites\/49\/Nieprzypisane\/gal2-1.jpg<\/span> <\/a><a data-fancybox-group=\"button\" title=\"\" data-fancybox=\"863\" href=\"https:\/\/us.edu.pl\/instytut\/isft\/wp-content\/uploads\/sites\/49\/Nieprzypisane\/gal-1.jpg\" class=\"gallery__item thumbnail\"\r\n                                    style=\"background-image: url(https:\/\/us.edu.pl\/instytut\/isft\/wp-content\/uploads\/sites\/49\/Nieprzypisane\/gal-1-1024x512.jpg)\"> <span class=\"d-none\">https:\/\/us.edu.pl\/instytut\/isft\/wp-content\/uploads\/sites\/49\/Nieprzypisane\/gal-1.jpg<\/span> <\/a>\r\n                            <\/div>\r\n                    <\/div>\r\n                <\/div>\r\n                <div class=\"text-modules \">\r\n                    <div class=\"container\">\r\n                        <h3 class=\"section-title section-title_border-bottom\">O Instytucie<\/h3> \r\n                        <div class=\"row m-0\">\r\n                            <div class=\"text-modules__content\">\r\n                                <span style=\"font-size: 10pt;\"><strong>Instytut Sztuk Filmowych i Teatralnych jest instytutem naukowym <\/strong><strong>i artystycznym Szko\u0142y Filmowej im. Krzysztofa Kie\u015blowskiego <\/strong><strong>Uniwersytetu \u015al\u0105skiego w Katowicach. <\/strong><strong>Prowadzona jest w nim dzia\u0142alno\u015b\u0107 tw\u00f3rcza w zakresie sztuk <\/strong><strong>filmowych, fotografii oraz sztuk teatralnych.<\/strong><\/span><\/p>\n<p><span style=\"font-size: 10pt;\">Do zada\u0144 Instytutu nale\u017c\u0105:<\/span><\/p>\n<ul>\n<li><span style=\"font-size: 10pt;\">Prowadzenie i wsparcie bada\u0144 naukowych oraz artystycznych z dyscypliny sztuk filmowych i teatralnych,<\/span><\/li>\n<li><span style=\"font-size: 10pt;\">Organizowanie i wsp\u00f3\u0142organizowanie wydarze\u0144 naukowych, artystycznych i kulturalnych promuj\u0105cych sztuk\u0119 filmow\u0105,<\/span><\/li>\n<li><span style=\"font-size: 10pt;\">Organizowanie oraz udzia\u0142 w konferencjach, seminariach, szkoleniach oraz sesjach naukowych,<\/span><\/li>\n<li><span style=\"font-size: 10pt;\">Wydawnictwa w\u0142asne oraz publikacja artyku\u0142\u00f3w naukowych,<\/span><\/li>\n<li><span style=\"font-size: 10pt;\">Uczestniczenie w projektach s\u0142u\u017c\u0105cych upowszechnianiu sztuki filmowej,<\/span><\/li>\n<li><span style=\"font-size: 10pt;\">Organizowanie mi\u0119dzynarodowego festiwalu film\u00f3w kr\u00f3tkometra\u017cowych W\u0119giel Film Festival.<\/span><\/li>\n<\/ul>\n<p><span style=\"font-size: 10pt;\">Prac\u0105 Instytutu kieruje zesp\u00f3\u0142 przedstawicieli \u015bwiata filmu, kultury, nauki i literatury, kt\u00f3rych tw\u00f3rczo\u015b\u0107 w postaci form kinematograficznych, telewizyjnych i teatralnych ma znacz\u0105cy zasi\u0119g w Polsce i Europie.<\/span> \r\n                                <div class=\"mt-3\"><\/div>\r\n                            <\/div>\r\n                            \r\n                            \r\n                        <\/div>\r\n                    <\/div>\r\n                <\/div>            \r\n                \r\n                <div class=\"container\">\r\n                     <div class=\"gallery-big \">\r\n                        \r\n                        <div class=\"row m-0\">\r\n                        <a data-fancybox=\"2812\" href=\"https:\/\/us.edu.pl\/instytut\/isft\/wp-content\/uploads\/sites\/49\/Nieprzypisane\/grafika-WRSIT2-1.png\"\r\n                        title=\"\" \r\n                        class=\"gallery-big__item gallery-big__item_big thumbnail\"\r\n                        style=\"background-image: url(https:\/\/us.edu.pl\/instytut\/isft\/wp-content\/uploads\/sites\/49\/Nieprzypisane\/grafika-WRSIT2-1-1024x478.png)\"><span class=\"d-none\">https:\/\/us.edu.pl\/instytut\/isft\/wp-content\/uploads\/sites\/49\/Nieprzypisane\/grafika-WRSIT2-1.png<\/span><\/a><\/div><\/div>\r\n                    <\/div>\r\n                <\/div>[\/vc_column][\/vc_row][vc_row][vc_column][vc_tta_tabs style=&#8221;modern&#8221; shape=&#8221;square&#8221; spacing=&#8221;10&#8243; gap=&#8221;5&#8243; active_section=&#8221;1&#8243; el_class=&#8221;container&#8221;][vc_tta_section i_icon_fontawesome=&#8221;fa fa-graduation-cap&#8221; add_icon=&#8221;true&#8221; title=&#8221;Dyrekcja Instytutu&#8221; tab_id=&#8221;1612347847373-2e975570-ae6a&#8221; el_class=&#8221;container&#8221;]\r\n\t\t\t\t<div class='container'>\r\n\t\t\t\t\t<div class='list-links list-links_'>\r\n\t\t\t\t\t\t  \r\n\t\t\t\t\t\t  <ul>\r\n\t\t\t\t\t\t\t\t<li><a href='https:\/\/us.edu.pl\/instytut\/isft\/dyrekcja\/'><p>Dyrektor Instytutu Sztuk Filmowych i Teatralnych<\/p><\/a><\/li>\r\n\t\t\t\t\t\t\t\t<li><a href='https:\/\/us.edu.pl\/instytut\/isft\/dyrekcja\/'><p>Zast\u0119pca Dyrektora Instytutu Sztuk Filmowych i Teatralnych<\/p><\/a><\/li><\/ul>\r\n\t\t\t\t\t<\/div>\r\n\t\t\t\t<\/div>   \r\n\t\t\t\t\t[\/vc_tta_section][vc_tta_section i_icon_fontawesome=&#8221;fa fa-users&#8221; add_icon=&#8221;true&#8221; title=&#8221;Rada Naukowa&#8221; tab_id=&#8221;1612347847382-fff1b734-2c04&#8243; el_class=&#8221;container&#8221;]\r\n\t\t\t\t<div class='container'>\r\n\t\t\t\t\t<div class='list-links list-links_'>\r\n\t\t\t\t\t\t  \r\n\t\t\t\t\t\t  <ul>\r\n\t\t\t\t\t\t\t\t<li><a href='https:\/\/us.edu.pl\/instytut\/isft\/dyrekcja-i-rada-naukowa\/'><p>Sk\u0142ad Rady Naukowej Instytutu<\/p><\/a><\/li><\/ul>\r\n\t\t\t\t\t<\/div>\r\n\t\t\t\t<\/div>   \r\n\t\t\t\t\t[\/vc_tta_section][vc_tta_section i_icon_fontawesome=&#8221;fa fa-area-chart&#8221; add_icon=&#8221;true&#8221; title=&#8221;Projekty&#8221; tab_id=&#8221;1612348129771-c5ad801d-149c&#8221; el_class=&#8221;container&#8221;]\r\n\t\t\t\t<div class='container'>\r\n\t\t\t\t\t<div class='list-links list-links_'>\r\n\t\t\t\t\t\t  \r\n\t\t\t\t\t\t  <ul>\r\n\t\t\t\t\t\t\t\t<li><a href='https:\/\/us.edu.pl\/instytut\/isft\/projekty-badawczo-artystyczne\/'><p>Projekty badawczo - artystyczne<\/p><\/a><\/li>\r\n\t\t\t\t\t\t\t\t<li><a href='https:\/\/us.edu.pl\/instytut\/isft\/wegiel-film-festival\/'><p>W\u0119giel Film Festival<\/p><\/a><\/li>\r\n\t\t\t\t\t\t\t\t<li><a href='https:\/\/us.edu.pl\/instytut\/isft\/film-proxy\/'><p>Film Proxy<\/p><\/a><\/li><\/ul>\r\n\t\t\t\t\t<\/div>\r\n\t\t\t\t<\/div>   \r\n\t\t\t\t\t[\/vc_tta_section][vc_tta_section i_icon_fontawesome=&#8221;fa fa-handshake-o&#8221; add_icon=&#8221;true&#8221; title=&#8221;Partnerzy&#8221; tab_id=&#8221;1612348197199-4610c5ad-0f48&#8243; el_class=&#8221;container&#8221;]\r\n\t\t\t\t<div class='container'>\r\n\t\t\t\t\t<div class='list-links list-links_'>\r\n\t\t\t\t\t\t  \r\n\t\t\t\t\t\t  <ul>\r\n\t\t\t\t\t\t\t\t<li><a href='https:\/\/us.edu.pl\/instytut\/isft\/partnerzy\/'><p>Instytucje, z kt\u00f3rymi wsp\u00f3\u0142pracujemy oraz wsp\u00f3\u0142organizowane przez nas wydarzenia<\/p><\/a><\/li><\/ul>\r\n\t\t\t\t\t<\/div>\r\n\t\t\t\t<\/div>   \r\n\t\t\t\t\t[\/vc_tta_section][\/vc_tta_tabs][\/vc_column][\/vc_row]<\/p>","protected":false},"excerpt":{"rendered":"<p>[vc_row disable_element=&#8221;yes&#8221;][vc_column][vc_media_grid element_width=&#8221;2&#8243; gap=&#8221;2&#8243; grid_id=&#8221;vc_gid:1627471049220-686b1363-4829-4&#8243; include=&#8221;287,288,289,290,295,296&#8243; el_class=&#8221;container&#8221;][\/vc_column][\/vc_row][vc_row][vc_column][\/vc_column][\/vc_row][vc_row][vc_column][vc_tta_tabs style=&#8221;modern&#8221; shape=&#8221;square&#8221; spacing=&#8221;10&#8243; gap=&#8221;5&#8243; active_section=&#8221;1&#8243; el_class=&#8221;container&#8221;][vc_tta_section i_icon_fontawesome=&#8221;fa fa-graduation-cap&#8221; add_icon=&#8221;true&#8221; title=&#8221;Dyrekcja Instytutu&#8221; tab_id=&#8221;1612347847373-2e975570-ae6a&#8221; el_class=&#8221;container&#8221;][\/vc_tta_section][vc_tta_section i_icon_fontawesome=&#8221;fa fa-users&#8221; add_icon=&#8221;true&#8221; title=&#8221;Rada Naukowa&#8221; tab_id=&#8221;1612347847382-fff1b734-2c04&#8243; el_class=&#8221;container&#8221;][\/vc_tta_section][vc_tta_section i_icon_fontawesome=&#8221;fa fa-area-chart&#8221; add_icon=&#8221;true&#8221; title=&#8221;Projekty&#8221; tab_id=&#8221;1612348129771-c5ad801d-149c&#8221; el_class=&#8221;container&#8221;][\/vc_tta_section][vc_tta_section i_icon_fontawesome=&#8221;fa fa-handshake-o&#8221; add_icon=&#8221;true&#8221; title=&#8221;Partnerzy&#8221; tab_id=&#8221;1612348197199-4610c5ad-0f48&#8243; el_class=&#8221;container&#8221;][\/vc_tta_section][\/vc_tta_tabs][\/vc_column][\/vc_row] [&#8230;]<\/p>\n<p><a class=\"btn btn-secondary understrap-read-more-link\" href=\"https:\/\/us.edu.pl\/instytut\/isft\/o-instytucie\/\">Read More&#8230;<\/a><\/p>\n","protected":false},"author":29,"featured_media":0,"parent":0,"menu_order":0,"comment_status":"closed","ping_status":"closed","template":"","meta":{"_expiration-date-status":"saved","_expiration-date":0,"_expiration-date-type":"","_expiration-date-categories":[],"_expiration-date-options":[]},"acf":[],"_links":{"self":[{"href":"https:\/\/us.edu.pl\/instytut\/isft\/wp-json\/wp\/v2\/pages\/124"}],"collection":[{"href":"https:\/\/us.edu.pl\/instytut\/isft\/wp-json\/wp\/v2\/pages"}],"about":[{"href":"https:\/\/us.edu.pl\/instytut\/isft\/wp-json\/wp\/v2\/types\/page"}],"author":[{"embeddable":true,"href":"https:\/\/us.edu.pl\/instytut\/isft\/wp-json\/wp\/v2\/users\/29"}],"replies":[{"embeddable":true,"href":"https:\/\/us.edu.pl\/instytut\/isft\/wp-json\/wp\/v2\/comments?post=124"}],"version-history":[{"count":25,"href":"https:\/\/us.edu.pl\/instytut\/isft\/wp-json\/wp\/v2\/pages\/124\/revisions"}],"predecessor-version":[{"id":574,"href":"https:\/\/us.edu.pl\/instytut\/isft\/wp-json\/wp\/v2\/pages\/124\/revisions\/574"}],"wp:attachment":[{"href":"https:\/\/us.edu.pl\/instytut\/isft\/wp-json\/wp\/v2\/media?parent=124"}],"curies":[{"name":"wp","href":"https:\/\/api.w.org\/{rel}","templated":true}]}}