{"id":357,"date":"2021-01-20T11:19:08","date_gmt":"2021-01-20T10:19:08","guid":{"rendered":"https:\/\/us.edu.pl\/instytut\/isft\/?page_id=357"},"modified":"2021-07-26T14:41:28","modified_gmt":"2021-07-26T12:41:28","slug":"wegiel-film-festival","status":"publish","type":"page","link":"https:\/\/us.edu.pl\/instytut\/isft\/wegiel-film-festival\/","title":{"rendered":"W\u0119giel Film Festival"},"content":{"rendered":"<p>[vc_row][vc_column][vc_video link=&#8221;https:\/\/youtu.be\/OmjIQ9LMGWE&#8221; el_width=&#8221;80&#8243; align=&#8221;center&#8221; el_class=&#8221;container&#8221;][\/vc_column][\/vc_row][vc_row][vc_column]            \r\n                \r\n                <div class=\"container\">\r\n                     <div class=\"gallery-big \">\r\n                        \r\n                        <div class=\"row m-0\">\r\n                        <a data-fancybox=\"25\" href=\"https:\/\/us.edu.pl\/instytut\/isft\/wp-content\/uploads\/sites\/49\/Nieprzypisane\/plik.jpg\"\r\n                        title=\"\" \r\n                        class=\"gallery-big__item gallery-big__item_big thumbnail\"\r\n                        style=\"background-image: url(https:\/\/us.edu.pl\/instytut\/isft\/wp-content\/uploads\/sites\/49\/Nieprzypisane\/plik-1024x473.jpg)\"><span class=\"d-none\">https:\/\/us.edu.pl\/instytut\/isft\/wp-content\/uploads\/sites\/49\/Nieprzypisane\/plik.jpg<\/span><\/a><\/div><\/div>\r\n                    <\/div>\r\n                <\/div>\r\n                <div class=\"text-modules \">\r\n                    <div class=\"container\">\r\n                         \r\n                        <div class=\"row m-0\">\r\n                            <div class=\"text-modules__content\">\r\n                                <span style=\"font-size: 18pt;\"><strong>W\u0119giel Film Festival\u00a0to\u00a0wydarzenie wyj\u0105tkowe.<\/strong><\/span><\/p>\n<p><strong>W\u0119giel to jedyny w Polsce mi\u0119dzynarodowy festiwal filmowy organizowany ca\u0142kowicie przez student\u00f3w! Co roku W\u0119giel tworz\u0105 studenci drugiego roku Organizacji Produkcji Filmowej i\u00a0Telewizyjnej w\u00a0Szkole Filmowej im.\u00a0K. Kie\u015blowskiego.<\/strong> \r\n                                <div class=\"mt-3\"><\/div>\r\n                            <\/div>\r\n                            \r\n                            <div class=\"text-modules__img\"><img src=\"https:\/\/us.edu.pl\/instytut\/isft\/wp-content\/uploads\/sites\/49\/Nieprzypisane\/napis-wegiel-1024x576.png\" alt=\"img\"><\/div>\r\n                        <\/div>\r\n                    <\/div>\r\n                <\/div>[\/vc_column][\/vc_row][vc_row][vc_column][vc_row_inner][vc_column_inner][vc_single_image image=&#8221;430&#8243; img_size=&#8221;8000&#215;400&#8243; alignment=&#8221;center&#8221; el_class=&#8221;container&#8221;][\/vc_column_inner][\/vc_row_inner][\/vc_column][\/vc_row][vc_row][vc_column][vc_row_inner][vc_column_inner][\/vc_column_inner][\/vc_row_inner][vc_images_carousel images=&#8221;417,418,420,419&#8243; img_size=&#8221;full&#8221; speed=&#8221;3500&#8243; autoplay=&#8221;yes&#8221; hide_pagination_control=&#8221;yes&#8221; hide_prev_next_buttons=&#8221;yes&#8221; wrap=&#8221;yes&#8221; css_animation=&#8221;right-to-left&#8221; el_class=&#8221;container&#8221;][\/vc_column][\/vc_row][vc_row][vc_column]\r\n                <div class=\"numerical-data numerical-data_horizontal color-blue\" style=\"background: \">\r\n                \r\n                    <div class=\"container\">\r\n                        <div class=\"row m-0\">\r\n                        \r\n                        <div class=\"numerical-data-item\">\r\n                                <div class=\"numerical-data-item__icon\" style=\"padding-top: 12px;\"> <img src=\"https:\/\/us.edu.pl\/instytut\/isft\/wp-content\/uploads\/sites\/49\/Nieprzypisane\/wegiel2021-LOGO-KH-01.png\" alt=\"W 2021 roku odby\u0142a si\u0119 ju\u017c 18 edycja Festiwalu!\"><\/div>\r\n                                <div class=\"numerical-data-item__content\"><div class=\"numerical-data-item__num\">18<\/div><div class=\"numerical-data-item__text\">W 2021 roku odby\u0142a si\u0119 ju\u017c 18 edycja Festiwalu!<\/div>\r\n                                <\/div>  \r\n                        <\/div>\r\n                    \r\n                        <div class=\"numerical-data-item\">\r\n                                <div class=\"numerical-data-item__icon\" style=\"padding-top: 12px;\"> <img src=\"https:\/\/us.edu.pl\/instytut\/isft\/wp-content\/uploads\/sites\/49\/Nieprzypisane\/wegiel2021-LOGO-KH-02.png\" alt=\"\u015arednio oko\u0142o 2000 zg\u0142osze\u0144 ka\u017cdego roku!\"><\/div>\r\n                                <div class=\"numerical-data-item__content\"><div class=\"numerical-data-item__num\">2000<\/div><div class=\"numerical-data-item__text\">\u015arednio oko\u0142o 2000 zg\u0142osze\u0144 ka\u017cdego roku!<\/div>\r\n                                <\/div>  \r\n                        <\/div>\r\n                    \r\n                        <div class=\"numerical-data-item\">\r\n                                <div class=\"numerical-data-item__icon\" style=\"padding-top: 12px;\"> <img src=\"https:\/\/us.edu.pl\/instytut\/isft\/wp-content\/uploads\/sites\/49\/Nieprzypisane\/wegiel2021-LOGO-KH-03.png\" alt=\"W XVIII edycji Festiwalu uczestniczy\u0142y zg\u0142oszenia z ponad 100 kraj\u00f3w!\"><\/div>\r\n                                <div class=\"numerical-data-item__content\"><div class=\"numerical-data-item__num\">100<\/div><div class=\"numerical-data-item__text\">W XVIII edycji Festiwalu uczestniczy\u0142y zg\u0142oszenia z ponad 100 kraj\u00f3w!<\/div>\r\n                                <\/div>  \r\n                        <\/div>\r\n                    \r\n                        <\/div>\r\n                    <\/div>\r\n                \r\n                <\/div>\r\n            [\/vc_column][\/vc_row][vc_row][vc_column]\r\n\t\t\t\t<div class='container'>\r\n\t\t\t\t\t<div class='list-links list-links_'>\r\n\t\t\t\t\t\t  \r\n\t\t\t\t\t\t  <ul>\r\n\t\t\t\t\t\t\t\t<li><a href='https:\/\/www.wff.us.edu.pl\/'><p>Strona g\u0142\u00f3wna Festiwalu <\/p><\/a><\/li>\r\n\t\t\t\t\t\t\t\t<li><a href='https:\/\/www.facebook.com\/WegielFilmFestival'><p>Facebook <\/p><\/a><\/li>\r\n\t\t\t\t\t\t\t\t<li><a href='https:\/\/filmfreeway.com\/WegielFilmFestival'><p>FilmFreeway<\/p><\/a><\/li><\/ul>\r\n\t\t\t\t\t<\/div>\r\n\t\t\t\t<\/div>   \r\n\t\t\t\t\t[\/vc_column][\/vc_row]<\/p>","protected":false},"excerpt":{"rendered":"<p>[vc_row][vc_column][vc_video link=&#8221;https:\/\/youtu.be\/OmjIQ9LMGWE&#8221; el_width=&#8221;80&#8243; align=&#8221;center&#8221; el_class=&#8221;container&#8221;][\/vc_column][\/vc_row][vc_row][vc_column][\/vc_column][\/vc_row][vc_row][vc_column][vc_row_inner][vc_column_inner][vc_single_image image=&#8221;430&#8243; img_size=&#8221;8000&#215;400&#8243; alignment=&#8221;center&#8221; el_class=&#8221;container&#8221;][\/vc_column_inner][\/vc_row_inner][\/vc_column][\/vc_row][vc_row][vc_column][vc_row_inner][vc_column_inner][\/vc_column_inner][\/vc_row_inner][vc_images_carousel images=&#8221;417,418,420,419&#8243; img_size=&#8221;full&#8221; speed=&#8221;3500&#8243; autoplay=&#8221;yes&#8221; hide_pagination_control=&#8221;yes&#8221; hide_prev_next_buttons=&#8221;yes&#8221; wrap=&#8221;yes&#8221; css_animation=&#8221;right-to-left&#8221; el_class=&#8221;container&#8221;][\/vc_column][\/vc_row][vc_row][vc_column][\/vc_column][\/vc_row][vc_row][vc_column][\/vc_column][\/vc_row] [&#8230;]<\/p>\n<p><a class=\"btn btn-secondary understrap-read-more-link\" href=\"https:\/\/us.edu.pl\/instytut\/isft\/wegiel-film-festival\/\">Read More&#8230;<\/a><\/p>\n","protected":false},"author":2787,"featured_media":0,"parent":0,"menu_order":0,"comment_status":"closed","ping_status":"closed","template":"","meta":{"_expiration-date-status":"saved","_expiration-date":0,"_expiration-date-type":"","_expiration-date-categories":[],"_expiration-date-options":[]},"acf":[],"_links":{"self":[{"href":"https:\/\/us.edu.pl\/instytut\/isft\/wp-json\/wp\/v2\/pages\/357"}],"collection":[{"href":"https:\/\/us.edu.pl\/instytut\/isft\/wp-json\/wp\/v2\/pages"}],"about":[{"href":"https:\/\/us.edu.pl\/instytut\/isft\/wp-json\/wp\/v2\/types\/page"}],"author":[{"embeddable":true,"href":"https:\/\/us.edu.pl\/instytut\/isft\/wp-json\/wp\/v2\/users\/2787"}],"replies":[{"embeddable":true,"href":"https:\/\/us.edu.pl\/instytut\/isft\/wp-json\/wp\/v2\/comments?post=357"}],"version-history":[{"count":12,"href":"https:\/\/us.edu.pl\/instytut\/isft\/wp-json\/wp\/v2\/pages\/357\/revisions"}],"predecessor-version":[{"id":522,"href":"https:\/\/us.edu.pl\/instytut\/isft\/wp-json\/wp\/v2\/pages\/357\/revisions\/522"}],"wp:attachment":[{"href":"https:\/\/us.edu.pl\/instytut\/isft\/wp-json\/wp\/v2\/media?parent=357"}],"curies":[{"name":"wp","href":"https:\/\/api.w.org\/{rel}","templated":true}]}}