{"id":280,"date":"2020-02-17T14:17:29","date_gmt":"2020-02-17T13:17:29","guid":{"rendered":"https:\/\/us.edu.pl\/instytut\/ismuz\/?page_id=280"},"modified":"2022-03-16T13:56:53","modified_gmt":"2022-03-16T12:56:53","slug":"wspolpraca","status":"publish","type":"page","link":"https:\/\/us.edu.pl\/instytut\/ismuz\/en\/wspolpraca\/","title":{"rendered":"Cooperation"},"content":{"rendered":"<p>[vc_row][vc_column]\r\n                <div class=\"text-modules\">\r\n                    <div class=\"container\">\r\n                        <h3 class=\"page-title text__title\">Erasmus+<\/h3>\r\n                        <div class=\"text-modules__content\"><p><strong>The coordinator of the Erasmus + programme in the Institute of Music in Cieszyn:<br \/>\nJoanna Nowicka, PhD\u00a0 \u00a0<a href=\"mailto:joanna.nowicka@us.edu.pl\">joanna.nowicka@us.edu.pl<\/a><\/strong><\/p>\n<p><strong>The list of universities with whom the Institute of Music in Cieszyn has signed bilateral agreements allowing for student exchange:<\/strong><\/p>\n<p><strong>Portugal<\/strong><br \/>\nInstituto Polit\u00e9cnico de Lisboa<br \/>\nInstituto Polit\u00e9cnico do Porto<br \/>\nUniversidade de \u00c9vora<\/p>\n<p><strong>Turkey<\/strong><br \/>\nPamukkale \u00dcniversitesi<br \/>\nKirikkale \u00dcniversitesi<\/p>\n<p><strong>Spain<\/strong><br \/>\nConservatori Superior de M\u00fasica Joaqu\u00edn Rodrigo de Val\u00e8ncia<\/p>\n<p><strong>Croatia<\/strong><br \/>\nSveuciliste Josipa Jurja Strossmayera u Osijeku<\/p>\n<p><strong>Slovakia<\/strong><br \/>\nHudobn\u00e1 a umeleck\u00e1 akad\u00e9mia J\u00e1na Albrechta Bansk\u00e1 \u0160tiavnica<br \/>\nKatol\u00edcka univerzita v Ru\u017eomberku<\/p>\n<p><strong>the Czech Republic<\/strong><br \/>\nOstravsk\u00e1 univerzita v Ostrav\u011b<br \/>\nUniverzita Hradec Kr\u00e1lov\u00e9<br \/>\nMasarykova univerzita<br \/>\nUniverzita Karlova<\/p>\n<p><strong>Hungary <\/strong><br \/>\nNy\u00edregyh\u00e1zi Egyetem<\/p>\n<p><strong>Austria <\/strong><br \/>\nKirchliche P\u00e4dagogische Hochschule Graz<\/p>\n<p><strong>Latvia <\/strong><br \/>\nDaugavpils Universit\u0101te<\/p>\n<p><strong>Lithuania<\/strong><br \/>\nLietuvos muzikos ir teatro akademija<\/p>\n<\/div>\r\n                    <\/div>\r\n                <\/div>[\/vc_column][\/vc_row]<\/p>","protected":false},"excerpt":{"rendered":"<p>[vc_row][vc_column][\/vc_column][\/vc_row] [&#8230;]<\/p>\n<p><a class=\"btn btn-secondary understrap-read-more-link\" href=\"https:\/\/us.edu.pl\/instytut\/ismuz\/en\/wspolpraca\/\">Read More&#8230;<\/a><\/p>\n","protected":false},"author":111,"featured_media":0,"parent":0,"menu_order":130,"comment_status":"closed","ping_status":"closed","template":"","meta":{"_expiration-date-status":"saved","_expiration-date":0,"_expiration-date-type":"","_expiration-date-categories":[],"_expiration-date-options":[]},"acf":[],"_links":{"self":[{"href":"https:\/\/us.edu.pl\/instytut\/ismuz\/en\/wp-json\/wp\/v2\/pages\/280"}],"collection":[{"href":"https:\/\/us.edu.pl\/instytut\/ismuz\/en\/wp-json\/wp\/v2\/pages"}],"about":[{"href":"https:\/\/us.edu.pl\/instytut\/ismuz\/en\/wp-json\/wp\/v2\/types\/page"}],"author":[{"embeddable":true,"href":"https:\/\/us.edu.pl\/instytut\/ismuz\/en\/wp-json\/wp\/v2\/users\/111"}],"replies":[{"embeddable":true,"href":"https:\/\/us.edu.pl\/instytut\/ismuz\/en\/wp-json\/wp\/v2\/comments?post=280"}],"version-history":[{"count":10,"href":"https:\/\/us.edu.pl\/instytut\/ismuz\/en\/wp-json\/wp\/v2\/pages\/280\/revisions"}],"predecessor-version":[{"id":2654,"href":"https:\/\/us.edu.pl\/instytut\/ismuz\/en\/wp-json\/wp\/v2\/pages\/280\/revisions\/2654"}],"wp:attachment":[{"href":"https:\/\/us.edu.pl\/instytut\/ismuz\/en\/wp-json\/wp\/v2\/media?parent=280"}],"curies":[{"name":"wp","href":"https:\/\/api.w.org\/{rel}","templated":true}]}}