{"id":66,"date":"2019-10-28T12:54:19","date_gmt":"2019-10-28T11:54:19","guid":{"rendered":"https:\/\/us.edu.pl\/instytut\/ismuz\/?page_id=66"},"modified":"2019-11-04T09:14:10","modified_gmt":"2019-11-04T08:14:10","slug":"mapa-strony","status":"publish","type":"page","link":"https:\/\/us.edu.pl\/instytut\/ismuz\/en\/mapa-strony\/","title":{"rendered":"Sitemap"},"content":{"rendered":"<p>[vc_row][vc_column]\r\n                <div class=\"text-modules\">\r\n                    <div class=\"container\">\r\n                        \r\n                        <div class=\"text-modules__content\"><div class=\"wsp-container\"><h2 class=\"wsp-pages-title\">Pages<\/h2>\n<ul class=\"wsp-pages-list\">\n<li class=\"page_item page-item-2\"><a href=\"https:\/\/us.edu.pl\/instytut\/ismuz\/en\/\">Strona g\u0142\u00f3wna<\/a><\/li>\n<li class=\"page_item page-item-3335\"><a href=\"https:\/\/us.edu.pl\/instytut\/ismuz\/en\/historia\/\">(Polski) Historia<\/a><\/li>\n<li class=\"page_item page-item-3083\"><a href=\"https:\/\/us.edu.pl\/instytut\/ismuz\/en\/piotr-matusik\/\">(Polski) mgr Piotr Matusik<\/a><\/li>\n<li class=\"page_item page-item-5387\"><a href=\"https:\/\/us.edu.pl\/instytut\/ismuz\/en\/postepowania-habilitacyjne-2\/\">(Polski) Post\u0119powania habilitacyjne<\/a><\/li>\n<li class=\"page_item page-item-5644\"><a href=\"https:\/\/us.edu.pl\/instytut\/ismuz\/en\/ewelina-bachul-cienciala\/\">(Polski) Ewelina Bachul-Ciencia\u0142a<\/a><\/li>\n<li class=\"page_item page-item-4622\"><a href=\"https:\/\/us.edu.pl\/instytut\/ismuz\/en\/4622-2\/\">#4622 (no title)<\/a><\/li>\n<li class=\"page_item page-item-5648\"><a href=\"https:\/\/us.edu.pl\/instytut\/ismuz\/en\/5648-2\/\">#5648 (no title)<\/a><\/li>\n<li class=\"page_item page-item-3353\"><a href=\"https:\/\/us.edu.pl\/instytut\/ismuz\/en\/wybrana-dzialalnosc-od-pazdziernika-2012-r-do-teraz\/\">(Polski) Wybrana dzia\u0142alno\u015b\u0107 od pa\u017adziernika 2012 r. do teraz<\/a><\/li>\n<li class=\"page_item page-item-5658\"><a href=\"https:\/\/us.edu.pl\/instytut\/ismuz\/en\/5658-2\/\">#5658 (no title)<\/a><\/li>\n<li class=\"page_item page-item-5403\"><a href=\"https:\/\/us.edu.pl\/instytut\/ismuz\/en\/5403-2\/\">#5403 (no title)<\/a><\/li>\n<li class=\"page_item page-item-4380\"><a href=\"https:\/\/us.edu.pl\/instytut\/ismuz\/en\/chor-uniwersytetu-slaskiego-harmonia\/\">(Polski) Ch\u00f3r Uniwersytetu \u015al\u0105skiego \u201eHarmonia\u201d<\/a><\/li>\n<li class=\"page_item page-item-4129\"><a href=\"https:\/\/us.edu.pl\/instytut\/ismuz\/en\/cieszynskie-kolo-naukowe-pasjonatow-audio\/\">(Polski) Cieszy\u0144skie Ko\u0142o Naukowe Pasjonat\u00f3w Audio<\/a><\/li>\n<li class=\"page_item page-item-5666\"><a href=\"https:\/\/us.edu.pl\/instytut\/ismuz\/en\/5666-2\/\">#5666 (no title)<\/a><\/li>\n<li class=\"page_item page-item-4644\"><a href=\"https:\/\/us.edu.pl\/instytut\/ismuz\/en\/4644-2\/\">#4644 (no title)<\/a><\/li>\n<li class=\"page_item page-item-4389\"><a href=\"https:\/\/us.edu.pl\/instytut\/ismuz\/en\/koncert-galowy-festiwalu-kultury-europejskiej-transform4europe\/\">(Polski) Koncert Galowy Festiwalu Kultury Europejskiej Transform4Europe<\/a><\/li>\n<li class=\"page_item page-item-5676\"><a href=\"https:\/\/us.edu.pl\/instytut\/ismuz\/en\/5676-2\/\">#5676 (no title)<\/a><\/li>\n<li class=\"page_item page-item-4656\"><a href=\"https:\/\/us.edu.pl\/instytut\/ismuz\/en\/4656-2\/\">#4656 (no title)<\/a><\/li>\n<li class=\"page_item page-item-5685\"><a href=\"https:\/\/us.edu.pl\/instytut\/ismuz\/en\/5685-2\/\">#5685 (no title)<\/a><\/li>\n<li class=\"page_item page-item-3127\"><a href=\"https:\/\/us.edu.pl\/instytut\/ismuz\/en\/jacek-hamela\/\">(Polski) dr hab. Jacek Hamela, prof. U\u015a<\/a><\/li>\n<li class=\"page_item page-item-3132\"><a href=\"https:\/\/us.edu.pl\/instytut\/ismuz\/en\/kinga-zuchowicz-pinilla\/\">(Polski) Kinga Zuchowicz-Pinilla<\/a><\/li>\n<li class=\"page_item page-item-3135\"><a href=\"https:\/\/us.edu.pl\/instytut\/ismuz\/en\/adrian-robak\/\">(Polski) Adrian Robak<\/a><\/li>\n<li class=\"page_item page-item-66\"><a href=\"https:\/\/us.edu.pl\/instytut\/ismuz\/en\/mapa-strony\/\">Sitemap<\/a><\/li>\n<li class=\"page_item page-item-5698\"><a href=\"https:\/\/us.edu.pl\/instytut\/ismuz\/en\/5698-2\/\">#5698 (no title)<\/a><\/li>\n<li class=\"page_item page-item-70\"><a href=\"https:\/\/us.edu.pl\/instytut\/ismuz\/en\/wszystko\/\">All<\/a><\/li>\n<li class=\"page_item page-item-2889\"><a href=\"https:\/\/us.edu.pl\/instytut\/ismuz\/en\/joanna-skiba\/\">(Polski) Joanna Skiba<\/a><\/li>\n<li class=\"page_item page-item-3147\"><a href=\"https:\/\/us.edu.pl\/instytut\/ismuz\/en\/anna-kolowska\/\">(Polski) dr Anna Ko\u0142owska<\/a><\/li>\n<li class=\"page_item page-item-4432\"><a href=\"https:\/\/us.edu.pl\/instytut\/ismuz\/en\/4432-2\/\">#4432 (no title)<\/a><\/li>\n<li class=\"page_item page-item-4456\"><a href=\"https:\/\/us.edu.pl\/instytut\/ismuz\/en\/miedzyuczelniana-inauguracja-roku-akademickiego-2023-2024\/\">(Polski) Mi\u0119dzyuczelniana Inauguracja Roku Akademickiego 2023\/2024<\/a><\/li>\n<li class=\"page_item page-item-5741\"><a href=\"https:\/\/us.edu.pl\/instytut\/ismuz\/en\/miedzynarodowy-festiwal-muzyki-im-prof-jozefa-swidra\/\">The prof. J\u00f3zef \u015awider International Festival of Music<\/a><\/li>\n<li class=\"page_item page-item-2928\"><a href=\"https:\/\/us.edu.pl\/instytut\/ismuz\/en\/joanna-skiba-wyrozniona-w-konkursie-na-projekt-swiatecznej-kartki-chopinowskiej\/\">(Polski) Joanna Skiba wyr\u00f3\u017cniona w konkursie na projekt \u015bwi\u0105tecznej kartki chopinowskiej<\/a><\/li>\n<li class=\"page_item page-item-5489\"><a href=\"https:\/\/us.edu.pl\/instytut\/ismuz\/en\/kolo-naukowe-click-track\/\">(Polski) Ko\u0142o Naukowe \u201eClick-Track\u201d<\/a><\/li>\n<li class=\"page_item page-item-4468\"><a href=\"https:\/\/us.edu.pl\/instytut\/ismuz\/en\/4468-2\/\">#4468 (no title)<\/a><\/li>\n<li class=\"page_item page-item-134\"><a href=\"https:\/\/us.edu.pl\/instytut\/ismuz\/en\/galeria\/\">(Polski) galeria<\/a><\/li>\n<li class=\"page_item page-item-4490\"><a href=\"https:\/\/us.edu.pl\/instytut\/ismuz\/en\/4490-2\/\">#4490 (no title)<\/a><\/li>\n<li class=\"page_item page-item-3476\"><a href=\"https:\/\/us.edu.pl\/instytut\/ismuz\/en\/osiagniecia\/\">(Polski) Osi\u0105gni\u0119cia<\/a><\/li>\n<li class=\"page_item page-item-5274\"><a href=\"https:\/\/us.edu.pl\/instytut\/ismuz\/en\/przewody-doktorskie-w-dziedzinie-sztuki-w-dyscyplinie-sztuki-muzyczne\/\">(Polski) Post\u0119powania o nadanie stopnia doktora w dziedzinie sztuki, w dyscyplinie sztuki muzyczne<\/a><\/li>\n<li class=\"page_item page-item-4772\"><a href=\"https:\/\/us.edu.pl\/instytut\/ismuz\/en\/4772-2\/\">#4772 (no title)<\/a><\/li>\n<li class=\"page_item page-item-4517\"><a href=\"https:\/\/us.edu.pl\/instytut\/ismuz\/en\/4517-2\/\">#4517 (no title)<\/a><\/li>\n<li class=\"page_item page-item-2219 page_item_has_children\"><a href=\"https:\/\/us.edu.pl\/instytut\/ismuz\/en\/nauka-i-badania\/\">(Polski) Nauka i badania<\/a>\n<ul class='children'>\n\t<li class=\"page_item page-item-2224\"><a href=\"https:\/\/us.edu.pl\/instytut\/ismuz\/en\/nauka-i-badania\/indywidualna-dzialalnosc-artystyczno-badawcza\/\">(Polski) Indywidualna dzia\u0142alno\u015b\u0107 artystyczno-badawcza<\/a><\/li>\n\t<li class=\"page_item page-item-2229\"><a href=\"https:\/\/us.edu.pl\/instytut\/ismuz\/en\/nauka-i-badania\/zespoly-badawcze\/\">(Polski) Zespo\u0142y badawcze<\/a><\/li>\n\t<li class=\"page_item page-item-2233\"><a href=\"https:\/\/us.edu.pl\/instytut\/ismuz\/en\/nauka-i-badania\/przepisy-i-druki\/\">Regulations and Forms<\/a><\/li>\n<\/ul>\n<\/li>\n<li class=\"page_item page-item-5291\"><a href=\"https:\/\/us.edu.pl\/instytut\/ismuz\/en\/5291-2\/\">#5291 (no title)<\/a><\/li>\n<li class=\"page_item page-item-4780\"><a href=\"https:\/\/us.edu.pl\/instytut\/ismuz\/en\/4780-2\/\">#4780 (no title)<\/a><\/li>\n<li class=\"page_item page-item-5042\"><a href=\"https:\/\/us.edu.pl\/instytut\/ismuz\/en\/wspomnienia-czar\/\">(Polski) Wspomnienia czar\u2026<\/a><\/li>\n<li class=\"page_item page-item-3507\"><a href=\"https:\/\/us.edu.pl\/instytut\/ismuz\/en\/nagrania-i-publikacje\/\">(Polski) Nagrania i publikacje<\/a><\/li>\n<li class=\"page_item page-item-4536\"><a href=\"https:\/\/us.edu.pl\/instytut\/ismuz\/en\/4536-2\/\">#4536 (no title)<\/a><\/li>\n<li class=\"page_item page-item-4292\"><a href=\"https:\/\/us.edu.pl\/instytut\/ismuz\/en\/kolo-naukowe-muzykow-kakofonia\/\">(Polski) Ko\u0142o Naukowe Muzyk\u00f3w \u201eKakofonia\u201d<\/a><\/li>\n<li class=\"page_item page-item-4556\"><a href=\"https:\/\/us.edu.pl\/instytut\/ismuz\/en\/4556-2\/\">#4556 (no title)<\/a><\/li>\n<li class=\"page_item page-item-2253\"><a href=\"https:\/\/us.edu.pl\/instytut\/ismuz\/en\/malgorzata-kaniowska\/\">(Polski) Ma\u0142gorzata Kaniowska<\/a><\/li>\n<li class=\"page_item page-item-3533\"><a href=\"https:\/\/us.edu.pl\/instytut\/ismuz\/en\/kontakt-2\/\">(Polski) Kontakt<\/a><\/li>\n<li class=\"page_item page-item-5074\"><a href=\"https:\/\/us.edu.pl\/instytut\/ismuz\/en\/o-pierwszych-w-nowym-roku-osiagnieciach-studentow-instytutu-sztuk-muzycznych-slow-kilka\/\">(Polski) O pierwszych w Nowym Roku osi\u0105gni\u0119ciach Student\u00f3w Instytutu Sztuk Muzycznych \u2013 s\u0142\u00f3w kilka<\/a><\/li>\n<li class=\"page_item page-item-4573\"><a href=\"https:\/\/us.edu.pl\/instytut\/ismuz\/en\/4573-2\/\">#4573 (no title)<\/a><\/li>\n<li class=\"page_item page-item-3042\"><a href=\"https:\/\/us.edu.pl\/instytut\/ismuz\/en\/dariusz-gorniok\/\">(Polski) dr Dariusz G\u00f3rniok<\/a><\/li>\n<li class=\"page_item page-item-3047\"><a href=\"https:\/\/us.edu.pl\/instytut\/ismuz\/en\/marcin-halat\/\">(Polski) dr Marcin Ha\u0142at<\/a><\/li>\n<li class=\"page_item page-item-3048\"><a href=\"https:\/\/us.edu.pl\/instytut\/ismuz\/en\/jakub-chojnacki\/\">(Polski) mgr Jakub Chojnacki<\/a><\/li>\n<li class=\"page_item page-item-4073\"><a href=\"https:\/\/us.edu.pl\/instytut\/ismuz\/en\/postepowania-habilitacyjne\/\">(Polski) Post\u0119powania habilitacyjne w dziedzinie sztuki, w dyscyplinie sztuki muzyczne<\/a><\/li>\n<li class=\"page_item page-item-2796\"><a href=\"https:\/\/us.edu.pl\/instytut\/ismuz\/en\/filmy-o-instytucie\/\">(Polski) Filmy o instytucie<\/a><\/li>\n<li class=\"page_item page-item-4853\"><a href=\"https:\/\/us.edu.pl\/instytut\/ismuz\/en\/4853-2\/\">#4853 (no title)<\/a><\/li>\n<li class=\"page_item page-item-5375\"><a href=\"https:\/\/us.edu.pl\/instytut\/ismuz\/en\/publiczne-obrony-prac-doktorskich\/\">(Polski) Publiczne obrony prac doktorskich<\/a><\/li>\n<li class=\"page_item page-item-189 page_item_has_children\"><a href=\"https:\/\/us.edu.pl\/instytut\/ismuz\/en\/pracownicy\/\">Staff<\/a>\n<ul class='children'>\n\t<li class=\"page_item page-item-1551\"><a href=\"https:\/\/us.edu.pl\/instytut\/ismuz\/en\/pracownicy\/aleksandra-halat\/\">(Polski) dr Aleksandra Ha\u0142at<\/a><\/li>\n\t<li class=\"page_item page-item-2576\"><a href=\"https:\/\/us.edu.pl\/instytut\/ismuz\/en\/pracownicy\/dr-agata-holdyk\/\">(Polski) dr Agata Ho\u0142dyk<\/a><\/li>\n\t<li class=\"page_item page-item-2587\"><a href=\"https:\/\/us.edu.pl\/instytut\/ismuz\/en\/pracownicy\/prof-anna-szostak-myrczek\/\">(Polski) prof. Anna Szostak-Myrczek<\/a><\/li>\n\t<li class=\"page_item page-item-1585\"><a href=\"https:\/\/us.edu.pl\/instytut\/ismuz\/en\/pracownicy\/sabina-olbrich-szafraniec\/\">(Polski) dr hab. Sabina Olbrich-Szafraniec, prof. U\u015a<\/a><\/li>\n\t<li class=\"page_item page-item-1590\"><a href=\"https:\/\/us.edu.pl\/instytut\/ismuz\/en\/pracownicy\/adrian-robak\/\">(Polski) dr Adrian Robak<\/a><\/li>\n\t<li class=\"page_item page-item-1849\"><a href=\"https:\/\/us.edu.pl\/instytut\/ismuz\/en\/pracownicy\/dariusz-gorniok\/\">(Polski) mgr Dariusz G\u00f3rniok<\/a><\/li>\n\t<li class=\"page_item page-item-1594\"><a href=\"https:\/\/us.edu.pl\/instytut\/ismuz\/en\/pracownicy\/aleksandra-zeman\/\">(Polski) dr hab. Aleksandra Zeman, prof. U\u015a<\/a><\/li>\n\t<li class=\"page_item page-item-2625\"><a href=\"https:\/\/us.edu.pl\/instytut\/ismuz\/en\/pracownicy\/mgr-piotr-matusik\/\">(Polski) mgr Piotr Matusik<\/a><\/li>\n\t<li class=\"page_item page-item-2633\"><a href=\"https:\/\/us.edu.pl\/instytut\/ismuz\/en\/pracownicy\/mgr-magda-miska-jackowska\/\">(Polski) mgr Magda Mi\u015bka-Jackowska<\/a><\/li>\n\t<li class=\"page_item page-item-2658\"><a href=\"https:\/\/us.edu.pl\/instytut\/ismuz\/en\/pracownicy\/dr-joanna-nowicka\/\">(Polski) dr Joanna Nowicka<\/a><\/li>\n\t<li class=\"page_item page-item-4708\"><a href=\"https:\/\/us.edu.pl\/instytut\/ismuz\/en\/pracownicy\/izabella-zielecka-panek\/\">(Polski) Izabella Zielecka-Panek<\/a><\/li>\n\t<li class=\"page_item page-item-1420\"><a href=\"https:\/\/us.edu.pl\/instytut\/ismuz\/en\/pracownicy\/boguslaw-jan-bemben\/\">(Polski) dr Bogus\u0142aw Jan Bemben<\/a><\/li>\n\t<li class=\"page_item page-item-1936\"><a href=\"https:\/\/us.edu.pl\/instytut\/ismuz\/en\/pracownicy\/prof-dr-hab-michal-korzistka\/\">(Polski) prof. dr hab. Micha\u0142 Korzistka<\/a><\/li>\n\t<li class=\"page_item page-item-1692\"><a href=\"https:\/\/us.edu.pl\/instytut\/ismuz\/en\/pracownicy\/tomasz-spalinski\/\">(Polski) prof. dr hab. Tomasz Spali\u0144ski<\/a><\/li>\n\t<li class=\"page_item page-item-1449\"><a href=\"https:\/\/us.edu.pl\/instytut\/ismuz\/en\/pracownicy\/marcin\/\">(Polski) dr Marcin Ha\u0142at<\/a><\/li>\n\t<li class=\"page_item page-item-3003\"><a href=\"https:\/\/us.edu.pl\/instytut\/ismuz\/en\/pracownicy\/anna-miech\/\">(Polski) dr hab. Anna Miech, prof. U\u015a<\/a><\/li>\n\t<li class=\"page_item page-item-2293\"><a href=\"https:\/\/us.edu.pl\/instytut\/ismuz\/en\/pracownicy\/prof-dr-hab-hubert-miska\/\">(Polski) prof. dr hab. Hubert Mi\u015bka<\/a><\/li>\n\t<li class=\"page_item page-item-1794\"><a href=\"https:\/\/us.edu.pl\/instytut\/ismuz\/en\/pracownicy\/marcin-zupanski\/\">(Polski) dr Marcin \u017bupa\u0144ski<\/a><\/li>\n\t<li class=\"page_item page-item-1798\"><a href=\"https:\/\/us.edu.pl\/instytut\/ismuz\/en\/pracownicy\/krzysztof-gawlas\/\">(Polski) dr hab. Krzysztof Gawlas, prof. U\u015a<\/a><\/li>\n\t<li class=\"page_item page-item-1802\"><a href=\"https:\/\/us.edu.pl\/instytut\/ismuz\/en\/pracownicy\/karol-pyka\/\">(Polski) dr hab. Karol Pyka<\/a><\/li>\n\t<li class=\"page_item page-item-1806\"><a href=\"https:\/\/us.edu.pl\/instytut\/ismuz\/en\/pracownicy\/adam-wagner\/\">(Polski) dr hab. Adam Wagner<\/a><\/li>\n\t<li class=\"page_item page-item-1559\"><a href=\"https:\/\/us.edu.pl\/instytut\/ismuz\/en\/pracownicy\/grzegorz-niemczuk\/\">(Polski) dr Grzegorz Niemczuk<\/a><\/li>\n\t<li class=\"page_item page-item-1827\"><a href=\"https:\/\/us.edu.pl\/instytut\/ismuz\/en\/pracownicy\/bogumila-dunikowska\/\">(Polski) dr hab. Bogumi\u0142a-Faustyna Maria Dunikowska prof. U\u015a<\/a><\/li>\n\t<li class=\"page_item page-item-1836\"><a href=\"https:\/\/us.edu.pl\/instytut\/ismuz\/en\/pracownicy\/anna-kijanowska\/\">(Polski) dr hab. Anna Kijanowska, prof. U\u015a<\/a><\/li>\n\t<li class=\"page_item page-item-1853\"><a href=\"https:\/\/us.edu.pl\/instytut\/ismuz\/en\/pracownicy\/joanna-boslak-gorniok\/\">dr Joanna Bo\u015blak-G\u00f3rniok<\/a><\/li>\n\t<li class=\"page_item page-item-1860\"><a href=\"https:\/\/us.edu.pl\/instytut\/ismuz\/en\/pracownicy\/waldemar-sutryk\/\">(Polski) dr hab. Waldemar Sutryk<\/a><\/li>\n\t<li class=\"page_item page-item-1611\"><a href=\"https:\/\/us.edu.pl\/instytut\/ismuz\/en\/pracownicy\/danuta-zon-ciuk\/\">(Polski) dr Danuta Zo\u0144-Ciuk, prof. U\u015a<\/a><\/li>\n\t<li class=\"page_item page-item-1617\"><a href=\"https:\/\/us.edu.pl\/instytut\/ismuz\/en\/pracownicy\/wojciech-waleczek\/\">Prof. Wojciech Waleczek, DSc, PhD<\/a><\/li>\n\t<li class=\"page_item page-item-1631\"><a href=\"https:\/\/us.edu.pl\/instytut\/ismuz\/en\/pracownicy\/wojciech-golec\/\">(Polski) dr hab. Wojciech Golec<\/a><\/li>\n\t<li class=\"page_item page-item-1377\"><a href=\"https:\/\/us.edu.pl\/instytut\/ismuz\/en\/pracownicy\/urszula-mizia\/\">(Polski) dr hab Urszula Mizia, prof. U\u015a<\/a><\/li>\n\t<li class=\"page_item page-item-1644\"><a href=\"https:\/\/us.edu.pl\/instytut\/ismuz\/en\/pracownicy\/magdalena-szyndler\/\">(Polski) dr hab. Magdalena Szyndler, prof. U\u015a<\/a><\/li>\n\t<li class=\"page_item page-item-1648\"><a href=\"https:\/\/us.edu.pl\/instytut\/ismuz\/en\/pracownicy\/jakub-czekierda\/\">(Polski) mgr Jakub Czekierda<\/a><\/li>\n\t<li class=\"page_item page-item-1395\"><a href=\"https:\/\/us.edu.pl\/instytut\/ismuz\/en\/pracownicy\/joanna-glenc\/\">(Polski) prof. dr hab. Joanna Glenc<\/a><\/li>\n\t<li class=\"page_item page-item-1658\"><a href=\"https:\/\/us.edu.pl\/instytut\/ismuz\/en\/pracownicy\/wieslaw-cienciala\/\">(Polski) prof. dr hab. Wies\u0142aw Ciencia\u0142a<\/a><\/li>\n\t<li class=\"page_item page-item-1412\"><a href=\"https:\/\/us.edu.pl\/instytut\/ismuz\/en\/pracownicy\/paulina-bielesz\/\">(Polski) mgr in\u017c. Paulina Bielesz<\/a><\/li>\n\t<li class=\"page_item page-item-1439\"><a href=\"https:\/\/us.edu.pl\/instytut\/ismuz\/en\/pracownicy\/bartosz-jaskowski\/\">(Polski) dr hab. Bartosz Listwan, prof. U\u015a<\/a><\/li>\n\t<li class=\"page_item page-item-1454\"><a href=\"https:\/\/us.edu.pl\/instytut\/ismuz\/en\/pracownicy\/aleksander-lason\/\">(Polski) prof. zw. dr hab. Aleksander Laso\u0144<\/a><\/li>\n\t<li class=\"page_item page-item-1719\"><a href=\"https:\/\/us.edu.pl\/instytut\/ismuz\/en\/pracownicy\/filip-bies\/\">(Polski) mgr Filip Bies<\/a><\/li>\n\t<li class=\"page_item page-item-1744\"><a href=\"https:\/\/us.edu.pl\/instytut\/ismuz\/en\/pracownicy\/aldona-slusarz\/\">(Polski) dr hab. Aldona \u015alusarz, prof. U\u015a<\/a><\/li>\n\t<li class=\"page_item page-item-1754\"><a href=\"https:\/\/us.edu.pl\/instytut\/ismuz\/en\/pracownicy\/kinga-zuchowicz-pinilla\/\">(Polski) mgr Kinga Zuchowicz-Pinilla<\/a><\/li>\n<\/ul>\n<\/li>\n<li class=\"page_item page-item-278 page_item_has_children\"><a href=\"https:\/\/us.edu.pl\/instytut\/ismuz\/en\/dzialalnosc\/\">Our Work<\/a>\n<ul class='children'>\n\t<li class=\"page_item page-item-1476\"><a href=\"https:\/\/us.edu.pl\/instytut\/ismuz\/en\/dzialalnosc\/cieszynska-orkiestra-deta-uniwersytetu-slaskiego-w-katowicach\/\">(Polski) Cieszy\u0144ska Orkiestra D\u0119ta Uniwersytetu \u015al\u0105skiego w Katowicach<\/a><\/li>\n\t<li class=\"page_item page-item-1670\"><a href=\"https:\/\/us.edu.pl\/instytut\/ismuz\/en\/dzialalnosc\/wydzialowy-zespol-folkowy-folkus\/\">(Polski) Wydzia\u0142owy Zesp\u00f3\u0142 Folkowy FolkU\u015a<\/a><\/li>\n\t<li class=\"page_item page-item-983\"><a href=\"https:\/\/us.edu.pl\/instytut\/ismuz\/en\/dzialalnosc\/kolo-artystyczne-chor-kameralny-a-piacere\/\">(Polski) Ko\u0142o Artystyczne Ch\u00f3r Kameralny \u201eA piacere\u201d<\/a><\/li>\n<\/ul>\n<\/li>\n<li class=\"page_item page-item-280\"><a href=\"https:\/\/us.edu.pl\/instytut\/ismuz\/en\/wspolpraca\/\">Cooperation<\/a><\/li>\n<li class=\"page_item page-item-191\"><a href=\"https:\/\/us.edu.pl\/instytut\/ismuz\/en\/rada-naukowa\/\">(Polski) Rada naukowa<\/a><\/li>\n<li class=\"page_item page-item-208\"><a href=\"https:\/\/us.edu.pl\/instytut\/ismuz\/en\/informacje-ogolne\/\">(Polski) Informacje og\u00f3lne<\/a><\/li>\n<li class=\"page_item page-item-266\"><a href=\"https:\/\/us.edu.pl\/instytut\/ismuz\/en\/pion-naukowy\/\">(Polski) Pion naukowy<\/a><\/li>\n<li class=\"page_item page-item-269\"><a href=\"https:\/\/us.edu.pl\/instytut\/ismuz\/en\/pion-dydaktyczny\/\">(Polski) Pion dydaktyczny<\/a><\/li>\n<li class=\"page_item page-item-275\"><a href=\"https:\/\/us.edu.pl\/instytut\/ismuz\/en\/historia-i-wspolczesnosc\/\">(Polski) Historia i wsp\u00f3\u0142czesno\u015b\u0107<\/a><\/li>\n<li class=\"page_item page-item-287\"><a href=\"https:\/\/us.edu.pl\/instytut\/ismuz\/en\/kontakt\/\">Contact<\/a><\/li>\n<li class=\"page_item page-item-216\"><a href=\"https:\/\/us.edu.pl\/instytut\/ismuz\/en\/prace-dyplomowe\/\">(Polski) Prace dyplomowe<\/a><\/li>\n<li class=\"page_item page-item-224\"><a href=\"https:\/\/us.edu.pl\/instytut\/ismuz\/en\/ogloszenia\/\">(Polski) Og\u0142oszenia<\/a><\/li>\n<li class=\"page_item page-item-229\"><a href=\"https:\/\/us.edu.pl\/instytut\/ismuz\/en\/strony-osobiste\/\">(Polski) Strony osobiste<\/a><\/li>\n<\/ul>\n<\/div>\n<\/div>\r\n                    <\/div>\r\n                <\/div>[\/vc_column][\/vc_row]<\/p>\n","protected":false},"excerpt":{"rendered":"<p>[vc_row][vc_column][\/vc_column][\/vc_row] [&#8230;]<\/p>\n<p><a class=\"btn btn-secondary understrap-read-more-link\" href=\"https:\/\/us.edu.pl\/instytut\/ismuz\/en\/mapa-strony\/\">Read More&#8230;<\/a><\/p>\n","protected":false},"author":29,"featured_media":0,"parent":0,"menu_order":0,"comment_status":"closed","ping_status":"closed","template":"page-templates\/sitemap-template.php","meta":{"_expiration-date-status":"saved","_expiration-date":0,"_expiration-date-type":"","_expiration-date-categories":[],"_expiration-date-options":[]},"acf":[],"_links":{"self":[{"href":"https:\/\/us.edu.pl\/instytut\/ismuz\/en\/wp-json\/wp\/v2\/pages\/66"}],"collection":[{"href":"https:\/\/us.edu.pl\/instytut\/ismuz\/en\/wp-json\/wp\/v2\/pages"}],"about":[{"href":"https:\/\/us.edu.pl\/instytut\/ismuz\/en\/wp-json\/wp\/v2\/types\/page"}],"author":[{"embeddable":true,"href":"https:\/\/us.edu.pl\/instytut\/ismuz\/en\/wp-json\/wp\/v2\/users\/29"}],"replies":[{"embeddable":true,"href":"https:\/\/us.edu.pl\/instytut\/ismuz\/en\/wp-json\/wp\/v2\/comments?post=66"}],"version-history":[{"count":2,"href":"https:\/\/us.edu.pl\/instytut\/ismuz\/en\/wp-json\/wp\/v2\/pages\/66\/revisions"}],"predecessor-version":[{"id":91,"href":"https:\/\/us.edu.pl\/instytut\/ismuz\/en\/wp-json\/wp\/v2\/pages\/66\/revisions\/91"}],"wp:attachment":[{"href":"https:\/\/us.edu.pl\/instytut\/ismuz\/en\/wp-json\/wp\/v2\/media?parent=66"}],"curies":[{"name":"wp","href":"https:\/\/api.w.org\/{rel}","templated":true}]}}