{"id":1377,"date":"2020-03-19T23:22:28","date_gmt":"2020-03-19T22:22:28","guid":{"rendered":"https:\/\/us.edu.pl\/instytut\/ismuz\/?page_id=1377"},"modified":"2020-03-24T16:52:34","modified_gmt":"2020-03-24T15:52:34","slug":"urszula-mizia","status":"publish","type":"page","link":"https:\/\/us.edu.pl\/instytut\/ismuz\/pracownicy\/urszula-mizia\/","title":{"rendered":"dr hab Urszula Mizia, prof. U\u015a"},"content":{"rendered":"<p>[vc_row][vc_column]\r\n                <div class=\"text-modules reverse\">\r\n                    <div class=\"container\">\r\n                        <h3 class=\"section-title section-title_border-bottom\">dr. hab Urszula Mizia, prof. U\u015a<\/h3> \r\n                        <div class=\"row m-0\">\r\n                            <div class=\"text-modules__content\">\r\n                                <\/p>\n<p style=\"text-align: justify\"><strong>Urszula Mizia<\/strong> &#8211; wiolonczelistka, pedagog, organizator \u017cycia muzycznego, pracuje na Wydziale Sztuki i\u00a0Nauk o\u00a0Edukacji Uniwersytetu \u015al\u0105skiego w\u00a0Katowicach. W\u00a0kadencji 2016-2019 pe\u0142ni\u0142a funkcj\u0119 Zast\u0119pcy Dyrektora Instytutu Muzyki ds.\u00a0Artystycznych, Rozwoju i\u00a0Promocji. Studiowa\u0142a w\u00a0Akademii Muzycznej w\u00a0Krakowie pod kierunkiem prof.\u00a0dr\u00a0Witolda Hermana oraz w\u00a0klasie kameralistyki, prowadzonej w\u00a0tej uczelni przez prof.\u00a0Mari\u0119 Szmyd-Dormus. Tytu\u0142 magistra sztuki i\u00a0dyplom z\u00a0wyr\u00f3\u017cnieniem uzyska\u0142a w\u00a0roku 1988, a\u00a0nast\u0119pnie kwalifikacje I\u00a0stopnia, r\u00f3wnowa\u017cne ze stopniem naukowym doktora w\u00a0roku 2001 w\u00a0Akademii Muzycznej w\u00a0Krakowie. W\u00a0lutym 2013 roku uzyska\u0142a stopie\u0144 doktora habilitowanego sztuki w\u00a0Akademii Muzycznej w\u00a0Gda\u0144sku.<\/p>\n<p style=\"text-align: justify\">Uprawia o\u017cywion\u0105 dzia\u0142alno\u015b\u0107 artystyczn\u0105; wyst\u0119puje z\u00a0recitalami wiolonczelowymi, wsp\u00f3\u0142pracuje z\u00a0orkiestrami i\u00a0zespo\u0142ami kameralnymi; koncertuje w\u00a0kraju i\u00a0za\u00a0granic\u0105, m.in.\u00a0w\u00a0Republice Czeskiej, Holandii, W\u0142oszech, Zjednoczonych Emiratach Arabskich, Finlandii, Niemczech, Ukrainie, Litwie, \u0141otwie, Austrii, Wielkiej Brytanii, S\u0142owacji.<\/p>\n<p style=\"text-align: justify\">Muzyka polska, szczeg\u00f3lnie wiolonczelowa, metody propagowania muzyki powa\u017cnej, to tematy referat\u00f3w wyg\u0142oszonych na konferencjach naukowych w\u00a0Akademii \u015awi\u0119tokrzyskiej, Uniwersytecie Karola w\u00a0Pradze, ukrai\u0144skich uniwersytetach Makarenki im.\u00a0Kociubi\u0144skiego, Uniwersytecie w\u00a0Daugavpils na \u0141otwie oraz Mi\u0119dzynarodowych Kursach Muzycznych Litewskiej Akademii Muzycznej.<\/p>\n<p style=\"text-align: justify\">Od 1995 roku kieruje dzia\u0142alno\u015bci\u0105 Bielskiego Towarzystwa Muzycznego. Jest autork\u0105 projektu edukacyjnego &#8222;Wychowanie przez muzyk\u0119&#8221; realizowanego we wsp\u00f3\u0142pracy z\u00a0Bielskim Centrum Kultury i\u00a0wsp\u00f3\u0142finansowanego przez Gmin\u0119 Bielsko-Bia\u0142a. Jest autork\u0105 licznych artyku\u0142\u00f3w naukowych publikowanych w\u00a0wydawnictwach polskich, czeskich, \u0142otewskich i\u00a0ukrai\u0144skich, transkrypcji na wiolonczel\u0119 oraz monografii &#8222;Nurt mimetyczny w\u00a0literaturze wiolonczelowej&#8221;. Ma w\u00a0swoim dorobku cztery wydawnictwa nutowe, opublikowane w\u00a0PWM, Wydawnictwie Euterpe oraz Wydawnictwie\u00a0U\u015a, zawieraj\u0105ce transkrypcje wiolonczelowe utwor\u00f3w kompozytor\u00f3w polskich: Gra\u017cyny Bacewicz, Juliusza Karcza, Jana Sztwiertni oraz utwory kameralne tego kompozytora.<\/p>\n<p style=\"text-align: justify\">W\u00a02011\u00a0r. wzi\u0119\u0142a udzia\u0142 jako wiolonczelistka, organizator oraz instruktor w\u00a0mi\u0119dzynarodowym projekcie finansowanym przez Uni\u0119 Europejsk\u0105 oraz\u00a0RP &#8211; &#8222;Poznajmy nasze korzenie&#8221;. W\u00a0roku 2013 realizowa\u0142a w\u00a0tym samym charakterze kolejne dwa mi\u0119dzynarodowe projekty na terenie Republiki Czeskiej, S\u0142owacji i\u00a0Polski. Unijny: &#8222;Muzyka \u0142\u0105czy narody&#8221; oraz &#8222;Witold Lutos\u0142awski &#8211; kolory muzyki, kolory \u017cycia&#8221;, ten ostatni przy finansowanym wsparciu Ministerstwa Kultury i\u00a0Dziedzictwa Narodowego. W\u00a02016 roku, jako wiolonczelistka, prowadz\u0105ca koncerty oraz konsultant merytoryczny, realizuje kolejny projekt edukacyjny p.t.\u00a0&#8222;Muzyka dla wszystkich &#8211; koncerty w\u00a0szko\u0142ach wiejskich\u00a0dla wybranych \u015brodowisk na wsi i\u00a0w\u00a0mie\u015bcie&#8221;, w\u00a0ramach programu Ministra Kultury i\u00a0Dziedzictwa Narodowego &#8211; Kultura dost\u0119pna.<\/p>\n<p style=\"text-align: justify\">Nominowana do nagrody &#8222;Z\u0142ota Superata&#8221; za wybitne osi\u0105gni\u0119cia w\u00a0dziedzinie kultury i\u00a0sztuki w\u00a02004\u00a0r. Nagrodzona przez Ministra Kultury i\u00a0Dziedzictwa Narodowego odznaczeniem &#8222;Zas\u0142u\u017cony dla kultury polskiej&#8221; w\u00a0roku 2007. Ma w\u00a0swoim dorobku nagrania archiwalne, kilkana\u015bcie p\u0142yt DVD oraz CD m.in.:\u00a0<em>Muzyka w\u00a0Bielsku-Bia\u0142ej\u00a0I, Muzyka w\u00a0Bielsku-Bia\u0142ej\u00a0III, Klejnoty Muzyki Polskiej, Muzyka Romantyczna, Transkrypcje wiolonczelowe, Transkrypcje koncertowe na wiolonczel\u0119<\/em>, a\u00a0tak\u017ce utwory kameralne i\u00a0solowe Astora Piazzolli, Witolda Lutos\u0142awskiego, Jana Sztwiertni.<\/p>\n<div class=\"mt-3\"><\/div>\r\n                            <\/div>\r\n                            \r\n                            <div class=\"text-modules__img\"><img src=\"https:\/\/us.edu.pl\/instytut\/ismuz\/wp-content\/uploads\/sites\/54\/Nieprzypisane\/Mizia-683x1024.jpg\" alt=\"img\"><\/div>\r\n                        <\/div>\r\n                    <\/div>\r\n                <\/div>[\/vc_column][\/vc_row]<\/p>","protected":false},"excerpt":{"rendered":"<p>[vc_row][vc_column][\/vc_column][\/vc_row] [&#8230;]<\/p>\n<p><a class=\"btn btn-secondary understrap-read-more-link\" href=\"https:\/\/us.edu.pl\/instytut\/ismuz\/pracownicy\/urszula-mizia\/\">Read More&#8230;<\/a><\/p>\n","protected":false},"author":362,"featured_media":0,"parent":189,"menu_order":10,"comment_status":"closed","ping_status":"closed","template":"","meta":{"_expiration-date-status":"saved","_expiration-date":0,"_expiration-date-type":"","_expiration-date-categories":[],"_expiration-date-options":[]},"acf":[],"_links":{"self":[{"href":"https:\/\/us.edu.pl\/instytut\/ismuz\/wp-json\/wp\/v2\/pages\/1377"}],"collection":[{"href":"https:\/\/us.edu.pl\/instytut\/ismuz\/wp-json\/wp\/v2\/pages"}],"about":[{"href":"https:\/\/us.edu.pl\/instytut\/ismuz\/wp-json\/wp\/v2\/types\/page"}],"author":[{"embeddable":true,"href":"https:\/\/us.edu.pl\/instytut\/ismuz\/wp-json\/wp\/v2\/users\/362"}],"replies":[{"embeddable":true,"href":"https:\/\/us.edu.pl\/instytut\/ismuz\/wp-json\/wp\/v2\/comments?post=1377"}],"version-history":[{"count":13,"href":"https:\/\/us.edu.pl\/instytut\/ismuz\/wp-json\/wp\/v2\/pages\/1377\/revisions"}],"predecessor-version":[{"id":1573,"href":"https:\/\/us.edu.pl\/instytut\/ismuz\/wp-json\/wp\/v2\/pages\/1377\/revisions\/1573"}],"up":[{"embeddable":true,"href":"https:\/\/us.edu.pl\/instytut\/ismuz\/wp-json\/wp\/v2\/pages\/189"}],"wp:attachment":[{"href":"https:\/\/us.edu.pl\/instytut\/ismuz\/wp-json\/wp\/v2\/media?parent=1377"}],"curies":[{"name":"wp","href":"https:\/\/api.w.org\/{rel}","templated":true}]}}