{"id":1395,"date":"2020-03-20T09:51:32","date_gmt":"2020-03-20T08:51:32","guid":{"rendered":"https:\/\/us.edu.pl\/instytut\/ismuz\/?page_id=1395"},"modified":"2022-03-25T15:31:07","modified_gmt":"2022-03-25T14:31:07","slug":"joanna-glenc","status":"publish","type":"page","link":"https:\/\/us.edu.pl\/instytut\/ismuz\/pracownicy\/joanna-glenc\/","title":{"rendered":"prof. dr hab. Joanna Glenc"},"content":{"rendered":"<p>[vc_row][vc_column]\r\n                <div class=\"text-modules reverse\">\r\n                    <div class=\"container\">\r\n                        <h3 class=\"section-title section-title_border-bottom\">prof. dr hab. Joanna Glenc <\/h3> \r\n                        <div class=\"row m-0\">\r\n                            <div class=\"text-modules__content\">\r\n                                <strong>Joanna Glenc <\/strong>(ur. 1963) \u2013 absolwentka Akademii Muzycznej im. Karola Szymanowskiego w Katowicach w dw\u00f3ch specjalno\u015bciach: <em>Teoria Muzyki<\/em> oraz <em>Ch\u00f3ralistyka<\/em> w klasie prof. J. Wojtachy. Ponadto, uko\u0144czy\u0142a Podyplomowe Studia Ch\u00f3rmistrzowskie w Akademii Muzycznej w Bydgoszczy. Profesor sztuki w dyscyplinie sztuki muzyczne. Od roku 1987 zawodowo zwi\u0105zana z Uniwersytetem \u015al\u0105skim \u2013 Wydzia\u0142 \u00a0Sztuki i Nauk o Edukacji, Instytut Sztuk Muzycznych \u2013 obecnie na stanowisku profesora.<\/p>\n<p>Na przestrzeni ponad 30 lat za\u0142o\u017cy\u0142a oraz prowadzi\u0142a kilka zespo\u0142\u00f3w wokalnych ogniskuj\u0105c si\u0119 g\u0142\u00f3wnie wok\u00f3\u0142 pracy dyrygenckiej w \u015brodowisku ch\u00f3r\u00f3w amatorskich. Kierowa\u0142a kolejno w wi\u0119kszo\u015bci za\u0142o\u017conymi przez siebie nast\u0119puj\u0105cymi zespo\u0142ami wokalnymi: Zespo\u0142y wokalne student\u00f3w Wydzia\u0142u Pedagogiczno-Artystycznego U\u015a (1988-nadal), Zesp\u00f3\u0142 wokalny <em>Interwa\u0142<\/em> (1990-1994), Ch\u00f3r Dzieci\u0119cy PSM I st. w \u017borach (1990-1996), Zesp\u00f3\u0142 Wokalny <em>6 na 6<\/em> (1994-1995), Zesp\u00f3\u0142 Wokalny <em>Kamerton<\/em>\u00a0 (1995-2001), Ch\u00f3r \u017be\u0144ski SSM II st. w \u017borach (2003), Ch\u00f3r U\u015a <em>Harmonia<\/em> (2000-2001), Ch\u00f3r Duszpasterstwa Akademickiego DAR w Rybniku (2003-2012), Ch\u00f3r Dominanta PSM II im. K. i A. Szafrank\u00f3w st. w Rybniku (2008-nadal), Rybnicki Ch\u00f3r Kameralny <em>Autograph<\/em> (2012-nadal). Do repertuaru ch\u00f3r\u00f3w wprowadza utwory zr\u00f3\u017cnicowane stylistycznie, od kompozycji \u015bredniowiecznych po muzyk\u0119 tw\u00f3rc\u00f3w wsp\u00f3\u0142czesnych. Wi\u0119kszo\u015b\u0107 prezentowanych przez te zespo\u0142y utwor\u00f3w to kompozycje o tematyce sakralnej. Prowadzone przez ni\u0105 ch\u00f3ry na sta\u0142e wsp\u00f3\u0142pracuj\u0105 oraz s\u0105 najcz\u0119\u015bciej pierwszymi wykonawcami dzie\u0142 ch\u00f3ralnych wsp\u00f3\u0142czesnego \u015bl\u0105skiego kompozytora Jacka Glenca \u2013 cenionego profesora Akademii Muzycznej w Katowicach. Ze swoimi ch\u00f3rami dokona\u0142a wielu nagra\u0144 p\u0142ytowych (m.in. CD <em>Pocz\u0105tek<\/em>,<em> Zawsze do tych stron wracamy, Religioso e poetico,<\/em> <em>Adoratio<\/em>, <em>Miriam<\/em>, <em>Jak ze Susca powandruje<\/em>).<\/p>\n<p>Jako dyrygent koncertuje zar\u00f3wno w kraju jak i za granic\u0105, uczestniczy w muzycznych projektach \u015brodowiskowych, bierze udzia\u0142 w przegl\u0105dach, konkursach i festiwalach o randze regionalnej, og\u00f3lnopolskiej i mi\u0119dzynarodowej, uzyskuj\u0105c z prowadzonymi przez siebie zespo\u0142ami liczne nagrody i wyr\u00f3\u017cnienia. Do najwa\u017cniejszych osi\u0105gni\u0119\u0107 nale\u017c\u0105 m. in.: \u201eGold Medal\u201d w <em>Mi\u0119dzynarodowy<\/em><em>m<\/em><em> Festiwal<\/em><em>u<\/em><em> Muzyki Ch\u00f3ralnej Musica Religiosa 2012<\/em> w O\u0142omu\u0144cu (ch\u00f3r <em>DAR<\/em>), \u201ePuchar Grand Prix Abpa Wiktora Skworca\u201d w <em>Festiwal<\/em><em>u<\/em><em> Pie\u015bni Eucharystycznej<\/em><em> 2012<\/em> w Katowicach-Piotrowicach (ch\u00f3r\u00a0 <em>DAR<\/em>), \u201eGrand Prix\u201d <em>XXIV Tyski<\/em><em>ch <\/em><em>\u00a0Wieczor<\/em><em>\u00f3w<\/em><em> Kol\u0119dow<\/em><em>ych<\/em> 2015 w Tychach (ch\u00f3r <em>Autograph<\/em>), \u201eZ\u0142oty Dyplom\u201d oraz \u201eI Miejsce\u201d w kategorii ch\u00f3r\u00f3w m\u0142odzie\u017cowych w <em>XI Mi\u0119dzynarodowy<\/em><em>m<\/em><em> Festiwal<\/em><em>u<\/em><em> Ch\u00f3r\u00f3w<\/em><em> Gaude Cantem 2015<\/em> w Bielsku-Bia\u0142ej (ch\u00f3r <em>D<\/em><em>ominanta<\/em>), \u201eZ\u0142oty Medal\u201d oraz \u201eI Miejsce\u201d w\u00a0 <em>XVIII \u0141\u00f3dzkim Festiwalu Ch\u00f3ralnym CANTIO LODZIENSIS 2015 <\/em>w\u00a0 \u0141odzi (ch\u00f3r <em>Dominanta<\/em>), \u201eI Miejsce\u201d w <em>XX Mi\u0119dzynarodowy Festiwal<\/em><em>u<\/em> <em>Ch\u00f3ralnym Cantate Deo 2016 <\/em>w Rzeszowie (ch\u00f3r <em>DOMINANTA), <\/em>\u201eZ\u0142ota Struna\u201d w \u00a0<em>XIX Og\u00f3lnopolskim\u00a0 Konkursie Ch\u00f3r\u00f3w \u201eO Z\u0142ot\u0105 strun\u0119\u20262016\u201d <\/em>w Niepo\u0142omicach (ch\u00f3r <em>Autograph<\/em>), \u201eNagroda Dyrektora Archidiecezjalnej Szko\u0142y Muzycznej im. Ks. Kardyna\u0142a Franciszka\u00a0Macharskiego w Krakowie\u201d za najciekawsz\u0105 interpretacj\u0119 utworu o tematyce sakralnej podczas <em>IV \u015al\u0105skiego Festiwalu Ch\u00f3r\u00f3w Szk\u00f3\u0142 Muzycznych im. J\u00f3zefa \u015awidra 2017 <\/em>w Katowicach (ch\u00f3r <em>Dominanta<\/em>), \u201eZ\u0142oty Medal\u201d oraz \u201eI Miejsce\u201d w kategorii ch\u00f3r\u00f3w kameralnych w <em><sup>46<\/sup>Mi\u0119dzynarodowym Festiwalu Ch\u00f3ralnym MUNDI CANTANT Olomouc 2018 <\/em>(ch\u00f3r <em>Autograph<\/em>), \u201eGrand Prix\u201d <em>VII Konkurs<\/em><em>u<\/em><em> Pie\u015bni Ch\u00f3ralnej im. Cz. Prudla<\/em> 2019 w Lyskach (ch\u00f3r <em>Dominanta<\/em><em>)<\/em>, \u201eI Miejsce\u201d w <em>XXIX Tyski<\/em><em>ch<\/em><em> Wieczor<\/em><em>ach<\/em><em> Kol\u0119dow<\/em><em>ych 2020 <\/em>w Tychach 2020 (ch\u00f3r <em>Autograph<\/em>), \u201dZ\u0142ota Pieta\u201d w <em>V Og\u00f3lnopolskim Przegl\u0105dzie Ch\u00f3r\u00f3w Ko\u015bcielnych Pie\u015bni Pokutnej i Pasyjnej Metropolii G\u00f3rno\u015bl\u0105skiej <\/em>2021 w \u017borach (ch\u00f3ry <em>DAR\/Autograph<\/em>), \u201eZ\u0142ote Pasmo\u201d i I Miejsce w kategorii ch\u00f3r\u00f3w jednorodnych w <em>XVII <\/em><em>Og\u00f3lnopolskim Konkursie Kol\u0119d i Pastora\u0142ek 2022 <\/em>w <em>Che\u0142mnie. <\/em><\/p>\n<p>Joanna Glenc prowadzi r\u00f3wnie\u017c dzia\u0142alno\u015b\u0107 dydaktyczn\u0105. Jako profesor Uniwersytetu \u015al\u0105skiego mo\u017ce poszczyci\u0107 si\u0119 bardzo liczn\u0105 grup\u0105 student\u00f3w, kt\u00f3rych uczy\u0142a sztuki dyrygowania zespo\u0142ami muzycznymi. Do jej osi\u0105gni\u0119\u0107 naukowych zaliczy\u0107 mo\u017cna autorskie artyku\u0142y opublikowane w wielu wydawnictwach i czasopismach krajowych oraz autorskie monografie pt.: <em>Tw\u00f3rczo\u015b\u0107 ch\u00f3ralna Jacka Glenca \u2013 zamys\u0142 kompozytora a interpretacja <\/em>(2011), <em>Ko\u0142o mego <sup>\u0142<\/sup>okiyneczka. Pie\u015bni ludowe Ziemi Pszczy\u0144skiej ze zbior\u00f3w r\u0119kopi\u015bmiennych Mariana Cie\u015bli pod redakcj\u0105 Joanny Glenc <\/em>(2018)<em>.<\/em> Dzia\u0142alno\u015b\u0107 naukow\u0105 uzupe\u0142nia udzia\u0142 w licznych konferencjach i sympozjach naukowych.<\/p>\n<p>Na przestrzeni lat pracy zawodowej i artystycznej otrzyma\u0142a wiele nagr\u00f3d indywidualnych, m.in. <em>Nagrod\u0119 Indywidualn\u0105 II stopnia Dyrektora Centrum Edukacji Artystycznej za szczeg\u00f3lny wk\u0142ad w rozw\u00f3j edukacji artystycznej w Polsce<\/em> (2016), <em>Odznak\u0119 Honorow\u0105 \u201eZas\u0142u\u017cony dla Kultury Polskiej\u201d <\/em>przyznan\u0105 przez Ministra Kultury i Dziedzictwa Narodowego RP (2018), <em>Nagrod\u0119 Indywidualn\u0105 I stopnia Dyrektora Centrum Edukacji Artystycznej za szczeg\u00f3lny wk\u0142ad w rozw\u00f3j edukacji artystycznej w Polsce<\/em> (2020) oraz nagrody <em>Dla Najlepszego Dyrygenta <\/em>(2005, 2019) i listy \u00a0gratulacyjne.<\/p>\n<p style=\"text-align: justify;\">Od wielu lat pe\u0142ni funkcj\u0119 jurora oraz cz\u0142onka rady artystycznej w przegl\u0105dach, konkursach i festiwalach muzycznych o randze regionalnej, og\u00f3lnopolskiej i mi\u0119dzynarodowej.<\/p>\n<p style=\"text-align: justify;\"><a href=\"https:\/\/us.edu.pl\/instytut\/ismuz\/wp-content\/uploads\/sites\/54\/Nieprzypisane\/J.-Glenc-fot.-E.-Nowak-e1592932785334.jpg\"><img class=\"wp-image-1400 size-large aligncenter\" src=\"https:\/\/us.edu.pl\/instytut\/ismuz\/wp-content\/uploads\/sites\/54\/Nieprzypisane\/J.-Glenc-fot.-E.-Nowak-e1592932785334-1024x1024.jpg\" alt=\"\" width=\"640\" height=\"640\" srcset=\"https:\/\/us.edu.pl\/instytut\/ismuz\/wp-content\/uploads\/sites\/54\/Nieprzypisane\/J.-Glenc-fot.-E.-Nowak-e1592932785334-1024x1024.jpg 1024w, https:\/\/us.edu.pl\/instytut\/ismuz\/wp-content\/uploads\/sites\/54\/Nieprzypisane\/J.-Glenc-fot.-E.-Nowak-e1592932785334-150x150.jpg 150w, https:\/\/us.edu.pl\/instytut\/ismuz\/wp-content\/uploads\/sites\/54\/Nieprzypisane\/J.-Glenc-fot.-E.-Nowak-e1592932785334-300x300.jpg 300w, https:\/\/us.edu.pl\/instytut\/ismuz\/wp-content\/uploads\/sites\/54\/Nieprzypisane\/J.-Glenc-fot.-E.-Nowak-e1592932785334-768x768.jpg 768w, https:\/\/us.edu.pl\/instytut\/ismuz\/wp-content\/uploads\/sites\/54\/Nieprzypisane\/J.-Glenc-fot.-E.-Nowak-e1592932785334-575x575.jpg 575w, https:\/\/us.edu.pl\/instytut\/ismuz\/wp-content\/uploads\/sites\/54\/Nieprzypisane\/J.-Glenc-fot.-E.-Nowak-e1592932785334.jpg 1953w\" sizes=\"(max-width: 640px) 100vw, 640px\" \/><\/a><\/p>\n<div class=\"mt-3\"><\/div>\r\n                            <\/div>\r\n                            \r\n                            <div class=\"text-modules__img\"><img src=\"https:\/\/us.edu.pl\/instytut\/ismuz\/wp-content\/uploads\/sites\/54\/Nieprzypisane\/Joanna-Glenc-fot.-Katarzyna-Kaczmarczyk-200x300.jpg\" alt=\"img\"><\/div>\r\n                        <\/div>\r\n                    <\/div>\r\n                <\/div>[\/vc_column][\/vc_row]<\/p>","protected":false},"excerpt":{"rendered":"<p>[vc_row][vc_column][\/vc_column][\/vc_row] [&#8230;]<\/p>\n<p><a class=\"btn btn-secondary understrap-read-more-link\" href=\"https:\/\/us.edu.pl\/instytut\/ismuz\/pracownicy\/joanna-glenc\/\">Read More&#8230;<\/a><\/p>\n","protected":false},"author":362,"featured_media":0,"parent":189,"menu_order":10,"comment_status":"closed","ping_status":"closed","template":"","meta":{"_expiration-date-status":"saved","_expiration-date":0,"_expiration-date-type":"","_expiration-date-categories":[],"_expiration-date-options":[]},"acf":[],"_links":{"self":[{"href":"https:\/\/us.edu.pl\/instytut\/ismuz\/wp-json\/wp\/v2\/pages\/1395"}],"collection":[{"href":"https:\/\/us.edu.pl\/instytut\/ismuz\/wp-json\/wp\/v2\/pages"}],"about":[{"href":"https:\/\/us.edu.pl\/instytut\/ismuz\/wp-json\/wp\/v2\/types\/page"}],"author":[{"embeddable":true,"href":"https:\/\/us.edu.pl\/instytut\/ismuz\/wp-json\/wp\/v2\/users\/362"}],"replies":[{"embeddable":true,"href":"https:\/\/us.edu.pl\/instytut\/ismuz\/wp-json\/wp\/v2\/comments?post=1395"}],"version-history":[{"count":10,"href":"https:\/\/us.edu.pl\/instytut\/ismuz\/wp-json\/wp\/v2\/pages\/1395\/revisions"}],"predecessor-version":[{"id":2683,"href":"https:\/\/us.edu.pl\/instytut\/ismuz\/wp-json\/wp\/v2\/pages\/1395\/revisions\/2683"}],"up":[{"embeddable":true,"href":"https:\/\/us.edu.pl\/instytut\/ismuz\/wp-json\/wp\/v2\/pages\/189"}],"wp:attachment":[{"href":"https:\/\/us.edu.pl\/instytut\/ismuz\/wp-json\/wp\/v2\/media?parent=1395"}],"curies":[{"name":"wp","href":"https:\/\/api.w.org\/{rel}","templated":true}]}}