{"id":1412,"date":"2020-03-20T11:17:52","date_gmt":"2020-03-20T10:17:52","guid":{"rendered":"https:\/\/us.edu.pl\/instytut\/ismuz\/?page_id=1412"},"modified":"2021-04-06T11:55:53","modified_gmt":"2021-04-06T09:55:53","slug":"paulina-bielesz","status":"publish","type":"page","link":"https:\/\/us.edu.pl\/instytut\/ismuz\/pracownicy\/paulina-bielesz\/","title":{"rendered":"mgr in\u017c. Paulina Bielesz"},"content":{"rendered":"<p>[vc_row][vc_column]\r\n                <div class=\"text-modules reverse\">\r\n                    <div class=\"container\">\r\n                        <h3 class=\"section-title section-title_border-bottom\">mgr in\u017c. Paulina Bielesz<\/h3> \r\n                        <div class=\"row m-0\">\r\n                            <div class=\"text-modules__content\">\r\n                                <\/p>\n<p style=\"text-align: justify\"><strong>Paulina Bielesz<\/strong> &#8211; realizator d\u017awi\u0119ku, muzyk, in\u017cynier d\u017awi\u0119ku, doktorantka Wydzia\u0142u Re\u017cyserii D\u017awi\u0119ku Uniwersytetu Muzycznego Fryderyka Chopina w Warszawie. Opiekun naukowy cieszy\u0144skiej sekcji Audio Engineering Society. Zajmuje si\u0119 re\u017cyseri\u0105 d\u017awi\u0119ku, dzia\u0142aniami w\u00a0obr\u0119bie medi\u00f3w interaktywnych oraz akustyk\u0105 pomieszcze\u0144. Przedmiotem jej zainteresowa\u0144 jest solfe\u017c barwy.<\/p>\n<p style=\"text-align: justify\">Absolwentka Wydzia\u0142u Jazzu Akademii Muzycznej w Katowicach, kierunku Jazz i\u00a0muzyka rozrywkowa, specjalizacji realizacja nag\u0142o\u015bnienia oraz Akademii G\u00f3rniczo-Hutniczej, kierunku In\u017cynieria Akustyczna ze specjalno\u015bci\u0105 In\u017cynieria d\u017awi\u0119ku w\u00a0mediach i\u00a0kulturze. Uko\u0144czy\u0142a r\u00f3wnie\u017c Szko\u0142\u0119 Muzyczn\u0105 II\u00a0stopnia w\u00a0Krakowie w\u00a0klasie fletu poprzecznego.<\/p>\n<p style=\"text-align: justify\">Wsp\u00f3\u0142pracowa\u0142a z\u00a0teatrami i\u00a0stowarzyszeniami takimi jak STUDIO DONO &#8211; Scena na Lwowskiej w\u00a0Krakowie, grupa &#8222;Scena Otwarta&#8221; pod kier. Johna Whitewooda, Drugi Teatr w\u00a0Cieszynie, Fundacja J\u00f3zefa Brody.<br \/>\nRealizuje nagrania p\u0142ytowe i\u00a0nagrania do form audiowizualnych.<\/p>\n<div class=\"mt-3\"><\/div>\r\n                            <\/div>\r\n                            \r\n                            <div class=\"text-modules__img\"><img src=\"https:\/\/us.edu.pl\/instytut\/ismuz\/wp-content\/uploads\/sites\/54\/Nieprzypisane\/Bielesz.jpg\" alt=\"img\"><\/div>\r\n                        <\/div>\r\n                    <\/div>\r\n                <\/div>[\/vc_column][\/vc_row]<\/p>","protected":false},"excerpt":{"rendered":"<p>[vc_row][vc_column][\/vc_column][\/vc_row] [&#8230;]<\/p>\n<p><a class=\"btn btn-secondary understrap-read-more-link\" href=\"https:\/\/us.edu.pl\/instytut\/ismuz\/pracownicy\/paulina-bielesz\/\">Read More&#8230;<\/a><\/p>\n","protected":false},"author":362,"featured_media":0,"parent":189,"menu_order":10,"comment_status":"closed","ping_status":"closed","template":"","meta":{"_expiration-date-status":"saved","_expiration-date":0,"_expiration-date-type":"","_expiration-date-categories":[],"_expiration-date-options":[]},"acf":[],"_links":{"self":[{"href":"https:\/\/us.edu.pl\/instytut\/ismuz\/wp-json\/wp\/v2\/pages\/1412"}],"collection":[{"href":"https:\/\/us.edu.pl\/instytut\/ismuz\/wp-json\/wp\/v2\/pages"}],"about":[{"href":"https:\/\/us.edu.pl\/instytut\/ismuz\/wp-json\/wp\/v2\/types\/page"}],"author":[{"embeddable":true,"href":"https:\/\/us.edu.pl\/instytut\/ismuz\/wp-json\/wp\/v2\/users\/362"}],"replies":[{"embeddable":true,"href":"https:\/\/us.edu.pl\/instytut\/ismuz\/wp-json\/wp\/v2\/comments?post=1412"}],"version-history":[{"count":6,"href":"https:\/\/us.edu.pl\/instytut\/ismuz\/wp-json\/wp\/v2\/pages\/1412\/revisions"}],"predecessor-version":[{"id":2320,"href":"https:\/\/us.edu.pl\/instytut\/ismuz\/wp-json\/wp\/v2\/pages\/1412\/revisions\/2320"}],"up":[{"embeddable":true,"href":"https:\/\/us.edu.pl\/instytut\/ismuz\/wp-json\/wp\/v2\/pages\/189"}],"wp:attachment":[{"href":"https:\/\/us.edu.pl\/instytut\/ismuz\/wp-json\/wp\/v2\/media?parent=1412"}],"curies":[{"name":"wp","href":"https:\/\/api.w.org\/{rel}","templated":true}]}}