{"id":1420,"date":"2020-03-20T12:32:12","date_gmt":"2020-03-20T11:32:12","guid":{"rendered":"https:\/\/us.edu.pl\/instytut\/ismuz\/?page_id=1420"},"modified":"2020-03-29T14:51:17","modified_gmt":"2020-03-29T12:51:17","slug":"boguslaw-jan-bemben","status":"publish","type":"page","link":"https:\/\/us.edu.pl\/instytut\/ismuz\/pracownicy\/boguslaw-jan-bemben\/","title":{"rendered":"dr Bogus\u0142aw Jan Bemben"},"content":{"rendered":"<p>[vc_row][vc_column]\r\n                <div class=\"text-modules reverse\">\r\n                    <div class=\"container\">\r\n                        <h3 class=\"section-title section-title_border-bottom\">dr Bogus\u0142aw Jan Bemben<\/h3> \r\n                        <div class=\"row m-0\">\r\n                            <div class=\"text-modules__content\">\r\n                                <\/p>\n<p style=\"text-align: justify\"><strong>Bogus\u0142aw Jan Bemben<\/strong> &#8211; dyrygent, menad\u017cer i\u00a0pedagog. Absolwent Akademii Muzycznej im.\u00a0Karola Szymanowskiego w\u00a0Katowicach w\u00a0klasie dyrygentury symfoniczno-operowej prof.\u00a0Jana Wincentego Hawela. Stopie\u0144 naukowy doktora sztuk muzycznych uzyska\u0142 w\u00a0Akademii Muzycznej w\u00a0Krakowie, promotorem by\u0142 prof.\u00a0dr\u00a0hab.\u00a0Miros\u0142aw Jacek B\u0142aszczyk. Jest tak\u017ce absolwentem Wydzia\u0142u Zarz\u0105dzania i\u00a0Komunikacji Spo\u0142ecznej Uniwersytetu Jagiello\u0144skiego w\u00a0Krakowie, prac\u0119 dyplomow\u0105 napisa\u0142 pod kierunkiem prof.\u00a0dra\u00a0hab.\u00a0Bogus\u0142awa Nierenberga.<\/p>\n<p style=\"text-align: justify\">Doskonali\u0142 sw\u00f3j warsztat dyrygencki u\u00a0znakomitych mistrz\u00f3w batuty: Gabriela Chmury, Collina Mettersa, Helmutha Rillinga, Jerzego Salwarowskiego. W\u00a0maju 2012\u00a0r. bra\u0142 udzia\u0142 w\u00a0jednym z\u00a0najbardziej presti\u017cowych konkurs\u00f3w dyrygenckich &#8211; Malko Competition w\u00a0Kopenhadze. Mia\u0142 tam zaszczyt dyrygowa\u0107 Du\u0144sk\u0105 Narodow\u0105 Orkiestr\u0105 Symfoniczn\u0105, oraz zetkn\u0105\u0142 si\u0119 z\u00a0kunsztem legendarnego maestra Lorina Maazela.<\/p>\n<p style=\"text-align: justify\">Artysta prowadzi o\u017cywion\u0105 dzia\u0142alno\u015b\u0107 koncertow\u0105, pedagogiczn\u0105 a\u00a0tak\u017ce jest zapraszany do jury konkurs\u00f3w i\u00a0festiwali. Bra\u0142 udzia\u0142 w\u00a0koncertach w\u00a0kraju i\u00a0za granic\u0105. W Polsce wyst\u0119powa\u0142 w\u00a0wi\u0119kszo\u015bci filharmonii, na czele z\u00a0Filharmoni\u0105 Krakowsk\u0105 i\u00a0Filharmoni\u0105 \u015al\u0105sk\u0105. Dyrygowa\u0142 r\u00f3wnie\u017c orkiestrami akademickimi, kameralnymi m.in.\u00a0Orkiestr\u0105 Miasta Tychy AUKSO, a\u00a0tak\u017ce prowadzi\u0142 spektakle operowe, operetkowe, musicale.<\/p>\n<p style=\"text-align: justify\">Bogus\u0142aw Jan Bemben pracuje na stanowisku adiunkta w\u00a0Instytucie Sztuk Muzycznych na Wydziale Sztuki i\u00a0Nauk o\u00a0Edukacji Uniwersytetu \u015al\u0105skiego w\u00a0Katowicach oraz jako dyrygent orkiestr w\u00a0Og\u00f3lnokszta\u0142c\u0105cej Szkole Muzycznej I\u00a0i\u00a0II\u00a0stopnia im.\u00a0Fryderyka Chopina w\u00a0Bytomiu i\u00a0Pa\u0144stwowej Szkole Muzycznej I\u00a0i\u00a0II\u00a0stopnia im.\u00a0Grzegorza Fitelberga w\u00a0Chorzowie.<\/p>\n<p>\u00a0 \r\n                                <div class=\"mt-3\"><\/div>\r\n                            <\/div>\r\n                            \r\n                            <div class=\"text-modules__img\"><img src=\"https:\/\/us.edu.pl\/instytut\/ismuz\/wp-content\/uploads\/sites\/54\/Nieprzypisane\/B.J.Bemben.jpg\" alt=\"img\"><\/div>\r\n                        <\/div>\r\n                    <\/div>\r\n                <\/div>[\/vc_column][\/vc_row]<\/p>","protected":false},"excerpt":{"rendered":"<p>[vc_row][vc_column][\/vc_column][\/vc_row] [&#8230;]<\/p>\n<p><a class=\"btn btn-secondary understrap-read-more-link\" href=\"https:\/\/us.edu.pl\/instytut\/ismuz\/pracownicy\/boguslaw-jan-bemben\/\">Read More&#8230;<\/a><\/p>\n","protected":false},"author":362,"featured_media":0,"parent":189,"menu_order":0,"comment_status":"closed","ping_status":"closed","template":"","meta":{"_expiration-date-status":"saved","_expiration-date":0,"_expiration-date-type":"","_expiration-date-categories":[],"_expiration-date-options":[]},"acf":[],"_links":{"self":[{"href":"https:\/\/us.edu.pl\/instytut\/ismuz\/wp-json\/wp\/v2\/pages\/1420"}],"collection":[{"href":"https:\/\/us.edu.pl\/instytut\/ismuz\/wp-json\/wp\/v2\/pages"}],"about":[{"href":"https:\/\/us.edu.pl\/instytut\/ismuz\/wp-json\/wp\/v2\/types\/page"}],"author":[{"embeddable":true,"href":"https:\/\/us.edu.pl\/instytut\/ismuz\/wp-json\/wp\/v2\/users\/362"}],"replies":[{"embeddable":true,"href":"https:\/\/us.edu.pl\/instytut\/ismuz\/wp-json\/wp\/v2\/comments?post=1420"}],"version-history":[{"count":4,"href":"https:\/\/us.edu.pl\/instytut\/ismuz\/wp-json\/wp\/v2\/pages\/1420\/revisions"}],"predecessor-version":[{"id":1767,"href":"https:\/\/us.edu.pl\/instytut\/ismuz\/wp-json\/wp\/v2\/pages\/1420\/revisions\/1767"}],"up":[{"embeddable":true,"href":"https:\/\/us.edu.pl\/instytut\/ismuz\/wp-json\/wp\/v2\/pages\/189"}],"wp:attachment":[{"href":"https:\/\/us.edu.pl\/instytut\/ismuz\/wp-json\/wp\/v2\/media?parent=1420"}],"curies":[{"name":"wp","href":"https:\/\/api.w.org\/{rel}","templated":true}]}}