{"id":1439,"date":"2020-03-20T14:35:14","date_gmt":"2020-03-20T13:35:14","guid":{"rendered":"https:\/\/us.edu.pl\/instytut\/ismuz\/?page_id=1439"},"modified":"2021-11-03T14:33:51","modified_gmt":"2021-11-03T13:33:51","slug":"bartosz-jaskowski","status":"publish","type":"page","link":"https:\/\/us.edu.pl\/instytut\/ismuz\/pracownicy\/bartosz-jaskowski\/","title":{"rendered":"dr hab. Bartosz Listwan, prof. U\u015a"},"content":{"rendered":"<p>[vc_row][vc_column]\r\n                <div class=\"text-modules reverse\">\r\n                    <div class=\"container\">\r\n                        <h3 class=\"section-title section-title_border-bottom\">dr hab. Bartosz Listwan, prof. U\u015a<\/h3> \r\n                        <div class=\"row m-0\">\r\n                            <div class=\"text-modules__content\">\r\n                                <\/p>\n<p style=\"text-align: justify;\"><strong>Bartosz Listwan <\/strong>&#8211; wokalista, pedagog, kompozytor, autor tekst\u00f3w. Absolwent wokalistyki jazzowej na Wydziale Jazzu i Muzyki Rozrywkowej w Katowicach w klasie dr Ewy Mentel.<\/p>\n<p style=\"text-align: justify;\">Od 2007 roku cz\u0142onek zespo\u0142u naukowo-dydaktycznego Instytutu Sztuk Muzycznych i\u00a0Uniwersytetu \u015al\u0105skiego w\u00a0Katowicach oraz zespo\u0142u artystycznego Teatru Rozrywki w\u00a0Chorzowie (do\u00a02016\u00a0roku). Od 2016 roku cz\u0142onek zespo\u0142u dydaktycznego Akademii Muzycznej im.\u00a0Karola Szymanowskiego w\u00a0Katowicach.<\/p>\n<p style=\"text-align: justify;\">Autor solowych projekt\u00f3w artystycznych:<br \/>\nalbumu CD \u201eWracam do domu &#8211; Legenda miasta Z\u0142otoryja\u201d &#8211; p\u0142yty wydanej w\u00a02011\u00a0roku z\u00a0okazji jubileuszu 800-lecia miasta Z\u0142otoryja,<br \/>\nalbumu CD pt.:\u00a0\u201eW pogoni za anio\u0142ami\u2026\u201d &#8211; p\u0142yty<em>\u00a0<\/em>rozpowszechnionej dzi\u0119ki Wydawnictwu Uniwersytetu \u015al\u0105skiego w\u00a02017\u00a0roku,<br \/>\nalbumu CD pt.:\u00a0\u201eZaucha projekt\u201d \u2013 p\u0142yty wydanej przez <em>Sandecki Music\u00a0<\/em>przy wsp\u00f3\u0142pracy z\u00a0Uniwersytetem \u015al\u0105skim w\u00a0Katowicach.<\/p>\n<p style=\"text-align: justify;\">W 2020 roku uzyska\u0142 stopnie\u0144 naukowy doktora habilitowanego w\u00a0dziedzinie sztuki w\u00a0dyscyplinie sztuki muzyczne na Wydziale Wokalno-Aktorskim Akademii Muzycznej im.\u00a0Ignacego Jana Paderewskiego w\u00a0Poznaniu.<br \/>\nObecnie w\u00a0charakterze wokalisty wsp\u00f3\u0142pracuje m.in.\u00a0z\u00a0big-bandem\u00a0<em>Big Silesian Band, <\/em>Orkiestr\u0105 Wojskow\u0105 w\u00a0Bytomiu, zespo\u0142em\u00a0<em>Winyl Band\u00a0<\/em>oraz w\u00a0charakterze\u00a0konsultanta wokalnego z\u00a0zespo\u0142em artystycznym Teatru Rozrywki w\u00a0Chorzowie.<\/p>\n<div class=\"mt-3\"><\/div>\r\n                            <\/div>\r\n                            \r\n                            <div class=\"text-modules__img\"><img src=\"https:\/\/us.edu.pl\/instytut\/ismuz\/wp-content\/uploads\/sites\/54\/Nieprzypisane\/Ja\u015bkowski.jpeg\" alt=\"img\"><\/div>\r\n                        <\/div>\r\n                    <\/div>\r\n                <\/div>\r\n                <div class=\"text-modules\">\r\n                    <div class=\"container\">\r\n                        \r\n                        <div class=\"text-modules__content\"><p><img class=\"alignnone size-full wp-image-1699\" src=\"https:\/\/us.edu.pl\/instytut\/ismuz\/wp-content\/uploads\/sites\/54\/Nieprzypisane\/youtube1.jpg\" alt=\"\" width=\"200\" height=\"89\" \/><\/p>\n<\/div>\r\n                    <\/div>\r\n                <\/div>[\/vc_column][\/vc_row][vc_row css=&#8221;.vc_custom_1585066081806{padding-right: 90px !important;padding-left: 90px !important;}&#8221;][vc_column width=&#8221;1\/3&#8243;][vc_video link=&#8221;https:\/\/m.youtube.com\/watch?v=TyeiuwfaQmA&#8221; el_width=&#8221;90&#8243; align=&#8221;center&#8221;][\/vc_column][vc_column width=&#8221;1\/3&#8243;][vc_video link=&#8221;https:\/\/www.youtube.com\/watch?v=6qe5iS4Skkw&#8221; el_width=&#8221;90&#8243; align=&#8221;center&#8221;][\/vc_column][vc_column width=&#8221;1\/3&#8243;][vc_video link=&#8221;https:\/\/www.youtube.com\/watch?v=bDJGrJE1jYw&#8221; el_width=&#8221;90&#8243; align=&#8221;center&#8221;][\/vc_column][\/vc_row]<\/p>","protected":false},"excerpt":{"rendered":"<p>[vc_row][vc_column][\/vc_column][\/vc_row][vc_row css=&#8221;.vc_custom_1585066081806{padding-right: 90px !important;padding-left: 90px !important;}&#8221;][vc_column width=&#8221;1\/3&#8243;][vc_video link=&#8221;https:\/\/m.youtube.com\/watch?v=TyeiuwfaQmA&#8221; el_width=&#8221;90&#8243; align=&#8221;center&#8221;][\/vc_column][vc_column width=&#8221;1\/3&#8243;][vc_video link=&#8221;https:\/\/www.youtube.com\/watch?v=6qe5iS4Skkw&#8221; el_width=&#8221;90&#8243; align=&#8221;center&#8221;][\/vc_column][vc_column width=&#8221;1\/3&#8243;][vc_video link=&#8221;https:\/\/www.youtube.com\/watch?v=bDJGrJE1jYw&#8221; el_width=&#8221;90&#8243; align=&#8221;center&#8221;][\/vc_column][\/vc_row] [&#8230;]<\/p>\n<p><a class=\"btn btn-secondary understrap-read-more-link\" href=\"https:\/\/us.edu.pl\/instytut\/ismuz\/pracownicy\/bartosz-jaskowski\/\">Read More&#8230;<\/a><\/p>\n","protected":false},"author":362,"featured_media":0,"parent":189,"menu_order":10,"comment_status":"closed","ping_status":"closed","template":"","meta":{"_expiration-date-status":"saved","_expiration-date":0,"_expiration-date-type":"","_expiration-date-categories":[],"_expiration-date-options":[]},"acf":[],"_links":{"self":[{"href":"https:\/\/us.edu.pl\/instytut\/ismuz\/wp-json\/wp\/v2\/pages\/1439"}],"collection":[{"href":"https:\/\/us.edu.pl\/instytut\/ismuz\/wp-json\/wp\/v2\/pages"}],"about":[{"href":"https:\/\/us.edu.pl\/instytut\/ismuz\/wp-json\/wp\/v2\/types\/page"}],"author":[{"embeddable":true,"href":"https:\/\/us.edu.pl\/instytut\/ismuz\/wp-json\/wp\/v2\/users\/362"}],"replies":[{"embeddable":true,"href":"https:\/\/us.edu.pl\/instytut\/ismuz\/wp-json\/wp\/v2\/comments?post=1439"}],"version-history":[{"count":13,"href":"https:\/\/us.edu.pl\/instytut\/ismuz\/wp-json\/wp\/v2\/pages\/1439\/revisions"}],"predecessor-version":[{"id":2463,"href":"https:\/\/us.edu.pl\/instytut\/ismuz\/wp-json\/wp\/v2\/pages\/1439\/revisions\/2463"}],"up":[{"embeddable":true,"href":"https:\/\/us.edu.pl\/instytut\/ismuz\/wp-json\/wp\/v2\/pages\/189"}],"wp:attachment":[{"href":"https:\/\/us.edu.pl\/instytut\/ismuz\/wp-json\/wp\/v2\/media?parent=1439"}],"curies":[{"name":"wp","href":"https:\/\/api.w.org\/{rel}","templated":true}]}}