{"id":1449,"date":"2020-03-20T19:03:25","date_gmt":"2020-03-20T18:03:25","guid":{"rendered":"https:\/\/us.edu.pl\/instytut\/ismuz\/?page_id=1449"},"modified":"2023-01-13T11:36:26","modified_gmt":"2023-01-13T10:36:26","slug":"marcin","status":"publish","type":"page","link":"https:\/\/us.edu.pl\/instytut\/ismuz\/pracownicy\/marcin\/","title":{"rendered":"dr Marcin Ha\u0142at"},"content":{"rendered":"<p>[vc_row][vc_column]\r\n                <div class=\"text-modules reverse\">\r\n                    <div class=\"container\">\r\n                        <h3 class=\"section-title section-title_border-bottom\">dr Marcin Ha\u0142at<\/h3> \r\n                        <div class=\"row m-0\">\r\n                            <div class=\"text-modules__content\">\r\n                                <sup>Fot. Rafa\u0142 Paw\u0142owski<\/sup><\/p>\n<p style=\"text-align: justify;\"><strong>Marcin Ha\u0142at<\/strong> &#8211; skrzypek, improwizator, poruszaj\u0105cy si\u0119 mi\u0119dzy muzyk\u0105 klasyczn\u0105, jazzow\u0105 i\u00a0improwizowan\u0105. Urodzony w\u00a0Beskidzie \u015al\u0105skim w\u00a01981\u00a0r. w\u00a0rodzinie o\u00a0bogatych tradycjach muzycznych. Jako ma\u0142y ch\u0142opiec dorasta w\u00a0otoczeniu muzyki ludowej, muzyki Fryderyka Chopina i\u00a0dobiegaj\u0105cych z\u00a0radia d\u017awi\u0119k\u00f3w ameryka\u0144skiego jazzu. W\u00a0wieku siedmiu lat rozpoczyna nauk\u0119 w\u00a0Szkole Muzycznej w\u00a0Katowicach.<br \/>\nJego talent improwizacyjny odkrywa i\u00a0zaprasza do wsp\u00f3\u0142pracy Adam Makowicz. Marcin Ha\u0142at wybiera studia na Wydziale Jazzu i\u00a0Muzyki Rozrywkowej Akademii Muzycznej w\u00a0Katowicach pod kierunkiem skrzypka Henryka Gembalskiego oraz na Wydziale Instrumentalnym Akademii Muzycznej w\u00a0Krakowie w\u00a0klasie Roberta Kabary.<\/p>\n<p style=\"text-align: justify;\">Nawi\u0105zuje wsp\u00f3\u0142prac\u0119 z\u00a0Orkiestr\u0105 Sto\u0142ecznego Kr\u00f3lewskiego Miasta Krakowa <em>Sinfonietta Cracovia<\/em>, z\u00a0kt\u00f3r\u0105 bierze udzia\u0142 w\u00a0licznych krajowych i\u00a0mi\u0119dzynarodowych nagraniach, koncertach i\u00a0festiwalach takich jak: Wielkanocny Festiwal Ludwiga van Beethovena w\u00a0Krakowie, Mi\u0119dzynarodowy Festiwal Muzyki Wsp\u00f3\u0142czesnej <em>Warszawska Jesie\u0144<\/em>, Festiwal Muzyczny w\u00a0\u0141a\u0144cucie, Festiwal Karola Szymanowskiego w\u00a0Zakopanem, a\u00a0tak\u017ce w\u00a0Colmar we Francji, Schleswig Holstein w\u00a0Niemczech, Bia\u0142e noce w\u00a0Rosji, Carinthischer Sommer w\u00a0Austrii, Europamusicale w\u00a0Niemczech, Murten Classics w\u00a0Szwajcarii, Le Dieci Giornati w\u00a0Brescii we\u00a0W\u0142oszech, Festiwal Polignac w\u00a0Guidel we\u00a0Francji.<br \/>\nPracuje z\u00a0najwybitniejszymi dyrygentami, s\u0105 w\u015br\u00f3d nich: Krzysztof Penderecki, Jerzy Maksymiuk, Christoph Eschenbach, Lorin Maazel, Valery Gergiev, Lawrence Foster, John Axelrood, Rafael Payare i\u00a0Jurjen Hempel, oraz nagrywa dla takich wytw\u00f3rni jak Sony Classical, DUX i\u00a0Tv\u00a0Arte.<\/p>\n<p style=\"text-align: justify;\">Jednocze\u015bnie realizuje wiele w\u0142asnych projekt\u00f3w muzycznych &#8211; od muzyki ludowej, przez muzyk\u0119 kameraln\u0105 i\u00a0muzyk\u0119 improwizowan\u0105. Bierze udzia\u0142 w\u00a0znacz\u0105cych wydarzeniach artystycznych: Festiwal Sacrum Profanum w\u00a0Krakowie, <em>Jazz w\u00a0Ruinach<\/em> w\u00a0Gliwicach, Festiwal Szk\u00f3\u0142 Artystycznych w\u00a0Cieszynie czy Festiwal Kultury \u017bydowskiej w\u00a0Krakowie. Wsp\u00f3\u0142pracuje z\u00a0takimi artystami jak: Gra\u017cyna Augu\u015bcik, Dorota Mi\u015bkiewicz, W\u0142odzimierz Nahorny, Pianohooligan Piotr Orzechowski, Dominik Wania, Pablo Held, Adzik Sandecki, Joszko Broda i\u00a0Atom String Quartet.<br \/>\nJest liderem tria <em>Owl<\/em>, kt\u00f3re tworzy wraz z\u00a0Krzysztofem Gradziukiem i\u00a0Maciejem Garbowskim. W\u00a02017\u00a0roku ich debiutancki album <em>On The Way<\/em> zosta\u0142 wydany przez Fundacj\u0119 S\u0142uchaj i\u00a0doceniony zar\u00f3wno w\u00a0Polsce, jak i\u00a0zagranic\u0105.<\/p>\n<p style=\"text-align: justify;\">Marcin Ha\u0142at jest stypendyst\u0105 Ministra Kultury i\u00a0Marsza\u0142ka Wojew\u00f3dztwa \u015al\u0105skiego.<br \/>\nObecnie pracuje na stanowisku adiunkta w\u00a0Instytucie Muzyki w\u00a0Cieszynie Uniwersytetu \u015al\u0105skiego w\u00a0Katowicach.<br \/>\nTytu\u0142 doktora otrzyma\u0142 w\u00a0Akademii Muzycznej w\u00a0Krakowie.<\/p>\n<div class=\"mt-3\"><\/div>\r\n                            <\/div>\r\n                            \r\n                            <div class=\"text-modules__img\"><img src=\"https:\/\/us.edu.pl\/instytut\/ismuz\/wp-content\/uploads\/sites\/54\/Nieprzypisane\/Foto-by-Rafa\u0142-Pawlowski.jpg\" alt=\"img\"><\/div>\r\n                        <\/div>\r\n                    <\/div>\r\n                <\/div>\r\n                <div class=\"text-modules\">\r\n                    <div class=\"container\">\r\n                        \r\n                        <div class=\"text-modules__content\"><p><img class=\"alignnone size-full wp-image-1699\" src=\"https:\/\/us.edu.pl\/instytut\/ismuz\/wp-content\/uploads\/sites\/54\/Nieprzypisane\/youtube1.jpg\" alt=\"\" width=\"200\" height=\"89\" \/><\/p>\n<\/div>\r\n                    <\/div>\r\n                <\/div>[\/vc_column][\/vc_row][vc_row css=&#8221;.vc_custom_1585308397303{padding-right: 5% !important;padding-left: 5% !important;}&#8221;][vc_column width=&#8221;1\/4&#8243;][vc_video link=&#8221;https:\/\/youtu.be\/PlljKghVn-Q&#8221; el_width=&#8221;90&#8243; align=&#8221;center&#8221;][\/vc_column][vc_column width=&#8221;1\/4&#8243;][vc_video link=&#8221;https:\/\/youtu.be\/6xNwTKmYnpA&#8221; el_width=&#8221;90&#8243; align=&#8221;center&#8221;][\/vc_column][vc_column width=&#8221;1\/4&#8243;][vc_video link=&#8221;https:\/\/youtu.be\/A6QVdPGA7vM&#8221; el_width=&#8221;90&#8243; align=&#8221;center&#8221;][\/vc_column][vc_column width=&#8221;1\/4&#8243;][vc_video link=&#8221;https:\/\/youtu.be\/bf4slcw0wTo&#8221; el_width=&#8221;90&#8243; align=&#8221;center&#8221;][\/vc_column][\/vc_row]<\/p>","protected":false},"excerpt":{"rendered":"<p>[vc_row][vc_column][\/vc_column][\/vc_row][vc_row css=&#8221;.vc_custom_1585308397303{padding-right: 5% !important;padding-left: 5% !important;}&#8221;][vc_column width=&#8221;1\/4&#8243;][vc_video link=&#8221;https:\/\/youtu.be\/PlljKghVn-Q&#8221; el_width=&#8221;90&#8243; align=&#8221;center&#8221;][\/vc_column][vc_column width=&#8221;1\/4&#8243;][vc_video link=&#8221;https:\/\/youtu.be\/6xNwTKmYnpA&#8221; el_width=&#8221;90&#8243; align=&#8221;center&#8221;][\/vc_column][vc_column width=&#8221;1\/4&#8243;][vc_video link=&#8221;https:\/\/youtu.be\/A6QVdPGA7vM&#8221; el_width=&#8221;90&#8243; align=&#8221;center&#8221;][\/vc_column][vc_column width=&#8221;1\/4&#8243;][vc_video link=&#8221;https:\/\/youtu.be\/bf4slcw0wTo&#8221; el_width=&#8221;90&#8243; align=&#8221;center&#8221;][\/vc_column][\/vc_row] [&#8230;]<\/p>\n<p><a class=\"btn btn-secondary understrap-read-more-link\" href=\"https:\/\/us.edu.pl\/instytut\/ismuz\/pracownicy\/marcin\/\">Read More&#8230;<\/a><\/p>\n","protected":false},"author":362,"featured_media":0,"parent":189,"menu_order":0,"comment_status":"closed","ping_status":"closed","template":"","meta":{"_expiration-date-status":"","_expiration-date":0,"_expiration-date-type":"","_expiration-date-categories":[],"_expiration-date-options":[]},"acf":[],"_links":{"self":[{"href":"https:\/\/us.edu.pl\/instytut\/ismuz\/wp-json\/wp\/v2\/pages\/1449"}],"collection":[{"href":"https:\/\/us.edu.pl\/instytut\/ismuz\/wp-json\/wp\/v2\/pages"}],"about":[{"href":"https:\/\/us.edu.pl\/instytut\/ismuz\/wp-json\/wp\/v2\/types\/page"}],"author":[{"embeddable":true,"href":"https:\/\/us.edu.pl\/instytut\/ismuz\/wp-json\/wp\/v2\/users\/362"}],"replies":[{"embeddable":true,"href":"https:\/\/us.edu.pl\/instytut\/ismuz\/wp-json\/wp\/v2\/comments?post=1449"}],"version-history":[{"count":10,"href":"https:\/\/us.edu.pl\/instytut\/ismuz\/wp-json\/wp\/v2\/pages\/1449\/revisions"}],"predecessor-version":[{"id":2991,"href":"https:\/\/us.edu.pl\/instytut\/ismuz\/wp-json\/wp\/v2\/pages\/1449\/revisions\/2991"}],"up":[{"embeddable":true,"href":"https:\/\/us.edu.pl\/instytut\/ismuz\/wp-json\/wp\/v2\/pages\/189"}],"wp:attachment":[{"href":"https:\/\/us.edu.pl\/instytut\/ismuz\/wp-json\/wp\/v2\/media?parent=1449"}],"curies":[{"name":"wp","href":"https:\/\/api.w.org\/{rel}","templated":true}]}}