{"id":1476,"date":"2020-03-22T11:55:36","date_gmt":"2020-03-22T10:55:36","guid":{"rendered":"https:\/\/us.edu.pl\/instytut\/ismuz\/?page_id=1476"},"modified":"2024-04-16T12:24:20","modified_gmt":"2024-04-16T10:24:20","slug":"cieszynska-orkiestra-deta-uniwersytetu-slaskiego-w-katowicach","status":"publish","type":"page","link":"https:\/\/us.edu.pl\/instytut\/ismuz\/dzialalnosc\/cieszynska-orkiestra-deta-uniwersytetu-slaskiego-w-katowicach\/","title":{"rendered":"Cieszy\u0144ska Orkiestra D\u0119ta Uniwersytetu \u015al\u0105skiego w Katowicach"},"content":{"rendered":"<p>[vc_row][vc_column]\r\n                <div class=\"text-modules\">\r\n                    <div class=\"container\">\r\n                        <h3 class=\"page-title text__title\">Cieszy\u0144ska Orkiestra D\u0119ta Uniwersytetu \u015al\u0105skiego<\/h3>\r\n                        <div class=\"text-modules__content\"><\/p>\n<ol>\n<li><span style=\"font-size: 12pt;\"><strong>Strona g\u0142\u00f3wna<\/strong><\/span><\/li>\n<li><span style=\"font-size: 12pt;\"><a href=\"https:\/\/us.edu.pl\/instytut\/ismuz\/historia\/\"><strong>Historia<\/strong><\/a><\/span><\/li>\n<li><span style=\"font-size: 12pt;\"><a href=\"https:\/\/us.edu.pl\/instytut\/ismuz\/wybrana-dzialalnosc-od-pazdziernika-2012-r-do-teraz\/\"><strong>Wybrana dzia\u0142alno\u015b\u0107 od pa\u017adziernika 2012 r. do teraz<\/strong><\/a><\/span><\/li>\n<li><span style=\"font-size: 12pt;\"><a href=\"https:\/\/us.edu.pl\/instytut\/ismuz\/osiagniecia\/\"><strong>Osi\u0105gni\u0119cia<\/strong><\/a><\/span><\/li>\n<li><span style=\"font-size: 12pt;\"><a href=\"https:\/\/us.edu.pl\/instytut\/ismuz\/nagrania-i-publikacje\/\"><strong>Nagrania i publikacje<\/strong><\/a><\/span><\/li>\n<li><span style=\"font-size: 12pt;\"><a href=\"https:\/\/us.edu.pl\/instytut\/ismuz\/kontakt-2\/\"><strong>Kontakt<\/strong><\/a><\/span><\/li>\n<\/ol>\n<p style=\"text-align: center;\"><span style=\"font-size: 14pt;\">Witamy na stronie internetowej Cieszy\u0144skiej Orkiestry D\u0119tej Uniwersytetu \u015al\u0105skiego.<\/span><\/p>\n<p style=\"text-align: center;\"><span style=\"font-size: 14pt;\">Zapraszamy do zapoznania si\u0119 z jej histori\u0105, dokonaniami oraz bie\u017c\u0105cymi aktywno\u015bciami.<\/span><\/p>\n<p style=\"text-align: center;\"><img class=\"alignnone wp-image-3764 size-full\" src=\"https:\/\/us.edu.pl\/instytut\/ismuz\/wp-content\/uploads\/sites\/54\/Bez-kategorii\/Plakat-Nabo\u0301r-1.png\" alt=\"Cieszy\u0144ska Orkiestra D\u0119ta Uniwersytetu \u015al\u0105skiego-Plakat rekrutacja\" width=\"968\" height=\"1146\" srcset=\"https:\/\/us.edu.pl\/instytut\/ismuz\/wp-content\/uploads\/sites\/54\/Bez-kategorii\/Plakat-Nabo\u0301r-1.png 968w, https:\/\/us.edu.pl\/instytut\/ismuz\/wp-content\/uploads\/sites\/54\/Bez-kategorii\/Plakat-Nabo\u0301r-1-676x800.png 676w, https:\/\/us.edu.pl\/instytut\/ismuz\/wp-content\/uploads\/sites\/54\/Bez-kategorii\/Plakat-Nabo\u0301r-1-768x909.png 768w, https:\/\/us.edu.pl\/instytut\/ismuz\/wp-content\/uploads\/sites\/54\/Bez-kategorii\/Plakat-Nabo\u0301r-1-486x575.png 486w\" sizes=\"(max-width: 968px) 100vw, 968px\" \/><\/p>\n<p style=\"text-align: center;\"><img class=\"alignnone wp-image-3759 size-full\" src=\"https:\/\/us.edu.pl\/instytut\/ismuz\/wp-content\/uploads\/sites\/54\/Bez-kategorii\/Cieszynska-Orkiestra-Deta-Uniwersytetu-Slaskiego-1.jpg\" alt=\"\" width=\"2560\" height=\"1707\" srcset=\"https:\/\/us.edu.pl\/instytut\/ismuz\/wp-content\/uploads\/sites\/54\/Bez-kategorii\/Cieszynska-Orkiestra-Deta-Uniwersytetu-Slaskiego-1.jpg 2560w, https:\/\/us.edu.pl\/instytut\/ismuz\/wp-content\/uploads\/sites\/54\/Bez-kategorii\/Cieszynska-Orkiestra-Deta-Uniwersytetu-Slaskiego-1-800x533.jpg 800w, https:\/\/us.edu.pl\/instytut\/ismuz\/wp-content\/uploads\/sites\/54\/Bez-kategorii\/Cieszynska-Orkiestra-Deta-Uniwersytetu-Slaskiego-1-1200x800.jpg 1200w, https:\/\/us.edu.pl\/instytut\/ismuz\/wp-content\/uploads\/sites\/54\/Bez-kategorii\/Cieszynska-Orkiestra-Deta-Uniwersytetu-Slaskiego-1-768x512.jpg 768w, https:\/\/us.edu.pl\/instytut\/ismuz\/wp-content\/uploads\/sites\/54\/Bez-kategorii\/Cieszynska-Orkiestra-Deta-Uniwersytetu-Slaskiego-1-1536x1024.jpg 1536w, https:\/\/us.edu.pl\/instytut\/ismuz\/wp-content\/uploads\/sites\/54\/Bez-kategorii\/Cieszynska-Orkiestra-Deta-Uniwersytetu-Slaskiego-1-2048x1366.jpg 2048w, https:\/\/us.edu.pl\/instytut\/ismuz\/wp-content\/uploads\/sites\/54\/Bez-kategorii\/Cieszynska-Orkiestra-Deta-Uniwersytetu-Slaskiego-1-575x383.jpg 575w\" sizes=\"(max-width: 2560px) 100vw, 2560px\" \/><\/p>\n<p style=\"text-align: center;\"><img class=\"alignnone wp-image-3536 size-thumbnail\" src=\"https:\/\/us.edu.pl\/instytut\/ismuz\/wp-content\/uploads\/sites\/54\/Bez-kategorii\/Cieszynska-Orkiestra-Deta-150x150.jpg\" alt=\"Oficjalne logo Orkiestry zaprojektowane przez Natali\u0119 Tybur\u0119:\" width=\"150\" height=\"150\" srcset=\"https:\/\/us.edu.pl\/instytut\/ismuz\/wp-content\/uploads\/sites\/54\/Bez-kategorii\/Cieszynska-Orkiestra-Deta-150x150.jpg 150w, https:\/\/us.edu.pl\/instytut\/ismuz\/wp-content\/uploads\/sites\/54\/Bez-kategorii\/Cieszynska-Orkiestra-Deta-797x800.jpg 797w, https:\/\/us.edu.pl\/instytut\/ismuz\/wp-content\/uploads\/sites\/54\/Bez-kategorii\/Cieszynska-Orkiestra-Deta-1196x1200.jpg 1196w, https:\/\/us.edu.pl\/instytut\/ismuz\/wp-content\/uploads\/sites\/54\/Bez-kategorii\/Cieszynska-Orkiestra-Deta-768x770.jpg 768w, https:\/\/us.edu.pl\/instytut\/ismuz\/wp-content\/uploads\/sites\/54\/Bez-kategorii\/Cieszynska-Orkiestra-Deta-1531x1536.jpg 1531w, https:\/\/us.edu.pl\/instytut\/ismuz\/wp-content\/uploads\/sites\/54\/Bez-kategorii\/Cieszynska-Orkiestra-Deta-573x575.jpg 573w, https:\/\/us.edu.pl\/instytut\/ismuz\/wp-content\/uploads\/sites\/54\/Bez-kategorii\/Cieszynska-Orkiestra-Deta.jpg 1889w\" sizes=\"(max-width: 150px) 100vw, 150px\" \/><\/p>\n<p style=\"text-align: center;\"><span style=\"font-size: 10pt;\">Oficjalne logo Orkiestry zaprojektowane przez Natali\u0119 Tybur\u0119<\/span><\/p>\n<p>\n<\/div>\r\n                    <\/div>\r\n                <\/div>[\/vc_column][\/vc_row][vc_row][vc_column]\r\n                <div class=\"text-modules\">\r\n                    <div class=\"container\">\r\n                        \r\n                        <div class=\"text-modules__content\"><p><span style=\"color: #000080;\"><strong><span style=\"font-size: 24pt;\">Wa\u017cne wydarzenia<\/span><\/strong><\/span><\/p>\n<p>\n<\/div>\r\n                    <\/div>\r\n                <\/div>[\/vc_column][\/vc_row][vc_row css=&#8221;.vc_custom_1585038386249{padding-right: 32px !important;padding-left: 32px !important;}&#8221;][vc_column][vc_basic_grid post_type=&#8221;post&#8221; max_items=&#8221;10&#8243; element_width=&#8221;3&#8243; grid_id=&#8221;vc_gid:1713262810713-738df794-f8d0-10&#8243; taxonomies=&#8221;18&#8243; css=&#8221;.vc_custom_1584973707161{padding-right: 90px !important;padding-left: 90px !important;}&#8221;][\/vc_column][\/vc_row]<\/p>","protected":false},"excerpt":{"rendered":"<p>[vc_row][vc_column][\/vc_column][\/vc_row][vc_row][vc_column][\/vc_column][\/vc_row][vc_row css=&#8221;.vc_custom_1585038386249{padding-right: 32px !important;padding-left: 32px !important;}&#8221;][vc_column][vc_basic_grid post_type=&#8221;post&#8221; max_items=&#8221;10&#8243; element_width=&#8221;3&#8243; grid_id=&#8221;vc_gid:1713262810713-738df794-f8d0-10&#8243; taxonomies=&#8221;18&#8243; css=&#8221;.vc_custom_1584973707161{padding-right: 90px !important;padding-left: 90px !important;}&#8221;][\/vc_column][\/vc_row] [&#8230;]<\/p>\n<p><a class=\"btn btn-secondary understrap-read-more-link\" href=\"https:\/\/us.edu.pl\/instytut\/ismuz\/dzialalnosc\/cieszynska-orkiestra-deta-uniwersytetu-slaskiego-w-katowicach\/\">Read More&#8230;<\/a><\/p>\n","protected":false},"author":362,"featured_media":0,"parent":278,"menu_order":10,"comment_status":"closed","ping_status":"closed","template":"","meta":{"_expiration-date-status":"","_expiration-date":0,"_expiration-date-type":"","_expiration-date-categories":[],"_expiration-date-options":[]},"acf":[],"_links":{"self":[{"href":"https:\/\/us.edu.pl\/instytut\/ismuz\/wp-json\/wp\/v2\/pages\/1476"}],"collection":[{"href":"https:\/\/us.edu.pl\/instytut\/ismuz\/wp-json\/wp\/v2\/pages"}],"about":[{"href":"https:\/\/us.edu.pl\/instytut\/ismuz\/wp-json\/wp\/v2\/types\/page"}],"author":[{"embeddable":true,"href":"https:\/\/us.edu.pl\/instytut\/ismuz\/wp-json\/wp\/v2\/users\/362"}],"replies":[{"embeddable":true,"href":"https:\/\/us.edu.pl\/instytut\/ismuz\/wp-json\/wp\/v2\/comments?post=1476"}],"version-history":[{"count":10,"href":"https:\/\/us.edu.pl\/instytut\/ismuz\/wp-json\/wp\/v2\/pages\/1476\/revisions"}],"predecessor-version":[{"id":3765,"href":"https:\/\/us.edu.pl\/instytut\/ismuz\/wp-json\/wp\/v2\/pages\/1476\/revisions\/3765"}],"up":[{"embeddable":true,"href":"https:\/\/us.edu.pl\/instytut\/ismuz\/wp-json\/wp\/v2\/pages\/278"}],"wp:attachment":[{"href":"https:\/\/us.edu.pl\/instytut\/ismuz\/wp-json\/wp\/v2\/media?parent=1476"}],"curies":[{"name":"wp","href":"https:\/\/api.w.org\/{rel}","templated":true}]}}