{"id":1585,"date":"2020-03-24T18:48:13","date_gmt":"2020-03-24T17:48:13","guid":{"rendered":"https:\/\/us.edu.pl\/instytut\/ismuz\/?page_id=1585"},"modified":"2020-03-24T18:49:30","modified_gmt":"2020-03-24T17:49:30","slug":"sabina-olbrich-szafraniec","status":"publish","type":"page","link":"https:\/\/us.edu.pl\/instytut\/ismuz\/pracownicy\/sabina-olbrich-szafraniec\/","title":{"rendered":"dr hab. Sabina Olbrich-Szafraniec, prof. U\u015a"},"content":{"rendered":"<p>[vc_row][vc_column]\r\n                <div class=\"text-modules reverse\">\r\n                    <div class=\"container\">\r\n                        <h3 class=\"section-title section-title_border-bottom\">dr hab. Sabina Olbrich-Szafraniec, prof. U\u015a<\/h3> \r\n                        <div class=\"row m-0\">\r\n                            <div class=\"text-modules__content\">\r\n                                <\/p>\n<p style=\"text-align: justify\">Absolwentka Akademii Muzycznej w\u00a0Katowicach, z\u00a0klasy \u015bpiewu mgr\u00a0Krystyny \u015awider. Dyplom z\u00a0wyr\u00f3\u017cnieniem uzyska\u0142a w\u00a0roku 1996. Jest laureatk\u0105 I\u00a0nagrody na Og\u00f3lnopolskim Konkursie Pie\u015bni Edwarda Griega w\u00a0Gda\u0144sku, wyr\u00f3\u017cnienia w\u00a0Og\u00f3lnopolskim Konkursie Wykonawstwa Muzyki Karola Szymanowskiego w\u00a0Zakopanem oraz stypendystk\u0105 Ministerstwa Kultury i\u00a0Sztuki. Uczestniczy\u0142a w\u00a0krajowych i\u00a0mi\u0119dzynarodowych kursach wokalnych oraz festiwalach m.in.\u00a0w\u00a0Weimarze, Bayreuth, Braunschweigu, Bydgoszczy, Cieszynie.<\/p>\n<p style=\"text-align: justify\">W jej dorobku s\u0105 liczne recitale pie\u015bni i\u00a0koncerty oratoryjne. Zadebiutowa\u0142a w\u00a0roku 1995 parti\u0105 tytu\u0142ow\u0105 w\u00a0musicalu <em>Evita <\/em>A.L.\u00a0Webbera w\u00a0Teatrze Rozrywki w\u00a0Chorzowie. W\u00a0latach 1998\u20132017 solistka Opery \u015al\u0105skiej w\u00a0Bytomiu. W\u00a0jej repertuarze znajduj\u0105 si\u0119 partie z\u00a0oper <em>Don Giovanni<\/em>, <em>Wesele Figara, Faust, Carmen, Borys Godunow, <\/em>operetek <em>Weso\u0142a wd\u00f3wka, Zemsta nietoperza, Ksi\u0119\u017cniczka czardasza, <\/em>musicali <em>Evita, Cz\u0142owiek z\u00a0La\u00a0Manchy, Poca\u0142unek Kobiety Paj\u0105ka, Zorba, Phantom, My fair Lady<\/em>.<\/p>\n<p style=\"text-align: justify\">Od 2002 pedagog \u015bpiewu w\u00a0Pa\u0144stwowej Szkole Muzycznej I\u00a0i\u00a0II\u00a0st. im.\u00a0Ludomira R\u00f3\u017cyckiego w\u00a0Gliwicach. W\u00a0roku 2004 uzyska\u0142a tytu\u0142 doktora w\u00a0dziedzinie sztuki muzycznej, specjalno\u015b\u0107 wokalistyka za\u015b w\u00a0roku 2018 stopie\u0144 doktora habilitowanego. Od roku 2010 zwi\u0105zana z\u00a0Uniwersytetem \u015al\u0105skim w\u00a0Katowicach, gdzie pracuje na stanowisku profesora uczelni na Wydziale Sztuki i\u00a0Nauk o\u00a0Edukacji w\u00a0Cieszynie.<\/p>\n<p style=\"text-align: justify\">Zwi\u0105zana ze \u015bl\u0105skim \u015brodowiskiem muzycznym podejmuje szereg inicjatyw, kt\u00f3rych celem jest o\u017cywienie \u017cycia muzycznego lokalnej spo\u0142eczno\u015bci.<\/p>\n<p>\u00a0 \r\n                                <div class=\"mt-3\"><\/div>\r\n                            <\/div>\r\n                            \r\n                            <div class=\"text-modules__img\"><img src=\"https:\/\/us.edu.pl\/instytut\/ismuz\/wp-content\/uploads\/sites\/54\/Nieprzypisane\/Olbrich-Szafraniec-Sabina1.jpg\" alt=\"img\"><\/div>\r\n                        <\/div>\r\n                    <\/div>\r\n                <\/div>[\/vc_column][\/vc_row]<\/p>","protected":false},"excerpt":{"rendered":"<p>[vc_row][vc_column][\/vc_column][\/vc_row] [&#8230;]<\/p>\n<p><a class=\"btn btn-secondary understrap-read-more-link\" href=\"https:\/\/us.edu.pl\/instytut\/ismuz\/pracownicy\/sabina-olbrich-szafraniec\/\">Read More&#8230;<\/a><\/p>\n","protected":false},"author":362,"featured_media":0,"parent":189,"menu_order":0,"comment_status":"closed","ping_status":"closed","template":"","meta":{"_expiration-date-status":"saved","_expiration-date":0,"_expiration-date-type":"","_expiration-date-categories":[],"_expiration-date-options":[]},"acf":[],"_links":{"self":[{"href":"https:\/\/us.edu.pl\/instytut\/ismuz\/wp-json\/wp\/v2\/pages\/1585"}],"collection":[{"href":"https:\/\/us.edu.pl\/instytut\/ismuz\/wp-json\/wp\/v2\/pages"}],"about":[{"href":"https:\/\/us.edu.pl\/instytut\/ismuz\/wp-json\/wp\/v2\/types\/page"}],"author":[{"embeddable":true,"href":"https:\/\/us.edu.pl\/instytut\/ismuz\/wp-json\/wp\/v2\/users\/362"}],"replies":[{"embeddable":true,"href":"https:\/\/us.edu.pl\/instytut\/ismuz\/wp-json\/wp\/v2\/comments?post=1585"}],"version-history":[{"count":1,"href":"https:\/\/us.edu.pl\/instytut\/ismuz\/wp-json\/wp\/v2\/pages\/1585\/revisions"}],"predecessor-version":[{"id":1587,"href":"https:\/\/us.edu.pl\/instytut\/ismuz\/wp-json\/wp\/v2\/pages\/1585\/revisions\/1587"}],"up":[{"embeddable":true,"href":"https:\/\/us.edu.pl\/instytut\/ismuz\/wp-json\/wp\/v2\/pages\/189"}],"wp:attachment":[{"href":"https:\/\/us.edu.pl\/instytut\/ismuz\/wp-json\/wp\/v2\/media?parent=1585"}],"curies":[{"name":"wp","href":"https:\/\/api.w.org\/{rel}","templated":true}]}}