{"id":1590,"date":"2020-03-24T19:09:53","date_gmt":"2020-03-24T18:09:53","guid":{"rendered":"https:\/\/us.edu.pl\/instytut\/ismuz\/?page_id=1590"},"modified":"2020-03-24T19:10:39","modified_gmt":"2020-03-24T18:10:39","slug":"adrian-robak","status":"publish","type":"page","link":"https:\/\/us.edu.pl\/instytut\/ismuz\/pracownicy\/adrian-robak\/","title":{"rendered":"dr Adrian Robak"},"content":{"rendered":"<p>[vc_row][vc_column]\r\n                <div class=\"text-modules reverse\">\r\n                    <div class=\"container\">\r\n                        <h3 class=\"section-title section-title_border-bottom\">dr Adrian Robak<\/h3> \r\n                        <div class=\"row m-0\">\r\n                            <div class=\"text-modules__content\">\r\n                                <\/p>\n<p style=\"text-align: justify\">Kompozytor, absolwent katowickiej Akademii Muzycznej, kt\u00f3r\u0105 uko\u0144czy\u0142 w\u00a02008 roku w\u00a0klasie kompozycji prof.\u00a0Aleksandra Lasonia (dyplom z\u00a0wyr\u00f3\u017cnieniem). Studiowa\u0142 tam\u017ce r\u00f3wnolegle Teori\u0119 Muzyki. W czasie studi\u00f3w by\u0142 dwukrotnym stypendyst\u0105 Ministra Kultury i\u00a0Dziedzictwa Narodowego za wyr\u00f3\u017cniaj\u0105ce wyniki wvnauce.<\/p>\n<p style=\"text-align: justify\">W 2015 roku uko\u0144czy\u0142 studia doktoranckie w\u00a0klasie prof.\u00a0E.\u00a0Knapika (Akademia Muzyczna w\u00a0Katowicach) otrzymuj\u0105c tytu\u0142 doktora sztuk muzycznych. Adrian Robak jest autorem \u015bcie\u017cek d\u017awi\u0119kowych do film\u00f3w (\u201eDni mojego \u017cycia\u201d, \u201eKlisze pami\u0119ci Mariana Ko\u0142odzieja\u201d, \u201eMisja Wolnego\u201d, \u201eDoktor Faustus\u201d i \u201eTo\u0144\u201d). W\u015br\u00f3d jego kompozycji najwa\u017cniejsze to: \u201eGardens\u201d na orkiestr\u0119 symfoniczn\u0105, Koncert na tub\u0119 i\u00a0orkiestr\u0119, Koncert wokalny \u201eCamerata\u201d na ch\u00f3r mieszany (lub zesp\u00f3\u0142 solist\u00f3w), \u201eSilesia 1921\u201d ch\u00f3r mieszany i\u00a0orkiestr\u0119 symfoniczn\u0105 (kompozycja nagrodzona na konkursie kompozytorskim) oraz \u201eTo nie jest kraj bohater\u00f3w\u201d ch\u00f3r mieszany i\u00a0orkiestr\u0119 symfoniczn\u0105.<\/p>\n<p style=\"text-align: justify\">W\u015br\u00f3d jego zainteresowa\u0144 znajduj\u0105 si\u0119 metody tworzenia ivzastosowanie instrument\u00f3w wirtualnych generowanych elektronicznie (VSTi) w\u00a0tworzeniu \u015bcie\u017cek d\u017awi\u0119kowych z\u00a0kompozycji symfonicznych i\u00a0w\u00a0dziele filmowym. W\u00a0latach 2018-2019 Adrian Robak prowadzi\u0142 badania na temat: Instrumenty wirtualne jako d\u017awi\u0119kowy substytut realnego instrumentarium w\u00a0trakcie tworzenia muzycznej \u015bcie\u017cki d\u017awi\u0119kowej do obrazu filmowego. Rezultaty jego bada\u0144 by\u0142y zaprezentowane m.in.\u00a0na 6th\u00a0International Conference on New Music w\u00a0Treviso (W\u0142ochy) oraz International \u201eMusic and Science\u201d Symposium w\u00a0Istambule (Turcja).<\/p>\n<p style=\"text-align: justify\">Dr Adrian Robak jest wyk\u0142adowc\u0105 w\u00a0Szkole Filmowej im.\u00a0Krzysztofa Kie\u015blowskiego Uniwersytetu \u015al\u0105skiego w\u00a0Katowicach (D\u017awi\u0119k w\u00a0utworach audiowizualnych, Muzyka Filmowa, Wiedza o\u00a0Muzyce, Realizacja form radiowych, Propedeutyka Kultury i\u00a0Sztuki) oraz na Akademii Muzycznej w\u00a0Katowicach (Propedeutyka Muzyki Wsp\u00f3\u0142czesnej, wcze\u015bniej: Estetyka Muzyki, Kszta\u0142cenie S\u0142uchu). Prowadzi r\u00f3wnie\u017c zaj\u0119cia w\u00a0Zespole Szk\u00f3\u0142 nr\u00a04 im.\u00a0P.\u00a0Latoski w\u00a0Rudzie \u015al\u0105skiej (Zasady akustyki i\u00a0elektroakustyki, Pracownia realizacji d\u017awi\u0119ku, Instrumentoznawstwo, Kszta\u0142cenie s\u0142uchu, Zasady muzyki i\u00a0Histori\u0119 muzyki z\u00a0literatur\u0105 muzyczn\u0105).<\/p>\n<p>&nbsp;<\/p>\n<div class=\"mt-3\"><\/div>\r\n                            <\/div>\r\n                            \r\n                            <div class=\"text-modules__img\"><img src=\"https:\/\/us.edu.pl\/instytut\/ismuz\/wp-content\/uploads\/sites\/54\/Nieprzypisane\/Adrian-Robak.jpg\" alt=\"img\"><\/div>\r\n                        <\/div>\r\n                    <\/div>\r\n                <\/div>[\/vc_column][\/vc_row]<\/p>","protected":false},"excerpt":{"rendered":"<p>[vc_row][vc_column][\/vc_column][\/vc_row] [&#8230;]<\/p>\n<p><a class=\"btn btn-secondary understrap-read-more-link\" href=\"https:\/\/us.edu.pl\/instytut\/ismuz\/pracownicy\/adrian-robak\/\">Read More&#8230;<\/a><\/p>\n","protected":false},"author":362,"featured_media":0,"parent":189,"menu_order":0,"comment_status":"closed","ping_status":"closed","template":"","meta":{"_expiration-date-status":"saved","_expiration-date":0,"_expiration-date-type":"","_expiration-date-categories":[],"_expiration-date-options":[]},"acf":[],"_links":{"self":[{"href":"https:\/\/us.edu.pl\/instytut\/ismuz\/wp-json\/wp\/v2\/pages\/1590"}],"collection":[{"href":"https:\/\/us.edu.pl\/instytut\/ismuz\/wp-json\/wp\/v2\/pages"}],"about":[{"href":"https:\/\/us.edu.pl\/instytut\/ismuz\/wp-json\/wp\/v2\/types\/page"}],"author":[{"embeddable":true,"href":"https:\/\/us.edu.pl\/instytut\/ismuz\/wp-json\/wp\/v2\/users\/362"}],"replies":[{"embeddable":true,"href":"https:\/\/us.edu.pl\/instytut\/ismuz\/wp-json\/wp\/v2\/comments?post=1590"}],"version-history":[{"count":1,"href":"https:\/\/us.edu.pl\/instytut\/ismuz\/wp-json\/wp\/v2\/pages\/1590\/revisions"}],"predecessor-version":[{"id":1592,"href":"https:\/\/us.edu.pl\/instytut\/ismuz\/wp-json\/wp\/v2\/pages\/1590\/revisions\/1592"}],"up":[{"embeddable":true,"href":"https:\/\/us.edu.pl\/instytut\/ismuz\/wp-json\/wp\/v2\/pages\/189"}],"wp:attachment":[{"href":"https:\/\/us.edu.pl\/instytut\/ismuz\/wp-json\/wp\/v2\/media?parent=1590"}],"curies":[{"name":"wp","href":"https:\/\/api.w.org\/{rel}","templated":true}]}}