{"id":1594,"date":"2020-03-24T20:33:01","date_gmt":"2020-03-24T19:33:01","guid":{"rendered":"https:\/\/us.edu.pl\/instytut\/ismuz\/?page_id=1594"},"modified":"2021-12-23T14:21:31","modified_gmt":"2021-12-23T13:21:31","slug":"aleksandra-zeman","status":"publish","type":"page","link":"https:\/\/us.edu.pl\/instytut\/ismuz\/pracownicy\/aleksandra-zeman\/","title":{"rendered":"dr hab. Aleksandra Zeman, prof. U\u015a"},"content":{"rendered":"<p>[vc_row css=&#8221;.vc_custom_1586089156061{padding-right: 32px !important;padding-left: 32px !important;}&#8221;][vc_column]\r\n                <div class=\"text-modules reverse\">\r\n                    <div class=\"container\">\r\n                        <h3 class=\"section-title section-title_border-bottom\">dr hab. Aleksandra Zeman, prof. U\u015a <\/h3> \r\n                        <div class=\"row m-0\">\r\n                            <div class=\"text-modules__content\">\r\n                                <\/p>\n<p style=\"text-align: justify;\">Dyrygent, pedagog, doktor habilitowany sztuki w\u00a0dziedzinie sztuki, dyscyplinie artystycznej sztuki muzyczne. Absolwentka Wychowania Muzycznego ze specjalizacj\u0105 instruktor zespo\u0142\u00f3w muzycznych na Uniwersytecie \u015al\u0105skim w\u00a0Katowicach, Filii w\u00a0Cieszynie, pod kierunkiem prof.\u00a0zw.\u00a0dr\u00a0hab.\u00a0Aleksandry Paszek-Trefon (1998), a\u00a0tak\u017ce Podyplomowych Studi\u00f3w Ch\u00f3rmistrzowskich dzia\u0142aj\u0105cych przy Akademii Muzycznej w\u00a0Bydgoszczy i\u00a0Centrum Animacji Kultury w\u00a0Warszawie (2002) w\u00a0klasach dyrygowania prof.\u00a0dr\u00a0hab.\u00a0Ryszarda Handke, prof.\u00a0zw.\u00a0dr\u00a0hab.\u00a0Jerzego Kurcza oraz prof.\u00a0zw.\u00a0Benedykta B\u0142o\u0144skiego. Uko\u0144czy\u0142a tak\u017ce 5-letnie Studium Dyrygent\u00f3w Ch\u00f3r\u00f3w Polonijnych w\u00a0Koszalinie (2006). W\u00a02007\u00a0r. uzyska\u0142a stopie\u0144 doktora sztuki muzycznej, w\u00a0dyscyplinie artystycznej \u201edyrygentura\u201d nadany przez Rad\u0119 Wydzia\u0142u Dyrygentury Ch\u00f3ralnej i\u00a0Edukacji Muzycznej Akademii Muzycznej im.\u00a0Feliksa Nowowiejskiego w\u00a0Bydgoszczy. Promotorem przewodu doktorskiego by\u0142 prof.\u00a0zw.\u00a0dr hab.\u00a0Janusz Stanecki. W\u00a02020\u00a0r. uzyska\u0142a stopie\u0144 doktora habilitowanego sztuki w\u00a0dziedzinie sztuki, dyscyplinie artystycznej sztuki muzyczne nadany uchwa\u0142\u0105 Rady Dyscypliny Artystycznej Uniwersytetu Muzycznego Fryderyka Chopina w\u00a0Warszawie. Od 1999\u00a0r. pracuje w\u00a0Instytucie Muzyki na Wydziale Artystycznym w\u00a0Cieszynie, od 2019\u00a0r. jako pracownik badawczo-dydaktyczny w\u00a0Instytucie Sztuk Muzycznych na Wydziale Sztuki i\u00a0Nauk o\u00a0Edukacji w\u00a0Uniwersytecie \u015al\u0105skim w\u00a0Katowicach.<\/p>\n<p style=\"text-align: justify;\">Prowadzi \u017cyw\u0105 dzia\u0142alno\u015b\u0107 naukow\u0105 i\u00a0artystyczn\u0105 zwi\u0105zan\u0105 z\u00a0muzyk\u0105 ch\u00f3raln\u0105, koncertuje w\u00a0kraju i\u00a0poza jego granicami. Pisze i\u00a0publikuje artyku\u0142y podejmuj\u0105ce zagadnienia sztuki dyrygowania jak i\u00a0interpretowania dzie\u0142 muzycznych zr\u00f3\u017cnicowanych pod wzgl\u0119dem faktury i\u00a0stylu. Jest autorem artyku\u0142\u00f3w opublikowanych w\u00a0j\u0119zyku polskim m.in.: w\u00a0<em>Warto\u015bciach w\u00a0muzyce Tom\u00a01-6<\/em> pod red. Jadwigi Uchy\u0142y-Zroski (U\u015a\u00a0Katowice 2008, 2009, 2010, 2012, 2013, 2014), <em>Kontekstach Kszta\u0142cenia Muzycznego Tom\u00a0I, Tom\u00a0III pod red. Ewy Kumik i\u00a0Gra\u017cyny Poraj <\/em>(AM\u00a0\u0141\u00f3d\u017a 2011, 2013), w\u00a0<em>Zagadnieniach z\u00a0emisji g\u0142osu <\/em>pod red.\u00a0Huberta Mi\u015bki (U\u015a\u00a0Katowice 2015),<em> Sztuce i\u00a0jej warto\u015bciach <\/em>pod red. Jadwigi Uchy\u0142y-Zroski i\u00a0Zenona Moj\u017cysza (U\u015a\u00a0Katowice 2017), <em>Kreatywno\u015bci i\u00a0tradycji we wsp\u00f3\u0142czesnej ch\u00f3ralistyce<\/em> <em>studia i\u00a0materia\u0142y<\/em> pod red. Krzysztofa D.\u00a0Szatrawskiego (UWM\u00a0Olsztyn 2018), <em>Pedagogice Wczesnoszkolnej w\u00a0Polsce i\u00a0na \u015bwiecie. Teoria i\u00a0implikacje<\/em> pod red.\u00a0Barbary Borowskiej,\u00a0 Marty Buk-Cegie\u0142ki, (KUL\u00a0Lublin 2019) oraz w\u00a0j\u0119zyku angielskim w\u00a0czasopi\u015bmie <em>\u041c\u0443\u0437\u0438\u0447\u043d\u0435 \u043c\u0438\u0441\u0442\u0435\u0446\u0442\u0432\u043e \u0432\u00a0\u043e\u0441\u0432\u0456\u0442\u043e\u043b\u043e\u0433\u0456\u0447\u043d\u043e\u043c\u0443 \u0434\u0438\u0441\u043a\u0443\u0440\u0441\u0456<\/em> \u2116\u00a02, \u2116\u00a03 (Uniwersytet im.\u00a0Borysa Grinchenko w\u00a0Kijowie 2017, 2018).<\/p>\n<div class=\"mt-3\"><\/div>\r\n                            <\/div>\r\n                            \r\n                            <div class=\"text-modules__img\"><img src=\"https:\/\/us.edu.pl\/instytut\/ismuz\/wp-content\/uploads\/sites\/54\/Nieprzypisane\/A.Zeman01-200x300.jpg\" alt=\"img\"><\/div>\r\n                        <\/div>\r\n                    <\/div>\r\n                <\/div>[\/vc_column][\/vc_row][vc_row css=&#8221;.vc_custom_1586088483009{padding-right: 32px !important;padding-left: 32px !important;}&#8221;][vc_column]            \r\n                    <div class=\"container\">\r\n                        <div class=\"gallery gallery_4\" data-images-in-row=\"4\">\r\n                            \r\n                            <div class=\"row m-0\">\r\n                                <a data-fancybox-group=\"button\" title=\"\" data-fancybox=\"1970\" href=\"https:\/\/us.edu.pl\/instytut\/ismuz\/wp-content\/uploads\/sites\/54\/Nieprzypisane\/A.-Zeman-03.jpg\" class=\"gallery__item thumbnail\"\r\n                                    style=\"background-image: url(https:\/\/us.edu.pl\/instytut\/ismuz\/wp-content\/uploads\/sites\/54\/Nieprzypisane\/A.-Zeman-03-768x1024.jpg)\"> <span class=\"d-none\">https:\/\/us.edu.pl\/instytut\/ismuz\/wp-content\/uploads\/sites\/54\/Nieprzypisane\/A.-Zeman-03.jpg<\/span> <\/a><a data-fancybox-group=\"button\" title=\"\" data-fancybox=\"1970\" href=\"https:\/\/us.edu.pl\/instytut\/ismuz\/wp-content\/uploads\/sites\/54\/Nieprzypisane\/A.-Zeman-02.jpg\" class=\"gallery__item thumbnail\"\r\n                                    style=\"background-image: url(https:\/\/us.edu.pl\/instytut\/ismuz\/wp-content\/uploads\/sites\/54\/Nieprzypisane\/A.-Zeman-02.jpg)\"> <span class=\"d-none\">https:\/\/us.edu.pl\/instytut\/ismuz\/wp-content\/uploads\/sites\/54\/Nieprzypisane\/A.-Zeman-02.jpg<\/span> <\/a><a data-fancybox-group=\"button\" title=\"\" data-fancybox=\"1970\" href=\"https:\/\/us.edu.pl\/instytut\/ismuz\/wp-content\/uploads\/sites\/54\/Nieprzypisane\/A.-Zeman-04.jpg\" class=\"gallery__item thumbnail\"\r\n                                    style=\"background-image: url(https:\/\/us.edu.pl\/instytut\/ismuz\/wp-content\/uploads\/sites\/54\/Nieprzypisane\/A.-Zeman-04-1024x608.jpg)\"> <span class=\"d-none\">https:\/\/us.edu.pl\/instytut\/ismuz\/wp-content\/uploads\/sites\/54\/Nieprzypisane\/A.-Zeman-04.jpg<\/span> <\/a><a data-fancybox-group=\"button\" title=\"\" data-fancybox=\"1970\" href=\"https:\/\/us.edu.pl\/instytut\/ismuz\/wp-content\/uploads\/sites\/54\/Nieprzypisane\/A.-Zeman-05.jpg\" class=\"gallery__item thumbnail\"\r\n                                    style=\"background-image: url(https:\/\/us.edu.pl\/instytut\/ismuz\/wp-content\/uploads\/sites\/54\/Nieprzypisane\/A.-Zeman-05-1024x683.jpg)\"> <span class=\"d-none\">https:\/\/us.edu.pl\/instytut\/ismuz\/wp-content\/uploads\/sites\/54\/Nieprzypisane\/A.-Zeman-05.jpg<\/span> <\/a><a data-fancybox-group=\"button\" title=\"\" data-fancybox=\"1970\" href=\"https:\/\/us.edu.pl\/instytut\/ismuz\/wp-content\/uploads\/sites\/54\/Nieprzypisane\/A.-Zeman-06.jpg\" class=\"gallery__item thumbnail\"\r\n                                    style=\"background-image: url(https:\/\/us.edu.pl\/instytut\/ismuz\/wp-content\/uploads\/sites\/54\/Nieprzypisane\/A.-Zeman-06-1024x648.jpg)\"> <span class=\"d-none\">https:\/\/us.edu.pl\/instytut\/ismuz\/wp-content\/uploads\/sites\/54\/Nieprzypisane\/A.-Zeman-06.jpg<\/span> <\/a><a data-fancybox-group=\"button\" title=\"\" data-fancybox=\"1970\" href=\"https:\/\/us.edu.pl\/instytut\/ismuz\/wp-content\/uploads\/sites\/54\/Nieprzypisane\/A.-Zeman-07.jpg\" class=\"gallery__item thumbnail\"\r\n                                    style=\"background-image: url(https:\/\/us.edu.pl\/instytut\/ismuz\/wp-content\/uploads\/sites\/54\/Nieprzypisane\/A.-Zeman-07-1024x683.jpg)\"> <span class=\"d-none\">https:\/\/us.edu.pl\/instytut\/ismuz\/wp-content\/uploads\/sites\/54\/Nieprzypisane\/A.-Zeman-07.jpg<\/span> <\/a><a data-fancybox-group=\"button\" title=\"\" data-fancybox=\"1970\" href=\"https:\/\/us.edu.pl\/instytut\/ismuz\/wp-content\/uploads\/sites\/54\/Nieprzypisane\/A.-Zeman-08.jpg\" class=\"gallery__item thumbnail\"\r\n                                    style=\"background-image: url(https:\/\/us.edu.pl\/instytut\/ismuz\/wp-content\/uploads\/sites\/54\/Nieprzypisane\/A.-Zeman-08-1024x683.jpg)\"> <span class=\"d-none\">https:\/\/us.edu.pl\/instytut\/ismuz\/wp-content\/uploads\/sites\/54\/Nieprzypisane\/A.-Zeman-08.jpg<\/span> <\/a><a data-fancybox-group=\"button\" title=\"\" data-fancybox=\"1970\" href=\"https:\/\/us.edu.pl\/instytut\/ismuz\/wp-content\/uploads\/sites\/54\/Nieprzypisane\/A.-Zeman-09.jpg\" class=\"gallery__item thumbnail\"\r\n                                    style=\"background-image: url(https:\/\/us.edu.pl\/instytut\/ismuz\/wp-content\/uploads\/sites\/54\/Nieprzypisane\/A.-Zeman-09.jpg)\"> <span class=\"d-none\">https:\/\/us.edu.pl\/instytut\/ismuz\/wp-content\/uploads\/sites\/54\/Nieprzypisane\/A.-Zeman-09.jpg<\/span> <\/a>\r\n                            <\/div>\r\n                    <\/div>\r\n                <\/div>[\/vc_column][\/vc_row][vc_row css=&#8221;.vc_custom_1586088501986{padding-right: 32px !important;padding-left: 32px !important;}&#8221;][vc_column]\r\n                <div class=\"text-modules\">\r\n                    <div class=\"container\">\r\n                        \r\n                        <div class=\"text-modules__content\"><\/p>\n<p style=\"text-align: justify;\">Koncertowa\u0142a w kraju i poza jego granicami, m.in.: Czechach, Austrii, Ukrainie, Rosji, Finlandii, we W\u0142oszech (w tym w Bazylice \u015bw. Piotra na Watykanie), Bu\u0142garii, Szwajcarii, Hiszpanii, na W\u0119grzech i w Rumunii z zespo\u0142ami: Ch\u00f3rem \u017be\u0144skim \u201eMelodia\u201d dzia\u0142aj\u0105cym przy PZKO w Nawsiu w Republice Czeskiej (od 2000 r.), Ch\u00f3rem Instytutu Muzyki Filii U\u015a w Cieszynie (1999-2006, w latach 1999-2003 jako II dyrygent), Polskim Zespo\u0142em \u015apiewaczym \u201eHutnik\u201d z Trzy\u0144ca w Republice Czeskiej (2003-2006), Ch\u00f3rem Kameralnym Cieszy\u0144skiego O\u015brodka Kultury \u201eDom Narodowy\u201d (2004-2009 jako II dyrygent), Ch\u00f3rem \u201eGloriam Dei\u201d dzia\u0142aj\u0105cym przy IT im. \u015aw. J. Kantego w Bielsku-Bia\u0142ej (2007-2014). Z wymienionymi zespo\u0142ami zdoby\u0142a szereg nagr\u00f3d i wyr\u00f3\u017cnie\u0144. Jest cz\u0142onkini\u0105 Akademii Fonograficznej przyznaj\u0105cej nagrody muzyczne Fryderyki &#8211; sekcja muzyka powa\u017cna (od 2019 roku). Uczestniczy\u0142a w\u00a0szkoleniach, warsztatach doskonal\u0105cych, seminariach dla dyrygent\u00f3w, m.in.: w\u00a0Legnicy (2001, 2002, 2005), w\u00a0AM w\u00a0Gda\u0144sku (2003), w\u00a0AM w\u00a0Bydgoszczy (2006), Vranov nad Topl\u2019ou (S\u0142owacja, 2007), w\u00a0Mi\u0119dzyzdrojach (2009), w\u00a0Cz\u0119stochowie (2010, 2011, 2012). Uczestniczy\u0142a w\u00a0konferencjach naukowych m.in.: w\u00a0U\u015a na Wydziale Artystycznym w\u00a0Cieszynie (2006, 2012, 2013), w\u00a0AM w\u00a0\u0141odzi (2010, 2012, 2018), w\u00a0UWM w\u00a0Olsztynie (2018), na KUL-u (2018), a\u00a0tak\u017ce w\u00a0Uniwersytecie im.\u00a0Borysa Grinchenka w\u00a0Kijowie na Ukrainie (2017, 2018).<\/p>\n<p style=\"text-align: justify;\">Za dzia\u0142alno\u015b\u0107 artystyczno-badawcz\u0105 otrzyma\u0142a Nagrod\u0119 Indywidualn\u0105 III\u00a0stopnia Rektora U\u015a w\u00a0Katowicach (2010), Srebrn\u0105 Odznak\u0119 Honorow\u0105 przyznan\u0105 przez Zarz\u0105d Polskiego Zwi\u0105zku Ch\u00f3r\u00f3w i\u00a0Orkiestr Oddzia\u0142u Zagranicznego w\u00a0Czeskim Cieszynie (2010), Srebrn\u0105 Odznak\u0119 przyznan\u0105 przez Unie \u010desk\u00fdch p\u011bveck\u00fdch sbor\u016f (2015) oraz Mi\u0119dzynarodow\u0105 Nagrod\u0119 im.\u00a0Stanis\u0142awa Moniuszki za wybitne zas\u0142ugi dla spo\u0142ecznego ruchu muzycznego i\u00a0dokonania w\u00a0budowaniu trwa\u0142ych warto\u015bci etycznych, kt\u00f3rych \u017ar\u00f3d\u0142em jest pi\u0119kno pie\u015bni i\u00a0tradycji muzykowania na \u015al\u0105sku (2015). P\u0142yta CD Pawe\u0142 \u0141ukaszewski &#8211; \u201eBeatus vir\u201d, <em>Musica Sacra 9<\/em>, DUX\u00a01465\u00a0(2018), kt\u00f3r\u0105 nagra\u0142a z\u00a0Ch\u00f3rem Filharmonii Cz\u0119stochowskiej \u201eCollegium Cantorum\u201d, zosta\u0142a nominowana do nagrody Fryderyk 2019 w\u00a0kategorii Muzyka Powa\u017cna, Album Roku Muzyka Ch\u00f3ralna, Oratoryjna i\u00a0Operowa.<\/p>\n<p style=\"text-align: justify;\"><strong>Dyskografia:<\/strong><\/p>\n<ul style=\"text-align: justify;\">\n<li>\u201eB\u00f3g si\u0119 rodzi\u201d (2005) \u2013 Ch\u00f3r \u017be\u0144ski \u201eMelodia\u201dz udzia\u0142em Tomasza Orlowa (improwizacje organowe).<\/li>\n<li>\u201eOjcowski dom\u201d (2010) \u2013 album dwup\u0142ytowy, Ch\u00f3r \u017be\u0144ski \u201eMelodia\u201d z\u00a0 udzia\u0142em Trzynieckiej Orkiestry Kameralnej (Republika Czeska) oraz pianistki Magdaleny Szwandy-Szeligi.<\/li>\n<li>\u201ePater Noster\u201d (2003) \u2013 Ch\u00f3r Instytutu Muzyki, jako II dyrygent prowadzi\u0142a samodzielnie utwory: <em>Pater Noster<\/em> &#8211; \u015bpiew gregoria\u0144ski, M.\u00a0 Jasi\u0144ski \u201ePsalm\u00a0 100\u201d.<\/li>\n<li>\u201eZa\u015bpiewajmy Mu weso\u0142o\u201d (2007) &#8211; Ch\u00f3r Kameralny Cieszy\u0144skiego O\u015brodka Kultury \u201eDom Narodowy\u201d pod dyr.\u00a0 Aleksandry Paszek-Trefon, jako II\u00a0 dyrygent.<\/li>\n<li>\u201eBajka o \u0142aciatym s\u0142oniu Bombiku\u201d (2010), \u201eTajna misja Bombika\u201d (2016) \u2013 s\u0142uchowiska s\u0142owno-muzyczne na podstawie ksi\u0105\u017cki Bogus\u0142awa Zemana SSP\u00a0 \u201ePrzygody s\u0142onika Bombika\u201d, wyk.\u00a0 studenci Edukacji Artystycznej w\u00a0 Zakresie Sztuki Muzycznej Instytutu Muzyki w\u00a0 Cieszynie.<\/li>\n<li>P\u0142yta CD Pawe\u0142 \u0141ukaszewski \u2013 \u201eBeatus vir\u201d, <em>Musica Sacra\u00a09<\/em>, DUX\u00a01465\u00a0 (2018) &#8211; utwory Paw\u0142a \u0141ukaszewskiego, Ch\u00f3r Filharmonii Cz\u0119stochowskiej \u201eCollegium Cantorum\u201d pod dyr.\u00a0 Aleksandry Zeman<\/li>\n<li>\u201eP\u0142y\u0144, pie\u015bni nasza!\u201d (2019) &#8211; nagranie \u201elive\u201d koncertu muzyki wokalnej i\u00a0 wokalno-instrumentalnej, kt\u00f3ry odby\u0142 si\u0119 25\u00a0listopada 2006 roku w\u00a0 Ko\u015bciele p.w.\u00a0 \u015aw.\u00a0El\u017cbiety w\u00a0 Cieszynie. Wykonawcy: Ch\u00f3r \u017be\u0144ski \u201eMelodia\u201d dzia\u0142aj\u0105cy przy Polskim Zwi\u0105zku Kulturalno-O\u015bwiatowym w\u00a0 Nawsiu w\u00a0 Republice Czeskiej, Ch\u00f3r Kameralny Cieszy\u0144skiego O\u015brodka Kultury \u201eDom Narodowy\u201d w\u00a0 Cieszynie, Dorota Wyci\u015blik \u2013 fortepian, Micha\u0142 Borkowski &#8211; solo tenor, Anna Scheller &#8211; harfa, Marcin Arma\u0144ski &#8211; organy, Aleksandra Zeman &#8211; dyrygent<\/li>\n<\/ul>\n<p style=\"text-align: justify;\"><strong>Wa\u017cniejsze nagrody i\u00a0 wyr\u00f3\u017cnienia<\/strong><\/p>\n<p style=\"text-align: justify;\"><strong>Nagrody i\u00a0 wyr\u00f3\u017cnienia Ch\u00f3ru \u017be\u0144skiego \u201eMelodia\u201d pod dyrekcj\u0105 Aleksandry Zeman<\/strong><\/p>\n<ul style=\"text-align: justify;\">\n<li>Z\u0142oty Dyplom oraz Puchar Prezesa Oddzia\u0142u Bielskiego Stowarzyszenia \u201eWsp\u00f3lnota Polska\u201d na VII\u00a0\u015awi\u0119cie pie\u015bni \u201eGaude Cantem\u201d w\u00a0Bielsku-Bia\u0142ej (2002),<\/li>\n<li>I miejsce na IV Mi\u0119dzynarodowych Spotkaniach Ch\u00f3ralnych z\u00a0Pie\u015bni\u0105 Maryjn\u0105 \u201eAd Gloriam Dei\u201d w\u00a0Pi\u0144czowie (2003) oraz nagroda specjalna za wykonanie utworu J.\u00a0\u015awidra \u201eMoja piosnka\u201d,<\/li>\n<li>I miejsce na II Festiwalu Ch\u00f3r\u00f3w \u015al\u0105skich w\u00a0Ustroniu\u00a0(2004),<\/li>\n<li>srebrne pasmo w kat. ch\u00f3ry doros\u0142e na VIII\u00a0Festiwalu Konkursowym Muzyki Adwentowej i\u00a0Bo\u017conarodzeniowej \u201ePra\u017esk\u00e9 V\u00e1noce\u201d w\u00a02007\u00a0 r.,<\/li>\n<li>II nagroda w kat. ch\u00f3ry jednorodne na\u00a0XVII My\u015blenickim Festiwalu Pie\u015bni Ch\u00f3ralnej \u201eKol\u0119dy i\u00a0Pastora\u0142ki\u201d &#8211; My\u015blenice 2008\u00a0r.,<\/li>\n<li>I miejsce w kategorii ch\u00f3r\u00f3w folklorystycznych na &#8222;Balkan Folk Fest 2010&#8221; &#8211; Mi\u0119dzynarodowym Festiwalu Folkloru organizowanym w\u00a0Bu\u0142garii,<\/li>\n<li>I miejsce na II Mi\u0119dzynarodowym Festiwalu Kol\u0119d Pastora\u0142ek \u201eKol\u0119dnicze Serce Polskie\u201d w\u00a0Wi\u015bniewie 2011,<\/li>\n<li>srebrne pasmo na XXII Mi\u0119dzynarodowym Festiwalu Pie\u015bni Adwentowej i\u00a0Kol\u0119d z\u00a0Nagrod\u0105 Petra Ebena w Pradze w\u00a02012,<\/li>\n<li>Dyplom \u201eBien\u201d na 49.\u00a0Mi\u0119dzynarodowym Konkursie Ch\u00f3ralnym \u201eMontreux Choral Festiwal\u201d w\u00a0Szwajcarii w\u00a02013,<\/li>\n<li>Z\u0142ote Pasmo w kategorii muzyki sakralnej oraz Srebrne Pasmo w\u00a0kategorii muzyki inspirowanej folklorem na IV\u00a0Mi\u0119dzynarodowym Festiwalu i\u00a0Konkursie Ch\u00f3ralnym \u201eCan\u04abo Mediterrania\u201d Barcelona, Lloret de\u00a0Mar w\u00a0Hiszpanii w\u00a02014\u00a0r.,<\/li>\n<li>Nominacja do Konkuru Kongresu Polak\u00f3w w\u00a0Republice Czeskiej oraz Laureat Nagrody Publiczno\u015b\u0107i \u201eTacy Jeste\u015bmy 2014\u201d dla Ch\u00f3ru \u017be\u0144skiego \u201eMelodia\u201d<\/li>\n<li>Z\u0142oty Medal w kategorii ch\u00f3ry \u017ce\u0144skie na 43\u00a0Mi\u0119dzynarodowym Festiwalu Ch\u00f3ralnym \u201eSv\u00e1tky P\u00edsn\u00ed Festival of\u00a0Song\u201d Olomouc\u00a02015 w\u00a0Czeskiej Republice,<\/li>\n<li>Srebrny Dyplom w kategorii ch\u00f3r\u00f3w jednorodnych oraz Wyr\u00f3\u017cnienie Katedry Dyrygentury Ch\u00f3ralnej Akademii Muzycznej im.\u00a0Karola Szymanowskiego w\u00a0Katowicach za piel\u0119gnowanie wielopokoleniowej tradycji \u015bpiewaczej na XII\u00a0Mi\u0119dzynarodowym Festiwalu Ch\u00f3r\u00f3w \u201eGaude Cantem\u201d im.\u00a0Kazimierza Fobera w\u00a0Bielsku-Bia\u0142ej w\u00a02016,<\/li>\n<li>II miejsce w Konkursie Inicjatywy PZKO 2016 (spo\u015br\u00f3d 34 nominacji) organizowane przez Zarz\u0105d G\u0142\u00f3wny Polskiego Zwi\u0105zku Kulturalno-O\u015bwiatowego w\u00a0Republice Czeskiej,<\/li>\n<li>Srebrny Dyplom &#8211; II miejsce w kategorii ch\u00f3r\u00f3w jednorodnych na V\u00a0Konkursie Pie\u015bni Ch\u00f3ralnej im.\u00a0Czes\u0142awa Prudla w\u00a0Lyskach,<\/li>\n<li>Dyplom Uznania Prezydenta Rzeczypospolitej Polskiej Andrzeja Dudy za piel\u0119gnowanie i\u00a0promowanie kultury i\u00a0tradycji polskiej mniejszo\u015bci narodowej w\u00a0Republice Czeskiej w\u00a02017,<\/li>\n<li>Trzy nagrody: Z\u0142oty Dyplom, Zwyci\u0119stwo w kategorii: ch\u00f3ry \u017ce\u0144skie, Nagroda Specjalna za ekspresyjne, poetyckie wykonanie programu konkursowego na 17\u00a0Mi\u0119dzynarodowym Festiwalu i\u00a0Konkursie Ch\u00f3r\u00f3w \u201eVenezia in\u00a0Musica\u201d Sacile&amp;Venezia we W\u0142oszech w\u00a02018 roku,<\/li>\n<li>I miejsce w kategorii: ch\u00f3ry doros\u0142e na XXIX My\u015blenickim Festiwalu Pie\u015bni Ch\u00f3ralnej &#8222;Kol\u0119dy i\u00a0Pastora\u0142ki&#8221; My\u015blenice\u00a02020,<\/li>\n<\/ul>\n<p style=\"text-align: justify;\"><strong>Nagrody i wyr\u00f3\u017cnienia Ch\u00f3ru \u201eGloriam Dei\u201d pod dyrekcj\u0105 Aleksandry Zeman<\/strong><\/p>\n<ul style=\"text-align: justify;\">\n<li>III miejsce w kategorii ch\u00f3ry m\u0142odzie\u017cowe na X\u00a0Mi\u0119dzynarodowym Konkursie Muzyki Adwentowej i\u00a0Bo\u017conarodzeniowej \u201ePra\u017esk\u00e9 V\u00e1noce\u201d (2009),<\/li>\n<li>I miejsce &#8211; Z\u0142ota Gwiazda Betlejemska na przegl\u0105dzie Kol\u0119d i\u00a0Pastora\u0142ek \u201ePastora\u0142ka \u017bywiecka 2014\u201d,<\/li>\n<\/ul>\n<p style=\"text-align: justify;\"><strong>Nagrody i\u00a0wyr\u00f3\u017cnienia Ch\u00f3ru Kameralnego Cieszy\u0144skiego O\u015brodka Kultury \u201eDom Narodowy\u201d (praca w\u00a0charakterze II\u00a0dyrygenta):<\/strong><\/p>\n<ul>\n<li style=\"text-align: justify;\">w 2007 r. z\u0142ote pasmo w kat. ch\u00f3ry m\u0142odzie\u017cowe na VIII\u00a0Konkursie Muzyki adwentowej i\u00a0Bo\u017conarodzeniowej \u201ePra\u017esk\u00e9 V\u00e1noce\u201d.<\/li>\n<\/ul>\n<p>\n<\/div>\r\n                    <\/div>\r\n                <\/div>[\/vc_column][\/vc_row]<\/p>","protected":false},"excerpt":{"rendered":"<p>[vc_row css=&#8221;.vc_custom_1586089156061{padding-right: 32px !important;padding-left: 32px !important;}&#8221;][vc_column][\/vc_column][\/vc_row][vc_row css=&#8221;.vc_custom_1586088483009{padding-right: 32px !important;padding-left: 32px !important;}&#8221;][vc_column][\/vc_column][\/vc_row][vc_row css=&#8221;.vc_custom_1586088501986{padding-right: 32px !important;padding-left: 32px !important;}&#8221;][vc_column][\/vc_column][\/vc_row] [&#8230;]<\/p>\n<p><a class=\"btn btn-secondary understrap-read-more-link\" href=\"https:\/\/us.edu.pl\/instytut\/ismuz\/pracownicy\/aleksandra-zeman\/\">Read More&#8230;<\/a><\/p>\n","protected":false},"author":362,"featured_media":0,"parent":189,"menu_order":0,"comment_status":"closed","ping_status":"closed","template":"","meta":{"_expiration-date-status":"saved","_expiration-date":0,"_expiration-date-type":"","_expiration-date-categories":[],"_expiration-date-options":[]},"acf":[],"_links":{"self":[{"href":"https:\/\/us.edu.pl\/instytut\/ismuz\/wp-json\/wp\/v2\/pages\/1594"}],"collection":[{"href":"https:\/\/us.edu.pl\/instytut\/ismuz\/wp-json\/wp\/v2\/pages"}],"about":[{"href":"https:\/\/us.edu.pl\/instytut\/ismuz\/wp-json\/wp\/v2\/types\/page"}],"author":[{"embeddable":true,"href":"https:\/\/us.edu.pl\/instytut\/ismuz\/wp-json\/wp\/v2\/users\/362"}],"replies":[{"embeddable":true,"href":"https:\/\/us.edu.pl\/instytut\/ismuz\/wp-json\/wp\/v2\/comments?post=1594"}],"version-history":[{"count":56,"href":"https:\/\/us.edu.pl\/instytut\/ismuz\/wp-json\/wp\/v2\/pages\/1594\/revisions"}],"predecessor-version":[{"id":2548,"href":"https:\/\/us.edu.pl\/instytut\/ismuz\/wp-json\/wp\/v2\/pages\/1594\/revisions\/2548"}],"up":[{"embeddable":true,"href":"https:\/\/us.edu.pl\/instytut\/ismuz\/wp-json\/wp\/v2\/pages\/189"}],"wp:attachment":[{"href":"https:\/\/us.edu.pl\/instytut\/ismuz\/wp-json\/wp\/v2\/media?parent=1594"}],"curies":[{"name":"wp","href":"https:\/\/api.w.org\/{rel}","templated":true}]}}