{"id":1631,"date":"2020-03-25T20:55:12","date_gmt":"2020-03-25T19:55:12","guid":{"rendered":"https:\/\/us.edu.pl\/instytut\/ismuz\/?page_id=1631"},"modified":"2025-12-03T09:42:01","modified_gmt":"2025-12-03T08:42:01","slug":"wojciech-golec","status":"publish","type":"page","link":"https:\/\/us.edu.pl\/instytut\/ismuz\/pracownicy\/wojciech-golec\/","title":{"rendered":"dr hab. Wojciech Golec"},"content":{"rendered":"<p>[vc_row][vc_column]\r\n                <div class=\"text-modules reverse\">\r\n                    <div class=\"container\">\r\n                        <h3 class=\"section-title section-title_border-bottom\">dr hab. Wojciech Golec<\/h3> \r\n                        <div class=\"row m-0\">\r\n                            <div class=\"text-modules__content\">\r\n                                <strong>Wojciech Golec<\/strong><\/p>\n<p>Akordeonista, absolwent Akademii Muzycznej im.\u00a0Karola Szymanowskiego w\u00a0Katowicach w\u00a0klasie akordeonu prof. Joachima Pichury, doktor habilitowany w dyscyplinie sztuki muzyczne. W swoim dorobku artystycznym posiada liczne nagrania p\u0142ytowe, nagrania muzyki filmowej, koncerty w\u00a0kraju i\u00a0za granic\u0105. Jest laureatem konkurs\u00f3w akordeonowych oraz licznych nagr\u00f3d za osi\u0105gni\u0119cia artystyczne i dydaktyczne. Zajmuje si\u0119 wykonawstwem muzyki instrumentalnej i\u00a0wokalno-instrumentalnej, jako solista i\u00a0kameralista. Jego zainteresowania muzyczne skupiaj\u0105 si\u0119 na r\u00f3\u017cnych gatunkach i\u00a0formach: oryginalnej literaturze akordeonowej, muzyce dawnej, adaptacjach muzyki ludowej czy wreszcie \u0142\u0105czeniu gatunk\u00f3w takich jak muzyka wsp\u00f3\u0142czesna, eksperymentalna, klasyczna i\u00a0jazz. Tworzenie muzyki w\u00a0czasie rzeczywistym (improwizacja), to jeden z\u00a0g\u0142\u00f3wnych obszar\u00f3w jego dzia\u0142alno\u015bci artystycznej i\u00a0badawczej. Wa\u017cne miejsce w\u00a0poszukiwaniach tw\u00f3rczych Wojciecha Golca zajmuje synteza sztuk plastycznych i\u00a0muzycznych.\u00a0Wsp\u00f3\u0142tw\u00f3rca inicjatyw na rzecz promocji akordeonistyki, m.in. Beskidzkich Warsztat\u00f3w Akordeonowych oraz\u00a0konkurs\u00f3w akordeonowych w Bielsku-Bia\u0142ej. Jest regularnie zapraszany jako konsultant metodyczny, juror i wyk\u0142adowca prowadz\u0105cy kursy i warsztaty akordeonowe.<\/p>\n<p><strong>WYBRANE NAGRODY<\/strong><\/p>\n<p><strong>NAGRODY<\/strong><\/p>\n<ul>\n<li>2024 IV Mi\u0119dzynarodowy Konkurs \u201eMuzyczne Or\u0142y\u201d \u2013 Dyplom Br\u0105zowy w kategorii I \u2013 P\u0142yta fonograficzna \u2013 uznana zosta\u0142a za wybitne osi\u0105gni\u0119cie artystyczne zrealizowane w roku 2023<\/li>\n<li>2023 Nagroda Indywidualna I Stopnia Dyrektora Centrum Edukacji Artystycznej za szczeg\u00f3lny wk\u0142ad w rozw\u00f3j edukacji artystycznej w Polsce<\/li>\n<li>2022 Nagroda Indywidualna JM Rektora Uniwersytetu \u015al\u0105skiego w uznaniu wybitnych osi\u0105gni\u0119\u0107 dydaktycznych<\/li>\n<li>2018 Nagroda Zespo\u0142owa III stopnia JM Rektora Uniwersytetu \u015al\u0105skiego w uznaniu dzia\u0142alno\u015bci artystycznej<\/li>\n<li>2017 Nagroda Indywidualna II Stopnia Dyrektora Centrum Edukacji Artystycznej za szczeg\u00f3lny wk\u0142ad w rozw\u00f3j edukacji artystycznej w Polsce<\/li>\n<li>2015 II nagroda Turnieju Muzyk\u00f3w Prawdziwych z zespo\u0142em Tryptyk \u2013 Filharmonia Szczeci\u0144ska<\/li>\n<li>2015 XVIII Festiwal Folkowy Polskiego Radia Nowa Tradycja \u2013 III nagroda z zespo\u0142em Wa\u0142asi<\/li>\n<li>2014 XVII Festiwal Polskiego Radia Nowa Tradycja \u2013 Wyr\u00f3\u017cnienie z zespo\u0142em Anashim<\/li>\n<li>2010 XX Mi\u0119dzynarodowy Festiwal Miko\u0142ajki Folkowe w Lublinie &#8211; III nagroda z zespo\u0142em Besquidians<\/li>\n<li>2007 Laureat stypendium w dziedzinie kultury\u00a0 Marsza\u0142ka wojew\u00f3dztwa \u015al\u0105skiego za \u201eZbi\u00f3r kol\u0119d i pastora\u0142ek beskidzkich\u201d<\/li>\n<\/ul>\n<p><strong>ALBUMY CD<\/strong><\/p>\n<p><strong><u>Karol Szymanowski &#8211; Pie\u015bni Kurpiowskie op.58<br \/>\n<u><\/u><\/u><\/strong>Aleksandra Opa\u0142a, Wojciech Golec, Piotr Cho\u0142o\u0142owicz, Marcin Jab\u0142o\u0144ski<br \/>\nRok wydania 2025, Wydawnictwo: Requiem Records \u2013 Opus Series 125\/2025<\/p>\n<p><strong><u>Variability &#8211; Wojciech Golec<br \/>\n<\/u><\/strong>Rok wydania: 2023, Wydawnictwo: Requiem Records &#8211; Lydian Series 35\/2023<\/p>\n<p><strong><u>Iwona Loranc \u2013 Dwie drogi<br \/>\n<\/u><\/strong>Rok wydania 2023, Wydawnictwo: Dalmafon DALCD251<\/p>\n<p><strong><u>Symfonia Beskidzka<br \/>\n<\/u><\/strong>Rok wydania: 2022, Wydawnictwo: Muzeum i Stowarzyszenie im. artysty Jana Wa\u0142acha\/Fundacja KGHM Polska Mied\u017a<\/p>\n<p><strong><u>Stanis\u0142aw Moniuszko \u2013 Z Domowego \u015apiewnika<br \/>\n<\/u><\/strong>Rok wydania: 2020, Wydawnictwo: Requiem Records Lydian Series 13\/2020<\/p>\n<p><strong><u>Marcin \u017bupa\u0144ski \u2013 Folk travels<br \/>\n<\/u><\/strong>Rok wydania: 2018, Wydawnictwo Uniwersytetu \u015al\u0105skiego<\/p>\n<p><strong><u>Bielska Orkiestra D\u0119ta &#8211; 100-lecie niepodleg\u0142ej Polski \u2013 Polskie Pie\u015bni Patriotyczne<br \/>\n<\/u><\/strong>Rok wydania: 2018, Wydawnictwo: Bielskie Centrum Kultury<\/p>\n<p><strong><u>Silesian Accordion Works \u2013 Piotr Cho\u0142o\u0142owicz<br \/>\n<\/u><\/strong>Rok wydania: 2017, Wydawnictwo Akant<\/p>\n<p><strong><u>Wojciech Golec \u2013 Inspirations<br \/>\n<\/u><\/strong>Rok wydania: 2016, Wydawnictwo Uniwersytetu \u015al\u0105skiego<\/p>\n<p><strong><u>Anashim <\/u><\/strong><strong><u>\u2013 \u00a0Sekretny Ogr\u00f3d<br \/>\n<\/u><\/strong>Rok wydania: 2015, Wydawnictwo Akant<\/p>\n<p><strong><u>B\u00f3g jest blisko Stuhr i Trela czytaj\u0105 Tischnera<br \/>\n<\/u><\/strong>Ks. J\u00f3zefowi Tischnerowi w 15 rocznic\u0119 \u015bmierci<br \/>\nRok wydania: 2015, Wydawnictwo \u2013 Tygodnik Powszechny<\/p>\n<p><strong><u>Wa\u0142asi \u2013 To\u017csaMy<br \/>\n<\/u><\/strong>Rok wydania: 2014, Wydawnictwo Datarius<\/p>\n<p><strong><u>Wa\u0142ach\/Golec\/\u017bupa\u0144ski \u2013\u00a0 Barwy Ziemi \u2013 G\u0142osy Natury<br \/>\n<\/u><\/strong>Rok wydania: 2013, Wydawnictwo Uniwersytetu \u015al\u0105skiego<\/p>\n<p><strong><u>Besquidians<br \/>\n<\/u><\/strong><strong>Folkover<br \/>\n<\/strong>Rok wydania: 2015, Wydawnictwo Uniwersytetu \u015al\u0105skiego<br \/>\n<strong>Besquidians \u015awi\u0105tecznie<br \/>\n<\/strong>Rok wydania: 2012, Wydawnictwo w\u0142asne<br \/>\n<strong>Besquidians<br \/>\n<\/strong>Rok wydania: 2010, Wydawnictwo w\u0142asne<\/p>\n<p><strong><u>Kasia Zar\u0119ba \u2013 \u00a0Etnokracje<br \/>\n<\/u><\/strong>Rok wydania: 2015, Wydawnictwo w\u0142asne<\/p>\n<p><strong><u>Kasia Zar\u0119ba \u2013 \u00a0Po mojymu<br \/>\n<\/u><\/strong>Rok wydania: 2012, Wydawnictwo w\u0142asne<\/p>\n<p><strong><u>Grupa Furmana \u2013 Niemartfka<br \/>\n<\/u><\/strong>Rok wydania: 2008, Wydawnictwo: Grupa Furmana GFR010<\/p>\n<p><strong><u>Akurat \u2013 Optymistyka<br \/>\n<\/u><\/strong>Rok wydania: 2008, Wydawnictwo: Mystic Production MYSTCD 068<\/p>\n<p><strong><u>Golec uOrkiestra<br \/>\n<\/u><\/strong><strong>Golec uOrkiestra 2<br \/>\n<\/strong>Rok wydania: 2000<br \/>\n<strong>\u015awi\u0119ta z Golec uOrkiestra<br \/>\n<\/strong>Rok wydania: 2000<br \/>\n<strong>Golec uOrkiestra 3<br \/>\n<\/strong>Rok wydania: 2002, Wydawnictwo: Golec Fabryka<\/p>\n<p><strong><u>Big-Band Jaros\u0142awa Grzybowskiego<br \/>\n<\/u><\/strong><strong>Grzybowski Band<br \/>\n<\/strong>Rok wydania:2008, Wydawnictwo: Jaros\u0142aw Grzybowski<br \/>\n<strong>Weso\u0142e kol\u0119dowanie<br \/>\n<\/strong>Rok wydania: 2004, Wydawnictwo: Jaros\u0142aw Grzybowski<br \/>\n<strong>Melodie polskie i nie tylko\u2026<br \/>\n<\/strong>Rok wydania: 2003, Wydawnictwo: Jaros\u0142aw Grzybowski<\/p>\n<p><strong>FILMOGRAFIA \u2013 UDZIA\u0141 W NAGRANIACH \u2013 MUZYKA FILMOWA<\/strong><\/p>\n<p><strong>Safe space<\/strong> &#8211; re\u017cyseria: Stefan Kubicki, muzyka.: Lucas Lechowski<br \/>\nProdukcja: USA, Rok: 2021<\/p>\n<p><strong>Serce serduszko<\/strong> \u2013 re\u017cyseria: Jan Jakub Kolski, muzyka: Dariusz G\u00f3rniok<br \/>\nProdukcja: Tramway Film Studio, Rok: 2014<\/p>\n<p><strong>Against Night<\/strong> \u2013 re\u017cyseria: Stefan Kubicki, muzyka: Lucas Lechowski<br \/>\nProdukcja: USA, Rok:2014 r.<\/p>\n<p><strong>Dopisani do listy Schindlera<\/strong> \u2013 re\u017cyseria: Gustaw Szepke, muzyka: Wa\u0142ach\/Golec\/\u017bupa\u0144ski<br \/>\nProdukcja: Polska, Rok: 2014<\/p>\n<p><strong>Pieni\u0105dze to nie wszystko<\/strong> \u2013 re\u017cyseria: Juliusz Machulski, muzyka: Golec uOrkiestra, Krzesimir D\u0119bski<br \/>\nProdukcja: Studio Filmowe \u201eZebra\u201d, Rok: 2001<\/p>\n<p><strong>LINKI DO PORTALI SPO\u0141ECZNO\u015aCIOWYCH<\/strong><\/p>\n<p><a href=\"https:\/\/www.facebook.com\/wojciech.golec.585\"><strong>https:\/\/www.facebook.com\/wojciech.golec.585<\/strong><\/a><\/p>\n<p><a href=\"https:\/\/www.instagram.com\/wojciech.golec\/\"><strong>https:\/\/www.instagram.com\/wojciech.golec\/<\/strong><\/a><\/p>\n<p><a href=\"https:\/\/www.youtube.com\/@WojciechGolec\"><strong>https:\/\/www.youtube.com\/@WojciechGolec<\/strong><\/a> \r\n                                <div class=\"mt-3\"><\/div>\r\n                            <\/div>\r\n                            \r\n                            <div class=\"text-modules__img\"><img src=\"https:\/\/us.edu.pl\/instytut\/ismuz\/wp-content\/uploads\/sites\/54\/Bez-kategorii\/GOLEC-Variability-foto-book.jpg\" alt=\"img\"><\/div>\r\n                        <\/div>\r\n                    <\/div>\r\n                <\/div>[\/vc_column][\/vc_row]<\/p>","protected":false},"excerpt":{"rendered":"<p>[vc_row][vc_column][\/vc_column][\/vc_row] [&#8230;]<\/p>\n<p><a class=\"btn btn-secondary understrap-read-more-link\" href=\"https:\/\/us.edu.pl\/instytut\/ismuz\/pracownicy\/wojciech-golec\/\">Read More&#8230;<\/a><\/p>\n","protected":false},"author":362,"featured_media":0,"parent":189,"menu_order":10,"comment_status":"closed","ping_status":"closed","template":"","meta":{"_expiration-date-status":"","_expiration-date":0,"_expiration-date-type":"","_expiration-date-categories":[],"_expiration-date-options":[]},"acf":[],"_links":{"self":[{"href":"https:\/\/us.edu.pl\/instytut\/ismuz\/wp-json\/wp\/v2\/pages\/1631"}],"collection":[{"href":"https:\/\/us.edu.pl\/instytut\/ismuz\/wp-json\/wp\/v2\/pages"}],"about":[{"href":"https:\/\/us.edu.pl\/instytut\/ismuz\/wp-json\/wp\/v2\/types\/page"}],"author":[{"embeddable":true,"href":"https:\/\/us.edu.pl\/instytut\/ismuz\/wp-json\/wp\/v2\/users\/362"}],"replies":[{"embeddable":true,"href":"https:\/\/us.edu.pl\/instytut\/ismuz\/wp-json\/wp\/v2\/comments?post=1631"}],"version-history":[{"count":10,"href":"https:\/\/us.edu.pl\/instytut\/ismuz\/wp-json\/wp\/v2\/pages\/1631\/revisions"}],"predecessor-version":[{"id":5535,"href":"https:\/\/us.edu.pl\/instytut\/ismuz\/wp-json\/wp\/v2\/pages\/1631\/revisions\/5535"}],"up":[{"embeddable":true,"href":"https:\/\/us.edu.pl\/instytut\/ismuz\/wp-json\/wp\/v2\/pages\/189"}],"wp:attachment":[{"href":"https:\/\/us.edu.pl\/instytut\/ismuz\/wp-json\/wp\/v2\/media?parent=1631"}],"curies":[{"name":"wp","href":"https:\/\/api.w.org\/{rel}","templated":true}]}}