{"id":1644,"date":"2020-03-26T10:32:10","date_gmt":"2020-03-26T09:32:10","guid":{"rendered":"https:\/\/us.edu.pl\/instytut\/ismuz\/?page_id=1644"},"modified":"2020-04-01T17:12:49","modified_gmt":"2020-04-01T15:12:49","slug":"magdalena-szyndler","status":"publish","type":"page","link":"https:\/\/us.edu.pl\/instytut\/ismuz\/pracownicy\/magdalena-szyndler\/","title":{"rendered":"dr hab. Magdalena Szyndler, prof. U\u015a"},"content":{"rendered":"<p>[vc_row][vc_column]\r\n                <div class=\"text-modules reverse\">\r\n                    <div class=\"container\">\r\n                        <h3 class=\"section-title section-title_border-bottom\">dr hab. Magdalena Szyndler, prof. U\u015a<\/h3> \r\n                        <div class=\"row m-0\">\r\n                            <div class=\"text-modules__content\">\r\n                                <\/p>\n<p style=\"text-align: justify\"><strong>Magdalena Szyndler<\/strong> &#8211; etnomuzykolog, folklorystka, pedagog, muzyk-instrumentalista (klasa skrzypiec). W\u00a02000 roku uko\u0144czy\u0142a Wydzia\u0142 Pedagogiczno-Artystyczny Uniwersytetu \u015al\u0105skiego w\u00a0Katowicach (kierunek Wychowanie Muzyczne). W\u00a02001 roku podj\u0119\u0142a studia doktoranckie &#8211; kierunek Socjologia &#8211; na Wydziale Nauk Spo\u0142ecznych Uniwersytetu \u015al\u0105skiego w\u00a0Katowicach oraz podj\u0119\u0142a prac\u0119 jako asystent naukowo-dydaktyczny w\u00a0Katedrze Folklorystyki Og\u00f3lnej i\u00a0Stosowanej (Wydzia\u0142 Etnologii i\u00a0Nauk o\u00a0Edukacji-U\u015a). W\u00a02002 roku by\u0142a stypendystk\u0105 programu CEEPUS (Uniwersytet Konstanta Filozofa w\u00a0Nitrze). W\u00a02006 roku obroni\u0142a prac\u0119 doktorsk\u0105 pt.\u00a0<em>Folklor wokalny mniejszo\u015bci polskiej na Zaolziu na tle uwarunkowa\u0144 spo\u0142eczno-kulturowych \u015al\u0105ska Cieszy\u0144skiego<\/em> (pod kierunkiem prof.\u00a0B.\u00a0Linettea) na Wydziale Historycznym w\u00a0Katedrze Muzykologii Uniwersytetu im.\u00a0A.\u00a0Mickiewicza w\u00a0Poznaniu.<\/p>\n<p style=\"text-align: justify\">W roku 2008 podj\u0119\u0142a badania folkloru muzycznego w\u015br\u00f3d mniejszo\u015bci polskiej w\u00a0Serbii (Ostoji\u010devo), a\u00a0tak\u017ce prowadzi\u0142a i\u00a0prowadzi dzia\u0142ania na rzecz propagowania folkloru muzycznego \u015al\u0105ska Cieszy\u0144skiego (czynny udzia\u0142 w\u00a0studenckiej kapeli g\u00f3ralskiej, organizacja oboz\u00f3w naukowych dla student\u00f3w, prelekcje i\u00a0wyk\u0142ady dla dzieci w\u00a0ramach projektu Ma\u0142y Etnograf, PikU\u015a, wsp\u00f3\u0142praca z\u00a0Katedr\u0105 Pedagogiki, Psychologii i\u00a0Antropologii Kulturowej &#8211; ATH w\u00a0Bielsku-Bia\u0142ej, Akademi\u0105 Muzyczn\u0105 w\u00a0Katowicach). Od\u00a02010 rozpocz\u0119\u0142a badania terenowe w\u00a0Beskidzie \u015al\u0105skim zwi\u0105zane z\u00a0folklorem muzycznym Tr\u00f3jwsi (Istebna, Koniak\u00f3w, Jaworzynka). Tematyka badawcza &#8211; folklor muzyczny i\u00a0jego przekszta\u0142cenia we wsp\u00f3\u0142czesno\u015bci.<\/p>\n<p style=\"text-align: justify\">W 2018 roku uzyska\u0142a tytu\u0142 doktor habilitowanego (dyscyplina nauki o\u00a0sztuce) na podstawie monografii pt.:\u00a0<em>Ludowa kultura muzyczna \u015al\u0105ska Cieszy\u0144skiego ze szczeg\u00f3lnym uwzgl\u0119dnieniem Beskidu \u015al\u0105skiego. Folklor pie\u015bniowy Istebnej, Koniakowa i\u00a0Jaworzynki \u2013 \u017ar\u00f3d\u0142a repertuarowe a\u00a0ich transformacje<\/em>, Wydawnictwo Uniwersytetu \u015al\u0105skiego, Katowice 2017, ss. 362, ISBN: 978-83-226-3125-6.<\/p>\n<p style=\"text-align: justify\">Bra\u0142a udzia\u0142 w\u00a0konferencjach krajowych (m.\u00a0in.\u00a0Wroc\u0142aw, Lublin, Katowice, Kielce, Bytom, Pozna\u0144, Wroc\u0142aw, Opole, Warszawa), jak i\u00a0zagranicznych (m.in.\u00a0Chiny, Republika Czeska, S\u0142owacja, Szkocja) oraz projektach zwi\u0105zanych z\u00a0badaniem i\u00a0popularyzacj\u0105 muzyki ludowej i\u00a0jej przekszta\u0142ce\u0144\u00a0(folk).<\/p>\n<p>\u00a0 \r\n                                <div class=\"mt-3\"><\/div>\r\n                            <\/div>\r\n                            \r\n                            <div class=\"text-modules__img\"><img src=\"https:\/\/us.edu.pl\/instytut\/ismuz\/wp-content\/uploads\/sites\/54\/Nieprzypisane\/zdj\u0119cie-bio-Szyndler-1.png\" alt=\"img\"><\/div>\r\n                        <\/div>\r\n                    <\/div>\r\n                <\/div>[\/vc_column][\/vc_row]<\/p>","protected":false},"excerpt":{"rendered":"<p>[vc_row][vc_column][\/vc_column][\/vc_row] [&#8230;]<\/p>\n<p><a class=\"btn btn-secondary understrap-read-more-link\" href=\"https:\/\/us.edu.pl\/instytut\/ismuz\/pracownicy\/magdalena-szyndler\/\">Read More&#8230;<\/a><\/p>\n","protected":false},"author":362,"featured_media":0,"parent":189,"menu_order":10,"comment_status":"closed","ping_status":"closed","template":"","meta":{"_expiration-date-status":"saved","_expiration-date":0,"_expiration-date-type":"","_expiration-date-categories":[],"_expiration-date-options":[]},"acf":[],"_links":{"self":[{"href":"https:\/\/us.edu.pl\/instytut\/ismuz\/wp-json\/wp\/v2\/pages\/1644"}],"collection":[{"href":"https:\/\/us.edu.pl\/instytut\/ismuz\/wp-json\/wp\/v2\/pages"}],"about":[{"href":"https:\/\/us.edu.pl\/instytut\/ismuz\/wp-json\/wp\/v2\/types\/page"}],"author":[{"embeddable":true,"href":"https:\/\/us.edu.pl\/instytut\/ismuz\/wp-json\/wp\/v2\/users\/362"}],"replies":[{"embeddable":true,"href":"https:\/\/us.edu.pl\/instytut\/ismuz\/wp-json\/wp\/v2\/comments?post=1644"}],"version-history":[{"count":2,"href":"https:\/\/us.edu.pl\/instytut\/ismuz\/wp-json\/wp\/v2\/pages\/1644\/revisions"}],"predecessor-version":[{"id":1895,"href":"https:\/\/us.edu.pl\/instytut\/ismuz\/wp-json\/wp\/v2\/pages\/1644\/revisions\/1895"}],"up":[{"embeddable":true,"href":"https:\/\/us.edu.pl\/instytut\/ismuz\/wp-json\/wp\/v2\/pages\/189"}],"wp:attachment":[{"href":"https:\/\/us.edu.pl\/instytut\/ismuz\/wp-json\/wp\/v2\/media?parent=1644"}],"curies":[{"name":"wp","href":"https:\/\/api.w.org\/{rel}","templated":true}]}}