{"id":1648,"date":"2020-03-26T12:45:46","date_gmt":"2020-03-26T11:45:46","guid":{"rendered":"https:\/\/us.edu.pl\/instytut\/ismuz\/?page_id=1648"},"modified":"2020-03-27T20:09:15","modified_gmt":"2020-03-27T19:09:15","slug":"jakub-czekierda","status":"publish","type":"page","link":"https:\/\/us.edu.pl\/instytut\/ismuz\/pracownicy\/jakub-czekierda\/","title":{"rendered":"mgr Jakub Czekierda"},"content":{"rendered":"<p>[vc_row][vc_column]\r\n                <div class=\"text-modules reverse\">\r\n                    <div class=\"container\">\r\n                        <h3 class=\"section-title section-title_border-bottom\">mgr Jakub Czekierda<\/h3> \r\n                        <div class=\"row m-0\">\r\n                            <div class=\"text-modules__content\">\r\n                                <\/p>\n<p style=\"text-align: justify\"><strong>Jakub Czekierda<\/strong> &#8211; pianista, kameralista, pedagog, absolwent bytomskiej Og\u00f3lnokszta\u0142c\u0105cej Szko\u0142y Muzycznej oraz katowickiej Akademii Muzycznej w\u00a0klasie fortepianu profesora Zbigniewa Raubo.<\/p>\n<p style=\"text-align: justify\">Od roku 2017 wyk\u0142adowca w\u00a0Instytucie Sztuk Muzycznych w\u00a0Cieszynie, od pa\u017adziernika 2019\u00a0r. na stanowisku asystenta, prowadzi zaj\u0119cia z\u00a0fortepianu, improwizacji fortepianowej. W\u00a0Pa\u0144stwowej Szkole Muzycznej I\u00a0i\u00a0II\u00a0st. w\u00a0\u017bywcu, zatrudniony jako nauczyciel fortepianu i\u00a0pianista-akompaniator w\u00a0wi\u0119kszo\u015bci sekcji instrument\u00f3w.<\/p>\n<p style=\"text-align: justify\">Od najm\u0142odszych lat z\u00a0ch\u0119ci\u0105 bra\u0142 udzia\u0142 w\u00a0konkursach krajowych i\u00a0mi\u0119dzynarodowych &#8211; najwa\u017cniejsze osi\u0105gni\u0119cia w\u00a0nich to:<\/p>\n<ul style=\"text-align: justify\">\n<li>II miejsce na Og\u00f3lnopolskim Konkursie Pianistycznym im. Tadeusza Szeligowskiego w\u00a0Poznaniu (2003).<\/li>\n<li>I miejsce na Mi\u0119dzynarodowym Konkursie Pianistycznym im. Roberta Schumanna &#8222;Fur Musik&#8221;, Suwa\u0142ki (2008).<\/li>\n<li>II miejsce i nagroda specjalna prezydenta Czech na XXXIX Mi\u0119dzynarodowym Konkursie Pianistycznym &#8222;Virtuosi Per musica di Pianoforte&#8221;, Czechy (2006).<\/li>\n<li>IV miejsce na I Og\u00f3lnopolskim Konkursie Pianistycznym \u201eSzymanowski in memoriam\u201d, Warszawa (2008).<\/li>\n<li>III miejsce na \u015al\u0105skim Konkursie Pianistycznym, Zabrze (2009).<\/li>\n<li>II miejsce na VII Og\u00f3lnopolskim Konkursie Pianistycznym im. I.J. Paderewskiego, Piotrk\u00f3w Trybunalski (2009).<\/li>\n<li>III miejsce w Konkursie Kameralnym w Akademii Muzycznej im. Karola Szymanowskiego w Katowicach (2011).<\/li>\n<\/ul>\n<p style=\"text-align: justify\">Dwukrotnie by\u0142 stypendyst\u0105 miasta Piekary \u015al\u0105skie, oraz Krajowego Funduszu na rzecz Dzieci wybitnie zdolnych w Warszawie (trzykrotnie). Ponadto wyst\u0119powa\u0142 z Orkiestr\u0105 Symfoniczn\u0105 Filharmonii \u015al\u0105skiej (2006, 2008, 2009) jako solista w koncertach z cyklu \u201eEstrada M\u0142odych wirtuoz\u00f3w\u201d. W roku 2012 nagra\u0142 p\u0142yt\u0119 z muzyk\u0105 kameraln\u0105 K.\u00a0Szymanowskiego, H. Wieniawskiego, G. Tartiniego i N. Paganiniego wraz z portugalskim skrzypkiem Nuno Soaresem w Radiu \u0141\u00f3d\u017a. W ramach promocji p\u0142yty i wydawnictwa Adi-Art wyst\u0105pi\u0142 na koncertach m.in. w \u0141\u0119czycy, \u0141odzi, Filharmonii Zielonog\u00f3rskiej oraz za granic\u0105 &#8211; w Lizbonie i Bradze (Portugalia, 2012 r.)<\/p>\n<p><a href=\"https:\/\/www.facebook.com\/jakubczekierdapiano\/\">https:\/\/www.facebook.com\/jakubczekierdapiano\/<\/a><\/p>\n<div class=\"mt-3\"><\/div>\r\n                            <\/div>\r\n                            \r\n                            <div class=\"text-modules__img\"><img src=\"https:\/\/us.edu.pl\/instytut\/ismuz\/wp-content\/uploads\/sites\/54\/Nieprzypisane\/J.-Czekierda.jpg\" alt=\"img\"><\/div>\r\n                        <\/div>\r\n                    <\/div>\r\n                <\/div>\r\n                <div class=\"text-modules\">\r\n                    <div class=\"container\">\r\n                        \r\n                        <div class=\"text-modules__content\"><\/p>\n<p style=\"text-align: justify\"><strong>Wa\u017cniejsze koncerty<\/strong><\/p>\n<ul style=\"text-align: justify\">\n<li>20 czerwca 2013 r. wyst\u0105pi\u0142 z\u00a0recitalem w\u00a0Muzeum Fryderyka Chopina w Warszawie w\u00a0ramach serii koncert\u00f3w &#8211; \u201eM\u0142ode Talenty\u201d, sk\u0142adaj\u0105cy si\u0119 z\u00a0utwor\u00f3w. J.\u00a0Haydna, F.\u00a0Chopina i\u00a0S.\u00a0Prokofiewa.<\/li>\n<li>30 rze\u015bnia 2013\u00a0r. wyst\u0105pi\u0142 na Litwie w\u00a0Wilnie prezentuj\u0105c recital z\u0142o\u017cony z\u00a0dzie\u0142 Fryderyka Chopina i\u00a0Ludwiga van Beethovena.<\/li>\n<li>12 pa\u017adziernika 2013 wzi\u0105\u0142 udzia\u0142 w\u00a0koncercie w\u00a0Teatrze Muzycznym w\u00a0\u0141odzi w\u00a0ramach Adi-Jazz festiwalu prezentuj\u0105c w\u00a0wersji solo \u201eB\u0142\u0119kitn\u0105 Rapsodi\u0119\u201d G.\u00a0Gershwina, kt\u00f3ra nast\u0119pnie zosta\u0142a umieszczona na festiwalowej p\u0142ycie CD.<\/li>\n<li>26 i 28 lutego 2014\u00a0r. zaprezentowa\u0142 recitale chopinowskie w\u00a0krakowskiej Bonarce w ramach obchod\u00f3w urodzin F.\u00a0Chopina.<\/li>\n<li>10 marca 2014 r. na Konkursie Duet\u00f3w Wokalno-Fortepianowych we Wroc\u0142awiu wraz z\u00a0wokalistk\u0105 Lucyn\u0105 Jarz\u0105bek uzyskali wyr\u00f3\u017cnienie.<\/li>\n<li>19 marca 2015 r. w Og\u00f3lnopolskim Konkursie Duet\u00f3w Wokalno-Fortepianowych w\u00a0Katowicach wraz z\u00a0wokalistk\u0105 Lucyn\u0105 Jarz\u0105bek uzyskali II\u00a0Nagrod\u0119 (I\u00a0nie przyznano).<\/li>\n<li>18 kwietnia 2015 r. wraz z\u00a0wokalistk\u0105 Lucyn\u0105 Jarz\u0105bek zdobyli III\u00a0Nagrod\u0119 w\u00a0II\u00a0Og\u00f3lnopolskim Turnieju Kameralnym w\u00a0Bydgoszczy.<\/li>\n<li>26 kwietnia 2015 r. zaprezentowa\u0142 p\u00f3\u0142recital z\u0142o\u017cony z\u00a0utwor\u00f3w G.\u00a0Gershwina w\u00a0Sali Koncertowej Akademii Muzycznej w\u00a0Katowicach z\u00a0okazji koncertu charytatywnego pt.\u00a0\u201eWiosenne Preludium\u201d zorganizowanego przez Fundacj\u0119 Lions Club Barb\u00f3rka Katowice i\u00a0otrzyma\u0142 stypendium w\u00a0wysoko\u015bci 7000\u00a0z\u0142.<\/li>\n<li>15 pa\u017adziernika 2015 r. wyst\u0105pi\u0142 na S\u0142owacji daj\u0105c recital zorganizowany przez Instytucj\u0105 Promocji i\u00a0Upowszechniania Muzyki \u201eSilesia\u201d w\u00a0Katowicach, z\u0142o\u017cony z\u00a0dzie\u0142 G.\u00a0Bacewicz, F.\u00a0Chopina i J.\u00a0Haydna.<\/li>\n<li>W maju 2016 r. zdoby\u0142 III miejsce (spo\u015br\u00f3d 50\u00a0aplikacji) w\u00a0International Music Competition in\u00a0Berlin \u2013 \u201eRising Stars\u201d w\u00a0kategorii instrument solo.<\/li>\n<li>28 pa\u017adziernika 2016 r. otrzyma\u0142 I\u00a0Nagrod\u0119 w\u00a0Mi\u0119dzynarodowym Konkursie Muzycznym \u201eLondon\u201d Grand Prze Virtuoso 2016 i\u00a0otrzyma\u0142 zaproszenie na recital do Royal Albert Hall w\u00a0Londynie 13\u00a0grudnia\u00a02016\u00a0r.<\/li>\n<li>19 marca 2017 r. wyst\u0105pi\u0142 na koncercie w\u00a0Teatrze Muzycznym w\u00a0\u0141odzi wraz z\u00a0pianist\u0105 Szymonem Nehringiem (finalist\u0105 Mi\u0119dzynarodowego Konkursu Chopinowskiego w\u00a0Warszawie).<\/li>\n<li>5 listopada 2017 r. wyst\u0105pi\u0142 z\u00a0recitalem w\u00a0Muzeum Pana Tadeusza &#8222;Ossolineum&#8221; we Wroc\u0142awiu prezentuj\u0105c utwory F.\u00a0Chopina, G.\u00a0Bacewicz i\u00a0W.A.\u00a0Mozarta.<\/li>\n<li>Kwiecie\u0144 2019 r. uzyska\u0142 kwalifikacj\u0119 do Mi\u0119dzynarodowego Konkursu Pianistycznego pod przewodnictwem Marty Argerich w\u00a0Vigo (Hiszpania).<\/li>\n<\/ul>\n<p style=\"text-align: justify\">Od roku 2018 koncertuje z\u00a0formacj\u0105 TRIPLE TRIANGLE TRIO (flet, perkusja, fortepian) prezentuj\u0105c utwory muzyki klasycznej, jazzowej i\u00a0filmowej.<\/p>\n<p><a href=\"http:\/\/tttrio.pl\/\">http:\/\/tttrio.pl\/<\/a><\/p>\n<\/div>\r\n                    <\/div>\r\n                <\/div>[\/vc_column][\/vc_row]<\/p>","protected":false},"excerpt":{"rendered":"<p>[vc_row][vc_column][\/vc_column][\/vc_row] [&#8230;]<\/p>\n<p><a class=\"btn btn-secondary understrap-read-more-link\" href=\"https:\/\/us.edu.pl\/instytut\/ismuz\/pracownicy\/jakub-czekierda\/\">Read More&#8230;<\/a><\/p>\n","protected":false},"author":362,"featured_media":0,"parent":189,"menu_order":10,"comment_status":"closed","ping_status":"closed","template":"","meta":{"_expiration-date-status":"saved","_expiration-date":0,"_expiration-date-type":"","_expiration-date-categories":[],"_expiration-date-options":[]},"acf":[],"_links":{"self":[{"href":"https:\/\/us.edu.pl\/instytut\/ismuz\/wp-json\/wp\/v2\/pages\/1648"}],"collection":[{"href":"https:\/\/us.edu.pl\/instytut\/ismuz\/wp-json\/wp\/v2\/pages"}],"about":[{"href":"https:\/\/us.edu.pl\/instytut\/ismuz\/wp-json\/wp\/v2\/types\/page"}],"author":[{"embeddable":true,"href":"https:\/\/us.edu.pl\/instytut\/ismuz\/wp-json\/wp\/v2\/users\/362"}],"replies":[{"embeddable":true,"href":"https:\/\/us.edu.pl\/instytut\/ismuz\/wp-json\/wp\/v2\/comments?post=1648"}],"version-history":[{"count":12,"href":"https:\/\/us.edu.pl\/instytut\/ismuz\/wp-json\/wp\/v2\/pages\/1648\/revisions"}],"predecessor-version":[{"id":1718,"href":"https:\/\/us.edu.pl\/instytut\/ismuz\/wp-json\/wp\/v2\/pages\/1648\/revisions\/1718"}],"up":[{"embeddable":true,"href":"https:\/\/us.edu.pl\/instytut\/ismuz\/wp-json\/wp\/v2\/pages\/189"}],"wp:attachment":[{"href":"https:\/\/us.edu.pl\/instytut\/ismuz\/wp-json\/wp\/v2\/media?parent=1648"}],"curies":[{"name":"wp","href":"https:\/\/api.w.org\/{rel}","templated":true}]}}