{"id":1670,"date":"2020-03-26T19:48:00","date_gmt":"2020-03-26T18:48:00","guid":{"rendered":"https:\/\/us.edu.pl\/instytut\/ismuz\/?page_id=1670"},"modified":"2024-10-16T14:20:15","modified_gmt":"2024-10-16T12:20:15","slug":"wydzialowy-zespol-folkowy-folkus","status":"publish","type":"page","link":"https:\/\/us.edu.pl\/instytut\/ismuz\/dzialalnosc\/wydzialowy-zespol-folkowy-folkus\/","title":{"rendered":"Wydzia\u0142owy Zesp\u00f3\u0142 Folkowy FolkU\u015a"},"content":{"rendered":"<p>[vc_row][vc_column]\r\n                <div class=\"text-modules reverse\">\r\n                    <div class=\"container\">\r\n                        <h3 class=\"section-title section-title_border-bottom\">Wydzia\u0142owy Zesp\u00f3\u0142 Folkowy ``FolkU\u015a``<\/h3> \r\n                        <div class=\"row m-0\">\r\n                            <div class=\"text-modules__content\">\r\n                                <\/p>\n<p style=\"text-align: justify;\">Mi\u0119dzywydzia\u0142owy Zesp\u00f3\u0142 Folkowy <big><b>FolkU\u015a<\/b><\/big> powsta\u0142 w\u00a02009 roku z\u00a0\u00a0inicjatywy dr\u00a0Katarzyny Marcol, studentki El\u017cbiety Mikociak i\u00a0grupy student\u00f3w Wydzia\u0142u Etnologii i\u00a0Nauk o Edukacji, a\u00a0w\u00a0roku 2011 zyska\u0142 status Ko\u0142a Naukowego. W\u00a0trakcie pierwszego roku dzia\u0142alno\u015bci kierowniczk\u0105 zespo\u0142u by\u0142a El\u017cbieta Mikociak, w\u00a02010 roku funkcj\u0119 t\u0119 pe\u0142ni\u0142a studentka etnologii Anna Bachniak i\u00a0kolejno: w\u00a02012 \u2013 Agnieszka Tuszy\u0144ska i\u00a0Sara Szczotka, w\u00a02013 \u2013\u00a0Urszula Kurowska, w\u00a02014 \u2013\u00a0Patrycja Figura. Kierownikiem muzycznym oraz autorem aran\u017cacji by\u0142 w\u00a0tym czasie absolwent Instytutu Muzyki \u2013\u00a0mgr\u00a0Maciej Musia\u0142.<br \/>\nOd 2015 roku opiek\u0119 merytoryczn\u0105 i\u00a0organizacyjn\u0105 obj\u0119\u0142a <a href=\"http:\/\/old.instytutmuzyki.us.edu.pl\/files\/magdalena.szyndler.htm\"><strong>dr\u00a0hab. Magdalena Szyndler<\/strong><\/a> \u2013\u00a0etnomuzykolog z\u00a0Instytutu Muzyki (Wydzia\u0142 Artystyczny), za\u015b funkcj\u0119 przewodnicz\u0105cej Ko\u0142a pe\u0142ni obecnie studentka Julia Pawlik (Wydzia\u0142 Etnologii i\u00a0Nauk o Edukacji).<br \/>\nW\u00a0sk\u0142ad zespo\u0142u wchodz\u0105 studenci cieszy\u0144skich wydzia\u0142\u00f3w Uniwersytetu \u015al\u0105skiego. Repertuar grupy to zar\u00f3wno muzyka <i>in crudo<\/i> (Karpaty, Ba\u0142kany, Beskidy, ze szczeg\u00f3lnym uwzgl\u0119dnieniem \u015al\u0105ska Cieszy\u0144skiego), jak i\u00a0artystyczne przekszta\u0142cenia oraz aran\u017cacje w\u00a0ramach szeroko rozumianej muzyki folkowej.<\/p>\n<p>Ko\u0142o jest tymczasowo nieaktywne. \r\n                                <div class=\"mt-3\"><\/div>\r\n                            <\/div>\r\n                            \r\n                            <div class=\"text-modules__img\"><img src=\"https:\/\/us.edu.pl\/instytut\/ismuz\/wp-content\/uploads\/sites\/54\/Nieprzypisane\/FolkU\u015a-1.jpg\" alt=\"img\"><\/div>\r\n                        <\/div>\r\n                    <\/div>\r\n                <\/div>[\/vc_column][\/vc_row][vc_row css=&#8221;.vc_custom_1585300373837{padding-right: 5% !important;padding-left: 5% !important;}&#8221;][vc_column width=&#8221;1\/2&#8243;]\r\n                <div class=\"text-modules\">\r\n                    <div class=\"container\">\r\n                        \r\n                        <div class=\"text-modules__content\"><p><big>Sk\u0142ad zespo\u0142u w latach 2015-18:<br \/>\n<\/big><\/p>\n<ul>\n<li><b>Julia Pawlik<\/b> \u2013 skrzypce, \u015bpiew<\/li>\n<li><b>Edyta B\u0105k<\/b> \u2013 \u015bpiew<\/li>\n<li><b>Agnieszka Sikora<\/b> \u2013 \u015bpiew<\/li>\n<li><b>Dominika Sobel<\/b> \u2013 skrzypce<\/li>\n<li><b>Ewa Nowak<\/b> \u2013 skrzypce<\/li>\n<li><b>Radek \u015ami\u0142owski<\/b> \u2013 skrzypce<\/li>\n<li><b>Wojciech Baraniok<\/b> \u2013 akordeon<\/li>\n<li><b>Dominika Wrzeszcz<\/b> \u2013 alt\u00f3wka<\/li>\n<li><b>Emil Kie\u0142basa<\/b> \u2013 perkusja<\/li>\n<\/ul>\n<div class=\"wpb_text_column wpb_content_element \">\n<div class=\"wpb_wrapper\">\n<p><big>Aktywno\u015b\u0107 zespo\u0142u od roku 2015 (wybrane wyst\u0119py):<\/big><\/p>\n<ul>\n<li><b>2015-2016<\/b> \u2013 koncerty kol\u0119dowe w\u00a0ramach Wigilii WA i\u00a0WeiNoE, a\u00a0tak\u017ce dla \u015brodowiska lokalnego \u2013 Cieszyn os.\u00a0Pog\u00f3rze, Osiedlowe Centrum Kultury i\u00a0Rekreacji,<\/li>\n<li><b>2016<\/b> \u2013 koncert w\u00a0ramach Konferencji Rektor\u00f3w,<\/li>\n<li><b>2016<\/b> \u2013 <i>Chodzenie Miko\u0142aj\u00f3w<\/i> \u2013 odtworzenie dawnego zwyczaju z\u00a0Beskidu \u015al\u0105skiego,<\/li>\n<li><strong>2016<\/strong> \u2013 koncert &#8211; udzia\u0142 w\u00a0\u015al\u0105skim Festiwalu Nauki,<\/li>\n<li><b>2015-2016<\/b> \u2013 koncert w\u00a0ramach <i>Wigilijki<\/i> dla student\u00f3w,<\/li>\n<li><b>2016<\/b> \u2013 udzia\u0142 w koncercie zaduszkowym po\u015bwi\u0119conym pami\u0119ci zmar\u0142ych pracownik\u00f3w Instytutu Muzyki,<\/li>\n<li><b>2017<\/b> \u2013 koncert &#8211; udzia\u0142 w\u00a0Dniu Otwartym Wydzia\u0142u Artystycznego.<\/li>\n<\/ul>\n<\/div>\n<\/div>\n<p>\n<\/div>\r\n                    <\/div>\r\n                <\/div>[\/vc_column][vc_column width=&#8221;1\/2&#8243;]\r\n                <div class=\"text-modules\">\r\n                    <div class=\"container\">\r\n                        \r\n                        <div class=\"text-modules__content\"><\/p>\n<div class=\"wpb_text_column wpb_content_element \">\n<div class=\"wpb_wrapper\">\n<p><big>Osoby zaanga\u017cowane w powstanie \u201eKol\u0119dUSi\u201d 2017:<\/big><\/p>\n<ul>\n<li><b>Martyna Prochowska<\/b> \u2013 \u015bpiew, aran\u017cacje<\/li>\n<li><b>Piotr Garczyk<\/b> \u2013 tr\u0105bka<\/li>\n<li><b>Pawe\u0142 Borkowski<\/b> \u2013 tr\u0105bka<\/li>\n<li><b>Aleksandra M\u0119drala<\/b> \u2013 saksofon<\/li>\n<li><b>Micha\u0142 Guzdek<\/b> \u2013 gitara elektryczna<\/li>\n<li><b>Jakub Bejda<\/b> \u2013 gitara basowa<\/li>\n<li><b>Adrianna W\u00f3jcikowska<\/b> \u2013 wokal<\/li>\n<li><b>Krzysztof Kaczor<\/b> \u2013 wokal<\/li>\n<li><b>Beniamin \u0106wiklak<\/b> \u2013 klawisze<\/li>\n<\/ul>\n<\/div>\n<\/div>\n<p>&nbsp;<\/p>\n<p>&nbsp;<\/p>\n<!--[if lt IE 9]><script>document.createElement('audio');<\/script><![endif]-->\n\t<div class=\"wp-playlist wp-audio-playlist wp-playlist-light\">\n\t\t\t<div class=\"wp-playlist-current-item\"><\/div>\n\t\t<audio controls=\"controls\" preload=\"none\" width=\"618\"\n\t\t\t><\/audio>\n\t<div class=\"wp-playlist-next\"><\/div>\n\t<div class=\"wp-playlist-prev\"><\/div>\n\t<noscript>\n\t<ol>\n\t\t<li><a href='https:\/\/us.edu.pl\/instytut\/ismuz\/wp-content\/uploads\/sites\/54\/Nieprzypisane\/Kuzniczka.mp3'>Ku\u017aniczka<\/a><\/li><li><a href='https:\/\/us.edu.pl\/instytut\/ismuz\/wp-content\/uploads\/sites\/54\/Nieprzypisane\/Hajduk.mp3'>Hajduk<\/a><\/li>\t<\/ol>\n\t<\/noscript>\n\t<script type=\"application\/json\" class=\"wp-playlist-script\">{\"type\":\"audio\",\"tracklist\":true,\"tracknumbers\":true,\"images\":true,\"artists\":true,\"tracks\":[{\"src\":\"https:\\\/\\\/us.edu.pl\\\/instytut\\\/ismuz\\\/wp-content\\\/uploads\\\/sites\\\/54\\\/Nieprzypisane\\\/Kuzniczka.mp3\",\"type\":\"audio\\\/mpeg\",\"title\":\"Ku\\u017aniczka\",\"caption\":\"\",\"description\":\"\",\"meta\":{\"album\":\"FolkU\\u015a pod kierunkiem dr hab. Magdaleny Szyndler\",\"length_formatted\":\"3:08\"},\"image\":{\"src\":\"https:\\\/\\\/us.edu.pl\\\/instytut\\\/ismuz\\\/wp-includes\\\/images\\\/media\\\/audio.png\",\"width\":48,\"height\":64},\"thumb\":{\"src\":\"https:\\\/\\\/us.edu.pl\\\/instytut\\\/ismuz\\\/wp-includes\\\/images\\\/media\\\/audio.png\",\"width\":48,\"height\":64}},{\"src\":\"https:\\\/\\\/us.edu.pl\\\/instytut\\\/ismuz\\\/wp-content\\\/uploads\\\/sites\\\/54\\\/Nieprzypisane\\\/Hajduk.mp3\",\"type\":\"audio\\\/mpeg\",\"title\":\"Hajduk\",\"caption\":\"\",\"description\":\"\\\"Hajduk\\\".\",\"meta\":{\"album\":\"FolkU\\u015a pod kierunkiem dr hab. Magdaleny Szyndler\",\"length_formatted\":\"1:19\"},\"image\":{\"src\":\"https:\\\/\\\/us.edu.pl\\\/instytut\\\/ismuz\\\/wp-includes\\\/images\\\/media\\\/audio.png\",\"width\":48,\"height\":64},\"thumb\":{\"src\":\"https:\\\/\\\/us.edu.pl\\\/instytut\\\/ismuz\\\/wp-includes\\\/images\\\/media\\\/audio.png\",\"width\":48,\"height\":64}}]}<\/script>\n<\/div>\n\t\n<p>\n<\/div>\r\n                    <\/div>\r\n                <\/div>[\/vc_column][\/vc_row][vc_row css=&#8221;.vc_custom_1585250562541{padding-right: 50px !important;padding-left: 50px !important;}&#8221;][vc_column width=&#8221;1\/3&#8243;][vc_video link=&#8221;https:\/\/youtu.be\/gmYSGmv3ik4&#8243; el_width=&#8221;90&#8243; align=&#8221;center&#8221;][vc_video link=&#8221;https:\/\/youtu.be\/d9Sn6xp8ulM&#8221; el_width=&#8221;90&#8243; align=&#8221;center&#8221;][\/vc_column][vc_column width=&#8221;1\/3&#8243;][vc_video link=&#8221;https:\/\/youtu.be\/zUguGdF1QJk&#8221; el_width=&#8221;90&#8243; align=&#8221;center&#8221;][vc_video link=&#8221;https:\/\/youtu.be\/hX7D5BfbPAw&#8221; el_width=&#8221;90&#8243; align=&#8221;center&#8221;][\/vc_column][vc_column width=&#8221;1\/3&#8243;][vc_video link=&#8221;https:\/\/youtu.be\/UjtBypWMQHU&#8221; el_width=&#8221;90&#8243; align=&#8221;center&#8221;][vc_video link=&#8221;https:\/\/youtu.be\/K6YP-gQRFyA&#8221; el_width=&#8221;90&#8243; align=&#8221;center&#8221;][\/vc_column][\/vc_row]<\/p>","protected":false},"excerpt":{"rendered":"<p>[vc_row][vc_column][\/vc_column][\/vc_row][vc_row css=&#8221;.vc_custom_1585300373837{padding-right: 5% !important;padding-left: 5% !important;}&#8221;][vc_column width=&#8221;1\/2&#8243;][\/vc_column][vc_column width=&#8221;1\/2&#8243;][\/vc_column][\/vc_row][vc_row css=&#8221;.vc_custom_1585250562541{padding-right: 50px !important;padding-left: 50px !important;}&#8221;][vc_column width=&#8221;1\/3&#8243;][vc_video link=&#8221;https:\/\/youtu.be\/gmYSGmv3ik4&#8243; el_width=&#8221;90&#8243; align=&#8221;center&#8221;][vc_video link=&#8221;https:\/\/youtu.be\/d9Sn6xp8ulM&#8221; el_width=&#8221;90&#8243; align=&#8221;center&#8221;][\/vc_column][vc_column width=&#8221;1\/3&#8243;][vc_video link=&#8221;https:\/\/youtu.be\/zUguGdF1QJk&#8221; el_width=&#8221;90&#8243; align=&#8221;center&#8221;][vc_video link=&#8221;https:\/\/youtu.be\/hX7D5BfbPAw&#8221; el_width=&#8221;90&#8243; align=&#8221;center&#8221;][\/vc_column][vc_column width=&#8221;1\/3&#8243;][vc_video link=&#8221;https:\/\/youtu.be\/UjtBypWMQHU&#8221; el_width=&#8221;90&#8243; align=&#8221;center&#8221;][vc_video link=&#8221;https:\/\/youtu.be\/K6YP-gQRFyA&#8221; el_width=&#8221;90&#8243; align=&#8221;center&#8221;][\/vc_column][\/vc_row] [&#8230;]<\/p>\n<p><a class=\"btn btn-secondary understrap-read-more-link\" href=\"https:\/\/us.edu.pl\/instytut\/ismuz\/dzialalnosc\/wydzialowy-zespol-folkowy-folkus\/\">Read More&#8230;<\/a><\/p>\n","protected":false},"author":362,"featured_media":0,"parent":278,"menu_order":50,"comment_status":"closed","ping_status":"closed","template":"","meta":{"_expiration-date-status":"","_expiration-date":0,"_expiration-date-type":"","_expiration-date-categories":[],"_expiration-date-options":[]},"acf":[],"_links":{"self":[{"href":"https:\/\/us.edu.pl\/instytut\/ismuz\/wp-json\/wp\/v2\/pages\/1670"}],"collection":[{"href":"https:\/\/us.edu.pl\/instytut\/ismuz\/wp-json\/wp\/v2\/pages"}],"about":[{"href":"https:\/\/us.edu.pl\/instytut\/ismuz\/wp-json\/wp\/v2\/types\/page"}],"author":[{"embeddable":true,"href":"https:\/\/us.edu.pl\/instytut\/ismuz\/wp-json\/wp\/v2\/users\/362"}],"replies":[{"embeddable":true,"href":"https:\/\/us.edu.pl\/instytut\/ismuz\/wp-json\/wp\/v2\/comments?post=1670"}],"version-history":[{"count":10,"href":"https:\/\/us.edu.pl\/instytut\/ismuz\/wp-json\/wp\/v2\/pages\/1670\/revisions"}],"predecessor-version":[{"id":4278,"href":"https:\/\/us.edu.pl\/instytut\/ismuz\/wp-json\/wp\/v2\/pages\/1670\/revisions\/4278"}],"up":[{"embeddable":true,"href":"https:\/\/us.edu.pl\/instytut\/ismuz\/wp-json\/wp\/v2\/pages\/278"}],"wp:attachment":[{"href":"https:\/\/us.edu.pl\/instytut\/ismuz\/wp-json\/wp\/v2\/media?parent=1670"}],"curies":[{"name":"wp","href":"https:\/\/api.w.org\/{rel}","templated":true}]}}