{"id":1692,"date":"2020-03-27T13:58:52","date_gmt":"2020-03-27T12:58:52","guid":{"rendered":"https:\/\/us.edu.pl\/instytut\/ismuz\/?page_id=1692"},"modified":"2020-03-27T15:12:38","modified_gmt":"2020-03-27T14:12:38","slug":"tomasz-spalinski","status":"publish","type":"page","link":"https:\/\/us.edu.pl\/instytut\/ismuz\/pracownicy\/tomasz-spalinski\/","title":{"rendered":"prof. dr hab. Tomasz Spali\u0144ski"},"content":{"rendered":"<p>[vc_row][vc_column]\r\n                <div class=\"text-modules reverse\">\r\n                    <div class=\"container\">\r\n                        <h3 class=\"section-title section-title_border-bottom\">prof. dr hab. Tomasz Spali\u0144ski<\/h3> \r\n                        <div class=\"row m-0\">\r\n                            <div class=\"text-modules__content\">\r\n                                <\/p>\n<p style=\"text-align: justify\"><strong>Tomasz Spali\u0144ski<\/strong> &#8211; uko\u0144czy\u0142 Akademi\u0119 Muzyczn\u0105 im.\u00a0Karola Szymanowskiego w\u00a0Katowicach w\u00a0klasie gitary Edmunda Jurkowskiego (1989, dyplom z\u00a0wyr\u00f3\u017cnieniem). Laureat Og\u00f3lnopolskiego Konkursu Wykonawczego Gitary Klasycznej w\u00a0\u0141odzi (85) oraz Mi\u0119dzynarodowego Konkursu Gitarowego \u201eO\u00a0Gitar\u0119 Czarnych Diament\u00f3w\u201d w\u00a0Tychach (86). Stypendysta Ministerstwa Kultury i\u00a0Sztuki. W\u00a0latach 92\/93 Stypendysta Rz\u0105du Hiszpanii &#8211; studia w\u00a0Real Conservatorio Superior de M\u00f9sica w\u00a0Madrycie w\u00a0klasie gitary Jos\u00e8 Luisa Rodrigo. Wyst\u0119powa\u0142 z\u00a0koncertami na terenie ca\u0142ego kraju i\u00a0za granic\u0105, m.in.: w\u00a0Czechach, na\u00a0S\u0142owacji i\u00a0W\u0119grzech, w\u00a0Niemczech, Austrii, Lichtensteinie, we\u00a0W\u0142oszech, w\u00a0Hiszpanii, Szwajcarii, Szwecji, Danii, Wielkiej Brytanii, Stanach Zjednoczonych oraz na Kubie. Od roku 1988 nieprzerwanie zwi\u0105zany zawodowo z\u00a0Uniwersytetem \u015al\u0105skim w\u00a0Katowicach, kt\u00f3ry by\u0142 wydawc\u0105 nast\u0119puj\u0105cych publikacji: <em>Tomasz Spali\u0144ski wybrane<\/em> <em>utwory<\/em> <em>na gitar\u0119 solo<\/em> (publikacja nutowa, 2004), <em>Tomasz Spali\u0144ski gra utwory gitarowe J\u00f3zefa \u015awidra <\/em>(CD,\u00a02005, pierwsza archiwizacja wszystkich dzie\u0142 kompozytora), <em>Tw\u00f3rczo\u015b\u0107 gitarowa J\u00f3zefa \u015awidra. Pog\u0142\u0119biona analiza aspektu wykonawstwa instrumentalnego <\/em>(pierwsza kompleksowa monografia dot.\u00a0tw\u00f3rczo\u015bci gitarowej J\u00f3zefa \u015awidra +\u00a0CD,\u00a02007), <em>El fondo <\/em>(CD, gitara solo, 2012), <em>Eu\u00a0Te\u00a0Amo <\/em>(CD, T &amp; R Guitar Duo &#8211; Tomasz Spali\u0144ski &amp; Rafa\u0142 Jarczewski, 2014), <em>Poziom prywatny<\/em> <em>vol.1<\/em> (CD, Poziom prywatny, 2017).<\/p>\n<p style=\"text-align: justify\">Tomasz Spali\u0144ski jest do\u015bwiadczonym i\u00a0cenionym pedagogiem, mog\u0105cym poszczyci\u0107 si\u0119 sukcesami swoich podopiecznych na licznych konkursach gitarowych, w\u00a0tym rangi mi\u0119dzynarodowej. Prowadzi liczne konsultacje metodyczne, lekcje pokazowe oraz warsztaty gitarowe dla nauczycieli i\u00a0uczni\u00f3w na terenie ca\u0142ego kraju, udziela si\u0119 r\u00f3wnie\u017c w\u00a0pracach jury konkurs\u00f3w i\u00a0przes\u0142ucha\u0144.<\/p>\n<p>\u00a0 \r\n                                <div class=\"mt-3\"><\/div>\r\n                            <\/div>\r\n                            \r\n                            <div class=\"text-modules__img\"><img src=\"https:\/\/us.edu.pl\/instytut\/ismuz\/wp-content\/uploads\/sites\/54\/Nieprzypisane\/T.-Spali\u0144ski.jpg\" alt=\"img\"><\/div>\r\n                        <\/div>\r\n                    <\/div>\r\n                <\/div>\r\n                <div class=\"text-modules\">\r\n                    <div class=\"container\">\r\n                        \r\n                        <div class=\"text-modules__content\"><p><em><img class=\"alignnone size-full wp-image-1699\" src=\"https:\/\/us.edu.pl\/instytut\/ismuz\/wp-content\/uploads\/sites\/54\/Nieprzypisane\/youtube1.jpg\" alt=\"\" width=\"200\" height=\"89\" \/><\/em><\/p>\n<ul>\n<li><em>Pie\u015b\u0144 zadumy<\/em>, git. solo, Tomasz Spali\u0144ski<\/li>\n<li><em>Pie\u015b\u0144 wspomnie\u0144<\/em>, git. solo, Tomasz Spali\u0144ski<\/li>\n<li><em>Pie\u015b\u0144 \u015bwi\u0105teczna<\/em>, git. solo, Tomasz Spali\u0144ski<\/li>\n<li><em>Nosz\u0119 Ci\u0119 w mojej pami\u0119ci<\/em>, Poziom prywatny<\/li>\n<li><em>W u\u015bmiech ubierz twarz<\/em>, Poziom prywatny<\/li>\n<li><em>Bossa dla Al Batrossa<\/em>, Poziom prywatny<\/li>\n<li><em>Szybkie brzmienia dla jelenia<\/em>, Poziom prywatny<\/li>\n<li><em>My\u015bli powa\u017cne<\/em>, Poziom prywatny<\/li>\n<li><em>Jesienna milonga<\/em>, wyk\u0142adowcy Instytutu Muzyki WA U\u015a<\/li>\n<li><em>Interludium<\/em>, Poziom prywatny<\/li>\n<li>\u201esk\u0142adanka\u201d, Poziom prywatny<\/li>\n<li><em>Szkice wieczorne<\/em>, Szkic II, T &amp; R Guitar Duo &#8211; Tomasz Spali\u0144ski &amp; Rafa\u0142 Jarczewski<\/li>\n<li>koncert zespo\u0142u T &amp; R Guitar Duo &#8211; Tomasz Spali\u0144ski &amp; Rafa\u0142 Jarczewski<\/li>\n<li>Miguel Llobet <em>El testament d\u2019Amelia<\/em>, git. solo, Tomasz Spali\u0144ski<\/li>\n<li>Miguel Llobet <em>Can\u00e7o del lladre<\/em>, solo, Tomasz Spali\u0144ski<\/li>\n<li>Antonio Lauro <em>Carora<\/em>, git. solo, Tomasz Spali\u0144ski<\/li>\n<\/ul>\n<p>\n<\/div>\r\n                    <\/div>\r\n                <\/div>[\/vc_column][\/vc_row][vc_row][vc_column width=&#8221;1\/6&#8243;][vc_video link=&#8221;https:\/\/www.youtube.com\/watch?v=H0GDEbGwxrA&#8221; el_width=&#8221;90&#8243; align=&#8221;center&#8221;][vc_video link=&#8221;https:\/\/www.youtube.com\/watch?v=TXYzg66hlv0&#8243; el_width=&#8221;90&#8243; align=&#8221;center&#8221;][\/vc_column][vc_column width=&#8221;1\/6&#8243;][vc_video link=&#8221;https:\/\/www.youtube.com\/watch?v=Nji7dHm8l80&#8243; el_width=&#8221;90&#8243; align=&#8221;center&#8221;][vc_video link=&#8221;https:\/\/www.youtube.com\/watch?v=WSaAa4t3xCE&amp;feature=youtu.be&#8221; el_width=&#8221;90&#8243; align=&#8221;center&#8221;][\/vc_column][vc_column width=&#8221;1\/6&#8243;][vc_video link=&#8221;https:\/\/www.youtube.com\/watch?v=UJPigq4TbMA&#8221; el_width=&#8221;90&#8243; align=&#8221;center&#8221;][vc_video link=&#8221;https:\/\/www.youtube.com\/watch?v=ZZC2rANYvuA&#8221; el_width=&#8221;90&#8243; align=&#8221;center&#8221;][\/vc_column][vc_column width=&#8221;1\/6&#8243;][vc_video link=&#8221;https:\/\/www.youtube.com\/watch?v=qX_xcpPF0Ys&#8221; el_width=&#8221;90&#8243; align=&#8221;center&#8221;][vc_video link=&#8221;https:\/\/www.youtube.com\/watch?v=7ICaG6GJ0bY&#8221; el_width=&#8221;90&#8243; align=&#8221;center&#8221;][\/vc_column][vc_column width=&#8221;1\/6&#8243;][vc_video link=&#8221;https:\/\/www.youtube.com\/watch?v=omvaUV4voZE&#8221; el_width=&#8221;90&#8243; align=&#8221;center&#8221;][vc_video link=&#8221;https:\/\/www.youtube.com\/watch?v=A0lJ_C4-0MQ&#8221; el_width=&#8221;90&#8243; align=&#8221;center&#8221;][\/vc_column][vc_column width=&#8221;1\/6&#8243;][vc_video link=&#8221;https:\/\/www.youtube.com\/watch?v=nDKd6qdPgX8&#8243; el_width=&#8221;90&#8243; align=&#8221;center&#8221;][vc_video link=&#8221;https:\/\/www.youtube.com\/watch?v=xIFKR2I9PRU&#8221; el_width=&#8221;90&#8243; align=&#8221;center&#8221;][\/vc_column][\/vc_row][vc_row][vc_column width=&#8221;1\/4&#8243;][vc_video link=&#8221;https:\/\/www.youtube.com\/watch?v=JZ4sTet1xbw&#8221; el_width=&#8221;90&#8243; align=&#8221;center&#8221;][\/vc_column][vc_column width=&#8221;1\/4&#8243;][vc_video link=&#8221;https:\/\/www.youtube.com\/watch?v=rwXJT_SWhxM&amp;t=2s&#8221; el_width=&#8221;90&#8243; align=&#8221;center&#8221;][\/vc_column][vc_column width=&#8221;1\/4&#8243;][vc_video link=&#8221;https:\/\/www.youtube.com\/watch?v=CLudk1RBgnM&#8221; el_width=&#8221;90&#8243; align=&#8221;center&#8221;][\/vc_column][vc_column width=&#8221;1\/4&#8243;][vc_video link=&#8221;https:\/\/www.youtube.com\/watch?v=a5_42rzRifI&#8221; el_width=&#8221;90&#8243; align=&#8221;center&#8221;][\/vc_column][\/vc_row]<\/p>","protected":false},"excerpt":{"rendered":"<p>[vc_row][vc_column][\/vc_column][\/vc_row][vc_row][vc_column width=&#8221;1\/6&#8243;][vc_video link=&#8221;https:\/\/www.youtube.com\/watch?v=H0GDEbGwxrA&#8221; el_width=&#8221;90&#8243; align=&#8221;center&#8221;][vc_video link=&#8221;https:\/\/www.youtube.com\/watch?v=TXYzg66hlv0&#8243; el_width=&#8221;90&#8243; align=&#8221;center&#8221;][\/vc_column][vc_column width=&#8221;1\/6&#8243;][vc_video link=&#8221;https:\/\/www.youtube.com\/watch?v=Nji7dHm8l80&#8243; el_width=&#8221;90&#8243; align=&#8221;center&#8221;][vc_video link=&#8221;https:\/\/www.youtube.com\/watch?v=WSaAa4t3xCE&amp;feature=youtu.be&#8221; el_width=&#8221;90&#8243; align=&#8221;center&#8221;][\/vc_column][vc_column width=&#8221;1\/6&#8243;][vc_video link=&#8221;https:\/\/www.youtube.com\/watch?v=UJPigq4TbMA&#8221; el_width=&#8221;90&#8243; align=&#8221;center&#8221;][vc_video link=&#8221;https:\/\/www.youtube.com\/watch?v=ZZC2rANYvuA&#8221; el_width=&#8221;90&#8243; align=&#8221;center&#8221;][\/vc_column][vc_column width=&#8221;1\/6&#8243;][vc_video link=&#8221;https:\/\/www.youtube.com\/watch?v=qX_xcpPF0Ys&#8221; el_width=&#8221;90&#8243; align=&#8221;center&#8221;][vc_video link=&#8221;https:\/\/www.youtube.com\/watch?v=7ICaG6GJ0bY&#8221; el_width=&#8221;90&#8243; align=&#8221;center&#8221;][\/vc_column][vc_column width=&#8221;1\/6&#8243;][vc_video link=&#8221;https:\/\/www.youtube.com\/watch?v=omvaUV4voZE&#8221; el_width=&#8221;90&#8243; align=&#8221;center&#8221;][vc_video link=&#8221;https:\/\/www.youtube.com\/watch?v=A0lJ_C4-0MQ&#8221; el_width=&#8221;90&#8243; align=&#8221;center&#8221;][\/vc_column][vc_column width=&#8221;1\/6&#8243;][vc_video link=&#8221;https:\/\/www.youtube.com\/watch?v=nDKd6qdPgX8&#8243; el_width=&#8221;90&#8243; align=&#8221;center&#8221;][vc_video link=&#8221;https:\/\/www.youtube.com\/watch?v=xIFKR2I9PRU&#8221; el_width=&#8221;90&#8243; align=&#8221;center&#8221;][\/vc_column][\/vc_row][vc_row][vc_column width=&#8221;1\/4&#8243;][vc_video link=&#8221;https:\/\/www.youtube.com\/watch?v=JZ4sTet1xbw&#8221; el_width=&#8221;90&#8243; align=&#8221;center&#8221;][\/vc_column][vc_column width=&#8221;1\/4&#8243;][vc_video link=&#8221;https:\/\/www.youtube.com\/watch?v=rwXJT_SWhxM&amp;t=2s&#8221; el_width=&#8221;90&#8243; align=&#8221;center&#8221;][\/vc_column][vc_column width=&#8221;1\/4&#8243;][vc_video link=&#8221;https:\/\/www.youtube.com\/watch?v=CLudk1RBgnM&#8221; el_width=&#8221;90&#8243; align=&#8221;center&#8221;][\/vc_column][vc_column [&#8230;]<\/p>\n<p><a class=\"btn btn-secondary understrap-read-more-link\" href=\"https:\/\/us.edu.pl\/instytut\/ismuz\/pracownicy\/tomasz-spalinski\/\">Read More&#8230;<\/a><\/p>\n","protected":false},"author":362,"featured_media":0,"parent":189,"menu_order":0,"comment_status":"closed","ping_status":"closed","template":"","meta":{"_expiration-date-status":"saved","_expiration-date":0,"_expiration-date-type":"","_expiration-date-categories":[],"_expiration-date-options":[]},"acf":[],"_links":{"self":[{"href":"https:\/\/us.edu.pl\/instytut\/ismuz\/wp-json\/wp\/v2\/pages\/1692"}],"collection":[{"href":"https:\/\/us.edu.pl\/instytut\/ismuz\/wp-json\/wp\/v2\/pages"}],"about":[{"href":"https:\/\/us.edu.pl\/instytut\/ismuz\/wp-json\/wp\/v2\/types\/page"}],"author":[{"embeddable":true,"href":"https:\/\/us.edu.pl\/instytut\/ismuz\/wp-json\/wp\/v2\/users\/362"}],"replies":[{"embeddable":true,"href":"https:\/\/us.edu.pl\/instytut\/ismuz\/wp-json\/wp\/v2\/comments?post=1692"}],"version-history":[{"count":7,"href":"https:\/\/us.edu.pl\/instytut\/ismuz\/wp-json\/wp\/v2\/pages\/1692\/revisions"}],"predecessor-version":[{"id":1706,"href":"https:\/\/us.edu.pl\/instytut\/ismuz\/wp-json\/wp\/v2\/pages\/1692\/revisions\/1706"}],"up":[{"embeddable":true,"href":"https:\/\/us.edu.pl\/instytut\/ismuz\/wp-json\/wp\/v2\/pages\/189"}],"wp:attachment":[{"href":"https:\/\/us.edu.pl\/instytut\/ismuz\/wp-json\/wp\/v2\/media?parent=1692"}],"curies":[{"name":"wp","href":"https:\/\/api.w.org\/{rel}","templated":true}]}}