{"id":1719,"date":"2020-03-27T20:37:20","date_gmt":"2020-03-27T19:37:20","guid":{"rendered":"https:\/\/us.edu.pl\/instytut\/ismuz\/?page_id=1719"},"modified":"2020-03-27T20:38:56","modified_gmt":"2020-03-27T19:38:56","slug":"filip-bies","status":"publish","type":"page","link":"https:\/\/us.edu.pl\/instytut\/ismuz\/pracownicy\/filip-bies\/","title":{"rendered":"mgr Filip Bies"},"content":{"rendered":"<p>[vc_row][vc_column]\r\n                <div class=\"text-modules reverse\">\r\n                    <div class=\"container\">\r\n                        <h3 class=\"section-title section-title_border-bottom\">mgr Filip Bies<\/h3> \r\n                        <div class=\"row m-0\">\r\n                            <div class=\"text-modules__content\">\r\n                                <\/p>\n<p style=\"text-align: justify\"><strong>Filip Bies<\/strong> nauk\u0119 gry na fortepianie rozpocz\u0105\u0142 w\u00a0wieku 16 lat. W\u00a0czerwcu 2017 roku z\u00a0wyr\u00f3\u017cnieniem uko\u0144czy\u0142 studia II stopnia w\u00a0Akademii Muzycznej im.\u00a0I.J.\u00a0Paderewskiego w\u00a0Poznaniu w\u00a0klasie fortepianu prof.\u00a0Waldemara Andrzejewskiego. Studia I\u00a0stopnia realizowa\u0142 pod t\u0105 sam\u0105 opiek\u0105 w\u00a0pozna\u0144skiej Alma Mater. Obecnie jest asystentem na Wydziale Sztuki i\u00a0Nauk o\u00a0Edukacji w\u00a0Cieszynie Uniwersytetu \u015al\u0105skiego w\u00a0Katowicach. Prowadzi zaj\u0119cia z\u00a0fortepianu i\u00a0akompaniuje w\u00a0klasie dyrygowania. W\u00a0lutym 2019 roku rozpocz\u0105\u0142 studia podyplomowe na kierunku kameralistyka fortepianowa w\u00a0Akademii Muzycznej w\u00a0Katowicach pod okiem prof.\u00a0Marii Szwajger-Ku\u0142akowskiej. Jest pianist\u0105 udzielaj\u0105cym si\u0119 koncertowo, bior\u0105cym czynny udzia\u0142 w\u00a0koncertach i\u00a0festiwalach muzycznych w\u00a0Polsce i\u00a0za granic\u0105. W\u00a02017 roku wyst\u0119powa\u0142 jako solista z\u00a0Orkiestr\u0105 Filharmonii \u015al\u0105skiej pod batut\u0105 Marka Wroniszewskiego.\u00a0 W\u00a0tym samym roku otrzyma\u0142 nagrod\u0119 dla najlepszego pianisty na Mi\u0119dzynarodowym Konkursie im.\u00a0Bohdana Warhala <em>\u201eTalents\u00a0 for Europe\u201d <\/em>w\u00a0Dolnym Kubinie na S\u0142owacji. W\u00a02018 roku wyst\u0119powa\u0142 r\u00f3wnie\u017c jako solista z\u00a0orkiestr\u0105 Pa\u0144stwowej Szko\u0142y Muzycznej w\u00a0Cieszynie w\u00a0Teatrze im.\u00a0Adama Mickiewicza w\u00a0Cieszynie. Od 2017 roku wraz z\u00a0wiolonczelistk\u0105 Juli\u0105 Grzegorzewsk\u0105 tworz\u0105 duet kameralny, z\u00a0kt\u00f3rym mia\u0142 okazj\u0119 wyst\u0105pi\u0107 mi\u0119dzy innymi na Mi\u0119dzynarodowym Festiwalu im.\u00a0Philippa i\u00a0Xawera Scharwenk\u00f3w w\u00a0Szamotu\u0142ach, czy na Mi\u0119dzynarodowym Festiwalu i\u00a0Kursach Mistrzowskich <em>10.\u00a0Pi\u0142a Festiwal &amp; Academy <\/em>w\u00a0Pile. Zest\u00f3\u0142 doskonali swoje umiej\u0119tno\u015bci pod okiem wybitnych pedagog\u00f3w, takich jak: Bart\u0142omiej Nizio\u0142, Marcin Zdunik, Tomasz Lisiecki czy Marcin Sikorski.<br \/>\nFilip Bies poza wykonawstwem muzyki klasycznej szuka tak\u017ce mo\u017cliwo\u015bci kreowania nowych przestrzeni brzmieniowych i\u00a0poszerzania specjalizacji, mi\u0119dzy innymi w\u00a0zakresie improwizacji, jak r\u00f3wnie\u017c produkcji muzycznej.<\/p>\n<p>&nbsp;<\/p>\n<p>&nbsp;<\/p>\n<div class=\"mt-3\"><\/div>\r\n                            <\/div>\r\n                            \r\n                            <div class=\"text-modules__img\"><img src=\"https:\/\/us.edu.pl\/instytut\/ismuz\/wp-content\/uploads\/sites\/54\/Nieprzypisane\/F.-Bies.jpg\" alt=\"img\"><\/div>\r\n                        <\/div>\r\n                    <\/div>\r\n                <\/div>[\/vc_column][\/vc_row]<\/p>","protected":false},"excerpt":{"rendered":"<p>[vc_row][vc_column][\/vc_column][\/vc_row] [&#8230;]<\/p>\n<p><a class=\"btn btn-secondary understrap-read-more-link\" href=\"https:\/\/us.edu.pl\/instytut\/ismuz\/pracownicy\/filip-bies\/\">Read More&#8230;<\/a><\/p>\n","protected":false},"author":362,"featured_media":0,"parent":189,"menu_order":10,"comment_status":"closed","ping_status":"closed","template":"","meta":{"_expiration-date-status":"saved","_expiration-date":0,"_expiration-date-type":"","_expiration-date-categories":[],"_expiration-date-options":[]},"acf":[],"_links":{"self":[{"href":"https:\/\/us.edu.pl\/instytut\/ismuz\/wp-json\/wp\/v2\/pages\/1719"}],"collection":[{"href":"https:\/\/us.edu.pl\/instytut\/ismuz\/wp-json\/wp\/v2\/pages"}],"about":[{"href":"https:\/\/us.edu.pl\/instytut\/ismuz\/wp-json\/wp\/v2\/types\/page"}],"author":[{"embeddable":true,"href":"https:\/\/us.edu.pl\/instytut\/ismuz\/wp-json\/wp\/v2\/users\/362"}],"replies":[{"embeddable":true,"href":"https:\/\/us.edu.pl\/instytut\/ismuz\/wp-json\/wp\/v2\/comments?post=1719"}],"version-history":[{"count":1,"href":"https:\/\/us.edu.pl\/instytut\/ismuz\/wp-json\/wp\/v2\/pages\/1719\/revisions"}],"predecessor-version":[{"id":1721,"href":"https:\/\/us.edu.pl\/instytut\/ismuz\/wp-json\/wp\/v2\/pages\/1719\/revisions\/1721"}],"up":[{"embeddable":true,"href":"https:\/\/us.edu.pl\/instytut\/ismuz\/wp-json\/wp\/v2\/pages\/189"}],"wp:attachment":[{"href":"https:\/\/us.edu.pl\/instytut\/ismuz\/wp-json\/wp\/v2\/media?parent=1719"}],"curies":[{"name":"wp","href":"https:\/\/api.w.org\/{rel}","templated":true}]}}