{"id":1744,"date":"2020-03-28T13:01:00","date_gmt":"2020-03-28T12:01:00","guid":{"rendered":"https:\/\/us.edu.pl\/instytut\/ismuz\/?page_id=1744"},"modified":"2020-03-28T13:15:48","modified_gmt":"2020-03-28T12:15:48","slug":"aldona-slusarz","status":"publish","type":"page","link":"https:\/\/us.edu.pl\/instytut\/ismuz\/pracownicy\/aldona-slusarz\/","title":{"rendered":"dr hab. Aldona \u015alusarz, prof. U\u015a"},"content":{"rendered":"<p>[vc_row][vc_column]\r\n                <div class=\"text-modules reverse\">\r\n                    <div class=\"container\">\r\n                        <h3 class=\"section-title section-title_border-bottom\">dr hab. Aldona \u015alusarz, prof. U\u015a<\/h3> \r\n                        <div class=\"row m-0\">\r\n                            <div class=\"text-modules__content\">\r\n                                <\/p>\n<p align=\"justify\"><b>Aldona \u015alusarz<\/b> &#8211; flecistka, kameralistka, pedagog, pracownik Instytutu Sztuk Muzycznych w\u00a0Cieszynie na Wydziale Sztuki i\u00a0Nauk o\u00a0Edukacji Uniwersytetu \u015al\u0105skiego w\u00a0Katowicach. W\u00a02000 roku uko\u0144czy\u0142a Akademi\u0119 Muzyczn\u0105 im.\u00a0Karola Szymanowskiego w\u00a0Katowicach w\u00a0klasie dra\u00a0Ryszarda Sojki, a\u00a0w\u00a0roku 2006 studia podyplomowe w\u00a0Akademii Muzycznej w\u00a0La Chaux-de-Fonds (Szwajcaria) w\u00a0klasie fletu prof.\u00a0Michela Bellavance.<\/p>\n<p align=\"justify\">Bra\u0142a udzia\u0142 w\u00a0licznych kursach mistrzowskich prowadzonych przez profesor\u00f3w: Bernarda Goldberga, Williama Bennetta, Mariny Piccinini, Rien de Reede, Petere Lloyda, Aur\u00e8le Nicolet, Emmanuela Pahuda, Jean-Louisa Beaumadiera. Wyst\u0119powa\u0142a z recitalami w\u00a0Niemczech, Francji, Wielkiej Brytanii, Szwajcarii, W\u0142oszech oraz w\u00a0wielu miastach Polski.<\/p>\n<p align=\"justify\">W 1994 wzi\u0119\u0142a udzia\u0142 w Mi\u0119dzynarodowym Kursie Fletowym w\u00a0Minot (USA). W 1996 uczestniczy\u0142a w Mistrzowskim Kursie Fletowym w\u00a0Akademii Muzycznej im.\u00a0Karola Lipi\u0144skiego we\u00a0Wroc\u0142awiu, gdzie prowadz\u0105cym by\u0142 prof.\u00a0Bernard Goldberg i\u00a0w\u00a0Mi\u0119dzynarodowym Kursie Fletowym w\u00a0Hitchin (Wielka Brytania), prowadzonym przez Philipp\u0119 Davies. Odby\u0142a kurs pedagogiczny w\u00a0zakresie nauczania pocz\u0105tkowego gry na flecie, prowadzonego przez prof.\u00a0Elizabeth Weinzierl i\u00a0prof.\u00a0Edmunda Wachtera w\u00a0Akademii Muzycznej im.\u00a0Gra\u017cyny i\u00a0Kiejstuta Bacewicz\u00f3w w\u00a0\u0141odzi i\u00a0uczestniczy\u0142a w\u00a0Mi\u0119dzynarodowej Szkole Fletowej prof.\u00a0Williama Bennetta w\u00a0Londynie.<\/p>\n<p align=\"justify\">W roku 2002 wzi\u0119\u0142a udzia\u0142 w\u00a0Mi\u0119dzynarodowym Kursie Mistrzowskim Mariny Piccinini w\u00a0Zurichu (Szwajcaria), a\u00a0w\u00a0roku 2003 w\u00a0lekcjach mistrzowskich Rien\u00a0de\u00a0Reede w\u00a0Amsterdamie (Holandia) i\u00a0Michela Bellavance w\u00a0La Chaux-de-Fonds (Szwajcaria). By\u0142a uczniem Mi\u0119dzynarodowej Letniej Szko\u0142y Fletowej prof.\u00a0Petera Lloyda w\u00a0Perthshire (Wielka Brytania).<\/p>\n<p>\u00a0 \r\n                                <div class=\"mt-3\"><\/div>\r\n                            <\/div>\r\n                            \r\n                            <div class=\"text-modules__img\"><img src=\"https:\/\/us.edu.pl\/instytut\/ismuz\/wp-content\/uploads\/sites\/54\/Nieprzypisane\/Woman-avatar1.jpg\" alt=\"img\"><\/div>\r\n                        <\/div>\r\n                    <\/div>\r\n                <\/div>[\/vc_column][\/vc_row][vc_row][vc_column]\r\n                <div class=\"text-modules\">\r\n                    <div class=\"container\">\r\n                        \r\n                        <div class=\"text-modules__content\"><p><b>Najwi\u0119ksze osi\u0105gni\u0119cia artystyczne:<\/b><\/p>\n<ul>\n<li>1994 &#8211; wyr\u00f3\u017cnienia od <i>National Band Association<\/i> oraz <i>Foundation for the Continued Education and Furtherance of Young Swiss Musicians<\/i> na Mi\u0119dzynarodowym Kursie Mistrzowskim w\u00a0Minot\u00a0(USA),<\/li>\n<li>1998 &#8211; <i>Grand Prix<\/i> na Mi\u0119dzynarodowym Konkursie Instrumentalnym w\u00a0Aberdeen (Wielka Brytania),<\/li>\n<li>2000 &#8211; I nagroda na Mi\u0119dzynarodowym Konkursie Instrument\u00f3w D\u0119tych w\u00a0Weimarze (Niemcy),<\/li>\n<li>2001 &#8211; I miejsce &#8222;summa cum laude&#8221; na XLIX\u00a0Festiwalu Zespo\u0142\u00f3w Kameralnych w\u00a0Neerpelt (Belgia),<\/li>\n<li>2002 &#8211; II nagroda na Mi\u0119dzynarodowym Konkursie Instrument\u00f3w D\u0119tych w\u00a0Martigues (Francja),<\/li>\n<li>2005 &#8211; II nagroda w Mi\u0119dzynarodowym Konkursie Fletowym w\u00a0Bernie (Szwajcaria),<\/li>\n<li>2005 &#8211; fina\u0142 <i>International Musical Interpretation Contest<\/i> w\u00a0Neuch\u00e2tel (Szwajcaria).<\/li>\n<\/ul>\n<p align=\"justify\">W uznaniu za osi\u0105gni\u0119cia artystyczne zosta\u0142a laureatk\u0105 stypendi\u00f3w Ministra Kultury i\u00a0Sztuki, Fundacji im.\u00a0Hugo Ko\u0142\u0142\u0105taja i\u00a0Rz\u0105du Szwajcarii.<\/p>\n<p align=\"justify\">W roku 1996 podj\u0119\u0142a prac\u0119 w charakterze nauczyciela gry na\u00a0flecie w\u00a0Pa\u0144stwowej Szkole Muzycznej I\u00a0i\u00a0II\u00a0stopnia w\u00a0Jastrz\u0119biu Zdroju, a\u00a0w\u00a0roku 2000 zosta\u0142a asystentem w\u00a0Katedrze Instrumentalistyki na Wydziale Artystycznym Uniwersytetu \u015al\u0105skiego w\u00a0Cieszynie. W roku 2005 uzyska\u0142a tytu\u0142 doktora sztuki muzycznej w\u00a0dyscyplinie artystycznej instrumentalistyka, specjalno\u015b\u0107: gra na flecie. W\u00a0roku 2014 Rada Wydzia\u0142u Instrumentalnego Akademii Muzycznej im.\u00a0K.\u00a0Lipi\u0144skiego we\u00a0Wroc\u0142awiu nada\u0142a jej stopie\u0144 doktora habilitowanego sztuki w\u00a0dziedzinie sztuk muzycznych, w\u00a0dyscyplinie artystycznej: instrumentalistyka. Prowadzi zaj\u0119cia w\u00a0zakresie gry na flecie poprzecznym.<\/p>\n<p>\n<\/div>\r\n                    <\/div>\r\n                <\/div>[\/vc_column][\/vc_row]<\/p>","protected":false},"excerpt":{"rendered":"<p>[vc_row][vc_column][\/vc_column][\/vc_row][vc_row][vc_column][\/vc_column][\/vc_row] [&#8230;]<\/p>\n<p><a class=\"btn btn-secondary understrap-read-more-link\" href=\"https:\/\/us.edu.pl\/instytut\/ismuz\/pracownicy\/aldona-slusarz\/\">Read More&#8230;<\/a><\/p>\n","protected":false},"author":362,"featured_media":0,"parent":189,"menu_order":10,"comment_status":"closed","ping_status":"closed","template":"","meta":{"_expiration-date-status":"saved","_expiration-date":0,"_expiration-date-type":"","_expiration-date-categories":[],"_expiration-date-options":[]},"acf":[],"_links":{"self":[{"href":"https:\/\/us.edu.pl\/instytut\/ismuz\/wp-json\/wp\/v2\/pages\/1744"}],"collection":[{"href":"https:\/\/us.edu.pl\/instytut\/ismuz\/wp-json\/wp\/v2\/pages"}],"about":[{"href":"https:\/\/us.edu.pl\/instytut\/ismuz\/wp-json\/wp\/v2\/types\/page"}],"author":[{"embeddable":true,"href":"https:\/\/us.edu.pl\/instytut\/ismuz\/wp-json\/wp\/v2\/users\/362"}],"replies":[{"embeddable":true,"href":"https:\/\/us.edu.pl\/instytut\/ismuz\/wp-json\/wp\/v2\/comments?post=1744"}],"version-history":[{"count":3,"href":"https:\/\/us.edu.pl\/instytut\/ismuz\/wp-json\/wp\/v2\/pages\/1744\/revisions"}],"predecessor-version":[{"id":1750,"href":"https:\/\/us.edu.pl\/instytut\/ismuz\/wp-json\/wp\/v2\/pages\/1744\/revisions\/1750"}],"up":[{"embeddable":true,"href":"https:\/\/us.edu.pl\/instytut\/ismuz\/wp-json\/wp\/v2\/pages\/189"}],"wp:attachment":[{"href":"https:\/\/us.edu.pl\/instytut\/ismuz\/wp-json\/wp\/v2\/media?parent=1744"}],"curies":[{"name":"wp","href":"https:\/\/api.w.org\/{rel}","templated":true}]}}