{"id":1754,"date":"2020-03-29T14:19:45","date_gmt":"2020-03-29T12:19:45","guid":{"rendered":"https:\/\/us.edu.pl\/instytut\/ismuz\/?page_id=1754"},"modified":"2020-03-29T14:20:33","modified_gmt":"2020-03-29T12:20:33","slug":"kinga-zuchowicz-pinilla","status":"publish","type":"page","link":"https:\/\/us.edu.pl\/instytut\/ismuz\/pracownicy\/kinga-zuchowicz-pinilla\/","title":{"rendered":"mgr Kinga Zuchowicz-Pinilla"},"content":{"rendered":"<p>[vc_row][vc_column]\r\n                <div class=\"text-modules reverse\">\r\n                    <div class=\"container\">\r\n                        <h3 class=\"section-title section-title_border-bottom\">mgr Kinga Zuchowicz-Pinilla<\/h3> \r\n                        <div class=\"row m-0\">\r\n                            <div class=\"text-modules__content\">\r\n                                <\/p>\n<p style=\"text-align: justify\"><strong>Kinga Zuchowicz-Pinilla<\/strong> \u2013 re\u017cyser d\u017awi\u0119ku, absolwentka Wydzia\u0142u Re\u017cyserii D\u017awi\u0119ku na Uniwersytecie Muzycznym im.\u00a0Fryderyka Chopina w\u00a0Warszawie na specjalno\u015bci Re\u017cyseria d\u017awi\u0119ku w\u00a0filmie i\u00a0TV, a\u00a0tak\u017ce absolwentka Szko\u0142y Muzycznej I\u00a0i\u00a0II\u00a0stopnia im.\u00a0Ludomira R\u00f3\u017cyckiego w\u00a0Kielcach w\u00a0klasie fortepianu.<\/p>\n<p style=\"text-align: justify\">Jest autork\u0105 d\u017awi\u0119ku do film\u00f3w kr\u00f3tkometra\u017cowych takich jak: \u201eKomnata Afrodyty\u201d (re\u017c.\u00a0Szymon Wa\u0107kowski), \u201eWiem\u201d (re\u017c.\u00a0Piotr Nalazek), \u201eNowy Bronx\u201d (re\u017c.\u00a0Filip Ignatowicz), \u201eSupernova\u201d (re\u017c.\u00a0Andrzej Cichocki), \u201eKarma\u201d (re\u017c.\u00a0Piotr Jele\u0144), \u201eDalej prosto\u201d (re\u017c.\u00a0Emilia \u015aniegoska). Wsp\u00f3\u0142pracowa\u0142a tak\u017ce przy filmach fabularnych i\u00a0dokumentalnych, m.in.: \u201eNoc Walpurgi\u201d (re\u017c.\u00a0Marcin Bortkiewicz), \u201eHappy Olo\u201d (re\u017c.\u00a0Krzysztof Bogocz, Marcin Macuk), \u201eNiewidzialne\u201d (re\u017c.\u00a0Marcin Bortkiewicz), \u201eWie\u015b p\u0142ywaj\u0105cych kr\u00f3w\u201d (re\u017c.\u00a0Katarzyna Trzaska), \u201eDzikie r\u00f3\u017ce\u201d (re\u017c.\u00a0Anna Jadowska), \u201eArabski sekret\u201d (re\u017c.\u00a0Julia Groszek), \u201eJestem Ren\u201d (re\u017c.\u00a0Piotr Ryczko). Pracuje r\u00f3wnie\u017c jako realizator nagra\u0144 i\u00a0monta\u017cysta dubbingu.<\/p>\n<p style=\"text-align: justify\">Do jej najwa\u017cniejszych dzie\u0142 zaliczy\u0107 mo\u017cna realizacj\u0119 nagra\u0144 i\u00a0monta\u017c polskich wersji j\u0119zykowych do film\u00f3w: \u201eIniemamocni\u00a02\u201d, \u201eKrzysiu, gdzie jeste\u015b?\u201d, \u201eMary Poppins Powraca\u201d, \u201eMa\u0142a Stopa\u201d, \u201eAladyn\u201d, \u201eToy Story\u00a04\u201d, \u201eKraina Lodu\u00a02\u201d. \u00a0W ramach pracy na Uniwersytecie \u015al\u0105skim prowadzi zaj\u0119cia na kierunkach: Muzyka w\u00a0multimediach oraz D\u017awi\u0119k w grach.<\/p>\n<div class=\"mt-3\"><\/div>\r\n                            <\/div>\r\n                            \r\n                            <div class=\"text-modules__img\"><img src=\"https:\/\/us.edu.pl\/instytut\/ismuz\/wp-content\/uploads\/sites\/54\/Nieprzypisane\/KingaZuchowiczPinilla.jpg\" alt=\"img\"><\/div>\r\n                        <\/div>\r\n                    <\/div>\r\n                <\/div>[\/vc_column][\/vc_row]<\/p>","protected":false},"excerpt":{"rendered":"<p>[vc_row][vc_column][\/vc_column][\/vc_row] [&#8230;]<\/p>\n<p><a class=\"btn btn-secondary understrap-read-more-link\" href=\"https:\/\/us.edu.pl\/instytut\/ismuz\/pracownicy\/kinga-zuchowicz-pinilla\/\">Read More&#8230;<\/a><\/p>\n","protected":false},"author":362,"featured_media":0,"parent":189,"menu_order":10,"comment_status":"closed","ping_status":"closed","template":"","meta":{"_expiration-date-status":"saved","_expiration-date":0,"_expiration-date-type":"","_expiration-date-categories":[],"_expiration-date-options":[]},"acf":[],"_links":{"self":[{"href":"https:\/\/us.edu.pl\/instytut\/ismuz\/wp-json\/wp\/v2\/pages\/1754"}],"collection":[{"href":"https:\/\/us.edu.pl\/instytut\/ismuz\/wp-json\/wp\/v2\/pages"}],"about":[{"href":"https:\/\/us.edu.pl\/instytut\/ismuz\/wp-json\/wp\/v2\/types\/page"}],"author":[{"embeddable":true,"href":"https:\/\/us.edu.pl\/instytut\/ismuz\/wp-json\/wp\/v2\/users\/362"}],"replies":[{"embeddable":true,"href":"https:\/\/us.edu.pl\/instytut\/ismuz\/wp-json\/wp\/v2\/comments?post=1754"}],"version-history":[{"count":1,"href":"https:\/\/us.edu.pl\/instytut\/ismuz\/wp-json\/wp\/v2\/pages\/1754\/revisions"}],"predecessor-version":[{"id":1756,"href":"https:\/\/us.edu.pl\/instytut\/ismuz\/wp-json\/wp\/v2\/pages\/1754\/revisions\/1756"}],"up":[{"embeddable":true,"href":"https:\/\/us.edu.pl\/instytut\/ismuz\/wp-json\/wp\/v2\/pages\/189"}],"wp:attachment":[{"href":"https:\/\/us.edu.pl\/instytut\/ismuz\/wp-json\/wp\/v2\/media?parent=1754"}],"curies":[{"name":"wp","href":"https:\/\/api.w.org\/{rel}","templated":true}]}}